{"id":22473,"date":"2020-02-19T11:11:20","date_gmt":"2020-02-19T09:11:20","guid":{"rendered":"https:\/\/jobzone.se\/jobzone-staffing-agencies\/staffing-agencies-in-stockholm\/"},"modified":"2025-09-03T12:35:29","modified_gmt":"2025-09-03T10:35:29","slug":"staffing-agencies-in-stockholm","status":"publish","type":"page","link":"https:\/\/jobzone.se\/en\/jobzone-staffing-agencies\/staffing-agencies-in-stockholm\/","title":{"rendered":"Staffing agencies in Stockholm"},"content":{"rendered":"<p>                  <\/p>\n<p>Vretenv\u00e4gen 13, 171 54 Solna<\/p>\n<p>        <\/p>\n<h2 class=\"p1\"><span class=\"s1\">Staffing in Stockholm<\/span><\/h2>\n<p class=\"p2\"><span class=\"s1\">At our nice office, you are always welcome up for a coffee to talk about recruitment, staffing or career. <\/span><span class=\"s2\"><a href=\"https:\/\/jobzone.se\/en\/contact\/\">Contact us<\/a>.<\/span><\/p>\n<p class=\"p2\"><span class=\"s1\">You can call our office number <a href=\"Tel:08-448%2006%2040\">08-448 06 40<\/a> Monday \u2013 Friday between 08.00 and 17.00.<\/span><\/p>\n<h3 class=\"p1\"><span class=\"s1\">Welcome to an experienced staffing company in Stockholm<\/span><\/h3>\n<p class=\"p2\"><span class=\"s1\">From here, we recruit staff and serve our customers throughout Greater Stockholm in everything from warehouses and events to transport and office services in IT, HR, finance, sales and marketing. Our staff pool consists of about 1000 people, which creates flexibility and the opportunity for deliveries at very short notice. <\/span><\/p>\n<p class=\"p2\"><span class=\"s1\">A selection of the customers that we provide with staff from the Stockholm office are ICA, Stockholm Live, SRV, El &amp; Ljusdesign and many many more.  <\/span><\/p>\n<p class=\"p2\"><span class=\"s1\">The key to our success is dedicated experts in our own business areas who manage the entire process from start to finish. That is, they take overall responsibility for the entire deal from the time it is sold to the customer receiving an expected delivery. This creates a high sense of responsibility and strong relationships between our Customer and Employee Managers, their customers and staff. We have carried out all types of assignments that we appoint ourselves and therefore quickly find the right man or woman for the right place at the right time.   <\/span><\/p>\n<p class=\"p2\"><span class=\"s1\">Welcome to contact us if you are looking for staff for short or long assignments, or if you are looking for a job yourself.<\/span><\/p>\n<h3 class=\"p1\"><span class=\"s1\">Jobzone \u2013 an authorized staffing agency<\/span><\/h3>\n<p class=\"p2\"><span class=\"s1\">We are told time and time again that we are a good and safe employer who creates the conditions for success and enjoyment in their work. Ever since the beginning, we have strived to be the best employer in the industry because we believe that people who thrive perform better. Something that our high customer and employee ratings show.  <\/span><\/p>\n<p class=\"p2\"><span class=\"s1\">At the core of our core values are that we are an authorized staffing company. It is our industry organization Kompetensf\u00f6retagen that issues the authorization, which ensures that their members work seriously and meet their high standards. The authorisation also provides security for customers and employees.  <\/span><\/p>\n<h3 class=\"p1\"><span class=\"s1\">Staffing and staffing in Stockholm<\/span><\/h3>\n<p class=\"p2\"><span class=\"s1\">At Jobzone, we work according to the concept of Productive Staffing, which focuses on the relationship between each krona put in and what you get for it. Simply put, it means that we find the right staff for the positions we fill and give them the right conditions to succeed. Because even the best staff need to get the right conditions to quickly get into and be able to carry out their tasks. It can be about introduction and education, but also about interest and motivation.     <\/span><\/p>\n<p class=\"p2\"><span class=\"s1\">A policy that we have had since the start is that a new employee or an employee who comes to a workplace that is new to him or her must always be introduced by someone from Jobzone who has been with the customer before. Something we are working to create security and that our employees get a good introduction as there is not always time for this with our customers. <\/span><\/p>\n<p class=\"p2\"><span class=\"s1\">We also try to find relevant metrics together with our customers so that our employees know what is expected of them. This, of course, should serve as a carrot and not a stick. That&#8217;s why we always try to find incentives for our employees to thrive, perform and be able to develop.  <\/span><\/p>\n<p class=\"p2\"><span class=\"s1\">The last element of the concept is follow-up. With short, effective follow-up meetings according to a fixed template, we keep track of both customer and employee satisfaction with the collaboration and that we deliver the expected result. <\/span><\/p>\n<h3 class=\"p1\"><span class=\"s1\">We offer staffing in Stockholm in the following professional areas<\/span><\/h3>\n<ul>\n<li class=\"p2\"><span class=\"s1\"><a href=\"https:\/\/jobzone.se\/en\/search-for-staff\/occupations\/staffing-in-construction\/\">Building &amp; Construction<\/a><br \/>\n<\/span><\/li>\n<li><a href=\"https:\/\/jobzone.se\/sok-personal\/yrkesomraden\/transport\/\" target=\"_blank\" rel=\"noopener\">Transport<\/a><\/li>\n<li class=\"p2\"><a href=\"https:\/\/jobzone.se\/sok-personal\/yrkesomraden\/lager-industri\/\" target=\"_blank\" rel=\"noopener\"><span class=\"s1\">Warehouses and industry<\/span><\/a><\/li>\n<li class=\"p2\"><span class=\"s1\"><a href=\"https:\/\/jobzone.se\/sok-personal\/yrkesomraden\/it-rekrytering\/\">IT<\/a><br \/>\n<\/span><\/li>\n<li class=\"p2\"><span class=\"s1\"><a href=\"https:\/\/jobzone.se\/en\/search-for-staff\/occupations\/hr-recruitment\/\">MR<\/a><br \/>\n<\/span><\/li>\n<li class=\"p2\"><span class=\"s1\"><a href=\"https:\/\/jobzone.se\/en\/search-for-staff\/occupations\/administration-customer-service\/\">Administration\/customer service<\/a><br \/>\n<\/span><\/li>\n<li class=\"p2\"><span class=\"s1\"><a href=\"https:\/\/jobzone.se\/sok-personal\/yrkesomraden\/rekrytering-inom-ekonomi\/\">Economy<\/a><br \/>\n<\/span><\/li>\n<li class=\"p2\"><span class=\"s1\"><a href=\"https:\/\/jobzone.se\/en\/search-for-staff\/occupations\/sales-marketing\/\">Sales &amp; Marketing<\/a><br \/>\n<\/span><\/li>\n<li class=\"p2\"><a href=\"https:\/\/jobzone.se\/sok-personal\/yrkesomraden\/service-event-detaljhandeln\/\"><span class=\"s1\">Event &amp; Service<\/span><\/a><\/li>\n<\/ul>\n<h3 class=\"p1\"><span class=\"s1\"><b>Jobs for you as a jobseeker in Stockholm<\/b><\/span><\/h3>\n<p class=\"p2\"><span class=\"s1\">At Jobzone, you will find a serious employer who puts you first. Our task is to find you a job where you thrive and can develop. <\/span><\/p>\n<p class=\"p2\"><span class=\"s1\">When you work with us, you will gain extensive experience in a short time as you get to try working for many different customers in your profession. The length of the assignments can be anything from a few hours to over a year, depending on the customer&#8217;s and your wishes. If you want to try out new tasks and change jobs often, we try to accommodate that, if you want to stay longer at the same workplace, we try to accommodate that.  <\/span><\/p>\n<p class=\"p2\"><span class=\"s1\">We have jobs in most industries and levels. In a warehouse, for example, we appoint everything from order clerks, terminal workers and forklift drivers to supervisors, warehouse managers and site managers. In the driver profession, we appoint staff for all types of transport. For example, goods distribution, general cargo, recycling and all senior positions in these areas. If you are looking for a job in Construction &amp; Construction, it is primarily handymen, demolition workers, carpenters, reinforcers, concrete workers and construction workers that we are looking for. In the manufacturing industry, we are looking for everything from warehouse workers, fitters, CAD designers, CNC operators to production planners, purchasers and welders and process operators. In facility services, we are looking for someone who is handy and self-motivated for professions such as cleaners, caretakers, operations technicians and facility managers. In the area of Events and Service, we are primarily looking for employees for Stockholm&#8217;s large arenas, Friends Arena, Tele2 Arena, Avicii Arena, Hovet and Annexet, where we take care of the ticket offices, receive all visitors and show them correctly in the garages, entrances, inside the arenas and in the lounges. We also have a large pool in IT, finance, offices and administration that is continuously expanded with, for example, receptionists, telephone operators, customer service employees, secretaries, accountants, payroll administrators and other professions.        <\/span><\/p>\n<h3 class=\"p1\"><span class=\"s1\">Consultant rental to the Stockholm area and the surrounding area<\/span><\/h3>\n<p class=\"p2\"><span class=\"s1\">From the Stockholm office, we supply the entire Greater Stockholm region from Nyn\u00e4shamn to Arlanda with staff. Our satellite office in S\u00f6dert\u00e4lje also supplies Nykvarn, J\u00e4rna, Gnesta, Trosa and Nyk\u00f6ping with pleasant and committed employees. In Norrt\u00e4lje, we do not have a local office, but plenty of staff who can provide the town and the surrounding areas with staff.    <\/span><\/p>\n<h3 class=\"p1\"><span class=\"s1\">Why should you choose staffing consultants from Jobzone?<\/span><\/h3>\n<p class=\"p2\"><span class=\"s1\">The staffing company Jobzone was started based on an idea of what actually creates success and profitability. The answer to that was the individual \u2013 the job satisfaction of the employee who works for the company. <\/span><\/p>\n<p class=\"p2\"><span class=\"s1\">An idea that before 2002 when Jobzone was started may not have been the focus of the employers&#8217; business economic development plan. Today we know better, and the development of that idea has led to Jobzone today being one of the largest recruitment and staffing companies in the Nordic region. <\/span><\/p>\n<p class=\"p2\"><span class=\"s1\">Everything we do in our business should create success for individuals and organizations, and in connection with this, we should also be the industry&#8217;s best employer. These two approaches mean that customers and employees receive a treatment that is in a class of its own. <\/span><\/p>\n<p class=\"p2\"><span class=\"s1\">We see ourselves as our customers&#8217; superheroes behind the scenes. This is done by making your everyday life easier so that you can focus on your core business. We create flexibility by contributing knowledge and value when you do not have the opportunity to recruit, while at the same time generating attraction towards you by acting as your sales channel. In this way, we minimize the risk and create the opportunity at the same time.   <\/span><\/p>\n<p>  <\/p>\n","protected":false},"excerpt":{"rendered":"<p>Vretenv\u00e4gen 13, 171 54 Solna Staffing in Stockholm At our nice office, you are always welcome up for a coffee to talk about recruitment, staffing or career. Contact us. You can call our office number 08-448 06 40 Monday \u2013 Friday between 08.00 and 17.00. Welcome to an experienced staffing company in Stockholm From here, we recruit staff and serve [&hellip;]<\/p>\n","protected":false},"author":17,"featured_media":22474,"parent":22461,"menu_order":0,"comment_status":"closed","ping_status":"closed","template":"","meta":{"footnotes":""},"yoast_head":"<!-- This site is optimized with the Yoast SEO plugin v22.2 - https:\/\/yoast.com\/wordpress\/plugins\/seo\/ -->\n<title>Staffing Agency Stockholm | Staffing in Stockholm | Jobzone<\/title>\n<meta name=\"description\" content=\"We at the staffing company Jobzone in Stockholm find candidates who will really thrive and succeed with you! Read more about one of the Nordic region&#039;s largest players.\" \/>\n<meta name=\"robots\" content=\"index, follow, max-snippet:-1, max-image-preview:large, max-video-preview:-1\" \/>\n<link rel=\"canonical\" href=\"https:\/\/jobzone.se\/en\/jobzone-staffing-agencies\/staffing-agencies-in-stockholm\/\" \/>\n<meta property=\"og:locale\" content=\"en_US\" \/>\n<meta property=\"og:type\" content=\"article\" \/>\n<meta property=\"og:title\" content=\"Staffing Agency Stockholm | Staffing in Stockholm | Jobzone\" \/>\n<meta property=\"og:description\" content=\"We at the staffing company Jobzone in Stockholm find candidates who will really thrive and succeed with you! Read more about one of the Nordic region&#039;s largest players.\" \/>\n<meta property=\"og:url\" content=\"https:\/\/jobzone.se\/en\/jobzone-staffing-agencies\/staffing-agencies-in-stockholm\/\" \/>\n<meta property=\"og:site_name\" content=\"Jobzone\" \/>\n<meta property=\"article:publisher\" content=\"https:\/\/www.facebook.com\/JobzoneSverige\" \/>\n<meta property=\"article:modified_time\" content=\"2025-09-03T10:35:29+00:00\" \/>\n<meta property=\"og:image\" content=\"https:\/\/jobzone.se\/wp-content\/uploads\/2019\/02\/jobzone-stockholm.jpg\" \/>\n\t<meta property=\"og:image:width\" content=\"1200\" \/>\n\t<meta property=\"og:image:height\" content=\"630\" \/>\n\t<meta property=\"og:image:type\" content=\"image\/jpeg\" \/>\n<meta name=\"twitter:label1\" content=\"Est. reading time\" \/>\n\t<meta name=\"twitter:data1\" content=\"9 minutes\" \/>\n<script type=\"application\/ld+json\" class=\"yoast-schema-graph\">{\"@context\":\"https:\/\/schema.org\",\"@graph\":[{\"@type\":\"WebPage\",\"@id\":\"https:\/\/jobzone.se\/en\/jobzone-staffing-agencies\/staffing-agencies-in-stockholm\/\",\"url\":\"https:\/\/jobzone.se\/en\/jobzone-staffing-agencies\/staffing-agencies-in-stockholm\/\",\"name\":\"Staffing Agency Stockholm | Staffing in Stockholm | Jobzone\",\"isPartOf\":{\"@id\":\"https:\/\/jobzone.se\/en\/#website\"},\"primaryImageOfPage\":{\"@id\":\"https:\/\/jobzone.se\/en\/jobzone-staffing-agencies\/staffing-agencies-in-stockholm\/#primaryimage\"},\"image\":{\"@id\":\"https:\/\/jobzone.se\/en\/jobzone-staffing-agencies\/staffing-agencies-in-stockholm\/#primaryimage\"},\"thumbnailUrl\":\"https:\/\/jobzone.se\/wp-content\/uploads\/2019\/02\/jobzone-stockholm.jpg\",\"datePublished\":\"2020-02-19T09:11:20+00:00\",\"dateModified\":\"2025-09-03T10:35:29+00:00\",\"description\":\"We at the staffing company Jobzone in Stockholm find candidates who will really thrive and succeed with you! Read more about one of the Nordic region's largest players.\",\"breadcrumb\":{\"@id\":\"https:\/\/jobzone.se\/en\/jobzone-staffing-agencies\/staffing-agencies-in-stockholm\/#breadcrumb\"},\"inLanguage\":\"en-US\",\"potentialAction\":[{\"@type\":\"ReadAction\",\"target\":[\"https:\/\/jobzone.se\/en\/jobzone-staffing-agencies\/staffing-agencies-in-stockholm\/\"]}]},{\"@type\":\"ImageObject\",\"inLanguage\":\"en-US\",\"@id\":\"https:\/\/jobzone.se\/en\/jobzone-staffing-agencies\/staffing-agencies-in-stockholm\/#primaryimage\",\"url\":\"https:\/\/jobzone.se\/wp-content\/uploads\/2019\/02\/jobzone-stockholm.jpg\",\"contentUrl\":\"https:\/\/jobzone.se\/wp-content\/uploads\/2019\/02\/jobzone-stockholm.jpg\",\"width\":1200,\"height\":630,\"caption\":\"Jobzone Stockholm\"},{\"@type\":\"BreadcrumbList\",\"@id\":\"https:\/\/jobzone.se\/en\/jobzone-staffing-agencies\/staffing-agencies-in-stockholm\/#breadcrumb\",\"itemListElement\":[{\"@type\":\"ListItem\",\"position\":1,\"name\":\"Jobzone &#8211; Staffing agencies\",\"item\":\"https:\/\/jobzone.se\/en\/jobzone-staffing-agencies\/\"},{\"@type\":\"ListItem\",\"position\":2,\"name\":\"Staffing agencies in Stockholm\"}]},{\"@type\":\"WebSite\",\"@id\":\"https:\/\/jobzone.se\/en\/#website\",\"url\":\"https:\/\/jobzone.se\/en\/\",\"name\":\"Jobzone\",\"description\":\"Bemanning och Rekryteringsf\u00f6retaget Jobzone i Sverige\",\"publisher\":{\"@id\":\"https:\/\/jobzone.se\/en\/#organization\"},\"potentialAction\":[{\"@type\":\"SearchAction\",\"target\":{\"@type\":\"EntryPoint\",\"urlTemplate\":\"https:\/\/jobzone.se\/en\/?s={search_term_string}\"},\"query-input\":\"required name=search_term_string\"}],\"inLanguage\":\"en-US\"},{\"@type\":\"Organization\",\"@id\":\"https:\/\/jobzone.se\/en\/#organization\",\"name\":\"Jobzone\",\"url\":\"https:\/\/jobzone.se\/en\/\",\"logo\":{\"@type\":\"ImageObject\",\"inLanguage\":\"en-US\",\"@id\":\"https:\/\/jobzone.se\/en\/#\/schema\/logo\/image\/\",\"url\":\"https:\/\/jobzone.se\/wp-content\/uploads\/2019\/02\/jobzone-logo-web.jpg\",\"contentUrl\":\"https:\/\/jobzone.se\/wp-content\/uploads\/2019\/02\/jobzone-logo-web.jpg\",\"width\":145,\"height\":146,\"caption\":\"Jobzone\"},\"image\":{\"@id\":\"https:\/\/jobzone.se\/en\/#\/schema\/logo\/image\/\"},\"sameAs\":[\"https:\/\/www.facebook.com\/JobzoneSverige\"]}]}<\/script>\n<!-- \/ Yoast SEO plugin. -->","yoast_head_json":{"title":"Staffing Agency Stockholm | Staffing in Stockholm | Jobzone","description":"We at the staffing company Jobzone in Stockholm find candidates who will really thrive and succeed with you! Read more about one of the Nordic region's largest players.","robots":{"index":"index","follow":"follow","max-snippet":"max-snippet:-1","max-image-preview":"max-image-preview:large","max-video-preview":"max-video-preview:-1"},"canonical":"https:\/\/jobzone.se\/en\/jobzone-staffing-agencies\/staffing-agencies-in-stockholm\/","og_locale":"en_US","og_type":"article","og_title":"Staffing Agency Stockholm | Staffing in Stockholm | Jobzone","og_description":"We at the staffing company Jobzone in Stockholm find candidates who will really thrive and succeed with you! Read more about one of the Nordic region's largest players.","og_url":"https:\/\/jobzone.se\/en\/jobzone-staffing-agencies\/staffing-agencies-in-stockholm\/","og_site_name":"Jobzone","article_publisher":"https:\/\/www.facebook.com\/JobzoneSverige","article_modified_time":"2025-09-03T10:35:29+00:00","og_image":[{"width":1200,"height":630,"url":"https:\/\/jobzone.se\/wp-content\/uploads\/2019\/02\/jobzone-stockholm.jpg","type":"image\/jpeg"}],"twitter_misc":{"Est. reading time":"9 minutes"},"schema":{"@context":"https:\/\/schema.org","@graph":[{"@type":"WebPage","@id":"https:\/\/jobzone.se\/en\/jobzone-staffing-agencies\/staffing-agencies-in-stockholm\/","url":"https:\/\/jobzone.se\/en\/jobzone-staffing-agencies\/staffing-agencies-in-stockholm\/","name":"Staffing Agency Stockholm | Staffing in Stockholm | Jobzone","isPartOf":{"@id":"https:\/\/jobzone.se\/en\/#website"},"primaryImageOfPage":{"@id":"https:\/\/jobzone.se\/en\/jobzone-staffing-agencies\/staffing-agencies-in-stockholm\/#primaryimage"},"image":{"@id":"https:\/\/jobzone.se\/en\/jobzone-staffing-agencies\/staffing-agencies-in-stockholm\/#primaryimage"},"thumbnailUrl":"https:\/\/jobzone.se\/wp-content\/uploads\/2019\/02\/jobzone-stockholm.jpg","datePublished":"2020-02-19T09:11:20+00:00","dateModified":"2025-09-03T10:35:29+00:00","description":"We at the staffing company Jobzone in Stockholm find candidates who will really thrive and succeed with you! Read more about one of the Nordic region's largest players.","breadcrumb":{"@id":"https:\/\/jobzone.se\/en\/jobzone-staffing-agencies\/staffing-agencies-in-stockholm\/#breadcrumb"},"inLanguage":"en-US","potentialAction":[{"@type":"ReadAction","target":["https:\/\/jobzone.se\/en\/jobzone-staffing-agencies\/staffing-agencies-in-stockholm\/"]}]},{"@type":"ImageObject","inLanguage":"en-US","@id":"https:\/\/jobzone.se\/en\/jobzone-staffing-agencies\/staffing-agencies-in-stockholm\/#primaryimage","url":"https:\/\/jobzone.se\/wp-content\/uploads\/2019\/02\/jobzone-stockholm.jpg","contentUrl":"https:\/\/jobzone.se\/wp-content\/uploads\/2019\/02\/jobzone-stockholm.jpg","width":1200,"height":630,"caption":"Jobzone Stockholm"},{"@type":"BreadcrumbList","@id":"https:\/\/jobzone.se\/en\/jobzone-staffing-agencies\/staffing-agencies-in-stockholm\/#breadcrumb","itemListElement":[{"@type":"ListItem","position":1,"name":"Jobzone &#8211; Staffing agencies","item":"https:\/\/jobzone.se\/en\/jobzone-staffing-agencies\/"},{"@type":"ListItem","position":2,"name":"Staffing agencies in Stockholm"}]},{"@type":"WebSite","@id":"https:\/\/jobzone.se\/en\/#website","url":"https:\/\/jobzone.se\/en\/","name":"Jobzone","description":"Bemanning och Rekryteringsf\u00f6retaget Jobzone i Sverige","publisher":{"@id":"https:\/\/jobzone.se\/en\/#organization"},"potentialAction":[{"@type":"SearchAction","target":{"@type":"EntryPoint","urlTemplate":"https:\/\/jobzone.se\/en\/?s={search_term_string}"},"query-input":"required name=search_term_string"}],"inLanguage":"en-US"},{"@type":"Organization","@id":"https:\/\/jobzone.se\/en\/#organization","name":"Jobzone","url":"https:\/\/jobzone.se\/en\/","logo":{"@type":"ImageObject","inLanguage":"en-US","@id":"https:\/\/jobzone.se\/en\/#\/schema\/logo\/image\/","url":"https:\/\/jobzone.se\/wp-content\/uploads\/2019\/02\/jobzone-logo-web.jpg","contentUrl":"https:\/\/jobzone.se\/wp-content\/uploads\/2019\/02\/jobzone-logo-web.jpg","width":145,"height":146,"caption":"Jobzone"},"image":{"@id":"https:\/\/jobzone.se\/en\/#\/schema\/logo\/image\/"},"sameAs":["https:\/\/www.facebook.com\/JobzoneSverige"]}]}},"_links":{"self":[{"href":"https:\/\/jobzone.se\/en\/wp-json\/wp\/v2\/pages\/22473"}],"collection":[{"href":"https:\/\/jobzone.se\/en\/wp-json\/wp\/v2\/pages"}],"about":[{"href":"https:\/\/jobzone.se\/en\/wp-json\/wp\/v2\/types\/page"}],"author":[{"embeddable":true,"href":"https:\/\/jobzone.se\/en\/wp-json\/wp\/v2\/users\/17"}],"replies":[{"embeddable":true,"href":"https:\/\/jobzone.se\/en\/wp-json\/wp\/v2\/comments?post=22473"}],"version-history":[{"count":2,"href":"https:\/\/jobzone.se\/en\/wp-json\/wp\/v2\/pages\/22473\/revisions"}],"predecessor-version":[{"id":22476,"href":"https:\/\/jobzone.se\/en\/wp-json\/wp\/v2\/pages\/22473\/revisions\/22476"}],"up":[{"embeddable":true,"href":"https:\/\/jobzone.se\/en\/wp-json\/wp\/v2\/pages\/22461"}],"wp:featuredmedia":[{"embeddable":true,"href":"https:\/\/jobzone.se\/en\/wp-json\/wp\/v2\/media\/22474"}],"wp:attachment":[{"href":"https:\/\/jobzone.se\/en\/wp-json\/wp\/v2\/media?parent=22473"}],"curies":[{"name":"wp","href":"https:\/\/api.w.org\/{rel}","templated":true}]}}