{"id":22501,"date":"2021-04-08T12:57:30","date_gmt":"2021-04-08T10:57:30","guid":{"rendered":"https:\/\/jobzone.se\/jobzone-staffing-agencies\/staffing-agencies-in-orebro\/"},"modified":"2025-09-03T12:35:45","modified_gmt":"2025-09-03T10:35:45","slug":"staffing-agencies-in-orebro","status":"publish","type":"page","link":"https:\/\/jobzone.se\/en\/jobzone-staffing-agencies\/staffing-agencies-in-orebro\/","title":{"rendered":"Staffing agencies in \u00d6rebro"},"content":{"rendered":"<p>       Stenbackev\u00e4gen 6, 702 25 \u00d6rebro       <\/p>\n<h2><strong>Staffing agencies in \u00d6rebro<\/strong><\/h2>\n<p>Hire staff from an office with a high level of engagement!<br \/>\nWe are committed to job satisfaction, productivity and profitability.<br \/>\nYou and your department will receive world-class service from a staffing company where our goal is to be the industry&#8217;s best employer.<\/p>\n<p>Jobzone&#8217;s \u00d6rebro office opened in 2019, we are sitting in our pleasant office hotel at MyOffice in \u00d6rebro on Stenbackev\u00e4gen 6. This is where Linnea, Emma and Andrea are housed, where together we strive to contribute with a profitable labor market for \u00d6rebro&#8217;s development and future. <\/p>\n<p>Are you looking for a job or a new nice employee? Do not hesitate to <a href=\"https:\/\/eur03.safelinks.protection.outlook.com\/?url=http%3A%2F%2Fjobzone.se%2Fkontakt%2F&amp;data=05%7C01%7Cmalin.frieberg%40jobzone.se%7C212d3212d28c466e6b0008da599eaddc%7Cbc1292d98450475bb483482387984067%7C0%7C0%7C637920835290830783%7CUnknown%7CTWFpbGZsb3d8eyJWIjoiMC4wLjAwMDAiLCJQIjoiV2luMzIiLCJBTiI6Ik1haWwiLCJXVCI6Mn0%3D%7C3000%7C%7C%7C&amp;sdata=rkryu66VxP6FV7Knf5CSwrRJWOzxZWVHaLhjoJYQ9sY%3D&amp;reserved=0\">contact us<\/a>. <\/p>\n<h3><strong>Welcome to an experienced staffing company in \u00d6rebro<\/strong><\/h3>\n<p>Early in the start-up, we started by hiring out truck drivers in \u00d6rebro and the surrounding area. But as the business grew, we started renting out warehouse employees, fitters and service staff. Today, we work a lot with both transport and industry, which we see as our two strongest cards and where we are jointly competent and complement each other in different areas.  <\/p>\n<p>At present, we hire out staff based in \u00d6rebro, but where many of our employees, such as truck drivers, have to leave N\u00e4rke&#8217;s borders and drive longer distances out to, for example, Stockholm, Borl\u00e4nge or Karlstad.<\/p>\n<p>At the core of our core values are that we are an authorized staffing company. It is our industry organization Kompetensf\u00f6retagen that issues the authorization, which ensures that their members work seriously and meet their high standards. The authorisation also provides security for customers and employees.  <\/p>\n<h3><strong>Staffing and staffing in \u00d6rebro<\/strong><\/h3>\n<p>In \u00d6rebro, the emphasis has from the start been on leasing in transport, where we currently have customers such as DAGAB, Carrier and Tr\u00e4dg\u00e5rdshallen. We are working our way into other industries such as warehousing and logistics as these are also some of our main competencies within Jobzone. In this area, we are one of the most committed players in \u00d6rebro and can fill your needs for experienced drivers with B, C, CE competence, crane operator license, ADR and forklift driver&#8217;s license at short notice.  <\/p>\n<h3>We offer staffing in V\u00e4ster\u00e5s in the following professional areas<\/h3>\n<ul>\n<li class=\"p2\"><span class=\"s1\"><a href=\"https:\/\/jobzone.se\/en\/search-for-staff\/occupations\/staffing-in-construction\/\">Building &amp; Construction<\/a><br \/>\n<\/span><\/li>\n<li class=\"p2\"><span class=\"s1\"><a href=\"https:\/\/jobzone.se\/sok-personal\/yrkesomraden\/logistik\/\">Logistics<\/a><\/span><\/li>\n<li class=\"p2\"><span class=\"s1\"><a href=\"https:\/\/jobzone.se\/sok-personal\/yrkesomraden\/industri-tillverkning\/\">Industry &amp; Manufacturing<\/a><br \/>\n<\/span><\/li>\n<li class=\"p2\"><span class=\"s1\"><a href=\"https:\/\/jobzone.se\/sok-personal\/yrkesomraden\/facility-services\/\">Business Services<\/a><br \/>\n<\/span><\/li>\n<li class=\"p2\"><span class=\"s1\"><a href=\"https:\/\/jobzone.se\/en\/search-for-staff\/occupations\/it-recruitment\/\">IT<\/a><br \/>\n<\/span><\/li>\n<li class=\"p2\"><span class=\"s1\"><a href=\"https:\/\/jobzone.se\/en\/search-for-staff\/occupations\/hr-recruitment\/\">MR<\/a><br \/>\n<\/span><\/li>\n<li class=\"p2\"><span class=\"s1\"><a href=\"https:\/\/jobzone.se\/en\/search-for-staff\/occupations\/administration-customer-service\/\">Administration\/customer service<\/a><br \/>\n<\/span><\/li>\n<li class=\"p2\"><span class=\"s1\"><a href=\"https:\/\/jobzone.se\/sok-personal\/yrkesomraden\/rekrytering-inom-ekonomi\/\">Recruitment in Finance<\/a><br \/>\n<\/span><\/li>\n<li class=\"p2\"><span class=\"s1\"><a href=\"https:\/\/jobzone.se\/en\/search-for-staff\/occupations\/sales-marketing\/\">Sales &amp; Marketing<\/a><br \/>\n<\/span><\/li>\n<li class=\"p2\"><a href=\"https:\/\/jobzone.se\/sok-personal\/yrkesomraden\/service-event-detaljhandeln\/\"><span class=\"s1\">Event &amp; Service<\/span><\/a><\/li>\n<\/ul>\n<h3><strong>Why should you choose staffing consultants in \u00d6rebro from Jobzone?<\/strong><\/h3>\n<p>We are told time and time again that we are a good and safe employer who creates the conditions for success and enjoyment in their work. Ever since the beginning, we have strived to be the best employer in the industry because we believe that people who thrive perform better.  Something that our high customer and employee ratings show.<\/p>\n<p>Everything we do in our business should create success for individuals and organizations, we do this, among other things, by showing a high level of presence with our customers and consultants to be able to quickly pick up on any questions or concerns, but also to be able to be helpful in emergency consulting matters.<\/p>\n<p>We are here to make your everyday life easier so that you can focus on your core business. We create flexibility by contributing knowledge and value when you do not have the opportunity to recruit, while at the same time generating attraction towards you by acting as your sales channel. In this way, we minimize the risk and create the opportunity at the same time.  <\/p>\n<h3><strong>Jobs for you as a jobseeker in \u00d6rebro<\/strong><\/h3>\n<p>With us at Jobzone in \u00d6rebro, you can expect to try out many exciting jobs as a staffing consultant. As a driver, you can, for example, drive goods distribution or general cargo one week and remote driving the next. <\/p>\n<p>A selection of the positions we appoint are C and CE drivers for Ytterh\u00e4lla Transport, Carrier and DAGAB, but where we are constantly developing our business area and helping more and more customers in \u00d6rebro with their staff turnover.<\/p>\n<p>You are very welcome to contact one of our competent staff in \u00d6rebro with any questions about our services, staffing or how you as a consultant can contribute to a better labor market.<\/p>\n<p>A warm welcome to Jobzone in \u00d6rebro!<\/p>\n<p>        <\/p>\n<h2>Staffing agencies in V\u00e4ster\u00e5s<\/h2>\n<p>Hire staff from a local office with a high level of commitment!<br \/>\nWe are committed to job satisfaction, productivity and profitability.<br \/>\nYou and your department will receive world-class service from a staffing company whose goal is to be the industry&#8217;s best employer.<\/p>\n<p>Jobzone&#8217;s V\u00e4ster\u00e5s office opened in 2010 and since 2015 our pleasant office is located at Sj\u00f6hagsv\u00e4gen 6A facing the water. This is where Ronnie and Alex live. A small, tight bunch with a focus on astonishing the M\u00e4lardalen customers every time.  <\/p>\n<p>Are you looking for a job or a new nice employee? Do not hesitate to <a href=\"https:\/\/jobzone.se\/en\/contact\/\">contact us<\/a>. <\/p>\n<p>Sincerely<br \/>\n<strong>Ronnie Lidberg<\/strong><br \/>\nRegional Manager<br \/>\n<a href=\"mailto:ronnie.lidberg@jobzone.se\"><span class=\"s3\">ronnie.lidberg@jobzone.se<\/span><\/a><br \/>\n<a href=\"Tel:+46%20(0)72%20402%2072%2001\">+46 (0)72 402 72 01<\/a><\/p>\n<h3>Welcome to an experienced staffing company in V\u00e4ster\u00e5s<\/h3>\n<p>As early as 2008, we started renting out truck drivers in V\u00e4ster\u00e5s and the surrounding area. At the time, from Stockholm, but as the business grew, we started up an office and started renting out warehouse employees, store staff, fitters and service staff. Ronnie has more than 20 years of experience in all kinds of transport professions as he has worked as a C and CE driver, traffic manager and consultant manager in warehousing and logistics. Cecilia came from Placer Personal, where she has worked both as a consultant and Business Manager since 2008 and Alexander started at Jobzone back in 2007 in Stockholm and after a period as a staffing consultant worked his way up to supervisor, then site manager, customer and employee manager and finally office manager. Together, we have more than 50 years of experience from the industries we staff.    <\/p>\n<h3>Jobzone \u2013 an authorized staffing agency<\/h3>\n<p>We are told time and time again that we are a good and safe employer who creates the conditions for success and enjoyment in their work. Ever since the beginning, we have strived to be the best employer in the industry because we believe that people who thrive perform better.  Something that our high customer and employee ratings show.<\/p>\n<p>At the core of our core values are that we are an authorized staffing company. It is our industry organization Kompetensf\u00f6retagen that issues the authorization, which ensures that their members work seriously and meet their high standards. The authorisation also provides security for customers and employees.  <\/p>\n<h3>Staffing and staffing in V\u00e4ster\u00e5s<\/h3>\n<p>In V\u00e4ster\u00e5s, the focus has from the start been on leasing in warehousing and logistics with customers such as Ytterh\u00e4lla Transport, Kyl- &amp; Frysexpressen, Schenker, AA Logistik, Vestmannalast, Fazer and Ragnsells and others. In this area, we are one of the largest players in both V\u00e4ster\u00e5s and M\u00e4lardalen and can fill your needs for experienced drivers with B, C, CE competence, crane operator certificate, ADR and forklift driver license at short notice. <\/p>\n<p>We also hire out staff in industry and manufacturing such as assemblers, CNC operators, CAD drafters, administrators, process operators and the like. ABB, M\u00e4larvillan and Interesting Houses are among our customers in these segments. <\/p>\n<h3>We offer staffing in V\u00e4ster\u00e5s in the following professional areas<\/h3>\n<ul>\n<li class=\"p2\"><span class=\"s1\"><a href=\"https:\/\/jobzone.se\/en\/search-for-staff\/occupations\/staffing-in-construction\/\">Building &amp; Construction<\/a><br \/>\n<\/span><\/li>\n<li class=\"p2\"><span class=\"s1\"><a href=\"https:\/\/jobzone.se\/sok-personal\/yrkesomraden\/logistik\/\">Logistics<\/a><\/span><\/li>\n<li class=\"p2\"><span class=\"s1\"><a href=\"https:\/\/jobzone.se\/sok-personal\/yrkesomraden\/industri-tillverkning\/\">Industry &amp; Manufacturing<\/a><br \/>\n<\/span><\/li>\n<li class=\"p2\"><span class=\"s1\"><a href=\"https:\/\/jobzone.se\/sok-personal\/yrkesomraden\/facility-services\/\">Facility Services<\/a><br \/>\n<\/span><\/li>\n<li class=\"p2\"><span class=\"s1\"><a href=\"https:\/\/jobzone.se\/en\/search-for-staff\/occupations\/it-recruitment\/\">IT<\/a><br \/>\n<\/span><\/li>\n<li class=\"p2\"><span class=\"s1\"><a href=\"https:\/\/jobzone.se\/en\/search-for-staff\/occupations\/hr-recruitment\/\">MR<\/a><br \/>\n<\/span><\/li>\n<li class=\"p2\"><span class=\"s1\"><a href=\"https:\/\/jobzone.se\/en\/search-for-staff\/occupations\/administration-customer-service\/\">Administration\/customer service<\/a><br \/>\n<\/span><\/li>\n<li class=\"p2\"><span class=\"s1\"><a href=\"https:\/\/jobzone.se\/sok-personal\/yrkesomraden\/rekrytering-inom-ekonomi\/\">Recruitment in Finance<\/a><br \/>\n<\/span><\/li>\n<li class=\"p2\"><span class=\"s1\"><a href=\"https:\/\/jobzone.se\/en\/search-for-staff\/occupations\/sales-marketing\/\">Sales &amp; Marketing<\/a><br \/>\n<\/span><\/li>\n<li class=\"p2\"><a href=\"https:\/\/jobzone.se\/sok-personal\/yrkesomraden\/service-event-detaljhandeln\/\"><span class=\"s1\">Event &amp; Service<\/span><\/a><\/li>\n<\/ul>\n<h3 class=\"p1\"><span class=\"s1\">Consultant rental to V\u00e4ster\u00e5s and the surrounding area<\/span><\/h3>\n<p>We rent out staff in V\u00e4ster\u00e5s and the surrounding area, but also to customers in Enk\u00f6ping, Eskilstuna, Str\u00e4ngn\u00e4s, K\u00f6ping, Arboga and \u00d6rebro. In short, the whole of M\u00e4lardalen. <\/p>\n<h3>Why should you choose staffing consultants in V\u00e4ster\u00e5s from Jobzone?<\/h3>\n<p>The staffing company Jobzone was started based on an idea of what actually creates success and profitability. The answer to that was the individual \u2013 the job satisfaction of the employee who works for the company. An idea that before 2002 when Jobzone was started may not have been the focus of the employers&#8217; business economic development plan. Today we know better, and the development of that idea has led to Jobzone today being one of the largest recruitment and staffing companies in the Nordic region.  <\/p>\n<p>Everything we do in our business should create success for individuals and organizations, and in connection with this, we should also be the industry&#8217;s best employer. These two approaches mean that customers and employees receive a treatment that is in a class of its own. <\/p>\n<p>We see ourselves as our customers&#8217; superheroes behind the scenes. This is done by making your everyday life easier so that you can focus on your core business. We create flexibility by contributing knowledge and value when you do not have the opportunity to recruit, while at the same time generating attraction towards you by acting as your sales channel. In this way, we minimize the risk and create the opportunity at the same time.   <\/p>\n<h3>Jobs for you as a jobseeker in V\u00e4ster\u00e5s<\/h3>\n<p>With us at Jobzone V\u00e4ster\u00e5s, you can expect to try out many exciting jobs as a staffing consultant. As a driver, you can, for example, drive goods distribution or general cargo one week and garbage truck the next. At first, you usually try out different types of drives, vehicles and districts until you find a customer where you stay for a longer time and eventually maybe move on to them.  <\/p>\n<p>A selection of the positions we are filling are C and CE drivers for Ytterh\u00e4lla Transport, AA Logistik and Kyl &amp; Frys Expressen in V\u00e4ster\u00e5s and B\u00f6rjes Transport Enk\u00f6ping, overhead crane drivers for Stena St\u00e5l, administrators for ABB, fitters for Interesting Houses, electricians for Renta, drivers and warehouse staff for Dagab in \u00d6rebro and brokers for IKANO.<\/p>\n<h3>Find our staffing agency in V\u00e4ster\u00e5s<\/h3>\n<p>Most people who visit us get here by car and those who drive Sj\u00f6hagsv\u00e4gen forward, regardless of whether they come from the city center or the other direction, have a hard time missing our office, which is located along the road with several Jobzone signs and flags on and in front of the building. Free parking is available adjacent to the office. <\/p>\n<p>From the Central Station you can take bus 7 towards Hacksta or bus 22 towards Barkar\u00f6 to get to us. It takes about 8 minutes and you get off at station L\u00f6gar\u00e4ngen. Now you are only about 200 meters from our office, which is on the right side in the same direction as the bus.  <\/p>\n<p>If you have plenty of time, you can walk to us from the Central Station in about 25 minutes by walking down towards the water and turning right on Sj\u00f6hagsv\u00e4gen and following it to number 6A.<\/p>\n<p>  <\/p>\n","protected":false},"excerpt":{"rendered":"<p>Stenbackev\u00e4gen 6, 702 25 \u00d6rebro Staffing agencies in \u00d6rebro Hire staff from an office with a high level of engagement! We are committed to job satisfaction, productivity and profitability. You and your department will receive world-class service from a staffing company where our goal is to be the industry&#8217;s best employer. Jobzone&#8217;s \u00d6rebro office opened in 2019, we are sitting [&hellip;]<\/p>\n","protected":false},"author":9,"featured_media":0,"parent":22461,"menu_order":0,"comment_status":"closed","ping_status":"closed","template":"","meta":{"footnotes":""},"yoast_head":"<!-- This site is optimized with the Yoast SEO plugin v22.2 - https:\/\/yoast.com\/wordpress\/plugins\/seo\/ -->\n<title>Staffing Agency \u00d6rebro | Staffing in \u00d6rebro | Jobzone<\/title>\n<meta name=\"description\" content=\"Jobzone is a company that offers help with staffing and recruitment in \u00d6rebro, V\u00e4ster\u00e5s and Stockholm, among other places.\" \/>\n<meta name=\"robots\" content=\"index, follow, max-snippet:-1, max-image-preview:large, max-video-preview:-1\" \/>\n<link rel=\"canonical\" href=\"https:\/\/jobzone.se\/en\/jobzone-staffing-agencies\/staffing-agencies-in-orebro\/\" \/>\n<meta property=\"og:locale\" content=\"en_US\" \/>\n<meta property=\"og:type\" content=\"article\" \/>\n<meta property=\"og:title\" content=\"Staffing Agency \u00d6rebro | Staffing in \u00d6rebro | Jobzone\" \/>\n<meta property=\"og:description\" content=\"Jobzone is a company that offers help with staffing and recruitment in \u00d6rebro, V\u00e4ster\u00e5s and Stockholm, among other places.\" \/>\n<meta property=\"og:url\" content=\"https:\/\/jobzone.se\/en\/jobzone-staffing-agencies\/staffing-agencies-in-orebro\/\" \/>\n<meta property=\"og:site_name\" content=\"Jobzone\" \/>\n<meta property=\"article:publisher\" content=\"https:\/\/www.facebook.com\/JobzoneSverige\" \/>\n<meta property=\"article:modified_time\" content=\"2025-09-03T10:35:45+00:00\" \/>\n<meta name=\"twitter:label1\" content=\"Est. reading time\" \/>\n\t<meta name=\"twitter:data1\" content=\"11 minutes\" \/>\n<script type=\"application\/ld+json\" class=\"yoast-schema-graph\">{\"@context\":\"https:\/\/schema.org\",\"@graph\":[{\"@type\":\"WebPage\",\"@id\":\"https:\/\/jobzone.se\/en\/jobzone-staffing-agencies\/staffing-agencies-in-orebro\/\",\"url\":\"https:\/\/jobzone.se\/en\/jobzone-staffing-agencies\/staffing-agencies-in-orebro\/\",\"name\":\"Staffing Agency \u00d6rebro | Staffing in \u00d6rebro | Jobzone\",\"isPartOf\":{\"@id\":\"https:\/\/jobzone.se\/en\/#website\"},\"datePublished\":\"2021-04-08T10:57:30+00:00\",\"dateModified\":\"2025-09-03T10:35:45+00:00\",\"description\":\"Jobzone is a company that offers help with staffing and recruitment in \u00d6rebro, V\u00e4ster\u00e5s and Stockholm, among other places.\",\"breadcrumb\":{\"@id\":\"https:\/\/jobzone.se\/en\/jobzone-staffing-agencies\/staffing-agencies-in-orebro\/#breadcrumb\"},\"inLanguage\":\"en-US\",\"potentialAction\":[{\"@type\":\"ReadAction\",\"target\":[\"https:\/\/jobzone.se\/en\/jobzone-staffing-agencies\/staffing-agencies-in-orebro\/\"]}]},{\"@type\":\"BreadcrumbList\",\"@id\":\"https:\/\/jobzone.se\/en\/jobzone-staffing-agencies\/staffing-agencies-in-orebro\/#breadcrumb\",\"itemListElement\":[{\"@type\":\"ListItem\",\"position\":1,\"name\":\"Jobzone &#8211; Staffing agencies\",\"item\":\"https:\/\/jobzone.se\/en\/jobzone-staffing-agencies\/\"},{\"@type\":\"ListItem\",\"position\":2,\"name\":\"Staffing agencies in \u00d6rebro\"}]},{\"@type\":\"WebSite\",\"@id\":\"https:\/\/jobzone.se\/en\/#website\",\"url\":\"https:\/\/jobzone.se\/en\/\",\"name\":\"Jobzone\",\"description\":\"Bemanning och Rekryteringsf\u00f6retaget Jobzone i Sverige\",\"publisher\":{\"@id\":\"https:\/\/jobzone.se\/en\/#organization\"},\"potentialAction\":[{\"@type\":\"SearchAction\",\"target\":{\"@type\":\"EntryPoint\",\"urlTemplate\":\"https:\/\/jobzone.se\/en\/?s={search_term_string}\"},\"query-input\":\"required name=search_term_string\"}],\"inLanguage\":\"en-US\"},{\"@type\":\"Organization\",\"@id\":\"https:\/\/jobzone.se\/en\/#organization\",\"name\":\"Jobzone\",\"url\":\"https:\/\/jobzone.se\/en\/\",\"logo\":{\"@type\":\"ImageObject\",\"inLanguage\":\"en-US\",\"@id\":\"https:\/\/jobzone.se\/en\/#\/schema\/logo\/image\/\",\"url\":\"https:\/\/jobzone.se\/wp-content\/uploads\/2019\/02\/jobzone-logo-web.jpg\",\"contentUrl\":\"https:\/\/jobzone.se\/wp-content\/uploads\/2019\/02\/jobzone-logo-web.jpg\",\"width\":145,\"height\":146,\"caption\":\"Jobzone\"},\"image\":{\"@id\":\"https:\/\/jobzone.se\/en\/#\/schema\/logo\/image\/\"},\"sameAs\":[\"https:\/\/www.facebook.com\/JobzoneSverige\"]}]}<\/script>\n<!-- \/ Yoast SEO plugin. -->","yoast_head_json":{"title":"Staffing Agency \u00d6rebro | Staffing in \u00d6rebro | Jobzone","description":"Jobzone is a company that offers help with staffing and recruitment in \u00d6rebro, V\u00e4ster\u00e5s and Stockholm, among other places.","robots":{"index":"index","follow":"follow","max-snippet":"max-snippet:-1","max-image-preview":"max-image-preview:large","max-video-preview":"max-video-preview:-1"},"canonical":"https:\/\/jobzone.se\/en\/jobzone-staffing-agencies\/staffing-agencies-in-orebro\/","og_locale":"en_US","og_type":"article","og_title":"Staffing Agency \u00d6rebro | Staffing in \u00d6rebro | Jobzone","og_description":"Jobzone is a company that offers help with staffing and recruitment in \u00d6rebro, V\u00e4ster\u00e5s and Stockholm, among other places.","og_url":"https:\/\/jobzone.se\/en\/jobzone-staffing-agencies\/staffing-agencies-in-orebro\/","og_site_name":"Jobzone","article_publisher":"https:\/\/www.facebook.com\/JobzoneSverige","article_modified_time":"2025-09-03T10:35:45+00:00","twitter_misc":{"Est. reading time":"11 minutes"},"schema":{"@context":"https:\/\/schema.org","@graph":[{"@type":"WebPage","@id":"https:\/\/jobzone.se\/en\/jobzone-staffing-agencies\/staffing-agencies-in-orebro\/","url":"https:\/\/jobzone.se\/en\/jobzone-staffing-agencies\/staffing-agencies-in-orebro\/","name":"Staffing Agency \u00d6rebro | Staffing in \u00d6rebro | Jobzone","isPartOf":{"@id":"https:\/\/jobzone.se\/en\/#website"},"datePublished":"2021-04-08T10:57:30+00:00","dateModified":"2025-09-03T10:35:45+00:00","description":"Jobzone is a company that offers help with staffing and recruitment in \u00d6rebro, V\u00e4ster\u00e5s and Stockholm, among other places.","breadcrumb":{"@id":"https:\/\/jobzone.se\/en\/jobzone-staffing-agencies\/staffing-agencies-in-orebro\/#breadcrumb"},"inLanguage":"en-US","potentialAction":[{"@type":"ReadAction","target":["https:\/\/jobzone.se\/en\/jobzone-staffing-agencies\/staffing-agencies-in-orebro\/"]}]},{"@type":"BreadcrumbList","@id":"https:\/\/jobzone.se\/en\/jobzone-staffing-agencies\/staffing-agencies-in-orebro\/#breadcrumb","itemListElement":[{"@type":"ListItem","position":1,"name":"Jobzone &#8211; Staffing agencies","item":"https:\/\/jobzone.se\/en\/jobzone-staffing-agencies\/"},{"@type":"ListItem","position":2,"name":"Staffing agencies in \u00d6rebro"}]},{"@type":"WebSite","@id":"https:\/\/jobzone.se\/en\/#website","url":"https:\/\/jobzone.se\/en\/","name":"Jobzone","description":"Bemanning och Rekryteringsf\u00f6retaget Jobzone i Sverige","publisher":{"@id":"https:\/\/jobzone.se\/en\/#organization"},"potentialAction":[{"@type":"SearchAction","target":{"@type":"EntryPoint","urlTemplate":"https:\/\/jobzone.se\/en\/?s={search_term_string}"},"query-input":"required name=search_term_string"}],"inLanguage":"en-US"},{"@type":"Organization","@id":"https:\/\/jobzone.se\/en\/#organization","name":"Jobzone","url":"https:\/\/jobzone.se\/en\/","logo":{"@type":"ImageObject","inLanguage":"en-US","@id":"https:\/\/jobzone.se\/en\/#\/schema\/logo\/image\/","url":"https:\/\/jobzone.se\/wp-content\/uploads\/2019\/02\/jobzone-logo-web.jpg","contentUrl":"https:\/\/jobzone.se\/wp-content\/uploads\/2019\/02\/jobzone-logo-web.jpg","width":145,"height":146,"caption":"Jobzone"},"image":{"@id":"https:\/\/jobzone.se\/en\/#\/schema\/logo\/image\/"},"sameAs":["https:\/\/www.facebook.com\/JobzoneSverige"]}]}},"_links":{"self":[{"href":"https:\/\/jobzone.se\/en\/wp-json\/wp\/v2\/pages\/22501"}],"collection":[{"href":"https:\/\/jobzone.se\/en\/wp-json\/wp\/v2\/pages"}],"about":[{"href":"https:\/\/jobzone.se\/en\/wp-json\/wp\/v2\/types\/page"}],"author":[{"embeddable":true,"href":"https:\/\/jobzone.se\/en\/wp-json\/wp\/v2\/users\/9"}],"replies":[{"embeddable":true,"href":"https:\/\/jobzone.se\/en\/wp-json\/wp\/v2\/comments?post=22501"}],"version-history":[{"count":8,"href":"https:\/\/jobzone.se\/en\/wp-json\/wp\/v2\/pages\/22501\/revisions"}],"predecessor-version":[{"id":22526,"href":"https:\/\/jobzone.se\/en\/wp-json\/wp\/v2\/pages\/22501\/revisions\/22526"}],"up":[{"embeddable":true,"href":"https:\/\/jobzone.se\/en\/wp-json\/wp\/v2\/pages\/22461"}],"wp:attachment":[{"href":"https:\/\/jobzone.se\/en\/wp-json\/wp\/v2\/media?parent=22501"}],"curies":[{"name":"wp","href":"https:\/\/api.w.org\/{rel}","templated":true}]}}