{"id":22521,"date":"2020-02-19T11:17:45","date_gmt":"2020-02-19T09:17:45","guid":{"rendered":"https:\/\/jobzone.se\/jobzone-staffing-agencies\/staffing-agencies-in-vasteras\/"},"modified":"2025-09-03T12:35:45","modified_gmt":"2025-09-03T10:35:45","slug":"staffing-agencies-in-vasteras","status":"publish","type":"page","link":"https:\/\/jobzone.se\/en\/jobzone-staffing-agencies\/staffing-agencies-in-vasteras\/","title":{"rendered":"Staffing agencies in V\u00e4ster\u00e5s"},"content":{"rendered":"<p>       Torggatan 4, 722 15 V\u00e4ster\u00e5s         <\/p>\n<h2>Staffing agencies in V\u00e4ster\u00e5s<\/h2>\n<p>Hire staff from a local office with a high level of commitment!<br \/>\nWe are committed to job satisfaction, productivity and profitability.<br \/>\nYou and your department will receive world-class service from a staffing company where our goal is to be the industry&#8217;s best employer.<\/p>\n<p>Jobzone&#8217;s V\u00e4ster\u00e5s office opened in 2010 and since December 2021 our pleasant office is now located in the city center of V\u00e4ster\u00e5s at Torggatan 4. This is where Linnea, Emma and Andrea are housed, where together we strive to contribute with a profitable labor market for M\u00e4lardalen&#8217;s development and future. <\/p>\n<p>Are you looking for a job or a new nice employee? Do not hesitate to <a href=\"https:\/\/eur03.safelinks.protection.outlook.com\/?url=http%3A%2F%2Fjobzone.se%2Fkontakt%2F&amp;data=05%7C01%7Cmalin.frieberg%40jobzone.se%7C852103bf3350499ddff908da599abc7b%7Cbc1292d98450475bb483482387984067%7C0%7C0%7C637920818363747109%7CUnknown%7CTWFpbGZsb3d8eyJWIjoiMC4wLjAwMDAiLCJQIjoiV2luMzIiLCJBTiI6Ik1haWwiLCJXVCI6Mn0%3D%7C3000%7C%7C%7C&amp;sdata=nKPZeUOZDwhv1pBaR%2Bfx%2FVfdeyp%2BWQ8rGfxybWp5XnQ%3D&amp;reserved=0\">contact us<\/a>. <\/p>\n<h3>Welcome to an experienced staffing company in V\u00e4ster\u00e5s<\/h3>\n<p>Early in the start-up, we started by hiring out truck drivers in V\u00e4ster\u00e5s and the surrounding area. At the time, from Stockholm, but as the business grew, we started up an office and started renting out warehouse employees, store staff, fitters and service staff. Today, we work a lot with both transport and industry, which we see as our two strongest cards and where we are jointly competent and complement each other in different areas.  <\/p>\n<p>Currently, we rent out staff in V\u00e4ster\u00e5s and the surrounding area, but also to customers in Enk\u00f6ping, Eskilstuna, Str\u00e4ngn\u00e4s, K\u00f6ping, Sala, Fagersta, Surahammar, Hallstahammar, Karlskoga and \u00d6rebro.<\/p>\n<p>At the core of our core values are that we are an authorized staffing company. It is our industry organization Kompetensf\u00f6retagen that issues the authorization, which ensures that their members work seriously and meet their high standards. The authorisation also provides security for customers and employees.  <\/p>\n<h3>Jobzone \u2013 an authorized staffing agency<\/h3>\n<p>We are told time and time again that we are a good and safe employer who creates the conditions for success and enjoyment in their work. Ever since the beginning, we have strived to be the best employer in the industry because we believe that people who thrive perform better. Something that our high customer and employee ratings show.  <\/p>\n<p>At the core of our core values are that we are an authorized staffing company. It is our industry organization Kompetensf\u00f6retagen that issues the authorization, which ensures that their members work seriously and meet their high standards. The authorisation also provides security for customers and employees.  <\/p>\n<h3>Staffing and staffing in V\u00e4ster\u00e5s<\/h3>\n<p>In V\u00e4ster\u00e5s, the emphasis has from the start been on leasing in industry, transport, warehousing and logistics with customers such as Ytterh\u00e4lla Transport, AA Logistik, Vestmannalast, Tibnor and others. In this area, we are one of the largest players in both V\u00e4ster\u00e5s and M\u00e4lardalen and can fill your needs for experienced drivers with B, C, CE competence, crane operator certificate, ADR and forklift driver license at short notice. <\/p>\n<p>We also hire out personnel in industry and manufacturing such as machine operators, assemblers, CNC operators, CAD drafters, administrators, process operators and similar services.<\/p>\n<h3>We offer staffing in V\u00e4ster\u00e5s in the following professional areas<\/h3>\n<ul>\n<li class=\"p2\"><span class=\"s1\"><a href=\"https:\/\/jobzone.se\/en\/search-for-staff\/occupations\/staffing-in-construction\/\">Building &amp; Construction<\/a><br \/>\n<\/span><\/li>\n<li class=\"p2\"><span class=\"s1\"><a href=\"https:\/\/jobzone.se\/sok-personal\/yrkesomraden\/logistik\/\">Logistics<\/a><\/span><\/li>\n<li class=\"p2\"><span class=\"s1\"><a href=\"https:\/\/jobzone.se\/sok-personal\/yrkesomraden\/industri-tillverkning\/\">Industry &amp; Manufacturing<\/a><br \/>\n<\/span><\/li>\n<li class=\"p2\"><span class=\"s1\"><a href=\"https:\/\/jobzone.se\/sok-personal\/yrkesomraden\/facility-services\/\">Business Services<\/a><br \/>\n<\/span><\/li>\n<li class=\"p2\"><span class=\"s1\"><a href=\"https:\/\/jobzone.se\/en\/search-for-staff\/occupations\/it-recruitment\/\">IT<\/a><br \/>\n<\/span><\/li>\n<li class=\"p2\"><span class=\"s1\"><a href=\"https:\/\/jobzone.se\/en\/search-for-staff\/occupations\/hr-recruitment\/\">MR<\/a><br \/>\n<\/span><\/li>\n<li class=\"p2\"><span class=\"s1\"><a href=\"https:\/\/jobzone.se\/en\/search-for-staff\/occupations\/administration-customer-service\/\">Administration\/customer service<\/a><br \/>\n<\/span><\/li>\n<li class=\"p2\"><span class=\"s1\"><a href=\"https:\/\/jobzone.se\/sok-personal\/yrkesomraden\/rekrytering-inom-ekonomi\/\">Recruitment in Finance<\/a><br \/>\n<\/span><\/li>\n<li class=\"p2\"><span class=\"s1\"><a href=\"https:\/\/jobzone.se\/en\/search-for-staff\/occupations\/sales-marketing\/\">Sales &amp; Marketing<\/a><br \/>\n<\/span><\/li>\n<li class=\"p2\"><a href=\"https:\/\/jobzone.se\/sok-personal\/yrkesomraden\/service-event-detaljhandeln\/\"><span class=\"s1\">Event &amp; Service<\/span><\/a><\/li>\n<\/ul>\n<h3><strong> <\/strong><strong>Why should you choose staffing consultants in V\u00e4ster\u00e5s from Jobzone?<\/strong><\/h3>\n<p>We are told time and time again that we are a good and safe employer who creates the conditions for success and enjoyment in their work. Ever since the beginning, we have strived to be the best employer in the industry because we believe that people who thrive perform better. Something that our high customer and employee ratings show.  <\/p>\n<p>Everything we do in our business should create success for individuals and organizations, we do this, among other things, by showing a high level of presence with our customers and consultants to be able to quickly pick up on any questions or concerns, but also to be able to be helpful in emergency consulting matters.<\/p>\n<p>We are here to make your everyday life easier so that you can focus on your core business. We create flexibility by contributing knowledge and value when you do not have the opportunity to recruit, while at the same time generating attraction towards you by acting as your sales channel. In this way, we minimize the risk and create the opportunity at the same time.  <\/p>\n<h3><strong>Jobs for you as a jobseeker in V\u00e4ster\u00e5s<\/strong><\/h3>\n<p>With us at Jobzone V\u00e4ster\u00e5s, you can expect to try out many exciting jobs as a staffing consultant. As a driver, you can, for example, drive goods distribution or general cargo one week and garbage truck the next. <\/p>\n<p>A selection of the positions we are appointing are C and CE drivers for Ytterh\u00e4lla Transport, AA Logistik and B\u00f6rjes Transport in Enk\u00f6ping, overhead crane drivers for Stena St\u00e5l, Surahammar Mill and, for example, Tibnor in K\u00f6ping.<\/p>\n<p>You are warmly welcome to visit us at Torggatan 4 to hear more about Jobzone but also what services we offer, you can also call one of our competent staff to check questions about a possible position.<\/p>\n<p>A warm welcome to Jobzone V\u00e4ster\u00e5s!<\/p>\n<p>  <\/p>\n","protected":false},"excerpt":{"rendered":"<p>Torggatan 4, 722 15 V\u00e4ster\u00e5s Staffing agencies in V\u00e4ster\u00e5s Hire staff from a local office with a high level of commitment! We are committed to job satisfaction, productivity and profitability. You and your department will receive world-class service from a staffing company where our goal is to be the industry&#8217;s best employer. Jobzone&#8217;s V\u00e4ster\u00e5s office opened in 2010 and since [&hellip;]<\/p>\n","protected":false},"author":17,"featured_media":22522,"parent":22461,"menu_order":0,"comment_status":"closed","ping_status":"closed","template":"","meta":{"footnotes":""},"yoast_head":"<!-- This site is optimized with the Yoast SEO plugin v22.2 - https:\/\/yoast.com\/wordpress\/plugins\/seo\/ -->\n<title>Staffing Agency V\u00e4ster\u00e5s | Staffing in V\u00e4ster\u00e5s | Jobzone<\/title>\n<meta name=\"description\" content=\"Jobzone is a staffing company that is located in V\u00e4ster\u00e5s, among other places. Both you who are looking for a job or in need of staff can turn here.\" \/>\n<meta name=\"robots\" content=\"index, follow, max-snippet:-1, max-image-preview:large, max-video-preview:-1\" \/>\n<link rel=\"canonical\" href=\"https:\/\/jobzone.se\/en\/jobzone-staffing-agencies\/staffing-agencies-in-vasteras\/\" \/>\n<meta property=\"og:locale\" content=\"en_US\" \/>\n<meta property=\"og:type\" content=\"article\" \/>\n<meta property=\"og:title\" content=\"Staffing Agency V\u00e4ster\u00e5s | Staffing in V\u00e4ster\u00e5s | Jobzone\" \/>\n<meta property=\"og:description\" content=\"Jobzone is a staffing company that is located in V\u00e4ster\u00e5s, among other places. Both you who are looking for a job or in need of staff can turn here.\" \/>\n<meta property=\"og:url\" content=\"https:\/\/jobzone.se\/en\/jobzone-staffing-agencies\/staffing-agencies-in-vasteras\/\" \/>\n<meta property=\"og:site_name\" content=\"Jobzone\" \/>\n<meta property=\"article:publisher\" content=\"https:\/\/www.facebook.com\/JobzoneSverige\" \/>\n<meta property=\"article:modified_time\" content=\"2025-09-03T10:35:45+00:00\" \/>\n<meta property=\"og:image\" content=\"https:\/\/jobzone.se\/wp-content\/uploads\/2019\/03\/jobzone-vasteras.jpg\" \/>\n\t<meta property=\"og:image:width\" content=\"1200\" \/>\n\t<meta property=\"og:image:height\" content=\"630\" \/>\n\t<meta property=\"og:image:type\" content=\"image\/jpeg\" \/>\n<meta name=\"twitter:label1\" content=\"Est. reading time\" \/>\n\t<meta name=\"twitter:data1\" content=\"6 minutes\" \/>\n<script type=\"application\/ld+json\" class=\"yoast-schema-graph\">{\"@context\":\"https:\/\/schema.org\",\"@graph\":[{\"@type\":\"WebPage\",\"@id\":\"https:\/\/jobzone.se\/en\/jobzone-staffing-agencies\/staffing-agencies-in-vasteras\/\",\"url\":\"https:\/\/jobzone.se\/en\/jobzone-staffing-agencies\/staffing-agencies-in-vasteras\/\",\"name\":\"Staffing Agency V\u00e4ster\u00e5s | Staffing in V\u00e4ster\u00e5s | Jobzone\",\"isPartOf\":{\"@id\":\"https:\/\/jobzone.se\/en\/#website\"},\"primaryImageOfPage\":{\"@id\":\"https:\/\/jobzone.se\/en\/jobzone-staffing-agencies\/staffing-agencies-in-vasteras\/#primaryimage\"},\"image\":{\"@id\":\"https:\/\/jobzone.se\/en\/jobzone-staffing-agencies\/staffing-agencies-in-vasteras\/#primaryimage\"},\"thumbnailUrl\":\"https:\/\/jobzone.se\/wp-content\/uploads\/2019\/03\/jobzone-vasteras.jpg\",\"datePublished\":\"2020-02-19T09:17:45+00:00\",\"dateModified\":\"2025-09-03T10:35:45+00:00\",\"description\":\"Jobzone is a staffing company that is located in V\u00e4ster\u00e5s, among other places. Both you who are looking for a job or in need of staff can turn here.\",\"breadcrumb\":{\"@id\":\"https:\/\/jobzone.se\/en\/jobzone-staffing-agencies\/staffing-agencies-in-vasteras\/#breadcrumb\"},\"inLanguage\":\"en-US\",\"potentialAction\":[{\"@type\":\"ReadAction\",\"target\":[\"https:\/\/jobzone.se\/en\/jobzone-staffing-agencies\/staffing-agencies-in-vasteras\/\"]}]},{\"@type\":\"ImageObject\",\"inLanguage\":\"en-US\",\"@id\":\"https:\/\/jobzone.se\/en\/jobzone-staffing-agencies\/staffing-agencies-in-vasteras\/#primaryimage\",\"url\":\"https:\/\/jobzone.se\/wp-content\/uploads\/2019\/03\/jobzone-vasteras.jpg\",\"contentUrl\":\"https:\/\/jobzone.se\/wp-content\/uploads\/2019\/03\/jobzone-vasteras.jpg\",\"width\":1200,\"height\":630,\"caption\":\"Jobzone V\u00e4ster\u00e5s\"},{\"@type\":\"BreadcrumbList\",\"@id\":\"https:\/\/jobzone.se\/en\/jobzone-staffing-agencies\/staffing-agencies-in-vasteras\/#breadcrumb\",\"itemListElement\":[{\"@type\":\"ListItem\",\"position\":1,\"name\":\"Jobzone &#8211; Staffing agencies\",\"item\":\"https:\/\/jobzone.se\/en\/jobzone-staffing-agencies\/\"},{\"@type\":\"ListItem\",\"position\":2,\"name\":\"Staffing agencies in V\u00e4ster\u00e5s\"}]},{\"@type\":\"WebSite\",\"@id\":\"https:\/\/jobzone.se\/en\/#website\",\"url\":\"https:\/\/jobzone.se\/en\/\",\"name\":\"Jobzone\",\"description\":\"Bemanning och Rekryteringsf\u00f6retaget Jobzone i Sverige\",\"publisher\":{\"@id\":\"https:\/\/jobzone.se\/en\/#organization\"},\"potentialAction\":[{\"@type\":\"SearchAction\",\"target\":{\"@type\":\"EntryPoint\",\"urlTemplate\":\"https:\/\/jobzone.se\/en\/?s={search_term_string}\"},\"query-input\":\"required name=search_term_string\"}],\"inLanguage\":\"en-US\"},{\"@type\":\"Organization\",\"@id\":\"https:\/\/jobzone.se\/en\/#organization\",\"name\":\"Jobzone\",\"url\":\"https:\/\/jobzone.se\/en\/\",\"logo\":{\"@type\":\"ImageObject\",\"inLanguage\":\"en-US\",\"@id\":\"https:\/\/jobzone.se\/en\/#\/schema\/logo\/image\/\",\"url\":\"https:\/\/jobzone.se\/wp-content\/uploads\/2019\/02\/jobzone-logo-web.jpg\",\"contentUrl\":\"https:\/\/jobzone.se\/wp-content\/uploads\/2019\/02\/jobzone-logo-web.jpg\",\"width\":145,\"height\":146,\"caption\":\"Jobzone\"},\"image\":{\"@id\":\"https:\/\/jobzone.se\/en\/#\/schema\/logo\/image\/\"},\"sameAs\":[\"https:\/\/www.facebook.com\/JobzoneSverige\"]}]}<\/script>\n<!-- \/ Yoast SEO plugin. -->","yoast_head_json":{"title":"Staffing Agency V\u00e4ster\u00e5s | Staffing in V\u00e4ster\u00e5s | Jobzone","description":"Jobzone is a staffing company that is located in V\u00e4ster\u00e5s, among other places. Both you who are looking for a job or in need of staff can turn here.","robots":{"index":"index","follow":"follow","max-snippet":"max-snippet:-1","max-image-preview":"max-image-preview:large","max-video-preview":"max-video-preview:-1"},"canonical":"https:\/\/jobzone.se\/en\/jobzone-staffing-agencies\/staffing-agencies-in-vasteras\/","og_locale":"en_US","og_type":"article","og_title":"Staffing Agency V\u00e4ster\u00e5s | Staffing in V\u00e4ster\u00e5s | Jobzone","og_description":"Jobzone is a staffing company that is located in V\u00e4ster\u00e5s, among other places. Both you who are looking for a job or in need of staff can turn here.","og_url":"https:\/\/jobzone.se\/en\/jobzone-staffing-agencies\/staffing-agencies-in-vasteras\/","og_site_name":"Jobzone","article_publisher":"https:\/\/www.facebook.com\/JobzoneSverige","article_modified_time":"2025-09-03T10:35:45+00:00","og_image":[{"width":1200,"height":630,"url":"https:\/\/jobzone.se\/wp-content\/uploads\/2019\/03\/jobzone-vasteras.jpg","type":"image\/jpeg"}],"twitter_misc":{"Est. reading time":"6 minutes"},"schema":{"@context":"https:\/\/schema.org","@graph":[{"@type":"WebPage","@id":"https:\/\/jobzone.se\/en\/jobzone-staffing-agencies\/staffing-agencies-in-vasteras\/","url":"https:\/\/jobzone.se\/en\/jobzone-staffing-agencies\/staffing-agencies-in-vasteras\/","name":"Staffing Agency V\u00e4ster\u00e5s | Staffing in V\u00e4ster\u00e5s | Jobzone","isPartOf":{"@id":"https:\/\/jobzone.se\/en\/#website"},"primaryImageOfPage":{"@id":"https:\/\/jobzone.se\/en\/jobzone-staffing-agencies\/staffing-agencies-in-vasteras\/#primaryimage"},"image":{"@id":"https:\/\/jobzone.se\/en\/jobzone-staffing-agencies\/staffing-agencies-in-vasteras\/#primaryimage"},"thumbnailUrl":"https:\/\/jobzone.se\/wp-content\/uploads\/2019\/03\/jobzone-vasteras.jpg","datePublished":"2020-02-19T09:17:45+00:00","dateModified":"2025-09-03T10:35:45+00:00","description":"Jobzone is a staffing company that is located in V\u00e4ster\u00e5s, among other places. Both you who are looking for a job or in need of staff can turn here.","breadcrumb":{"@id":"https:\/\/jobzone.se\/en\/jobzone-staffing-agencies\/staffing-agencies-in-vasteras\/#breadcrumb"},"inLanguage":"en-US","potentialAction":[{"@type":"ReadAction","target":["https:\/\/jobzone.se\/en\/jobzone-staffing-agencies\/staffing-agencies-in-vasteras\/"]}]},{"@type":"ImageObject","inLanguage":"en-US","@id":"https:\/\/jobzone.se\/en\/jobzone-staffing-agencies\/staffing-agencies-in-vasteras\/#primaryimage","url":"https:\/\/jobzone.se\/wp-content\/uploads\/2019\/03\/jobzone-vasteras.jpg","contentUrl":"https:\/\/jobzone.se\/wp-content\/uploads\/2019\/03\/jobzone-vasteras.jpg","width":1200,"height":630,"caption":"Jobzone V\u00e4ster\u00e5s"},{"@type":"BreadcrumbList","@id":"https:\/\/jobzone.se\/en\/jobzone-staffing-agencies\/staffing-agencies-in-vasteras\/#breadcrumb","itemListElement":[{"@type":"ListItem","position":1,"name":"Jobzone &#8211; Staffing agencies","item":"https:\/\/jobzone.se\/en\/jobzone-staffing-agencies\/"},{"@type":"ListItem","position":2,"name":"Staffing agencies in V\u00e4ster\u00e5s"}]},{"@type":"WebSite","@id":"https:\/\/jobzone.se\/en\/#website","url":"https:\/\/jobzone.se\/en\/","name":"Jobzone","description":"Bemanning och Rekryteringsf\u00f6retaget Jobzone i Sverige","publisher":{"@id":"https:\/\/jobzone.se\/en\/#organization"},"potentialAction":[{"@type":"SearchAction","target":{"@type":"EntryPoint","urlTemplate":"https:\/\/jobzone.se\/en\/?s={search_term_string}"},"query-input":"required name=search_term_string"}],"inLanguage":"en-US"},{"@type":"Organization","@id":"https:\/\/jobzone.se\/en\/#organization","name":"Jobzone","url":"https:\/\/jobzone.se\/en\/","logo":{"@type":"ImageObject","inLanguage":"en-US","@id":"https:\/\/jobzone.se\/en\/#\/schema\/logo\/image\/","url":"https:\/\/jobzone.se\/wp-content\/uploads\/2019\/02\/jobzone-logo-web.jpg","contentUrl":"https:\/\/jobzone.se\/wp-content\/uploads\/2019\/02\/jobzone-logo-web.jpg","width":145,"height":146,"caption":"Jobzone"},"image":{"@id":"https:\/\/jobzone.se\/en\/#\/schema\/logo\/image\/"},"sameAs":["https:\/\/www.facebook.com\/JobzoneSverige"]}]}},"_links":{"self":[{"href":"https:\/\/jobzone.se\/en\/wp-json\/wp\/v2\/pages\/22521"}],"collection":[{"href":"https:\/\/jobzone.se\/en\/wp-json\/wp\/v2\/pages"}],"about":[{"href":"https:\/\/jobzone.se\/en\/wp-json\/wp\/v2\/types\/page"}],"author":[{"embeddable":true,"href":"https:\/\/jobzone.se\/en\/wp-json\/wp\/v2\/users\/17"}],"replies":[{"embeddable":true,"href":"https:\/\/jobzone.se\/en\/wp-json\/wp\/v2\/comments?post=22521"}],"version-history":[{"count":1,"href":"https:\/\/jobzone.se\/en\/wp-json\/wp\/v2\/pages\/22521\/revisions"}],"predecessor-version":[{"id":22527,"href":"https:\/\/jobzone.se\/en\/wp-json\/wp\/v2\/pages\/22521\/revisions\/22527"}],"up":[{"embeddable":true,"href":"https:\/\/jobzone.se\/en\/wp-json\/wp\/v2\/pages\/22461"}],"wp:featuredmedia":[{"embeddable":true,"href":"https:\/\/jobzone.se\/en\/wp-json\/wp\/v2\/media\/22522"}],"wp:attachment":[{"href":"https:\/\/jobzone.se\/en\/wp-json\/wp\/v2\/media?parent=22521"}],"curies":[{"name":"wp","href":"https:\/\/api.w.org\/{rel}","templated":true}]}}