{"id":22358,"date":"2019-04-05T13:58:25","date_gmt":"2019-04-05T11:58:25","guid":{"rendered":"https:\/\/jobzone.se\/szukaj-pracownikow\/"},"modified":"2025-09-03T12:34:56","modified_gmt":"2025-09-03T10:34:56","slug":"szukaj-pracownikow","status":"publish","type":"page","link":"https:\/\/jobzone.se\/pl\/szukaj-pracownikow\/","title":{"rendered":"Szukaj pracownik\u00f3w"},"content":{"rendered":"<p>     <\/p>\n<h2 class=\"impact-text\" style=\"text-align: center;\">Szukasz pracownik\u00f3w?<\/h2>\n<p class=\"impact-text\" style=\"text-align: center;\">Skontaktuj si\u0119 z Jobzone ju\u017c dzi\u015b i pozw\u00f3l nam zaj\u0105\u0107 si\u0119 Twoj\u0105 rekrutacj\u0105, aby\u015b m\u00f3g\u0142 skupi\u0107 si\u0119 na innych rzeczach!<\/p>\n<p>              <\/p>\n<h2><strong>O firmie Jobzone<\/strong><\/h2>\n<p>     <\/p>\n<h2>Zatrudnienia<\/h2>\n<p><strong>Znamy naszych konsultant\u00f3w<\/strong><br \/>\nAby zatrzyma\u0107 utalentowanych pracownik\u00f3w przez d\u0142ugi czas, du\u017co zainwestowali\u015bmy w nasz\u0105 rol\u0119 jako pracodawcy. Jeste\u015bmy w \u015bcis\u0142ym kontakcie z naszymi pracownikami i \u015bci\u015ble monitorujemy ich oraz doradzamy. Wszyscy nasi pracownicy posiadaj\u0105 w\u0142asne wizyt\u00f3wki, co jest jednym z kilku znak\u00f3w, \u017ce d\u0105\u017cymy do trwa\u0142ej spo\u0142eczno\u015bci. Aby m\u00f3c zaoferowa\u0107 naszym pracownikom najbardziej odpowiednie zadania i aby m\u00f3c zaoferowa\u0107 naszym klientom najbardziej odpowiednich pracownik\u00f3w, musimy dobrze zna\u0107 naszych konsultant\u00f3w.<\/p>\n<p> <\/p>\n<h2>Rekrutacja<\/h2>\n<p><strong>Skr\u00f3t do odpowiedniego pracownika<\/strong><br \/>\nJe\u015bli potrzebujemy zasob\u00f3w, posiadamy du\u017c\u0105 baz\u0119 wst\u0119pnie zakwalifikowanych kandydat\u00f3w, kt\u00f3rzy szukaj\u0105 sta\u0142ego zatrudnienia u naszych klient\u00f3w. Je\u015bli nasi klienci lub kandydaci chc\u0105 &#8220;spr\u00f3bowa\u0107 pracy&#8221;, oferujemy &#8220;najpierw zatrudnij, potem zatrudnij&#8221;. Zapewnia to wi\u0119ksze bezpiecze\u0144stwo w procesie rekrutacji dla obu stron, a proces rekrutacji mo\u017ce przebiega\u0107 znacznie szybciej.<\/p>\n<p>         <\/p>\n<h2 style=\"text-align: center;\">Wybierz swoj\u0105 dziedzin\u0119 zawodow\u0105:<\/h2>\n<p>           <\/p>\n","protected":false},"excerpt":{"rendered":"<p>Szukasz pracownik\u00f3w? Skontaktuj si\u0119 z Jobzone ju\u017c dzi\u015b i pozw\u00f3l nam zaj\u0105\u0107 si\u0119 Twoj\u0105 rekrutacj\u0105, aby\u015b m\u00f3g\u0142 skupi\u0107 si\u0119 na innych rzeczach! O firmie Jobzone Zatrudnienia Znamy naszych konsultant\u00f3w Aby zatrzyma\u0107 utalentowanych pracownik\u00f3w przez d\u0142ugi czas, du\u017co zainwestowali\u015bmy w nasz\u0105 rol\u0119 jako pracodawcy. Jeste\u015bmy w \u015bcis\u0142ym kontakcie z naszymi pracownikami i \u015bci\u015ble monitorujemy ich oraz doradzamy. Wszyscy nasi pracownicy posiadaj\u0105 [&hellip;]<\/p>\n","protected":false},"author":17,"featured_media":22359,"parent":0,"menu_order":0,"comment_status":"closed","ping_status":"closed","template":"","meta":{"footnotes":""},"yoast_head":"<!-- This site is optimized with the Yoast SEO plugin v22.2 - https:\/\/yoast.com\/wordpress\/plugins\/seo\/ -->\n<title>Szukaj pracownik\u00f3w | Jobzone<\/title>\n<meta name=\"robots\" content=\"index, follow, max-snippet:-1, max-image-preview:large, max-video-preview:-1\" \/>\n<link rel=\"canonical\" href=\"https:\/\/jobzone.se\/pl\/szukaj-pracownikow\/\" \/>\n<meta property=\"og:locale\" content=\"pl_PL\" \/>\n<meta property=\"og:type\" content=\"article\" \/>\n<meta property=\"og:title\" content=\"Szukaj pracownik\u00f3w | Jobzone\" \/>\n<meta property=\"og:description\" content=\"Szukasz pracownik\u00f3w? Skontaktuj si\u0119 z Jobzone ju\u017c dzi\u015b i pozw\u00f3l nam zaj\u0105\u0107 si\u0119 Twoj\u0105 rekrutacj\u0105, aby\u015b m\u00f3g\u0142 skupi\u0107 si\u0119 na innych rzeczach! O firmie Jobzone Zatrudnienia Znamy naszych konsultant\u00f3w Aby zatrzyma\u0107 utalentowanych pracownik\u00f3w przez d\u0142ugi czas, du\u017co zainwestowali\u015bmy w nasz\u0105 rol\u0119 jako pracodawcy. Jeste\u015bmy w \u015bcis\u0142ym kontakcie z naszymi pracownikami i \u015bci\u015ble monitorujemy ich oraz doradzamy. Wszyscy nasi pracownicy posiadaj\u0105 [&hellip;]\" \/>\n<meta property=\"og:url\" content=\"https:\/\/jobzone.se\/pl\/szukaj-pracownikow\/\" \/>\n<meta property=\"og:site_name\" content=\"Jobzone\" \/>\n<meta property=\"article:publisher\" content=\"https:\/\/www.facebook.com\/JobzoneSverige\" \/>\n<meta property=\"article:modified_time\" content=\"2025-09-03T10:34:56+00:00\" \/>\n<meta property=\"og:image\" content=\"https:\/\/jobzone.se\/wp-content\/uploads\/2019\/04\/jobzone-hero-sok-personal.jpg\" \/>\n\t<meta property=\"og:image:width\" content=\"1440\" \/>\n\t<meta property=\"og:image:height\" content=\"550\" \/>\n\t<meta property=\"og:image:type\" content=\"image\/jpeg\" \/>\n<meta name=\"twitter:label1\" content=\"Szacowany czas czytania\" \/>\n\t<meta name=\"twitter:data1\" content=\"6 minut\" \/>\n<script type=\"application\/ld+json\" class=\"yoast-schema-graph\">{\"@context\":\"https:\/\/schema.org\",\"@graph\":[{\"@type\":\"WebPage\",\"@id\":\"https:\/\/jobzone.se\/pl\/szukaj-pracownikow\/\",\"url\":\"https:\/\/jobzone.se\/pl\/szukaj-pracownikow\/\",\"name\":\"Szukaj pracownik\u00f3w | Jobzone\",\"isPartOf\":{\"@id\":\"https:\/\/jobzone.se\/pl\/#website\"},\"primaryImageOfPage\":{\"@id\":\"https:\/\/jobzone.se\/pl\/szukaj-pracownikow\/#primaryimage\"},\"image\":{\"@id\":\"https:\/\/jobzone.se\/pl\/szukaj-pracownikow\/#primaryimage\"},\"thumbnailUrl\":\"https:\/\/jobzone.se\/wp-content\/uploads\/2019\/04\/jobzone-hero-sok-personal.jpg\",\"datePublished\":\"2019-04-05T11:58:25+00:00\",\"dateModified\":\"2025-09-03T10:34:56+00:00\",\"inLanguage\":\"pl-PL\",\"potentialAction\":[{\"@type\":\"ReadAction\",\"target\":[\"https:\/\/jobzone.se\/pl\/szukaj-pracownikow\/\"]}]},{\"@type\":\"ImageObject\",\"inLanguage\":\"pl-PL\",\"@id\":\"https:\/\/jobzone.se\/pl\/szukaj-pracownikow\/#primaryimage\",\"url\":\"https:\/\/jobzone.se\/wp-content\/uploads\/2019\/04\/jobzone-hero-sok-personal.jpg\",\"contentUrl\":\"https:\/\/jobzone.se\/wp-content\/uploads\/2019\/04\/jobzone-hero-sok-personal.jpg\",\"width\":1440,\"height\":550},{\"@type\":\"WebSite\",\"@id\":\"https:\/\/jobzone.se\/pl\/#website\",\"url\":\"https:\/\/jobzone.se\/pl\/\",\"name\":\"Jobzone\",\"description\":\"Bemanning och Rekryteringsf\u00f6retaget Jobzone i Sverige\",\"publisher\":{\"@id\":\"https:\/\/jobzone.se\/pl\/#organization\"},\"potentialAction\":[{\"@type\":\"SearchAction\",\"target\":{\"@type\":\"EntryPoint\",\"urlTemplate\":\"https:\/\/jobzone.se\/pl\/?s={search_term_string}\"},\"query-input\":\"required name=search_term_string\"}],\"inLanguage\":\"pl-PL\"},{\"@type\":\"Organization\",\"@id\":\"https:\/\/jobzone.se\/pl\/#organization\",\"name\":\"Jobzone\",\"url\":\"https:\/\/jobzone.se\/pl\/\",\"logo\":{\"@type\":\"ImageObject\",\"inLanguage\":\"pl-PL\",\"@id\":\"https:\/\/jobzone.se\/pl\/#\/schema\/logo\/image\/\",\"url\":\"https:\/\/jobzone.se\/wp-content\/uploads\/2019\/02\/jobzone-logo-web.jpg\",\"contentUrl\":\"https:\/\/jobzone.se\/wp-content\/uploads\/2019\/02\/jobzone-logo-web.jpg\",\"width\":145,\"height\":146,\"caption\":\"Jobzone\"},\"image\":{\"@id\":\"https:\/\/jobzone.se\/pl\/#\/schema\/logo\/image\/\"},\"sameAs\":[\"https:\/\/www.facebook.com\/JobzoneSverige\"]}]}<\/script>\n<!-- \/ Yoast SEO plugin. -->","yoast_head_json":{"title":"Szukaj pracownik\u00f3w | Jobzone","robots":{"index":"index","follow":"follow","max-snippet":"max-snippet:-1","max-image-preview":"max-image-preview:large","max-video-preview":"max-video-preview:-1"},"canonical":"https:\/\/jobzone.se\/pl\/szukaj-pracownikow\/","og_locale":"pl_PL","og_type":"article","og_title":"Szukaj pracownik\u00f3w | Jobzone","og_description":"Szukasz pracownik\u00f3w? Skontaktuj si\u0119 z Jobzone ju\u017c dzi\u015b i pozw\u00f3l nam zaj\u0105\u0107 si\u0119 Twoj\u0105 rekrutacj\u0105, aby\u015b m\u00f3g\u0142 skupi\u0107 si\u0119 na innych rzeczach! O firmie Jobzone Zatrudnienia Znamy naszych konsultant\u00f3w Aby zatrzyma\u0107 utalentowanych pracownik\u00f3w przez d\u0142ugi czas, du\u017co zainwestowali\u015bmy w nasz\u0105 rol\u0119 jako pracodawcy. Jeste\u015bmy w \u015bcis\u0142ym kontakcie z naszymi pracownikami i \u015bci\u015ble monitorujemy ich oraz doradzamy. Wszyscy nasi pracownicy posiadaj\u0105 [&hellip;]","og_url":"https:\/\/jobzone.se\/pl\/szukaj-pracownikow\/","og_site_name":"Jobzone","article_publisher":"https:\/\/www.facebook.com\/JobzoneSverige","article_modified_time":"2025-09-03T10:34:56+00:00","og_image":[{"width":1440,"height":550,"url":"https:\/\/jobzone.se\/wp-content\/uploads\/2019\/04\/jobzone-hero-sok-personal.jpg","type":"image\/jpeg"}],"twitter_misc":{"Szacowany czas czytania":"6 minut"},"schema":{"@context":"https:\/\/schema.org","@graph":[{"@type":"WebPage","@id":"https:\/\/jobzone.se\/pl\/szukaj-pracownikow\/","url":"https:\/\/jobzone.se\/pl\/szukaj-pracownikow\/","name":"Szukaj pracownik\u00f3w | Jobzone","isPartOf":{"@id":"https:\/\/jobzone.se\/pl\/#website"},"primaryImageOfPage":{"@id":"https:\/\/jobzone.se\/pl\/szukaj-pracownikow\/#primaryimage"},"image":{"@id":"https:\/\/jobzone.se\/pl\/szukaj-pracownikow\/#primaryimage"},"thumbnailUrl":"https:\/\/jobzone.se\/wp-content\/uploads\/2019\/04\/jobzone-hero-sok-personal.jpg","datePublished":"2019-04-05T11:58:25+00:00","dateModified":"2025-09-03T10:34:56+00:00","inLanguage":"pl-PL","potentialAction":[{"@type":"ReadAction","target":["https:\/\/jobzone.se\/pl\/szukaj-pracownikow\/"]}]},{"@type":"ImageObject","inLanguage":"pl-PL","@id":"https:\/\/jobzone.se\/pl\/szukaj-pracownikow\/#primaryimage","url":"https:\/\/jobzone.se\/wp-content\/uploads\/2019\/04\/jobzone-hero-sok-personal.jpg","contentUrl":"https:\/\/jobzone.se\/wp-content\/uploads\/2019\/04\/jobzone-hero-sok-personal.jpg","width":1440,"height":550},{"@type":"WebSite","@id":"https:\/\/jobzone.se\/pl\/#website","url":"https:\/\/jobzone.se\/pl\/","name":"Jobzone","description":"Bemanning och Rekryteringsf\u00f6retaget Jobzone i Sverige","publisher":{"@id":"https:\/\/jobzone.se\/pl\/#organization"},"potentialAction":[{"@type":"SearchAction","target":{"@type":"EntryPoint","urlTemplate":"https:\/\/jobzone.se\/pl\/?s={search_term_string}"},"query-input":"required name=search_term_string"}],"inLanguage":"pl-PL"},{"@type":"Organization","@id":"https:\/\/jobzone.se\/pl\/#organization","name":"Jobzone","url":"https:\/\/jobzone.se\/pl\/","logo":{"@type":"ImageObject","inLanguage":"pl-PL","@id":"https:\/\/jobzone.se\/pl\/#\/schema\/logo\/image\/","url":"https:\/\/jobzone.se\/wp-content\/uploads\/2019\/02\/jobzone-logo-web.jpg","contentUrl":"https:\/\/jobzone.se\/wp-content\/uploads\/2019\/02\/jobzone-logo-web.jpg","width":145,"height":146,"caption":"Jobzone"},"image":{"@id":"https:\/\/jobzone.se\/pl\/#\/schema\/logo\/image\/"},"sameAs":["https:\/\/www.facebook.com\/JobzoneSverige"]}]}},"_links":{"self":[{"href":"https:\/\/jobzone.se\/pl\/wp-json\/wp\/v2\/pages\/22358"}],"collection":[{"href":"https:\/\/jobzone.se\/pl\/wp-json\/wp\/v2\/pages"}],"about":[{"href":"https:\/\/jobzone.se\/pl\/wp-json\/wp\/v2\/types\/page"}],"author":[{"embeddable":true,"href":"https:\/\/jobzone.se\/pl\/wp-json\/wp\/v2\/users\/17"}],"replies":[{"embeddable":true,"href":"https:\/\/jobzone.se\/pl\/wp-json\/wp\/v2\/comments?post=22358"}],"version-history":[{"count":2,"href":"https:\/\/jobzone.se\/pl\/wp-json\/wp\/v2\/pages\/22358\/revisions"}],"predecessor-version":[{"id":22361,"href":"https:\/\/jobzone.se\/pl\/wp-json\/wp\/v2\/pages\/22358\/revisions\/22361"}],"wp:featuredmedia":[{"embeddable":true,"href":"https:\/\/jobzone.se\/pl\/wp-json\/wp\/v2\/media\/22359"}],"wp:attachment":[{"href":"https:\/\/jobzone.se\/pl\/wp-json\/wp\/v2\/media?parent=22358"}],"curies":[{"name":"wp","href":"https:\/\/api.w.org\/{rel}","templated":true}]}}