{"id":22362,"date":"2019-04-05T12:00:24","date_gmt":"2019-04-05T10:00:24","guid":{"rendered":"https:\/\/jobzone.se\/szukaj-pracownikow\/zawodow\/"},"modified":"2025-09-03T12:34:57","modified_gmt":"2025-09-03T10:34:57","slug":"zawodow","status":"publish","type":"page","link":"https:\/\/jobzone.se\/pl\/szukaj-pracownikow\/zawodow\/","title":{"rendered":"Zawod\u00f3w"},"content":{"rendered":"<p>    <\/p>\n<p class=\"impact-text\" style=\"text-align: center;\">Wiemy, \u017ce zapotrzebowanie na personel jest r\u00f3\u017cne. Czasami mo\u017ce to by\u0107 potrzeba kr\u00f3tkoterminowa i pilna, czasami mo\u017ce to by\u0107 potrzeba strategiczna i d\u0142ugoterminowa. Jeste\u015bmy ekspertami w doborze odpowiednich rozwi\u0105za\u0144 w zakresie si\u0142y roboczej i w ten spos\u00f3b wsp\u00f3lnie tworzymy sukces.<\/p>\n<p>       <\/p>\n<h2 class=\"impact-text-large\" style=\"text-align: center;\">Wybierz wed\u0142ug dziedziny zawodowej:<\/h2>\n<p>               <\/p>\n<h2 class=\"impact-text\">Szukasz pracownik\u00f3w?<\/h2>\n<p class=\"impact-text\">Skontaktuj si\u0119 z Jobzone ju\u017c dzi\u015b i pozw\u00f3l nam zaj\u0105\u0107 si\u0119 Twoj\u0105 rekrutacj\u0105, aby\u015b m\u00f3g\u0142 skupi\u0107 si\u0119 na innych rzeczach!<\/p>\n<a class=\"sf-button large accent default \" href=\"https:\/\/jobzone.se\/kontakt\/\" target=\"_self\" rel=\"\"><span class=\"text\">Skontaktuj si\u0119 z Jobzone<\/span><\/a>\n<p>    <\/p>\n<div style=\"width: 1280px;\" class=\"wp-video\"><!--[if lt IE 9]><script>document.createElement('video');<\/script><![endif]-->\n<video class=\"wp-video-shortcode\" id=\"video-22362-1\" width=\"1280\" height=\"720\" preload=\"metadata\" controls=\"controls\"><source type=\"video\/mp4\" src=\"https:\/\/jobzone.se\/wp-content\/uploads\/2019\/03\/Thomas-dansar-svensk-breddeformat.mp4?_=1\" \/><a href=\"https:\/\/jobzone.se\/wp-content\/uploads\/2019\/03\/Thomas-dansar-svensk-breddeformat.mp4\">https:\/\/jobzone.se\/wp-content\/uploads\/2019\/03\/Thomas-dansar-svensk-breddeformat.mp4<\/a><\/video><\/div>\n<p>   <\/p>\n","protected":false},"excerpt":{"rendered":"<p>Wiemy, \u017ce zapotrzebowanie na personel jest r\u00f3\u017cne. Czasami mo\u017ce to by\u0107 potrzeba kr\u00f3tkoterminowa i pilna, czasami mo\u017ce to by\u0107 potrzeba strategiczna i d\u0142ugoterminowa. Jeste\u015bmy ekspertami w doborze odpowiednich rozwi\u0105za\u0144 w zakresie si\u0142y roboczej i w ten spos\u00f3b wsp\u00f3lnie tworzymy sukces. Wybierz wed\u0142ug dziedziny zawodowej: Szukasz pracownik\u00f3w? Skontaktuj si\u0119 z Jobzone ju\u017c dzi\u015b i pozw\u00f3l nam zaj\u0105\u0107 si\u0119 Twoj\u0105 rekrutacj\u0105, aby\u015b [&hellip;]<\/p>\n","protected":false},"author":17,"featured_media":22359,"parent":22358,"menu_order":0,"comment_status":"closed","ping_status":"closed","template":"","meta":{"footnotes":""},"yoast_head":"<!-- This site is optimized with the Yoast SEO plugin v22.2 - https:\/\/yoast.com\/wordpress\/plugins\/seo\/ -->\n<title>Zawod\u00f3w | Jobzone<\/title>\n<meta name=\"robots\" content=\"index, follow, max-snippet:-1, max-image-preview:large, max-video-preview:-1\" \/>\n<link rel=\"canonical\" href=\"https:\/\/jobzone.se\/pl\/szukaj-pracownikow\/zawodow\/\" \/>\n<meta property=\"og:locale\" content=\"pl_PL\" \/>\n<meta property=\"og:type\" content=\"article\" \/>\n<meta property=\"og:title\" content=\"Zawod\u00f3w | Jobzone\" \/>\n<meta property=\"og:description\" content=\"Wiemy, \u017ce zapotrzebowanie na personel jest r\u00f3\u017cne. Czasami mo\u017ce to by\u0107 potrzeba kr\u00f3tkoterminowa i pilna, czasami mo\u017ce to by\u0107 potrzeba strategiczna i d\u0142ugoterminowa. Jeste\u015bmy ekspertami w doborze odpowiednich rozwi\u0105za\u0144 w zakresie si\u0142y roboczej i w ten spos\u00f3b wsp\u00f3lnie tworzymy sukces. Wybierz wed\u0142ug dziedziny zawodowej: Szukasz pracownik\u00f3w? Skontaktuj si\u0119 z Jobzone ju\u017c dzi\u015b i pozw\u00f3l nam zaj\u0105\u0107 si\u0119 Twoj\u0105 rekrutacj\u0105, aby\u015b [&hellip;]\" \/>\n<meta property=\"og:url\" content=\"https:\/\/jobzone.se\/pl\/szukaj-pracownikow\/zawodow\/\" \/>\n<meta property=\"og:site_name\" content=\"Jobzone\" \/>\n<meta property=\"article:publisher\" content=\"https:\/\/www.facebook.com\/JobzoneSverige\" \/>\n<meta property=\"article:modified_time\" content=\"2025-09-03T10:34:57+00:00\" \/>\n<meta property=\"og:image\" content=\"https:\/\/jobzone.se\/wp-content\/uploads\/2019\/04\/jobzone-hero-sok-personal.jpg\" \/>\n\t<meta property=\"og:image:width\" content=\"1440\" \/>\n\t<meta property=\"og:image:height\" content=\"550\" \/>\n\t<meta property=\"og:image:type\" content=\"image\/jpeg\" \/>\n<meta name=\"twitter:label1\" content=\"Szacowany czas czytania\" \/>\n\t<meta name=\"twitter:data1\" content=\"3 minuty\" \/>\n<script type=\"application\/ld+json\" class=\"yoast-schema-graph\">{\"@context\":\"https:\/\/schema.org\",\"@graph\":[{\"@type\":\"WebPage\",\"@id\":\"https:\/\/jobzone.se\/pl\/szukaj-pracownikow\/zawodow\/\",\"url\":\"https:\/\/jobzone.se\/pl\/szukaj-pracownikow\/zawodow\/\",\"name\":\"Zawod\u00f3w | Jobzone\",\"isPartOf\":{\"@id\":\"https:\/\/jobzone.se\/pl\/#website\"},\"primaryImageOfPage\":{\"@id\":\"https:\/\/jobzone.se\/pl\/szukaj-pracownikow\/zawodow\/#primaryimage\"},\"image\":{\"@id\":\"https:\/\/jobzone.se\/pl\/szukaj-pracownikow\/zawodow\/#primaryimage\"},\"thumbnailUrl\":\"https:\/\/jobzone.se\/wp-content\/uploads\/2019\/04\/jobzone-hero-sok-personal.jpg\",\"datePublished\":\"2019-04-05T10:00:24+00:00\",\"dateModified\":\"2025-09-03T10:34:57+00:00\",\"breadcrumb\":{\"@id\":\"https:\/\/jobzone.se\/pl\/szukaj-pracownikow\/zawodow\/#breadcrumb\"},\"inLanguage\":\"pl-PL\",\"potentialAction\":[{\"@type\":\"ReadAction\",\"target\":[\"https:\/\/jobzone.se\/pl\/szukaj-pracownikow\/zawodow\/\"]}]},{\"@type\":\"ImageObject\",\"inLanguage\":\"pl-PL\",\"@id\":\"https:\/\/jobzone.se\/pl\/szukaj-pracownikow\/zawodow\/#primaryimage\",\"url\":\"https:\/\/jobzone.se\/wp-content\/uploads\/2019\/04\/jobzone-hero-sok-personal.jpg\",\"contentUrl\":\"https:\/\/jobzone.se\/wp-content\/uploads\/2019\/04\/jobzone-hero-sok-personal.jpg\",\"width\":1440,\"height\":550},{\"@type\":\"BreadcrumbList\",\"@id\":\"https:\/\/jobzone.se\/pl\/szukaj-pracownikow\/zawodow\/#breadcrumb\",\"itemListElement\":[{\"@type\":\"ListItem\",\"position\":1,\"name\":\"Szukaj pracownik\u00f3w\",\"item\":\"https:\/\/jobzone.se\/pl\/szukaj-pracownikow\/\"},{\"@type\":\"ListItem\",\"position\":2,\"name\":\"Zawod\u00f3w\"}]},{\"@type\":\"WebSite\",\"@id\":\"https:\/\/jobzone.se\/pl\/#website\",\"url\":\"https:\/\/jobzone.se\/pl\/\",\"name\":\"Jobzone\",\"description\":\"Bemanning och Rekryteringsf\u00f6retaget Jobzone i Sverige\",\"publisher\":{\"@id\":\"https:\/\/jobzone.se\/pl\/#organization\"},\"potentialAction\":[{\"@type\":\"SearchAction\",\"target\":{\"@type\":\"EntryPoint\",\"urlTemplate\":\"https:\/\/jobzone.se\/pl\/?s={search_term_string}\"},\"query-input\":\"required name=search_term_string\"}],\"inLanguage\":\"pl-PL\"},{\"@type\":\"Organization\",\"@id\":\"https:\/\/jobzone.se\/pl\/#organization\",\"name\":\"Jobzone\",\"url\":\"https:\/\/jobzone.se\/pl\/\",\"logo\":{\"@type\":\"ImageObject\",\"inLanguage\":\"pl-PL\",\"@id\":\"https:\/\/jobzone.se\/pl\/#\/schema\/logo\/image\/\",\"url\":\"https:\/\/jobzone.se\/wp-content\/uploads\/2019\/02\/jobzone-logo-web.jpg\",\"contentUrl\":\"https:\/\/jobzone.se\/wp-content\/uploads\/2019\/02\/jobzone-logo-web.jpg\",\"width\":145,\"height\":146,\"caption\":\"Jobzone\"},\"image\":{\"@id\":\"https:\/\/jobzone.se\/pl\/#\/schema\/logo\/image\/\"},\"sameAs\":[\"https:\/\/www.facebook.com\/JobzoneSverige\"]}]}<\/script>\n<!-- \/ Yoast SEO plugin. -->","yoast_head_json":{"title":"Zawod\u00f3w | Jobzone","robots":{"index":"index","follow":"follow","max-snippet":"max-snippet:-1","max-image-preview":"max-image-preview:large","max-video-preview":"max-video-preview:-1"},"canonical":"https:\/\/jobzone.se\/pl\/szukaj-pracownikow\/zawodow\/","og_locale":"pl_PL","og_type":"article","og_title":"Zawod\u00f3w | Jobzone","og_description":"Wiemy, \u017ce zapotrzebowanie na personel jest r\u00f3\u017cne. Czasami mo\u017ce to by\u0107 potrzeba kr\u00f3tkoterminowa i pilna, czasami mo\u017ce to by\u0107 potrzeba strategiczna i d\u0142ugoterminowa. Jeste\u015bmy ekspertami w doborze odpowiednich rozwi\u0105za\u0144 w zakresie si\u0142y roboczej i w ten spos\u00f3b wsp\u00f3lnie tworzymy sukces. Wybierz wed\u0142ug dziedziny zawodowej: Szukasz pracownik\u00f3w? Skontaktuj si\u0119 z Jobzone ju\u017c dzi\u015b i pozw\u00f3l nam zaj\u0105\u0107 si\u0119 Twoj\u0105 rekrutacj\u0105, aby\u015b [&hellip;]","og_url":"https:\/\/jobzone.se\/pl\/szukaj-pracownikow\/zawodow\/","og_site_name":"Jobzone","article_publisher":"https:\/\/www.facebook.com\/JobzoneSverige","article_modified_time":"2025-09-03T10:34:57+00:00","og_image":[{"width":1440,"height":550,"url":"https:\/\/jobzone.se\/wp-content\/uploads\/2019\/04\/jobzone-hero-sok-personal.jpg","type":"image\/jpeg"}],"twitter_misc":{"Szacowany czas czytania":"3 minuty"},"schema":{"@context":"https:\/\/schema.org","@graph":[{"@type":"WebPage","@id":"https:\/\/jobzone.se\/pl\/szukaj-pracownikow\/zawodow\/","url":"https:\/\/jobzone.se\/pl\/szukaj-pracownikow\/zawodow\/","name":"Zawod\u00f3w | Jobzone","isPartOf":{"@id":"https:\/\/jobzone.se\/pl\/#website"},"primaryImageOfPage":{"@id":"https:\/\/jobzone.se\/pl\/szukaj-pracownikow\/zawodow\/#primaryimage"},"image":{"@id":"https:\/\/jobzone.se\/pl\/szukaj-pracownikow\/zawodow\/#primaryimage"},"thumbnailUrl":"https:\/\/jobzone.se\/wp-content\/uploads\/2019\/04\/jobzone-hero-sok-personal.jpg","datePublished":"2019-04-05T10:00:24+00:00","dateModified":"2025-09-03T10:34:57+00:00","breadcrumb":{"@id":"https:\/\/jobzone.se\/pl\/szukaj-pracownikow\/zawodow\/#breadcrumb"},"inLanguage":"pl-PL","potentialAction":[{"@type":"ReadAction","target":["https:\/\/jobzone.se\/pl\/szukaj-pracownikow\/zawodow\/"]}]},{"@type":"ImageObject","inLanguage":"pl-PL","@id":"https:\/\/jobzone.se\/pl\/szukaj-pracownikow\/zawodow\/#primaryimage","url":"https:\/\/jobzone.se\/wp-content\/uploads\/2019\/04\/jobzone-hero-sok-personal.jpg","contentUrl":"https:\/\/jobzone.se\/wp-content\/uploads\/2019\/04\/jobzone-hero-sok-personal.jpg","width":1440,"height":550},{"@type":"BreadcrumbList","@id":"https:\/\/jobzone.se\/pl\/szukaj-pracownikow\/zawodow\/#breadcrumb","itemListElement":[{"@type":"ListItem","position":1,"name":"Szukaj pracownik\u00f3w","item":"https:\/\/jobzone.se\/pl\/szukaj-pracownikow\/"},{"@type":"ListItem","position":2,"name":"Zawod\u00f3w"}]},{"@type":"WebSite","@id":"https:\/\/jobzone.se\/pl\/#website","url":"https:\/\/jobzone.se\/pl\/","name":"Jobzone","description":"Bemanning och Rekryteringsf\u00f6retaget Jobzone i Sverige","publisher":{"@id":"https:\/\/jobzone.se\/pl\/#organization"},"potentialAction":[{"@type":"SearchAction","target":{"@type":"EntryPoint","urlTemplate":"https:\/\/jobzone.se\/pl\/?s={search_term_string}"},"query-input":"required name=search_term_string"}],"inLanguage":"pl-PL"},{"@type":"Organization","@id":"https:\/\/jobzone.se\/pl\/#organization","name":"Jobzone","url":"https:\/\/jobzone.se\/pl\/","logo":{"@type":"ImageObject","inLanguage":"pl-PL","@id":"https:\/\/jobzone.se\/pl\/#\/schema\/logo\/image\/","url":"https:\/\/jobzone.se\/wp-content\/uploads\/2019\/02\/jobzone-logo-web.jpg","contentUrl":"https:\/\/jobzone.se\/wp-content\/uploads\/2019\/02\/jobzone-logo-web.jpg","width":145,"height":146,"caption":"Jobzone"},"image":{"@id":"https:\/\/jobzone.se\/pl\/#\/schema\/logo\/image\/"},"sameAs":["https:\/\/www.facebook.com\/JobzoneSverige"]}]}},"_links":{"self":[{"href":"https:\/\/jobzone.se\/pl\/wp-json\/wp\/v2\/pages\/22362"}],"collection":[{"href":"https:\/\/jobzone.se\/pl\/wp-json\/wp\/v2\/pages"}],"about":[{"href":"https:\/\/jobzone.se\/pl\/wp-json\/wp\/v2\/types\/page"}],"author":[{"embeddable":true,"href":"https:\/\/jobzone.se\/pl\/wp-json\/wp\/v2\/users\/17"}],"replies":[{"embeddable":true,"href":"https:\/\/jobzone.se\/pl\/wp-json\/wp\/v2\/comments?post=22362"}],"version-history":[{"count":2,"href":"https:\/\/jobzone.se\/pl\/wp-json\/wp\/v2\/pages\/22362\/revisions"}],"predecessor-version":[{"id":22364,"href":"https:\/\/jobzone.se\/pl\/wp-json\/wp\/v2\/pages\/22362\/revisions\/22364"}],"up":[{"embeddable":true,"href":"https:\/\/jobzone.se\/pl\/wp-json\/wp\/v2\/pages\/22358"}],"wp:featuredmedia":[{"embeddable":true,"href":"https:\/\/jobzone.se\/pl\/wp-json\/wp\/v2\/media\/22359"}],"wp:attachment":[{"href":"https:\/\/jobzone.se\/pl\/wp-json\/wp\/v2\/media?parent=22362"}],"curies":[{"name":"wp","href":"https:\/\/api.w.org\/{rel}","templated":true}]}}