{"id":22371,"date":"2019-04-05T13:58:25","date_gmt":"2019-04-05T11:58:25","guid":{"rendered":"https:\/\/jobzone.se\/wskazowki-dotyczace-kariery\/"},"modified":"2019-04-05T13:58:25","modified_gmt":"2019-04-05T11:58:25","slug":"wskazowki-dotyczace-kariery","status":"publish","type":"page","link":"https:\/\/jobzone.se\/pl\/wskazowki-dotyczace-kariery\/","title":{"rendered":"Wskaz\u00f3wki dotycz\u0105ce kariery"},"content":{"rendered":"<p><img loading=\"lazy\" decoding=\"async\" class=\"alignnone size-large wp-image-19986\" src=\"https:\/\/jobzone.se\/wp-content\/uploads\/2022\/08\/header_karriartips-1024x539.jpg\" alt=\"\" width=\"1024\" height=\"539\" srcset=\"https:\/\/jobzone.se\/wp-content\/uploads\/2022\/08\/header_karriartips-1024x539.jpg 1024w, https:\/\/jobzone.se\/wp-content\/uploads\/2022\/08\/header_karriartips-300x158.jpg 300w, https:\/\/jobzone.se\/wp-content\/uploads\/2022\/08\/header_karriartips-768x404.jpg 768w, https:\/\/jobzone.se\/wp-content\/uploads\/2022\/08\/header_karriartips-1000x526.jpg 1000w, https:\/\/jobzone.se\/wp-content\/uploads\/2022\/08\/header_karriartips.jpg 1197w\" sizes=\"(max-width: 1024px) 100vw, 1024px\" \/><\/p>\n<p class=\"impact-text\">Udzielamy tu wskaz\u00f3wek dotycz\u0105cych m.in. dodatkowej pracy podczas studi\u00f3w, jak najlepiej radzi\u0107 sobie przy negocjacjach wynagrodzenia i co poci\u0105ga za sob\u0105 r\u00f3\u017cne rodzaje zatrudnienia.<\/p>\n<h2>Nasze wskaz\u00f3wki dotycz\u0105ce kariery:<\/h2>\n<ul>\n<li><a href=\"https:\/\/jobzone.se\/karriartips\/arbeta-medan-du-studerar\/\" target=\"_blank\" rel=\"noopener\">Praca podczas nauki<\/a><\/li>\n<li><a href=\"https:\/\/jobzone.se\/karriartips\/forhandla-om-din-lon\/\" target=\"_blank\" rel=\"noopener\">Negocjuj swoje wynagrodzenie<\/a><\/li>\n<li><a href=\"https:\/\/jobzone.se\/karriartips\/nasta-steg-i-karriaren\/\" target=\"_blank\" rel=\"noopener\">Wskaz\u00f3wki dotycz\u0105ce szukania nowej pracy<\/a><\/li>\n<li><a href=\"https:\/\/jobzone.se\/karriartips\/olika-typer-av-anstallning\/\" target=\"_blank\" rel=\"noopener\">R\u00f3\u017cnica mi\u0119dzy r\u00f3\u017cnymi rodzajami zatrudnienia<\/a><\/li>\n<li><a href=\"https:\/\/jobzone.se\/karriartips\/att-soka-jobb-hos-oss\/\" target=\"_blank\" rel=\"noopener\">Ubieganie si\u0119 o prac\u0119 w Jobzone<\/a><\/li>\n<\/ul>\n","protected":false},"excerpt":{"rendered":"<p>Udzielamy tu wskaz\u00f3wek dotycz\u0105cych m.in. dodatkowej pracy podczas studi\u00f3w, jak najlepiej radzi\u0107 sobie przy negocjacjach wynagrodzenia i co poci\u0105ga za sob\u0105 r\u00f3\u017cne rodzaje zatrudnienia. Nasze wskaz\u00f3wki dotycz\u0105ce kariery: Praca podczas nauki Negocjuj swoje wynagrodzenie Wskaz\u00f3wki dotycz\u0105ce szukania nowej pracy R\u00f3\u017cnica mi\u0119dzy r\u00f3\u017cnymi rodzajami zatrudnienia Ubieganie si\u0119 o prac\u0119 w Jobzone<\/p>\n","protected":false},"author":17,"featured_media":22372,"parent":0,"menu_order":0,"comment_status":"closed","ping_status":"open","template":"","meta":{"footnotes":""},"yoast_head":"<!-- This site is optimized with the Yoast SEO plugin v22.2 - https:\/\/yoast.com\/wordpress\/plugins\/seo\/ -->\n<title>Wskaz\u00f3wki dotycz\u0105ce kariery | Jobzone<\/title>\n<meta name=\"description\" content=\"Udzielamy tu wskaz\u00f3wek dotycz\u0105cych m.in. dodatkowej pracy podczas studi\u00f3w, jak najlepiej radzi\u0107 sobie przy negocjacjach wynagrodzenia i co poci\u0105ga za sob\u0105 r\u00f3\u017cne rodzaje zatrudnienia.\" \/>\n<meta name=\"robots\" content=\"index, follow, max-snippet:-1, max-image-preview:large, max-video-preview:-1\" \/>\n<link rel=\"canonical\" href=\"https:\/\/jobzone.se\/pl\/wskazowki-dotyczace-kariery\/\" \/>\n<meta property=\"og:locale\" content=\"pl_PL\" \/>\n<meta property=\"og:type\" content=\"article\" \/>\n<meta property=\"og:title\" content=\"Wskaz\u00f3wki dotycz\u0105ce kariery | Jobzone\" \/>\n<meta property=\"og:description\" content=\"Udzielamy tu wskaz\u00f3wek dotycz\u0105cych m.in. dodatkowej pracy podczas studi\u00f3w, jak najlepiej radzi\u0107 sobie przy negocjacjach wynagrodzenia i co poci\u0105ga za sob\u0105 r\u00f3\u017cne rodzaje zatrudnienia.\" \/>\n<meta property=\"og:url\" content=\"https:\/\/jobzone.se\/pl\/wskazowki-dotyczace-kariery\/\" \/>\n<meta property=\"og:site_name\" content=\"Jobzone\" \/>\n<meta property=\"article:publisher\" content=\"https:\/\/www.facebook.com\/JobzoneSverige\" \/>\n<meta property=\"og:image\" content=\"https:\/\/jobzone.se\/wp-content\/uploads\/2022\/08\/header_karriartips.jpg\" \/>\n\t<meta property=\"og:image:width\" content=\"1197\" \/>\n\t<meta property=\"og:image:height\" content=\"630\" \/>\n\t<meta property=\"og:image:type\" content=\"image\/jpeg\" \/>\n<script type=\"application\/ld+json\" class=\"yoast-schema-graph\">{\"@context\":\"https:\/\/schema.org\",\"@graph\":[{\"@type\":\"WebPage\",\"@id\":\"https:\/\/jobzone.se\/pl\/wskazowki-dotyczace-kariery\/\",\"url\":\"https:\/\/jobzone.se\/pl\/wskazowki-dotyczace-kariery\/\",\"name\":\"Wskaz\u00f3wki dotycz\u0105ce kariery | Jobzone\",\"isPartOf\":{\"@id\":\"https:\/\/jobzone.se\/pl\/#website\"},\"primaryImageOfPage\":{\"@id\":\"https:\/\/jobzone.se\/pl\/wskazowki-dotyczace-kariery\/#primaryimage\"},\"image\":{\"@id\":\"https:\/\/jobzone.se\/pl\/wskazowki-dotyczace-kariery\/#primaryimage\"},\"thumbnailUrl\":\"https:\/\/jobzone.se\/wp-content\/uploads\/2022\/08\/header_karriartips.jpg\",\"datePublished\":\"2019-04-05T11:58:25+00:00\",\"dateModified\":\"2019-04-05T11:58:25+00:00\",\"description\":\"Udzielamy tu wskaz\u00f3wek dotycz\u0105cych m.in. dodatkowej pracy podczas studi\u00f3w, jak najlepiej radzi\u0107 sobie przy negocjacjach wynagrodzenia i co poci\u0105ga za sob\u0105 r\u00f3\u017cne rodzaje zatrudnienia.\",\"inLanguage\":\"pl-PL\",\"potentialAction\":[{\"@type\":\"ReadAction\",\"target\":[\"https:\/\/jobzone.se\/pl\/wskazowki-dotyczace-kariery\/\"]}]},{\"@type\":\"ImageObject\",\"inLanguage\":\"pl-PL\",\"@id\":\"https:\/\/jobzone.se\/pl\/wskazowki-dotyczace-kariery\/#primaryimage\",\"url\":\"https:\/\/jobzone.se\/wp-content\/uploads\/2022\/08\/header_karriartips.jpg\",\"contentUrl\":\"https:\/\/jobzone.se\/wp-content\/uploads\/2022\/08\/header_karriartips.jpg\",\"width\":1197,\"height\":630},{\"@type\":\"WebSite\",\"@id\":\"https:\/\/jobzone.se\/pl\/#website\",\"url\":\"https:\/\/jobzone.se\/pl\/\",\"name\":\"Jobzone\",\"description\":\"Bemanning och Rekryteringsf\u00f6retaget Jobzone i Sverige\",\"publisher\":{\"@id\":\"https:\/\/jobzone.se\/pl\/#organization\"},\"potentialAction\":[{\"@type\":\"SearchAction\",\"target\":{\"@type\":\"EntryPoint\",\"urlTemplate\":\"https:\/\/jobzone.se\/pl\/?s={search_term_string}\"},\"query-input\":\"required name=search_term_string\"}],\"inLanguage\":\"pl-PL\"},{\"@type\":\"Organization\",\"@id\":\"https:\/\/jobzone.se\/pl\/#organization\",\"name\":\"Jobzone\",\"url\":\"https:\/\/jobzone.se\/pl\/\",\"logo\":{\"@type\":\"ImageObject\",\"inLanguage\":\"pl-PL\",\"@id\":\"https:\/\/jobzone.se\/pl\/#\/schema\/logo\/image\/\",\"url\":\"https:\/\/jobzone.se\/wp-content\/uploads\/2019\/02\/jobzone-logo-web.jpg\",\"contentUrl\":\"https:\/\/jobzone.se\/wp-content\/uploads\/2019\/02\/jobzone-logo-web.jpg\",\"width\":145,\"height\":146,\"caption\":\"Jobzone\"},\"image\":{\"@id\":\"https:\/\/jobzone.se\/pl\/#\/schema\/logo\/image\/\"},\"sameAs\":[\"https:\/\/www.facebook.com\/JobzoneSverige\"]}]}<\/script>\n<!-- \/ Yoast SEO plugin. -->","yoast_head_json":{"title":"Wskaz\u00f3wki dotycz\u0105ce kariery | Jobzone","description":"Udzielamy tu wskaz\u00f3wek dotycz\u0105cych m.in. dodatkowej pracy podczas studi\u00f3w, jak najlepiej radzi\u0107 sobie przy negocjacjach wynagrodzenia i co poci\u0105ga za sob\u0105 r\u00f3\u017cne rodzaje zatrudnienia.","robots":{"index":"index","follow":"follow","max-snippet":"max-snippet:-1","max-image-preview":"max-image-preview:large","max-video-preview":"max-video-preview:-1"},"canonical":"https:\/\/jobzone.se\/pl\/wskazowki-dotyczace-kariery\/","og_locale":"pl_PL","og_type":"article","og_title":"Wskaz\u00f3wki dotycz\u0105ce kariery | Jobzone","og_description":"Udzielamy tu wskaz\u00f3wek dotycz\u0105cych m.in. dodatkowej pracy podczas studi\u00f3w, jak najlepiej radzi\u0107 sobie przy negocjacjach wynagrodzenia i co poci\u0105ga za sob\u0105 r\u00f3\u017cne rodzaje zatrudnienia.","og_url":"https:\/\/jobzone.se\/pl\/wskazowki-dotyczace-kariery\/","og_site_name":"Jobzone","article_publisher":"https:\/\/www.facebook.com\/JobzoneSverige","og_image":[{"width":1197,"height":630,"url":"https:\/\/jobzone.se\/wp-content\/uploads\/2022\/08\/header_karriartips.jpg","type":"image\/jpeg"}],"schema":{"@context":"https:\/\/schema.org","@graph":[{"@type":"WebPage","@id":"https:\/\/jobzone.se\/pl\/wskazowki-dotyczace-kariery\/","url":"https:\/\/jobzone.se\/pl\/wskazowki-dotyczace-kariery\/","name":"Wskaz\u00f3wki dotycz\u0105ce kariery | Jobzone","isPartOf":{"@id":"https:\/\/jobzone.se\/pl\/#website"},"primaryImageOfPage":{"@id":"https:\/\/jobzone.se\/pl\/wskazowki-dotyczace-kariery\/#primaryimage"},"image":{"@id":"https:\/\/jobzone.se\/pl\/wskazowki-dotyczace-kariery\/#primaryimage"},"thumbnailUrl":"https:\/\/jobzone.se\/wp-content\/uploads\/2022\/08\/header_karriartips.jpg","datePublished":"2019-04-05T11:58:25+00:00","dateModified":"2019-04-05T11:58:25+00:00","description":"Udzielamy tu wskaz\u00f3wek dotycz\u0105cych m.in. dodatkowej pracy podczas studi\u00f3w, jak najlepiej radzi\u0107 sobie przy negocjacjach wynagrodzenia i co poci\u0105ga za sob\u0105 r\u00f3\u017cne rodzaje zatrudnienia.","inLanguage":"pl-PL","potentialAction":[{"@type":"ReadAction","target":["https:\/\/jobzone.se\/pl\/wskazowki-dotyczace-kariery\/"]}]},{"@type":"ImageObject","inLanguage":"pl-PL","@id":"https:\/\/jobzone.se\/pl\/wskazowki-dotyczace-kariery\/#primaryimage","url":"https:\/\/jobzone.se\/wp-content\/uploads\/2022\/08\/header_karriartips.jpg","contentUrl":"https:\/\/jobzone.se\/wp-content\/uploads\/2022\/08\/header_karriartips.jpg","width":1197,"height":630},{"@type":"WebSite","@id":"https:\/\/jobzone.se\/pl\/#website","url":"https:\/\/jobzone.se\/pl\/","name":"Jobzone","description":"Bemanning och Rekryteringsf\u00f6retaget Jobzone i Sverige","publisher":{"@id":"https:\/\/jobzone.se\/pl\/#organization"},"potentialAction":[{"@type":"SearchAction","target":{"@type":"EntryPoint","urlTemplate":"https:\/\/jobzone.se\/pl\/?s={search_term_string}"},"query-input":"required name=search_term_string"}],"inLanguage":"pl-PL"},{"@type":"Organization","@id":"https:\/\/jobzone.se\/pl\/#organization","name":"Jobzone","url":"https:\/\/jobzone.se\/pl\/","logo":{"@type":"ImageObject","inLanguage":"pl-PL","@id":"https:\/\/jobzone.se\/pl\/#\/schema\/logo\/image\/","url":"https:\/\/jobzone.se\/wp-content\/uploads\/2019\/02\/jobzone-logo-web.jpg","contentUrl":"https:\/\/jobzone.se\/wp-content\/uploads\/2019\/02\/jobzone-logo-web.jpg","width":145,"height":146,"caption":"Jobzone"},"image":{"@id":"https:\/\/jobzone.se\/pl\/#\/schema\/logo\/image\/"},"sameAs":["https:\/\/www.facebook.com\/JobzoneSverige"]}]}},"_links":{"self":[{"href":"https:\/\/jobzone.se\/pl\/wp-json\/wp\/v2\/pages\/22371"}],"collection":[{"href":"https:\/\/jobzone.se\/pl\/wp-json\/wp\/v2\/pages"}],"about":[{"href":"https:\/\/jobzone.se\/pl\/wp-json\/wp\/v2\/types\/page"}],"author":[{"embeddable":true,"href":"https:\/\/jobzone.se\/pl\/wp-json\/wp\/v2\/users\/17"}],"replies":[{"embeddable":true,"href":"https:\/\/jobzone.se\/pl\/wp-json\/wp\/v2\/comments?post=22371"}],"version-history":[{"count":0,"href":"https:\/\/jobzone.se\/pl\/wp-json\/wp\/v2\/pages\/22371\/revisions"}],"wp:featuredmedia":[{"embeddable":true,"href":"https:\/\/jobzone.se\/pl\/wp-json\/wp\/v2\/media\/22372"}],"wp:attachment":[{"href":"https:\/\/jobzone.se\/pl\/wp-json\/wp\/v2\/media?parent=22371"}],"curies":[{"name":"wp","href":"https:\/\/api.w.org\/{rel}","templated":true}]}}