{"id":22381,"date":"2019-04-05T13:58:25","date_gmt":"2019-04-05T11:58:25","guid":{"rendered":"https:\/\/jobzone.se\/wskazowki-dotyczace-kariery\/ubieganie-sie-o-prace-w-naszej-firmie\/"},"modified":"2019-04-05T13:58:25","modified_gmt":"2019-04-05T11:58:25","slug":"ubieganie-sie-o-prace-w-naszej-firmie","status":"publish","type":"page","link":"https:\/\/jobzone.se\/pl\/wskazowki-dotyczace-kariery\/ubieganie-sie-o-prace-w-naszej-firmie\/","title":{"rendered":"Ubieganie si\u0119 o prac\u0119 w naszej firmie"},"content":{"rendered":"<p><img loading=\"lazy\" decoding=\"async\" class=\"alignnone wp-image-19564 size-full\" src=\"https:\/\/jobzone.se\/wp-content\/uploads\/2021\/12\/helena-holmstrom-bombas-jobzone.jpg\" alt=\"Helena Bombas Holmstr\u00f6m Jobzone\" width=\"1200\" height=\"630\" srcset=\"https:\/\/jobzone.se\/wp-content\/uploads\/2021\/12\/helena-holmstrom-bombas-jobzone.jpg 1200w, https:\/\/jobzone.se\/wp-content\/uploads\/2021\/12\/helena-holmstrom-bombas-jobzone-300x158.jpg 300w, https:\/\/jobzone.se\/wp-content\/uploads\/2021\/12\/helena-holmstrom-bombas-jobzone-1024x538.jpg 1024w, https:\/\/jobzone.se\/wp-content\/uploads\/2021\/12\/helena-holmstrom-bombas-jobzone-768x403.jpg 768w, https:\/\/jobzone.se\/wp-content\/uploads\/2021\/12\/helena-holmstrom-bombas-jobzone-1000x525.jpg 1000w\" sizes=\"(max-width: 1200px) 100vw, 1200px\" \/><\/p>\n<h2 class=\"gen-page-title\">Ubieganie si\u0119 o prac\u0119 w Jobzone<\/h2>\n<p class=\"impact-text\">Na przestrzeni lat firma Jobzone wypracowa\u0142a sobie bardzo dobr\u0105 reputacj\u0119 w\u015br\u00f3d konsultant\u00f3w i klient\u00f3w. \u015awiadczy o tym m.in. fakt, \u017ce ka\u017cdego dnia otrzymujemy ponad 100 poda\u0144 od os\u00f3b poszukuj\u0105cych pracy, kt\u00f3re chc\u0105 si\u0119 zarejestrowa\u0107, oraz \u017ce ka\u017cdego roku u naszych klient\u00f3w pracuje ponad 4 500 konsultant\u00f3w. Dla nas jest to wielkie wotum zaufania. Zgodnie z wizj\u0105 &#8220;Najbardziej atrakcyjny pracodawca w bran\u017cy rekrutacyjnej&#8221; dok\u0142adamy wszelkich stara\u0144, aby Pa\u0144stwo, kt\u00f3rzy szukaj\u0105 zatrudnienia lub chc\u0105 pracowa\u0107 jako konsultanci, mieli jak najlepsze do\u015bwiadczenia z Jobzone.<\/p>\n<h3>Zarejestruj swoje CV i aplikacj\u0119 ju\u017c dzi\u015b<\/h3>\n<p>Aby\u015bmy mogli zaoferowa\u0107 Ci prac\u0119 tymczasow\u0105 lub sta\u0142\u0105, musisz zarejestrowa\u0107 swoje CV lub aplikowa\u0107 na nasze og\u0142oszenia o prac\u0119. Rejestracja CV jest \u0142atwa dzi\u0119ki naszej rejestracji CV w 5 minut. Upewnij si\u0119, \u017ce uwzgl\u0119dni\u0142e\u015b zar\u00f3wno odpowiednie kwalifikacje, jak i \u017cyczenia dotycz\u0105ce stanowiska, aby nasi konsultanci mogli \u0142atwiej dopasowa\u0107 Twoje \u017cyczenia do klienta. Jobzone stale posiada szerok\u0105 gam\u0119 og\u0142osze\u0144 o prac\u0119 w r\u00f3\u017cnych bran\u017cach na terenie ca\u0142ego kraju. Tutaj mo\u017cesz wyszuka\u0107 og\u0142oszenia o prac\u0119, kt\u00f3re uwa\u017casz za odpowiednie i interesuj\u0105ce.<\/p>\n<p><a href=\"https:\/\/jobzone.se\/lediga-jobb\/intresseanmalan\/\" rel=\"noopener noreferrer\">Zarejestruj swoje CV ju\u017c dzi\u015b<\/a>!<\/p>\n<h3>Skontaktujemy si\u0119 z Tob\u0105<\/h3>\n<p>Po zako\u0144czeniu rejestracji nasi konsultanci rozpoczynaj\u0105 prac\u0119 nad znalezieniem zlecenia, kt\u00f3re odpowiada Twoim \u017cyczeniom i kwalifikacjom. Ka\u017cdy, kto si\u0119 zarejestruje, otrzyma odpowied\u017a drog\u0105 mailow\u0105 lub telefoniczn\u0105. Niestety, nie mamy mo\u017cliwo\u015bci przeprowadzenia rozm\u00f3w kwalifikacyjnych ze wszystkimi, ale mo\u017cesz mie\u0107 pewno\u015b\u0107, \u017ce nasi mened\u017cerowie konsultant\u00f3w skontaktuj\u0105 si\u0119 z Tob\u0105, gdy tylko otrzymamy odpowiednie zadanie.<\/p>\n<hr>\n<h4>Jeste\u015b studentem i szukasz dodatkowej pracy?<\/h4>\n<p>Dowiedz si\u0119 wi\u0119cej o <a href=\"https:\/\/jobzone.se\/karriartips\/arbeta-medan-du-studerar\/\">pracy podczas nauki<\/a>.<\/p>\n<h4>Potrzebujesz pomocy z CV i listem motywacyjnym?<\/h4>\n<p>Przeczytaj nasze wskaz\u00f3wki, jak napisa\u0107 naprawd\u0119 dobry tekst<a href=\"https:\/\/jobzone.se\/karriartips\/skriva-cv-och-personligt-brev\/\">  CV i list motywacyjny<\/a><\/p>\n<p>&nbsp;<\/p>\n","protected":false},"excerpt":{"rendered":"<p>Ubieganie si\u0119 o prac\u0119 w Jobzone Na przestrzeni lat firma Jobzone wypracowa\u0142a sobie bardzo dobr\u0105 reputacj\u0119 w\u015br\u00f3d konsultant\u00f3w i klient\u00f3w. \u015awiadczy o tym m.in. fakt, \u017ce ka\u017cdego dnia otrzymujemy ponad 100 poda\u0144 od os\u00f3b poszukuj\u0105cych pracy, kt\u00f3re chc\u0105 si\u0119 zarejestrowa\u0107, oraz \u017ce ka\u017cdego roku u naszych klient\u00f3w pracuje ponad 4 500 konsultant\u00f3w. Dla nas jest to wielkie wotum zaufania. Zgodnie [&hellip;]<\/p>\n","protected":false},"author":17,"featured_media":22382,"parent":22371,"menu_order":0,"comment_status":"closed","ping_status":"closed","template":"","meta":{"footnotes":""},"yoast_head":"<!-- This site is optimized with the Yoast SEO plugin v22.2 - https:\/\/yoast.com\/wordpress\/plugins\/seo\/ -->\n<title>Ubieganie si\u0119 o prac\u0119 w naszej firmie na Jobzone |%Jobzone<\/title>\n<meta name=\"description\" content=\"Na przestrzeni lat firma Jobzone wypracowa\u0142a sobie bardzo dobr\u0105 reputacj\u0119 w\u015br\u00f3d konsultant\u00f3w i klient\u00f3w. Ka\u017cdego roku zatrudniamy ponad 4 500 konsultant\u00f3w w lokalizacjach naszych klient\u00f3w.\" \/>\n<meta name=\"robots\" content=\"index, follow, max-snippet:-1, max-image-preview:large, max-video-preview:-1\" \/>\n<link rel=\"canonical\" href=\"https:\/\/jobzone.se\/pl\/wskazowki-dotyczace-kariery\/ubieganie-sie-o-prace-w-naszej-firmie\/\" \/>\n<meta property=\"og:locale\" content=\"pl_PL\" \/>\n<meta property=\"og:type\" content=\"article\" \/>\n<meta property=\"og:title\" content=\"Ubieganie si\u0119 o prac\u0119 w naszej firmie na Jobzone |%Jobzone\" \/>\n<meta property=\"og:description\" content=\"Na przestrzeni lat firma Jobzone wypracowa\u0142a sobie bardzo dobr\u0105 reputacj\u0119 w\u015br\u00f3d konsultant\u00f3w i klient\u00f3w. Ka\u017cdego roku zatrudniamy ponad 4 500 konsultant\u00f3w w lokalizacjach naszych klient\u00f3w.\" \/>\n<meta property=\"og:url\" content=\"https:\/\/jobzone.se\/pl\/wskazowki-dotyczace-kariery\/ubieganie-sie-o-prace-w-naszej-firmie\/\" \/>\n<meta property=\"og:site_name\" content=\"Jobzone\" \/>\n<meta property=\"article:publisher\" content=\"https:\/\/www.facebook.com\/JobzoneSverige\" \/>\n<meta property=\"og:image\" content=\"https:\/\/jobzone.se\/wp-content\/uploads\/2021\/12\/helena-holmstrom-bombas-jobzone.jpg\" \/>\n\t<meta property=\"og:image:width\" content=\"1200\" \/>\n\t<meta property=\"og:image:height\" content=\"630\" \/>\n\t<meta property=\"og:image:type\" content=\"image\/jpeg\" \/>\n<meta name=\"twitter:label1\" content=\"Szacowany czas czytania\" \/>\n\t<meta name=\"twitter:data1\" content=\"2 minuty\" \/>\n<script type=\"application\/ld+json\" class=\"yoast-schema-graph\">{\"@context\":\"https:\/\/schema.org\",\"@graph\":[{\"@type\":\"WebPage\",\"@id\":\"https:\/\/jobzone.se\/pl\/wskazowki-dotyczace-kariery\/ubieganie-sie-o-prace-w-naszej-firmie\/\",\"url\":\"https:\/\/jobzone.se\/pl\/wskazowki-dotyczace-kariery\/ubieganie-sie-o-prace-w-naszej-firmie\/\",\"name\":\"Ubieganie si\u0119 o prac\u0119 w naszej firmie na Jobzone |%Jobzone\",\"isPartOf\":{\"@id\":\"https:\/\/jobzone.se\/pl\/#website\"},\"primaryImageOfPage\":{\"@id\":\"https:\/\/jobzone.se\/pl\/wskazowki-dotyczace-kariery\/ubieganie-sie-o-prace-w-naszej-firmie\/#primaryimage\"},\"image\":{\"@id\":\"https:\/\/jobzone.se\/pl\/wskazowki-dotyczace-kariery\/ubieganie-sie-o-prace-w-naszej-firmie\/#primaryimage\"},\"thumbnailUrl\":\"https:\/\/jobzone.se\/wp-content\/uploads\/2021\/12\/helena-holmstrom-bombas-jobzone.jpg\",\"datePublished\":\"2019-04-05T11:58:25+00:00\",\"dateModified\":\"2019-04-05T11:58:25+00:00\",\"description\":\"Na przestrzeni lat firma Jobzone wypracowa\u0142a sobie bardzo dobr\u0105 reputacj\u0119 w\u015br\u00f3d konsultant\u00f3w i klient\u00f3w. Ka\u017cdego roku zatrudniamy ponad 4 500 konsultant\u00f3w w lokalizacjach naszych klient\u00f3w.\",\"breadcrumb\":{\"@id\":\"https:\/\/jobzone.se\/pl\/wskazowki-dotyczace-kariery\/ubieganie-sie-o-prace-w-naszej-firmie\/#breadcrumb\"},\"inLanguage\":\"pl-PL\",\"potentialAction\":[{\"@type\":\"ReadAction\",\"target\":[\"https:\/\/jobzone.se\/pl\/wskazowki-dotyczace-kariery\/ubieganie-sie-o-prace-w-naszej-firmie\/\"]}]},{\"@type\":\"ImageObject\",\"inLanguage\":\"pl-PL\",\"@id\":\"https:\/\/jobzone.se\/pl\/wskazowki-dotyczace-kariery\/ubieganie-sie-o-prace-w-naszej-firmie\/#primaryimage\",\"url\":\"https:\/\/jobzone.se\/wp-content\/uploads\/2021\/12\/helena-holmstrom-bombas-jobzone.jpg\",\"contentUrl\":\"https:\/\/jobzone.se\/wp-content\/uploads\/2021\/12\/helena-holmstrom-bombas-jobzone.jpg\",\"width\":1200,\"height\":630,\"caption\":\"Helena Bombas Holmstr\u00f6m Jobzone\"},{\"@type\":\"BreadcrumbList\",\"@id\":\"https:\/\/jobzone.se\/pl\/wskazowki-dotyczace-kariery\/ubieganie-sie-o-prace-w-naszej-firmie\/#breadcrumb\",\"itemListElement\":[{\"@type\":\"ListItem\",\"position\":1,\"name\":\"Wskaz\u00f3wki dotycz\u0105ce kariery\",\"item\":\"https:\/\/jobzone.se\/pl\/wskazowki-dotyczace-kariery\/\"},{\"@type\":\"ListItem\",\"position\":2,\"name\":\"Ubieganie si\u0119 o prac\u0119 w naszej firmie\"}]},{\"@type\":\"WebSite\",\"@id\":\"https:\/\/jobzone.se\/pl\/#website\",\"url\":\"https:\/\/jobzone.se\/pl\/\",\"name\":\"Jobzone\",\"description\":\"Bemanning och Rekryteringsf\u00f6retaget Jobzone i Sverige\",\"publisher\":{\"@id\":\"https:\/\/jobzone.se\/pl\/#organization\"},\"potentialAction\":[{\"@type\":\"SearchAction\",\"target\":{\"@type\":\"EntryPoint\",\"urlTemplate\":\"https:\/\/jobzone.se\/pl\/?s={search_term_string}\"},\"query-input\":\"required name=search_term_string\"}],\"inLanguage\":\"pl-PL\"},{\"@type\":\"Organization\",\"@id\":\"https:\/\/jobzone.se\/pl\/#organization\",\"name\":\"Jobzone\",\"url\":\"https:\/\/jobzone.se\/pl\/\",\"logo\":{\"@type\":\"ImageObject\",\"inLanguage\":\"pl-PL\",\"@id\":\"https:\/\/jobzone.se\/pl\/#\/schema\/logo\/image\/\",\"url\":\"https:\/\/jobzone.se\/wp-content\/uploads\/2019\/02\/jobzone-logo-web.jpg\",\"contentUrl\":\"https:\/\/jobzone.se\/wp-content\/uploads\/2019\/02\/jobzone-logo-web.jpg\",\"width\":145,\"height\":146,\"caption\":\"Jobzone\"},\"image\":{\"@id\":\"https:\/\/jobzone.se\/pl\/#\/schema\/logo\/image\/\"},\"sameAs\":[\"https:\/\/www.facebook.com\/JobzoneSverige\"]}]}<\/script>\n<!-- \/ Yoast SEO plugin. -->","yoast_head_json":{"title":"Ubieganie si\u0119 o prac\u0119 w naszej firmie na Jobzone |%Jobzone","description":"Na przestrzeni lat firma Jobzone wypracowa\u0142a sobie bardzo dobr\u0105 reputacj\u0119 w\u015br\u00f3d konsultant\u00f3w i klient\u00f3w. Ka\u017cdego roku zatrudniamy ponad 4 500 konsultant\u00f3w w lokalizacjach naszych klient\u00f3w.","robots":{"index":"index","follow":"follow","max-snippet":"max-snippet:-1","max-image-preview":"max-image-preview:large","max-video-preview":"max-video-preview:-1"},"canonical":"https:\/\/jobzone.se\/pl\/wskazowki-dotyczace-kariery\/ubieganie-sie-o-prace-w-naszej-firmie\/","og_locale":"pl_PL","og_type":"article","og_title":"Ubieganie si\u0119 o prac\u0119 w naszej firmie na Jobzone |%Jobzone","og_description":"Na przestrzeni lat firma Jobzone wypracowa\u0142a sobie bardzo dobr\u0105 reputacj\u0119 w\u015br\u00f3d konsultant\u00f3w i klient\u00f3w. Ka\u017cdego roku zatrudniamy ponad 4 500 konsultant\u00f3w w lokalizacjach naszych klient\u00f3w.","og_url":"https:\/\/jobzone.se\/pl\/wskazowki-dotyczace-kariery\/ubieganie-sie-o-prace-w-naszej-firmie\/","og_site_name":"Jobzone","article_publisher":"https:\/\/www.facebook.com\/JobzoneSverige","og_image":[{"width":1200,"height":630,"url":"https:\/\/jobzone.se\/wp-content\/uploads\/2021\/12\/helena-holmstrom-bombas-jobzone.jpg","type":"image\/jpeg"}],"twitter_misc":{"Szacowany czas czytania":"2 minuty"},"schema":{"@context":"https:\/\/schema.org","@graph":[{"@type":"WebPage","@id":"https:\/\/jobzone.se\/pl\/wskazowki-dotyczace-kariery\/ubieganie-sie-o-prace-w-naszej-firmie\/","url":"https:\/\/jobzone.se\/pl\/wskazowki-dotyczace-kariery\/ubieganie-sie-o-prace-w-naszej-firmie\/","name":"Ubieganie si\u0119 o prac\u0119 w naszej firmie na Jobzone |%Jobzone","isPartOf":{"@id":"https:\/\/jobzone.se\/pl\/#website"},"primaryImageOfPage":{"@id":"https:\/\/jobzone.se\/pl\/wskazowki-dotyczace-kariery\/ubieganie-sie-o-prace-w-naszej-firmie\/#primaryimage"},"image":{"@id":"https:\/\/jobzone.se\/pl\/wskazowki-dotyczace-kariery\/ubieganie-sie-o-prace-w-naszej-firmie\/#primaryimage"},"thumbnailUrl":"https:\/\/jobzone.se\/wp-content\/uploads\/2021\/12\/helena-holmstrom-bombas-jobzone.jpg","datePublished":"2019-04-05T11:58:25+00:00","dateModified":"2019-04-05T11:58:25+00:00","description":"Na przestrzeni lat firma Jobzone wypracowa\u0142a sobie bardzo dobr\u0105 reputacj\u0119 w\u015br\u00f3d konsultant\u00f3w i klient\u00f3w. Ka\u017cdego roku zatrudniamy ponad 4 500 konsultant\u00f3w w lokalizacjach naszych klient\u00f3w.","breadcrumb":{"@id":"https:\/\/jobzone.se\/pl\/wskazowki-dotyczace-kariery\/ubieganie-sie-o-prace-w-naszej-firmie\/#breadcrumb"},"inLanguage":"pl-PL","potentialAction":[{"@type":"ReadAction","target":["https:\/\/jobzone.se\/pl\/wskazowki-dotyczace-kariery\/ubieganie-sie-o-prace-w-naszej-firmie\/"]}]},{"@type":"ImageObject","inLanguage":"pl-PL","@id":"https:\/\/jobzone.se\/pl\/wskazowki-dotyczace-kariery\/ubieganie-sie-o-prace-w-naszej-firmie\/#primaryimage","url":"https:\/\/jobzone.se\/wp-content\/uploads\/2021\/12\/helena-holmstrom-bombas-jobzone.jpg","contentUrl":"https:\/\/jobzone.se\/wp-content\/uploads\/2021\/12\/helena-holmstrom-bombas-jobzone.jpg","width":1200,"height":630,"caption":"Helena Bombas Holmstr\u00f6m Jobzone"},{"@type":"BreadcrumbList","@id":"https:\/\/jobzone.se\/pl\/wskazowki-dotyczace-kariery\/ubieganie-sie-o-prace-w-naszej-firmie\/#breadcrumb","itemListElement":[{"@type":"ListItem","position":1,"name":"Wskaz\u00f3wki dotycz\u0105ce kariery","item":"https:\/\/jobzone.se\/pl\/wskazowki-dotyczace-kariery\/"},{"@type":"ListItem","position":2,"name":"Ubieganie si\u0119 o prac\u0119 w naszej firmie"}]},{"@type":"WebSite","@id":"https:\/\/jobzone.se\/pl\/#website","url":"https:\/\/jobzone.se\/pl\/","name":"Jobzone","description":"Bemanning och Rekryteringsf\u00f6retaget Jobzone i Sverige","publisher":{"@id":"https:\/\/jobzone.se\/pl\/#organization"},"potentialAction":[{"@type":"SearchAction","target":{"@type":"EntryPoint","urlTemplate":"https:\/\/jobzone.se\/pl\/?s={search_term_string}"},"query-input":"required name=search_term_string"}],"inLanguage":"pl-PL"},{"@type":"Organization","@id":"https:\/\/jobzone.se\/pl\/#organization","name":"Jobzone","url":"https:\/\/jobzone.se\/pl\/","logo":{"@type":"ImageObject","inLanguage":"pl-PL","@id":"https:\/\/jobzone.se\/pl\/#\/schema\/logo\/image\/","url":"https:\/\/jobzone.se\/wp-content\/uploads\/2019\/02\/jobzone-logo-web.jpg","contentUrl":"https:\/\/jobzone.se\/wp-content\/uploads\/2019\/02\/jobzone-logo-web.jpg","width":145,"height":146,"caption":"Jobzone"},"image":{"@id":"https:\/\/jobzone.se\/pl\/#\/schema\/logo\/image\/"},"sameAs":["https:\/\/www.facebook.com\/JobzoneSverige"]}]}},"_links":{"self":[{"href":"https:\/\/jobzone.se\/pl\/wp-json\/wp\/v2\/pages\/22381"}],"collection":[{"href":"https:\/\/jobzone.se\/pl\/wp-json\/wp\/v2\/pages"}],"about":[{"href":"https:\/\/jobzone.se\/pl\/wp-json\/wp\/v2\/types\/page"}],"author":[{"embeddable":true,"href":"https:\/\/jobzone.se\/pl\/wp-json\/wp\/v2\/users\/17"}],"replies":[{"embeddable":true,"href":"https:\/\/jobzone.se\/pl\/wp-json\/wp\/v2\/comments?post=22381"}],"version-history":[{"count":0,"href":"https:\/\/jobzone.se\/pl\/wp-json\/wp\/v2\/pages\/22381\/revisions"}],"up":[{"embeddable":true,"href":"https:\/\/jobzone.se\/pl\/wp-json\/wp\/v2\/pages\/22371"}],"wp:featuredmedia":[{"embeddable":true,"href":"https:\/\/jobzone.se\/pl\/wp-json\/wp\/v2\/media\/22382"}],"wp:attachment":[{"href":"https:\/\/jobzone.se\/pl\/wp-json\/wp\/v2\/media?parent=22381"}],"curies":[{"name":"wp","href":"https:\/\/api.w.org\/{rel}","templated":true}]}}