{"id":22385,"date":"2019-04-05T13:58:25","date_gmt":"2019-04-05T11:58:25","guid":{"rendered":"https:\/\/jobzone.se\/wskazowki-dotyczace-kariery\/praca-podczas-nauki\/"},"modified":"2019-04-05T13:58:25","modified_gmt":"2019-04-05T11:58:25","slug":"praca-podczas-nauki","status":"publish","type":"page","link":"https:\/\/jobzone.se\/pl\/wskazowki-dotyczace-kariery\/praca-podczas-nauki\/","title":{"rendered":"Praca podczas nauki"},"content":{"rendered":"<p><img loading=\"lazy\" decoding=\"async\" class=\"alignnone wp-image-20035 size-large\" src=\"https:\/\/jobzone.se\/wp-content\/uploads\/2022\/08\/header-student-1024x538.jpg\" alt=\"\" width=\"1024\" height=\"538\" srcset=\"https:\/\/jobzone.se\/wp-content\/uploads\/2022\/08\/header-student-1024x538.jpg 1024w, https:\/\/jobzone.se\/wp-content\/uploads\/2022\/08\/header-student-300x158.jpg 300w, https:\/\/jobzone.se\/wp-content\/uploads\/2022\/08\/header-student-768x403.jpg 768w, https:\/\/jobzone.se\/wp-content\/uploads\/2022\/08\/header-student-1000x525.jpg 1000w, https:\/\/jobzone.se\/wp-content\/uploads\/2022\/08\/header-student.jpg 1200w\" sizes=\"(max-width: 1024px) 100vw, 1024px\" \/><\/p>\n<h2>Wskaz\u00f3wki dla tych, kt\u00f3rzy chc\u0105 pracowa\u0107 podczas nauki<\/h2>\n<p class=\"impact-text\">Dla tych, kt\u00f3rzy studiuj\u0105, dobrym rozwi\u0105zaniem mo\u017ce by\u0107 praca konsultingowa w niepe\u0142nym wymiarze godzin. Cz\u0119\u015bciowo dlatego, \u017ce zdob\u0119dziesz bardzo potrzebne do\u015bwiadczenie zawodowe, a cz\u0119\u015bciowo dlatego, \u017ce mo\u017cesz rozszerzy\u0107 sw\u00f3j fundusz na studia. Jako pracownik zatrudniony w niepe\u0142nym wymiarze godzin b\u0119dziesz mia\u0142 okazj\u0119 wypr\u00f3bowa\u0107 r\u00f3\u017cne bran\u017ce i obszary pracy, a tak\u017ce szans\u0119 na nawi\u0105zanie cennych kontakt\u00f3w dla przysz\u0142ej kariery.<\/p>\n<p>Oferujemy r\u00f3wnie\u017c prac\u0119 wakacyjn\u0105 w wielu r\u00f3\u017cnych bran\u017cach dla tych, kt\u00f3rzy chc\u0105 pracowa\u0107 podczas studi\u00f3w. Wiosn\u0105 miej oczy szeroko otwarte, poniewa\u017c pomagamy wielu naszym klientom znale\u017a\u0107 zast\u0119pstwo na sezon \u015bwi\u0105teczny. Spotkania rekrutacyjne odbywaj\u0105 si\u0119 r\u00f3wnie\u017c w naszych lokalnych biurach.<\/p>\n<p>\u015awiadczymy us\u0142ugi, kt\u00f3re rozci\u0105gaj\u0105 si\u0119 zar\u00f3wno na d\u0142ugie, jak i kr\u00f3tkie okresy. Istnieje r\u00f3wnie\u017c mo\u017cliwo\u015b\u0107 pracy wieczorami, w weekendy, a nawet na nocne zmiany.<\/p>\n<h3>Zarejestruj swoje CV<\/h3>\n<p>Je\u015bli chcesz by\u0107 dost\u0119pny w naszej bazie danych, gdy szukamy pracownik\u00f3w dla naszych klient\u00f3w, zalecamy <a title=\"Zarejestruj CV\" href=\"https:\/\/jobzone.se\/lediga-jobb\/intresseanmalan\/\" target=\"_blank\" rel=\"noopener noreferrer\">zarejestrowanie swojego CV<\/a> i okre\u015blenie, jaki rodzaj pracy Ci\u0119 interesuje.<\/p>\n<p>Je\u015bli potrzebujesz pomocy w napisaniu dobrego CV i listu motywacyjnego, <a href=\"https:\/\/jobzone.se\/karriartips\/skriva-cv-och-personligt-brev\/\">przeczytaj nasz poradnik<\/a>!<\/p>\n<h4><strong>Zapraszamy do <a href=\"https:\/\/jobzone.se\/pl\/kontakt\/\">kontaktu z nami<\/a>!<\/strong><\/h4>\n","protected":false},"excerpt":{"rendered":"<p>Wskaz\u00f3wki dla tych, kt\u00f3rzy chc\u0105 pracowa\u0107 podczas nauki Dla tych, kt\u00f3rzy studiuj\u0105, dobrym rozwi\u0105zaniem mo\u017ce by\u0107 praca konsultingowa w niepe\u0142nym wymiarze godzin. Cz\u0119\u015bciowo dlatego, \u017ce zdob\u0119dziesz bardzo potrzebne do\u015bwiadczenie zawodowe, a cz\u0119\u015bciowo dlatego, \u017ce mo\u017cesz rozszerzy\u0107 sw\u00f3j fundusz na studia. Jako pracownik zatrudniony w niepe\u0142nym wymiarze godzin b\u0119dziesz mia\u0142 okazj\u0119 wypr\u00f3bowa\u0107 r\u00f3\u017cne bran\u017ce i obszary pracy, a tak\u017ce szans\u0119 na [&hellip;]<\/p>\n","protected":false},"author":17,"featured_media":22386,"parent":22371,"menu_order":0,"comment_status":"closed","ping_status":"closed","template":"","meta":{"footnotes":""},"yoast_head":"<!-- This site is optimized with the Yoast SEO plugin v22.2 - https:\/\/yoast.com\/wordpress\/plugins\/seo\/ -->\n<title>Wskaz\u00f3wki dla tych, kt\u00f3rzy chc\u0105 pracowa\u0107 podczas nauki<\/title>\n<meta name=\"description\" content=\"Praca podczas studi\u00f3w ma wiele zalet; Zdobywasz do\u015bwiadczenie zawodowe i zarabiasz pieni\u0105dze. Dowiedz si\u0119 wi\u0119cej o pracy podczas studi\u00f3w w Jobzone\" \/>\n<meta name=\"robots\" content=\"index, follow, max-snippet:-1, max-image-preview:large, max-video-preview:-1\" \/>\n<link rel=\"canonical\" href=\"https:\/\/jobzone.se\/pl\/wskazowki-dotyczace-kariery\/praca-podczas-nauki\/\" \/>\n<meta property=\"og:locale\" content=\"pl_PL\" \/>\n<meta property=\"og:type\" content=\"article\" \/>\n<meta property=\"og:title\" content=\"Wskaz\u00f3wki dla tych, kt\u00f3rzy chc\u0105 pracowa\u0107 podczas nauki\" \/>\n<meta property=\"og:description\" content=\"Praca podczas studi\u00f3w ma wiele zalet; Zdobywasz do\u015bwiadczenie zawodowe i zarabiasz pieni\u0105dze. Dowiedz si\u0119 wi\u0119cej o pracy podczas studi\u00f3w w Jobzone\" \/>\n<meta property=\"og:url\" content=\"https:\/\/jobzone.se\/pl\/wskazowki-dotyczace-kariery\/praca-podczas-nauki\/\" \/>\n<meta property=\"og:site_name\" content=\"Jobzone\" \/>\n<meta property=\"article:publisher\" content=\"https:\/\/www.facebook.com\/JobzoneSverige\" \/>\n<meta property=\"og:image\" content=\"https:\/\/jobzone.se\/wp-content\/uploads\/2022\/08\/header-student.jpg\" \/>\n\t<meta property=\"og:image:width\" content=\"1200\" \/>\n\t<meta property=\"og:image:height\" content=\"630\" \/>\n\t<meta property=\"og:image:type\" content=\"image\/jpeg\" \/>\n<meta name=\"twitter:label1\" content=\"Szacowany czas czytania\" \/>\n\t<meta name=\"twitter:data1\" content=\"1 minuta\" \/>\n<script type=\"application\/ld+json\" class=\"yoast-schema-graph\">{\"@context\":\"https:\/\/schema.org\",\"@graph\":[{\"@type\":\"WebPage\",\"@id\":\"https:\/\/jobzone.se\/pl\/wskazowki-dotyczace-kariery\/praca-podczas-nauki\/\",\"url\":\"https:\/\/jobzone.se\/pl\/wskazowki-dotyczace-kariery\/praca-podczas-nauki\/\",\"name\":\"Wskaz\u00f3wki dla tych, kt\u00f3rzy chc\u0105 pracowa\u0107 podczas nauki\",\"isPartOf\":{\"@id\":\"https:\/\/jobzone.se\/pl\/#website\"},\"primaryImageOfPage\":{\"@id\":\"https:\/\/jobzone.se\/pl\/wskazowki-dotyczace-kariery\/praca-podczas-nauki\/#primaryimage\"},\"image\":{\"@id\":\"https:\/\/jobzone.se\/pl\/wskazowki-dotyczace-kariery\/praca-podczas-nauki\/#primaryimage\"},\"thumbnailUrl\":\"https:\/\/jobzone.se\/wp-content\/uploads\/2022\/08\/header-student.jpg\",\"datePublished\":\"2019-04-05T11:58:25+00:00\",\"dateModified\":\"2019-04-05T11:58:25+00:00\",\"description\":\"Praca podczas studi\u00f3w ma wiele zalet; Zdobywasz do\u015bwiadczenie zawodowe i zarabiasz pieni\u0105dze. Dowiedz si\u0119 wi\u0119cej o pracy podczas studi\u00f3w w Jobzone\",\"breadcrumb\":{\"@id\":\"https:\/\/jobzone.se\/pl\/wskazowki-dotyczace-kariery\/praca-podczas-nauki\/#breadcrumb\"},\"inLanguage\":\"pl-PL\",\"potentialAction\":[{\"@type\":\"ReadAction\",\"target\":[\"https:\/\/jobzone.se\/pl\/wskazowki-dotyczace-kariery\/praca-podczas-nauki\/\"]}]},{\"@type\":\"ImageObject\",\"inLanguage\":\"pl-PL\",\"@id\":\"https:\/\/jobzone.se\/pl\/wskazowki-dotyczace-kariery\/praca-podczas-nauki\/#primaryimage\",\"url\":\"https:\/\/jobzone.se\/wp-content\/uploads\/2022\/08\/header-student.jpg\",\"contentUrl\":\"https:\/\/jobzone.se\/wp-content\/uploads\/2022\/08\/header-student.jpg\",\"width\":1200,\"height\":630},{\"@type\":\"BreadcrumbList\",\"@id\":\"https:\/\/jobzone.se\/pl\/wskazowki-dotyczace-kariery\/praca-podczas-nauki\/#breadcrumb\",\"itemListElement\":[{\"@type\":\"ListItem\",\"position\":1,\"name\":\"Wskaz\u00f3wki dotycz\u0105ce kariery\",\"item\":\"https:\/\/jobzone.se\/pl\/wskazowki-dotyczace-kariery\/\"},{\"@type\":\"ListItem\",\"position\":2,\"name\":\"Praca podczas nauki\"}]},{\"@type\":\"WebSite\",\"@id\":\"https:\/\/jobzone.se\/pl\/#website\",\"url\":\"https:\/\/jobzone.se\/pl\/\",\"name\":\"Jobzone\",\"description\":\"Bemanning och Rekryteringsf\u00f6retaget Jobzone i Sverige\",\"publisher\":{\"@id\":\"https:\/\/jobzone.se\/pl\/#organization\"},\"potentialAction\":[{\"@type\":\"SearchAction\",\"target\":{\"@type\":\"EntryPoint\",\"urlTemplate\":\"https:\/\/jobzone.se\/pl\/?s={search_term_string}\"},\"query-input\":\"required name=search_term_string\"}],\"inLanguage\":\"pl-PL\"},{\"@type\":\"Organization\",\"@id\":\"https:\/\/jobzone.se\/pl\/#organization\",\"name\":\"Jobzone\",\"url\":\"https:\/\/jobzone.se\/pl\/\",\"logo\":{\"@type\":\"ImageObject\",\"inLanguage\":\"pl-PL\",\"@id\":\"https:\/\/jobzone.se\/pl\/#\/schema\/logo\/image\/\",\"url\":\"https:\/\/jobzone.se\/wp-content\/uploads\/2019\/02\/jobzone-logo-web.jpg\",\"contentUrl\":\"https:\/\/jobzone.se\/wp-content\/uploads\/2019\/02\/jobzone-logo-web.jpg\",\"width\":145,\"height\":146,\"caption\":\"Jobzone\"},\"image\":{\"@id\":\"https:\/\/jobzone.se\/pl\/#\/schema\/logo\/image\/\"},\"sameAs\":[\"https:\/\/www.facebook.com\/JobzoneSverige\"]}]}<\/script>\n<!-- \/ Yoast SEO plugin. -->","yoast_head_json":{"title":"Wskaz\u00f3wki dla tych, kt\u00f3rzy chc\u0105 pracowa\u0107 podczas nauki","description":"Praca podczas studi\u00f3w ma wiele zalet; Zdobywasz do\u015bwiadczenie zawodowe i zarabiasz pieni\u0105dze. Dowiedz si\u0119 wi\u0119cej o pracy podczas studi\u00f3w w Jobzone","robots":{"index":"index","follow":"follow","max-snippet":"max-snippet:-1","max-image-preview":"max-image-preview:large","max-video-preview":"max-video-preview:-1"},"canonical":"https:\/\/jobzone.se\/pl\/wskazowki-dotyczace-kariery\/praca-podczas-nauki\/","og_locale":"pl_PL","og_type":"article","og_title":"Wskaz\u00f3wki dla tych, kt\u00f3rzy chc\u0105 pracowa\u0107 podczas nauki","og_description":"Praca podczas studi\u00f3w ma wiele zalet; Zdobywasz do\u015bwiadczenie zawodowe i zarabiasz pieni\u0105dze. Dowiedz si\u0119 wi\u0119cej o pracy podczas studi\u00f3w w Jobzone","og_url":"https:\/\/jobzone.se\/pl\/wskazowki-dotyczace-kariery\/praca-podczas-nauki\/","og_site_name":"Jobzone","article_publisher":"https:\/\/www.facebook.com\/JobzoneSverige","og_image":[{"width":1200,"height":630,"url":"https:\/\/jobzone.se\/wp-content\/uploads\/2022\/08\/header-student.jpg","type":"image\/jpeg"}],"twitter_misc":{"Szacowany czas czytania":"1 minuta"},"schema":{"@context":"https:\/\/schema.org","@graph":[{"@type":"WebPage","@id":"https:\/\/jobzone.se\/pl\/wskazowki-dotyczace-kariery\/praca-podczas-nauki\/","url":"https:\/\/jobzone.se\/pl\/wskazowki-dotyczace-kariery\/praca-podczas-nauki\/","name":"Wskaz\u00f3wki dla tych, kt\u00f3rzy chc\u0105 pracowa\u0107 podczas nauki","isPartOf":{"@id":"https:\/\/jobzone.se\/pl\/#website"},"primaryImageOfPage":{"@id":"https:\/\/jobzone.se\/pl\/wskazowki-dotyczace-kariery\/praca-podczas-nauki\/#primaryimage"},"image":{"@id":"https:\/\/jobzone.se\/pl\/wskazowki-dotyczace-kariery\/praca-podczas-nauki\/#primaryimage"},"thumbnailUrl":"https:\/\/jobzone.se\/wp-content\/uploads\/2022\/08\/header-student.jpg","datePublished":"2019-04-05T11:58:25+00:00","dateModified":"2019-04-05T11:58:25+00:00","description":"Praca podczas studi\u00f3w ma wiele zalet; Zdobywasz do\u015bwiadczenie zawodowe i zarabiasz pieni\u0105dze. Dowiedz si\u0119 wi\u0119cej o pracy podczas studi\u00f3w w Jobzone","breadcrumb":{"@id":"https:\/\/jobzone.se\/pl\/wskazowki-dotyczace-kariery\/praca-podczas-nauki\/#breadcrumb"},"inLanguage":"pl-PL","potentialAction":[{"@type":"ReadAction","target":["https:\/\/jobzone.se\/pl\/wskazowki-dotyczace-kariery\/praca-podczas-nauki\/"]}]},{"@type":"ImageObject","inLanguage":"pl-PL","@id":"https:\/\/jobzone.se\/pl\/wskazowki-dotyczace-kariery\/praca-podczas-nauki\/#primaryimage","url":"https:\/\/jobzone.se\/wp-content\/uploads\/2022\/08\/header-student.jpg","contentUrl":"https:\/\/jobzone.se\/wp-content\/uploads\/2022\/08\/header-student.jpg","width":1200,"height":630},{"@type":"BreadcrumbList","@id":"https:\/\/jobzone.se\/pl\/wskazowki-dotyczace-kariery\/praca-podczas-nauki\/#breadcrumb","itemListElement":[{"@type":"ListItem","position":1,"name":"Wskaz\u00f3wki dotycz\u0105ce kariery","item":"https:\/\/jobzone.se\/pl\/wskazowki-dotyczace-kariery\/"},{"@type":"ListItem","position":2,"name":"Praca podczas nauki"}]},{"@type":"WebSite","@id":"https:\/\/jobzone.se\/pl\/#website","url":"https:\/\/jobzone.se\/pl\/","name":"Jobzone","description":"Bemanning och Rekryteringsf\u00f6retaget Jobzone i Sverige","publisher":{"@id":"https:\/\/jobzone.se\/pl\/#organization"},"potentialAction":[{"@type":"SearchAction","target":{"@type":"EntryPoint","urlTemplate":"https:\/\/jobzone.se\/pl\/?s={search_term_string}"},"query-input":"required name=search_term_string"}],"inLanguage":"pl-PL"},{"@type":"Organization","@id":"https:\/\/jobzone.se\/pl\/#organization","name":"Jobzone","url":"https:\/\/jobzone.se\/pl\/","logo":{"@type":"ImageObject","inLanguage":"pl-PL","@id":"https:\/\/jobzone.se\/pl\/#\/schema\/logo\/image\/","url":"https:\/\/jobzone.se\/wp-content\/uploads\/2019\/02\/jobzone-logo-web.jpg","contentUrl":"https:\/\/jobzone.se\/wp-content\/uploads\/2019\/02\/jobzone-logo-web.jpg","width":145,"height":146,"caption":"Jobzone"},"image":{"@id":"https:\/\/jobzone.se\/pl\/#\/schema\/logo\/image\/"},"sameAs":["https:\/\/www.facebook.com\/JobzoneSverige"]}]}},"_links":{"self":[{"href":"https:\/\/jobzone.se\/pl\/wp-json\/wp\/v2\/pages\/22385"}],"collection":[{"href":"https:\/\/jobzone.se\/pl\/wp-json\/wp\/v2\/pages"}],"about":[{"href":"https:\/\/jobzone.se\/pl\/wp-json\/wp\/v2\/types\/page"}],"author":[{"embeddable":true,"href":"https:\/\/jobzone.se\/pl\/wp-json\/wp\/v2\/users\/17"}],"replies":[{"embeddable":true,"href":"https:\/\/jobzone.se\/pl\/wp-json\/wp\/v2\/comments?post=22385"}],"version-history":[{"count":0,"href":"https:\/\/jobzone.se\/pl\/wp-json\/wp\/v2\/pages\/22385\/revisions"}],"up":[{"embeddable":true,"href":"https:\/\/jobzone.se\/pl\/wp-json\/wp\/v2\/pages\/22371"}],"wp:featuredmedia":[{"embeddable":true,"href":"https:\/\/jobzone.se\/pl\/wp-json\/wp\/v2\/media\/22386"}],"wp:attachment":[{"href":"https:\/\/jobzone.se\/pl\/wp-json\/wp\/v2\/media?parent=22385"}],"curies":[{"name":"wp","href":"https:\/\/api.w.org\/{rel}","templated":true}]}}