{"id":22387,"date":"2019-04-05T13:58:25","date_gmt":"2019-04-05T11:58:25","guid":{"rendered":"https:\/\/jobzone.se\/wskazowki-dotyczace-kariery\/rozne-rodzaje-zatrudnienia\/"},"modified":"2019-04-05T13:58:25","modified_gmt":"2019-04-05T11:58:25","slug":"rozne-rodzaje-zatrudnienia","status":"publish","type":"page","link":"https:\/\/jobzone.se\/pl\/wskazowki-dotyczace-kariery\/rozne-rodzaje-zatrudnienia\/","title":{"rendered":"R\u00f3\u017cne rodzaje zatrudnienia"},"content":{"rendered":"<p><img loading=\"lazy\" decoding=\"async\" class=\"alignnone wp-image-4256 size-full\" src=\"https:\/\/jobzone.se\/wp-content\/uploads\/2019\/03\/jobzone-personlig-service.jpg\" alt=\"\" width=\"768\" height=\"454\" srcset=\"https:\/\/jobzone.se\/wp-content\/uploads\/2019\/03\/jobzone-personlig-service.jpg 768w, https:\/\/jobzone.se\/wp-content\/uploads\/2019\/03\/jobzone-personlig-service-300x177.jpg 300w\" sizes=\"(max-width: 768px) 100vw, 768px\" \/><\/p>\n<h2 class=\"gen-page-title\">R\u00f3\u017cnica mi\u0119dzy r\u00f3\u017cnymi rodzajami zatrudnienia<\/h2>\n<p class=\"impact-text\">W Jobzone oferujemy wiele r\u00f3\u017cnych rodzaj\u00f3w zlece\u0144 i mo\u017cliwo\u015bci kariery. Niezale\u017cnie od tego, czy szukasz wymarzonej pracy, kt\u00f3ra jest punktem kulminacyjnym Twojej kariery, czy te\u017c po prostu chcesz uzupe\u0142ni\u0107 swoje dochody podczas studi\u00f3w, mamy dla Ciebie co\u015b atrakcyjnego do zaoferowania. Poni\u017cej mo\u017cesz przeczyta\u0107 wi\u0119cej o r\u00f3\u017cnych rodzajach zatrudnienia, kt\u00f3re u nas znajdziesz<\/p>\n<h3>Pracownicy w Jobzone<\/h3>\n<p>Jako pracownik Jobzone jeste\u015b zatrudniony przez nas, ale pracujesz dla jednej z firm naszych klient\u00f3w. Podpisujesz z nami umow\u0119 o prac\u0119 w Jobzone, wi\u0119c jeste\u015bmy Twoim pracodawc\u0105 i jeste\u015bmy odpowiedzialni na przyk\u0142ad za wyp\u0142at\u0119 wynagrodzenia i zarz\u0105dzanie sk\u0142adkami na ubezpieczenie spo\u0142eczne. Cz\u0119sto pojawia si\u0119 ch\u0119\u0107 obj\u0119cia przez Ciebie takiego stanowiska tak d\u0142ugo, jak d\u0142ugo sta\u0142y personel jest na urlopie lub zwolnieniu lekarskim, a w niekt\u00f3rych przypadkach w trakcie rekrutacji na wolne stanowisko. Nierzadko zdarza si\u0119, \u017ce nasi klienci zatrudniaj\u0105 naszych pracownik\u00f3w, co dla Pa\u0144stwa mo\u017ce oznacza\u0107, \u017ce tymczasowe stanowisko mo\u017ce zosta\u0107 przeniesione do zatrudnienia w firmie klienta.<\/p>\n<p>Pomo\u017cemy Ci i zadbamy o to, aby\u015b otrzyma\u0142 jak najlepsze warunki w nowym miejscu pracy. \u015aledzimy nas przez pierwszy dzie\u0144 i upewniamy si\u0119, \u017ce jeste\u015b odpowiednio przeszkolony i zaczynasz wykonywa\u0107 zadania. Ponadto b\u0119dziesz cz\u0119\u015bci\u0105 mi\u0142ego zespo\u0142u z silnym poczuciem wsp\u00f3lnoty z nami w Jobzone.<\/p>\n<h3>Rekrutacja<\/h3>\n<p>Bycie zrekrutowanym oznacza, \u017ce my w Jobzone, w imieniu firmy, jeste\u015bmy odpowiedzialni za proces rekrutacji na okre\u015blone stanowisko i \u017ce firma zatrudnia Pa\u0144stwa.<\/p>\n<p>Proces rekrutacji oznacza, \u017ce bierzemy odpowiedzialno\u015b\u0107 za wszystko, pocz\u0105wszy od og\u0142oszenia o prac\u0119 i selekcji, a sko\u0144czywszy na przedstawieniu klientowi ostatecznych kandydat\u00f3w. Nast\u0119pnie to sam klient podejmuje ostateczn\u0105 decyzj\u0119 o tym, kogo zatrudni\u0107. Je\u015bli zostaniesz wybrany, zostaniesz zatrudniony bezpo\u015brednio przez naszego klienta.<\/p>\n<h3>Pracuj w niepe\u0142nym wymiarze godzin r\u00f3wnolegle ze studiami<\/h3>\n<p>Dla tych, kt\u00f3rzy si\u0119 ucz\u0105, dobrym rozwi\u0105zaniem mo\u017ce by\u0107 praca konsultingowa w niepe\u0142nym wymiarze godzin; Cz\u0119\u015bciowo po to, aby da\u0107 Ci bardzo potrzebne do\u015bwiadczenie zawodowe, a cz\u0119\u015bciowo po to, aby rozszerzy\u0107 Tw\u00f3j fundusz studencki. Jako pracownik zatrudniony w niepe\u0142nym wymiarze godzin masz mo\u017cliwo\u015b\u0107 wypr\u00f3bowania r\u00f3\u017cnych bran\u017c i obszar\u00f3w pracy, a tym samym szans\u0119 na nawi\u0105zanie cennych kontakt\u00f3w dla dalszej kariery.<\/p>\n<p>Oferujemy r\u00f3wnie\u017c prac\u0119 wakacyjn\u0105 w wielu r\u00f3\u017cnych bran\u017cach. Miej oczy szeroko otwarte wiosn\u0105, poniewa\u017c pomagamy wielu naszym klientom znale\u017a\u0107 zast\u0119pstwo na sezon \u015bwi\u0105teczny. Spotkania rekrutacyjne odbywaj\u0105 si\u0119 r\u00f3wnie\u017c w naszych lokalnych biurach.<\/p>\n<p>\u015awiadczymy us\u0142ugi, kt\u00f3re rozci\u0105gaj\u0105 si\u0119 zar\u00f3wno na d\u0142ugie, jak i kr\u00f3tkie okresy. Istnieje r\u00f3wnie\u017c mo\u017cliwo\u015b\u0107 pracy wieczorami, w weekendy, a nawet na nocne zmiany.<\/p>\n<p>Dowiedz si\u0119 wi\u0119cej o <a href=\"https:\/\/jobzone.se\/pl\/wskazowki-dotyczace-kariery\/praca-podczas-nauki\/\">pracy podczas studi\u00f3w<\/a><\/p>\n<h3>Zarejestruj swoje CV<\/h3>\n<p>Je\u015bli chcesz by\u0107 dost\u0119pny w naszej bazie danych, gdy szukamy pracownik\u00f3w dla naszych klient\u00f3w, zalecamy zarejestrowanie swojego CV i okre\u015blenie, jaki rodzaj pracy Ci\u0119 interesuje.<\/p>\n<p><a href=\"https:\/\/jobzone.se\/lediga-jobb\/intresseanmalan\/\" rel=\"noopener noreferrer\">Zarejestruj swoje CV ju\u017c dzi\u015b!<\/a><\/p>\n<h4><strong>Zapraszamy do kontaktu z nami!<\/strong><\/h4>\n","protected":false},"excerpt":{"rendered":"<p>R\u00f3\u017cnica mi\u0119dzy r\u00f3\u017cnymi rodzajami zatrudnienia W Jobzone oferujemy wiele r\u00f3\u017cnych rodzaj\u00f3w zlece\u0144 i mo\u017cliwo\u015bci kariery. Niezale\u017cnie od tego, czy szukasz wymarzonej pracy, kt\u00f3ra jest punktem kulminacyjnym Twojej kariery, czy te\u017c po prostu chcesz uzupe\u0142ni\u0107 swoje dochody podczas studi\u00f3w, mamy dla Ciebie co\u015b atrakcyjnego do zaoferowania. Poni\u017cej mo\u017cesz przeczyta\u0107 wi\u0119cej o r\u00f3\u017cnych rodzajach zatrudnienia, kt\u00f3re u nas znajdziesz Pracownicy w Jobzone [&hellip;]<\/p>\n","protected":false},"author":17,"featured_media":0,"parent":22371,"menu_order":0,"comment_status":"closed","ping_status":"closed","template":"","meta":{"footnotes":""},"yoast_head":"<!-- This site is optimized with the Yoast SEO plugin v22.2 - https:\/\/yoast.com\/wordpress\/plugins\/seo\/ -->\n<title>R\u00f3\u017cnica mi\u0119dzy r\u00f3\u017cnymi rodzajami zatrudnienia |Jobzone<\/title>\n<meta name=\"description\" content=\"W Jobzone oferujemy wiele r\u00f3\u017cnych rodzaj\u00f3w zlece\u0144 i mo\u017cliwo\u015bci kariery Przeczytaj wi\u0119cej o r\u00f3\u017cnicach mi\u0119dzy r\u00f3\u017cnymi rodzajami zatrudnienia i znajd\u017a ten, kt\u00f3ry Ci odpowiada.\" \/>\n<meta name=\"robots\" content=\"index, follow, max-snippet:-1, max-image-preview:large, max-video-preview:-1\" \/>\n<link rel=\"canonical\" href=\"https:\/\/jobzone.se\/pl\/wskazowki-dotyczace-kariery\/rozne-rodzaje-zatrudnienia\/\" \/>\n<meta property=\"og:locale\" content=\"pl_PL\" \/>\n<meta property=\"og:type\" content=\"article\" \/>\n<meta property=\"og:title\" content=\"R\u00f3\u017cnica mi\u0119dzy r\u00f3\u017cnymi rodzajami zatrudnienia |Jobzone\" \/>\n<meta property=\"og:description\" content=\"W Jobzone oferujemy wiele r\u00f3\u017cnych rodzaj\u00f3w zlece\u0144 i mo\u017cliwo\u015bci kariery Przeczytaj wi\u0119cej o r\u00f3\u017cnicach mi\u0119dzy r\u00f3\u017cnymi rodzajami zatrudnienia i znajd\u017a ten, kt\u00f3ry Ci odpowiada.\" \/>\n<meta property=\"og:url\" content=\"https:\/\/jobzone.se\/pl\/wskazowki-dotyczace-kariery\/rozne-rodzaje-zatrudnienia\/\" \/>\n<meta property=\"og:site_name\" content=\"Jobzone\" \/>\n<meta property=\"article:publisher\" content=\"https:\/\/www.facebook.com\/JobzoneSverige\" \/>\n<meta property=\"og:image\" content=\"https:\/\/jobzone.se\/wp-content\/uploads\/2019\/03\/jobzone-personlig-service.jpg\" \/>\n<meta name=\"twitter:label1\" content=\"Szacowany czas czytania\" \/>\n\t<meta name=\"twitter:data1\" content=\"3 minuty\" \/>\n<script type=\"application\/ld+json\" class=\"yoast-schema-graph\">{\"@context\":\"https:\/\/schema.org\",\"@graph\":[{\"@type\":\"WebPage\",\"@id\":\"https:\/\/jobzone.se\/pl\/wskazowki-dotyczace-kariery\/rozne-rodzaje-zatrudnienia\/\",\"url\":\"https:\/\/jobzone.se\/pl\/wskazowki-dotyczace-kariery\/rozne-rodzaje-zatrudnienia\/\",\"name\":\"R\u00f3\u017cnica mi\u0119dzy r\u00f3\u017cnymi rodzajami zatrudnienia |Jobzone\",\"isPartOf\":{\"@id\":\"https:\/\/jobzone.se\/pl\/#website\"},\"primaryImageOfPage\":{\"@id\":\"https:\/\/jobzone.se\/pl\/wskazowki-dotyczace-kariery\/rozne-rodzaje-zatrudnienia\/#primaryimage\"},\"image\":{\"@id\":\"https:\/\/jobzone.se\/pl\/wskazowki-dotyczace-kariery\/rozne-rodzaje-zatrudnienia\/#primaryimage\"},\"thumbnailUrl\":\"https:\/\/jobzone.se\/wp-content\/uploads\/2019\/03\/jobzone-personlig-service.jpg\",\"datePublished\":\"2019-04-05T11:58:25+00:00\",\"dateModified\":\"2019-04-05T11:58:25+00:00\",\"description\":\"W Jobzone oferujemy wiele r\u00f3\u017cnych rodzaj\u00f3w zlece\u0144 i mo\u017cliwo\u015bci kariery Przeczytaj wi\u0119cej o r\u00f3\u017cnicach mi\u0119dzy r\u00f3\u017cnymi rodzajami zatrudnienia i znajd\u017a ten, kt\u00f3ry Ci odpowiada.\",\"breadcrumb\":{\"@id\":\"https:\/\/jobzone.se\/pl\/wskazowki-dotyczace-kariery\/rozne-rodzaje-zatrudnienia\/#breadcrumb\"},\"inLanguage\":\"pl-PL\",\"potentialAction\":[{\"@type\":\"ReadAction\",\"target\":[\"https:\/\/jobzone.se\/pl\/wskazowki-dotyczace-kariery\/rozne-rodzaje-zatrudnienia\/\"]}]},{\"@type\":\"ImageObject\",\"inLanguage\":\"pl-PL\",\"@id\":\"https:\/\/jobzone.se\/pl\/wskazowki-dotyczace-kariery\/rozne-rodzaje-zatrudnienia\/#primaryimage\",\"url\":\"https:\/\/jobzone.se\/wp-content\/uploads\/2019\/03\/jobzone-personlig-service.jpg\",\"contentUrl\":\"https:\/\/jobzone.se\/wp-content\/uploads\/2019\/03\/jobzone-personlig-service.jpg\",\"width\":768,\"height\":454},{\"@type\":\"BreadcrumbList\",\"@id\":\"https:\/\/jobzone.se\/pl\/wskazowki-dotyczace-kariery\/rozne-rodzaje-zatrudnienia\/#breadcrumb\",\"itemListElement\":[{\"@type\":\"ListItem\",\"position\":1,\"name\":\"Wskaz\u00f3wki dotycz\u0105ce kariery\",\"item\":\"https:\/\/jobzone.se\/pl\/wskazowki-dotyczace-kariery\/\"},{\"@type\":\"ListItem\",\"position\":2,\"name\":\"R\u00f3\u017cne rodzaje zatrudnienia\"}]},{\"@type\":\"WebSite\",\"@id\":\"https:\/\/jobzone.se\/pl\/#website\",\"url\":\"https:\/\/jobzone.se\/pl\/\",\"name\":\"Jobzone\",\"description\":\"Bemanning och Rekryteringsf\u00f6retaget Jobzone i Sverige\",\"publisher\":{\"@id\":\"https:\/\/jobzone.se\/pl\/#organization\"},\"potentialAction\":[{\"@type\":\"SearchAction\",\"target\":{\"@type\":\"EntryPoint\",\"urlTemplate\":\"https:\/\/jobzone.se\/pl\/?s={search_term_string}\"},\"query-input\":\"required name=search_term_string\"}],\"inLanguage\":\"pl-PL\"},{\"@type\":\"Organization\",\"@id\":\"https:\/\/jobzone.se\/pl\/#organization\",\"name\":\"Jobzone\",\"url\":\"https:\/\/jobzone.se\/pl\/\",\"logo\":{\"@type\":\"ImageObject\",\"inLanguage\":\"pl-PL\",\"@id\":\"https:\/\/jobzone.se\/pl\/#\/schema\/logo\/image\/\",\"url\":\"https:\/\/jobzone.se\/wp-content\/uploads\/2019\/02\/jobzone-logo-web.jpg\",\"contentUrl\":\"https:\/\/jobzone.se\/wp-content\/uploads\/2019\/02\/jobzone-logo-web.jpg\",\"width\":145,\"height\":146,\"caption\":\"Jobzone\"},\"image\":{\"@id\":\"https:\/\/jobzone.se\/pl\/#\/schema\/logo\/image\/\"},\"sameAs\":[\"https:\/\/www.facebook.com\/JobzoneSverige\"]}]}<\/script>\n<!-- \/ Yoast SEO plugin. -->","yoast_head_json":{"title":"R\u00f3\u017cnica mi\u0119dzy r\u00f3\u017cnymi rodzajami zatrudnienia |Jobzone","description":"W Jobzone oferujemy wiele r\u00f3\u017cnych rodzaj\u00f3w zlece\u0144 i mo\u017cliwo\u015bci kariery Przeczytaj wi\u0119cej o r\u00f3\u017cnicach mi\u0119dzy r\u00f3\u017cnymi rodzajami zatrudnienia i znajd\u017a ten, kt\u00f3ry Ci odpowiada.","robots":{"index":"index","follow":"follow","max-snippet":"max-snippet:-1","max-image-preview":"max-image-preview:large","max-video-preview":"max-video-preview:-1"},"canonical":"https:\/\/jobzone.se\/pl\/wskazowki-dotyczace-kariery\/rozne-rodzaje-zatrudnienia\/","og_locale":"pl_PL","og_type":"article","og_title":"R\u00f3\u017cnica mi\u0119dzy r\u00f3\u017cnymi rodzajami zatrudnienia |Jobzone","og_description":"W Jobzone oferujemy wiele r\u00f3\u017cnych rodzaj\u00f3w zlece\u0144 i mo\u017cliwo\u015bci kariery Przeczytaj wi\u0119cej o r\u00f3\u017cnicach mi\u0119dzy r\u00f3\u017cnymi rodzajami zatrudnienia i znajd\u017a ten, kt\u00f3ry Ci odpowiada.","og_url":"https:\/\/jobzone.se\/pl\/wskazowki-dotyczace-kariery\/rozne-rodzaje-zatrudnienia\/","og_site_name":"Jobzone","article_publisher":"https:\/\/www.facebook.com\/JobzoneSverige","og_image":[{"url":"https:\/\/jobzone.se\/wp-content\/uploads\/2019\/03\/jobzone-personlig-service.jpg"}],"twitter_misc":{"Szacowany czas czytania":"3 minuty"},"schema":{"@context":"https:\/\/schema.org","@graph":[{"@type":"WebPage","@id":"https:\/\/jobzone.se\/pl\/wskazowki-dotyczace-kariery\/rozne-rodzaje-zatrudnienia\/","url":"https:\/\/jobzone.se\/pl\/wskazowki-dotyczace-kariery\/rozne-rodzaje-zatrudnienia\/","name":"R\u00f3\u017cnica mi\u0119dzy r\u00f3\u017cnymi rodzajami zatrudnienia |Jobzone","isPartOf":{"@id":"https:\/\/jobzone.se\/pl\/#website"},"primaryImageOfPage":{"@id":"https:\/\/jobzone.se\/pl\/wskazowki-dotyczace-kariery\/rozne-rodzaje-zatrudnienia\/#primaryimage"},"image":{"@id":"https:\/\/jobzone.se\/pl\/wskazowki-dotyczace-kariery\/rozne-rodzaje-zatrudnienia\/#primaryimage"},"thumbnailUrl":"https:\/\/jobzone.se\/wp-content\/uploads\/2019\/03\/jobzone-personlig-service.jpg","datePublished":"2019-04-05T11:58:25+00:00","dateModified":"2019-04-05T11:58:25+00:00","description":"W Jobzone oferujemy wiele r\u00f3\u017cnych rodzaj\u00f3w zlece\u0144 i mo\u017cliwo\u015bci kariery Przeczytaj wi\u0119cej o r\u00f3\u017cnicach mi\u0119dzy r\u00f3\u017cnymi rodzajami zatrudnienia i znajd\u017a ten, kt\u00f3ry Ci odpowiada.","breadcrumb":{"@id":"https:\/\/jobzone.se\/pl\/wskazowki-dotyczace-kariery\/rozne-rodzaje-zatrudnienia\/#breadcrumb"},"inLanguage":"pl-PL","potentialAction":[{"@type":"ReadAction","target":["https:\/\/jobzone.se\/pl\/wskazowki-dotyczace-kariery\/rozne-rodzaje-zatrudnienia\/"]}]},{"@type":"ImageObject","inLanguage":"pl-PL","@id":"https:\/\/jobzone.se\/pl\/wskazowki-dotyczace-kariery\/rozne-rodzaje-zatrudnienia\/#primaryimage","url":"https:\/\/jobzone.se\/wp-content\/uploads\/2019\/03\/jobzone-personlig-service.jpg","contentUrl":"https:\/\/jobzone.se\/wp-content\/uploads\/2019\/03\/jobzone-personlig-service.jpg","width":768,"height":454},{"@type":"BreadcrumbList","@id":"https:\/\/jobzone.se\/pl\/wskazowki-dotyczace-kariery\/rozne-rodzaje-zatrudnienia\/#breadcrumb","itemListElement":[{"@type":"ListItem","position":1,"name":"Wskaz\u00f3wki dotycz\u0105ce kariery","item":"https:\/\/jobzone.se\/pl\/wskazowki-dotyczace-kariery\/"},{"@type":"ListItem","position":2,"name":"R\u00f3\u017cne rodzaje zatrudnienia"}]},{"@type":"WebSite","@id":"https:\/\/jobzone.se\/pl\/#website","url":"https:\/\/jobzone.se\/pl\/","name":"Jobzone","description":"Bemanning och Rekryteringsf\u00f6retaget Jobzone i Sverige","publisher":{"@id":"https:\/\/jobzone.se\/pl\/#organization"},"potentialAction":[{"@type":"SearchAction","target":{"@type":"EntryPoint","urlTemplate":"https:\/\/jobzone.se\/pl\/?s={search_term_string}"},"query-input":"required name=search_term_string"}],"inLanguage":"pl-PL"},{"@type":"Organization","@id":"https:\/\/jobzone.se\/pl\/#organization","name":"Jobzone","url":"https:\/\/jobzone.se\/pl\/","logo":{"@type":"ImageObject","inLanguage":"pl-PL","@id":"https:\/\/jobzone.se\/pl\/#\/schema\/logo\/image\/","url":"https:\/\/jobzone.se\/wp-content\/uploads\/2019\/02\/jobzone-logo-web.jpg","contentUrl":"https:\/\/jobzone.se\/wp-content\/uploads\/2019\/02\/jobzone-logo-web.jpg","width":145,"height":146,"caption":"Jobzone"},"image":{"@id":"https:\/\/jobzone.se\/pl\/#\/schema\/logo\/image\/"},"sameAs":["https:\/\/www.facebook.com\/JobzoneSverige"]}]}},"_links":{"self":[{"href":"https:\/\/jobzone.se\/pl\/wp-json\/wp\/v2\/pages\/22387"}],"collection":[{"href":"https:\/\/jobzone.se\/pl\/wp-json\/wp\/v2\/pages"}],"about":[{"href":"https:\/\/jobzone.se\/pl\/wp-json\/wp\/v2\/types\/page"}],"author":[{"embeddable":true,"href":"https:\/\/jobzone.se\/pl\/wp-json\/wp\/v2\/users\/17"}],"replies":[{"embeddable":true,"href":"https:\/\/jobzone.se\/pl\/wp-json\/wp\/v2\/comments?post=22387"}],"version-history":[{"count":0,"href":"https:\/\/jobzone.se\/pl\/wp-json\/wp\/v2\/pages\/22387\/revisions"}],"up":[{"embeddable":true,"href":"https:\/\/jobzone.se\/pl\/wp-json\/wp\/v2\/pages\/22371"}],"wp:attachment":[{"href":"https:\/\/jobzone.se\/pl\/wp-json\/wp\/v2\/media?parent=22387"}],"curies":[{"name":"wp","href":"https:\/\/api.w.org\/{rel}","templated":true}]}}