{"id":22392,"date":"2019-04-05T13:58:25","date_gmt":"2019-04-05T11:58:25","guid":{"rendered":"https:\/\/jobzone.se\/szukaj-pracownikow\/dlaczego-warto-wybrac-jobzone\/"},"modified":"2019-04-05T13:58:25","modified_gmt":"2019-04-05T11:58:25","slug":"dlaczego-warto-wybrac-jobzone","status":"publish","type":"page","link":"https:\/\/jobzone.se\/pl\/szukaj-pracownikow\/dlaczego-warto-wybrac-jobzone\/","title":{"rendered":"Dlaczego warto wybra\u0107 Jobzone?"},"content":{"rendered":"<p><img loading=\"lazy\" decoding=\"async\" class=\"alignnone wp-image-19942 size-full\" src=\"https:\/\/jobzone.se\/wp-content\/uploads\/2022\/08\/ny_om_oss_aug22.jpg\" alt=\"\" width=\"800\" height=\"600\" srcset=\"https:\/\/jobzone.se\/wp-content\/uploads\/2022\/08\/ny_om_oss_aug22.jpg 800w, https:\/\/jobzone.se\/wp-content\/uploads\/2022\/08\/ny_om_oss_aug22-300x225.jpg 300w, https:\/\/jobzone.se\/wp-content\/uploads\/2022\/08\/ny_om_oss_aug22-768x576.jpg 768w, https:\/\/jobzone.se\/wp-content\/uploads\/2022\/08\/ny_om_oss_aug22-94x70.jpg 94w, https:\/\/jobzone.se\/wp-content\/uploads\/2022\/08\/ny_om_oss_aug22-600x450.jpg 600w\" sizes=\"(max-width: 800px) 100vw, 800px\" \/><\/p>\n<h2>Nasz\u0105 wizj\u0105 jest bycie najlepszym pracodawc\u0105 w bran\u017cy!<\/h2>\n<p class=\"impact-text\">G\u0142\u0119boko wierzymy, \u017ce b\u0119d\u0105c najlepszym pracodawc\u0105, przyci\u0105gamy najlepsze talenty.<span style=\"font-size: 16px;\"><br \/>\n<\/span><\/p>\n<p>Dlatego ka\u017cdego dnia w Jobzone rekrutujemy pracownik\u00f3w, kt\u00f3rzy odczuwaj\u0105 satysfakcj\u0119 z pracy i kt\u00f3rzy generuj\u0105 wysok\u0105 produktywno\u015b\u0107. Podzielamy przekonanie naszych klient\u00f3w, \u017ce zmotywowani pracownicy osi\u0105gaj\u0105 najlepsze wyniki.<\/p>\n<p>Jako kandydat do naszej pracy przechodzisz przez dobrze opracowane procesy przed, w trakcie i po zatrudnieniu i zleceniach, aby zapewni\u0107 dobre do\u015bwiadczenie i dobr\u0105 jako\u015b\u0107.<\/p>\n<p>Klienci, kt\u00f3rzy decyduj\u0105 si\u0119 na wsp\u00f3\u0142prac\u0119 z nami, to firmy, kt\u00f3re chroni\u0105 swoj\u0105 mark\u0119 jako pracodawca i kt\u00f3re mocno koncentruj\u0105 si\u0119 na d\u0142ugoterminowej rentowno\u015bci. W zwi\u0105zku z tym opracowali\u015bmy koncepcj\u0119, kt\u00f3ra ma na celu dalsze wzmocnienie naszej oferty zar\u00f3wno dla pracownik\u00f3w, jak i klient\u00f3w.<\/p>\n<p>Koncepcja nazywa si\u0119 <strong>produktywnym personelem<\/strong> i jest prosta! Zadali\u015bmy sobie pytanie, jakie starania musimy podejmowa\u0107 na bie\u017c\u0105co, aby produktywno\u015b\u0107 i dobre do\u015bwiadczenia pracownik\u00f3w by\u0142y jak najwy\u017csze, a co za tym idzie d\u0142ugoterminowa rentowno\u015b\u0107 klient\u00f3w.<\/p>\n<h2>Oto osiem obszar\u00f3w, na kt\u00f3rych si\u0119 skupiamy:<\/h2>\n<ol>\n<li><strong>Studium<br \/>\n wykonalno\u015bci<\/strong>Utrzymanie bie\u017c\u0105cej wiedzy naszej i naszych pracownik\u00f3w na temat miejsca pracy klienta<\/li>\n<li><strong>Metryki<br \/>\n<\/strong>Przestrzegaj okre\u015blonych wska\u017anik\u00f3w KPI, kt\u00f3re przyczyniaj\u0105 si\u0119 do rentowno\u015bci<\/li>\n<li><strong>Rekrutacja<\/strong><br \/>\nCi\u0105g\u0142e dostosowywanie rekrutacji do klienta i ci\u0105g\u0142e doskonalenie<\/li>\n<li><strong>Odpowiednie warunki<br \/>\n<\/strong>Dajemy naszym pracownikom warunki do dobrej pracy ju\u017c od pierwszego dnia<\/li>\n<li><strong>Wprowadzenie\/Nominacje<\/strong><br \/>\nWyostrz wprowadzenia, aby skr\u00f3ci\u0107 czas nauki<\/li>\n<li><strong>Zarz\u0105dzanie<\/strong><br \/>\nStale wiesz, kt\u00f3rzy pracownicy musz\u0105 by\u0107 prowadzeni we w\u0142a\u015bciwy spos\u00f3b<\/li>\n<li><strong>Zapewnienie<br \/>\n jako\u015bci<\/strong>Ci\u0105g\u0142e monitorowanie wsp\u00f3\u0142pracy w celu znajdowania wzorc\u00f3w i trend\u00f3w<\/li>\n<li><strong>Wynik<\/strong><br \/>\nCi\u0105g\u0142e zrozumienie i prezentowanie naszych wynik\u00f3w naszym klientom<\/li>\n<\/ol>\n<hr>\n<h3>Chcesz wiedzie\u0107 wi\u0119cej?<\/h3>\n<p><a href=\"https:\/\/jobzone.se\/pl\/kontakt\/\">Skontaktuj si\u0119 z Jobzone ju\u017c dzi\u015b<\/a><\/p>\n<h3>Szukasz pracy?<\/h3>\n<p>Przejd\u017a do  <a href=\"https:\/\/jobzone.se\/lediga-jobb\/\">Wakaty<\/a><\/p>\n","protected":false},"excerpt":{"rendered":"<p>Nasz\u0105 wizj\u0105 jest bycie najlepszym pracodawc\u0105 w bran\u017cy! G\u0142\u0119boko wierzymy, \u017ce b\u0119d\u0105c najlepszym pracodawc\u0105, przyci\u0105gamy najlepsze talenty. Dlatego ka\u017cdego dnia w Jobzone rekrutujemy pracownik\u00f3w, kt\u00f3rzy odczuwaj\u0105 satysfakcj\u0119 z pracy i kt\u00f3rzy generuj\u0105 wysok\u0105 produktywno\u015b\u0107. Podzielamy przekonanie naszych klient\u00f3w, \u017ce zmotywowani pracownicy osi\u0105gaj\u0105 najlepsze wyniki. Jako kandydat do naszej pracy przechodzisz przez dobrze opracowane procesy przed, w trakcie i po zatrudnieniu [&hellip;]<\/p>\n","protected":false},"author":17,"featured_media":22395,"parent":22358,"menu_order":0,"comment_status":"closed","ping_status":"closed","template":"","meta":{"footnotes":""},"yoast_head":"<!-- This site is optimized with the Yoast SEO plugin v22.2 - https:\/\/yoast.com\/wordpress\/plugins\/seo\/ -->\n<title>Dlaczego warto wybra\u0107 Jobzone? | Jobzone<\/title>\n<meta name=\"robots\" content=\"index, follow, max-snippet:-1, max-image-preview:large, max-video-preview:-1\" \/>\n<link rel=\"canonical\" href=\"https:\/\/jobzone.se\/pl\/szukaj-pracownikow\/dlaczego-warto-wybrac-jobzone\/\" \/>\n<meta property=\"og:locale\" content=\"pl_PL\" \/>\n<meta property=\"og:type\" content=\"article\" \/>\n<meta property=\"og:title\" content=\"Dlaczego warto wybra\u0107 Jobzone? | Jobzone\" \/>\n<meta property=\"og:description\" content=\"Nasz\u0105 wizj\u0105 jest bycie najlepszym pracodawc\u0105 w bran\u017cy! G\u0142\u0119boko wierzymy, \u017ce b\u0119d\u0105c najlepszym pracodawc\u0105, przyci\u0105gamy najlepsze talenty. Dlatego ka\u017cdego dnia w Jobzone rekrutujemy pracownik\u00f3w, kt\u00f3rzy odczuwaj\u0105 satysfakcj\u0119 z pracy i kt\u00f3rzy generuj\u0105 wysok\u0105 produktywno\u015b\u0107. Podzielamy przekonanie naszych klient\u00f3w, \u017ce zmotywowani pracownicy osi\u0105gaj\u0105 najlepsze wyniki. Jako kandydat do naszej pracy przechodzisz przez dobrze opracowane procesy przed, w trakcie i po zatrudnieniu [&hellip;]\" \/>\n<meta property=\"og:url\" content=\"https:\/\/jobzone.se\/pl\/szukaj-pracownikow\/dlaczego-warto-wybrac-jobzone\/\" \/>\n<meta property=\"og:site_name\" content=\"Jobzone\" \/>\n<meta property=\"article:publisher\" content=\"https:\/\/www.facebook.com\/JobzoneSverige\" \/>\n<meta property=\"og:image\" content=\"https:\/\/jobzone.se\/wp-content\/uploads\/2022\/08\/ny_om_oss_aug22.jpg\" \/>\n\t<meta property=\"og:image:width\" content=\"800\" \/>\n\t<meta property=\"og:image:height\" content=\"600\" \/>\n\t<meta property=\"og:image:type\" content=\"image\/jpeg\" \/>\n<meta name=\"twitter:label1\" content=\"Szacowany czas czytania\" \/>\n\t<meta name=\"twitter:data1\" content=\"2 minuty\" \/>\n<script type=\"application\/ld+json\" class=\"yoast-schema-graph\">{\"@context\":\"https:\/\/schema.org\",\"@graph\":[{\"@type\":\"WebPage\",\"@id\":\"https:\/\/jobzone.se\/pl\/szukaj-pracownikow\/dlaczego-warto-wybrac-jobzone\/\",\"url\":\"https:\/\/jobzone.se\/pl\/szukaj-pracownikow\/dlaczego-warto-wybrac-jobzone\/\",\"name\":\"Dlaczego warto wybra\u0107 Jobzone? | Jobzone\",\"isPartOf\":{\"@id\":\"https:\/\/jobzone.se\/pl\/#website\"},\"primaryImageOfPage\":{\"@id\":\"https:\/\/jobzone.se\/pl\/szukaj-pracownikow\/dlaczego-warto-wybrac-jobzone\/#primaryimage\"},\"image\":{\"@id\":\"https:\/\/jobzone.se\/pl\/szukaj-pracownikow\/dlaczego-warto-wybrac-jobzone\/#primaryimage\"},\"thumbnailUrl\":\"https:\/\/jobzone.se\/wp-content\/uploads\/2022\/08\/ny_om_oss_aug22.jpg\",\"datePublished\":\"2019-04-05T11:58:25+00:00\",\"dateModified\":\"2019-04-05T11:58:25+00:00\",\"breadcrumb\":{\"@id\":\"https:\/\/jobzone.se\/pl\/szukaj-pracownikow\/dlaczego-warto-wybrac-jobzone\/#breadcrumb\"},\"inLanguage\":\"pl-PL\",\"potentialAction\":[{\"@type\":\"ReadAction\",\"target\":[\"https:\/\/jobzone.se\/pl\/szukaj-pracownikow\/dlaczego-warto-wybrac-jobzone\/\"]}]},{\"@type\":\"ImageObject\",\"inLanguage\":\"pl-PL\",\"@id\":\"https:\/\/jobzone.se\/pl\/szukaj-pracownikow\/dlaczego-warto-wybrac-jobzone\/#primaryimage\",\"url\":\"https:\/\/jobzone.se\/wp-content\/uploads\/2022\/08\/ny_om_oss_aug22.jpg\",\"contentUrl\":\"https:\/\/jobzone.se\/wp-content\/uploads\/2022\/08\/ny_om_oss_aug22.jpg\",\"width\":800,\"height\":600},{\"@type\":\"BreadcrumbList\",\"@id\":\"https:\/\/jobzone.se\/pl\/szukaj-pracownikow\/dlaczego-warto-wybrac-jobzone\/#breadcrumb\",\"itemListElement\":[{\"@type\":\"ListItem\",\"position\":1,\"name\":\"Szukaj pracownik\u00f3w\",\"item\":\"https:\/\/jobzone.se\/pl\/szukaj-pracownikow\/\"},{\"@type\":\"ListItem\",\"position\":2,\"name\":\"Dlaczego warto wybra\u0107 Jobzone?\"}]},{\"@type\":\"WebSite\",\"@id\":\"https:\/\/jobzone.se\/pl\/#website\",\"url\":\"https:\/\/jobzone.se\/pl\/\",\"name\":\"Jobzone\",\"description\":\"Bemanning och Rekryteringsf\u00f6retaget Jobzone i Sverige\",\"publisher\":{\"@id\":\"https:\/\/jobzone.se\/pl\/#organization\"},\"potentialAction\":[{\"@type\":\"SearchAction\",\"target\":{\"@type\":\"EntryPoint\",\"urlTemplate\":\"https:\/\/jobzone.se\/pl\/?s={search_term_string}\"},\"query-input\":\"required name=search_term_string\"}],\"inLanguage\":\"pl-PL\"},{\"@type\":\"Organization\",\"@id\":\"https:\/\/jobzone.se\/pl\/#organization\",\"name\":\"Jobzone\",\"url\":\"https:\/\/jobzone.se\/pl\/\",\"logo\":{\"@type\":\"ImageObject\",\"inLanguage\":\"pl-PL\",\"@id\":\"https:\/\/jobzone.se\/pl\/#\/schema\/logo\/image\/\",\"url\":\"https:\/\/jobzone.se\/wp-content\/uploads\/2019\/02\/jobzone-logo-web.jpg\",\"contentUrl\":\"https:\/\/jobzone.se\/wp-content\/uploads\/2019\/02\/jobzone-logo-web.jpg\",\"width\":145,\"height\":146,\"caption\":\"Jobzone\"},\"image\":{\"@id\":\"https:\/\/jobzone.se\/pl\/#\/schema\/logo\/image\/\"},\"sameAs\":[\"https:\/\/www.facebook.com\/JobzoneSverige\"]}]}<\/script>\n<!-- \/ Yoast SEO plugin. -->","yoast_head_json":{"title":"Dlaczego warto wybra\u0107 Jobzone? | Jobzone","robots":{"index":"index","follow":"follow","max-snippet":"max-snippet:-1","max-image-preview":"max-image-preview:large","max-video-preview":"max-video-preview:-1"},"canonical":"https:\/\/jobzone.se\/pl\/szukaj-pracownikow\/dlaczego-warto-wybrac-jobzone\/","og_locale":"pl_PL","og_type":"article","og_title":"Dlaczego warto wybra\u0107 Jobzone? | Jobzone","og_description":"Nasz\u0105 wizj\u0105 jest bycie najlepszym pracodawc\u0105 w bran\u017cy! G\u0142\u0119boko wierzymy, \u017ce b\u0119d\u0105c najlepszym pracodawc\u0105, przyci\u0105gamy najlepsze talenty. Dlatego ka\u017cdego dnia w Jobzone rekrutujemy pracownik\u00f3w, kt\u00f3rzy odczuwaj\u0105 satysfakcj\u0119 z pracy i kt\u00f3rzy generuj\u0105 wysok\u0105 produktywno\u015b\u0107. Podzielamy przekonanie naszych klient\u00f3w, \u017ce zmotywowani pracownicy osi\u0105gaj\u0105 najlepsze wyniki. Jako kandydat do naszej pracy przechodzisz przez dobrze opracowane procesy przed, w trakcie i po zatrudnieniu [&hellip;]","og_url":"https:\/\/jobzone.se\/pl\/szukaj-pracownikow\/dlaczego-warto-wybrac-jobzone\/","og_site_name":"Jobzone","article_publisher":"https:\/\/www.facebook.com\/JobzoneSverige","og_image":[{"width":800,"height":600,"url":"https:\/\/jobzone.se\/wp-content\/uploads\/2022\/08\/ny_om_oss_aug22.jpg","type":"image\/jpeg"}],"twitter_misc":{"Szacowany czas czytania":"2 minuty"},"schema":{"@context":"https:\/\/schema.org","@graph":[{"@type":"WebPage","@id":"https:\/\/jobzone.se\/pl\/szukaj-pracownikow\/dlaczego-warto-wybrac-jobzone\/","url":"https:\/\/jobzone.se\/pl\/szukaj-pracownikow\/dlaczego-warto-wybrac-jobzone\/","name":"Dlaczego warto wybra\u0107 Jobzone? | Jobzone","isPartOf":{"@id":"https:\/\/jobzone.se\/pl\/#website"},"primaryImageOfPage":{"@id":"https:\/\/jobzone.se\/pl\/szukaj-pracownikow\/dlaczego-warto-wybrac-jobzone\/#primaryimage"},"image":{"@id":"https:\/\/jobzone.se\/pl\/szukaj-pracownikow\/dlaczego-warto-wybrac-jobzone\/#primaryimage"},"thumbnailUrl":"https:\/\/jobzone.se\/wp-content\/uploads\/2022\/08\/ny_om_oss_aug22.jpg","datePublished":"2019-04-05T11:58:25+00:00","dateModified":"2019-04-05T11:58:25+00:00","breadcrumb":{"@id":"https:\/\/jobzone.se\/pl\/szukaj-pracownikow\/dlaczego-warto-wybrac-jobzone\/#breadcrumb"},"inLanguage":"pl-PL","potentialAction":[{"@type":"ReadAction","target":["https:\/\/jobzone.se\/pl\/szukaj-pracownikow\/dlaczego-warto-wybrac-jobzone\/"]}]},{"@type":"ImageObject","inLanguage":"pl-PL","@id":"https:\/\/jobzone.se\/pl\/szukaj-pracownikow\/dlaczego-warto-wybrac-jobzone\/#primaryimage","url":"https:\/\/jobzone.se\/wp-content\/uploads\/2022\/08\/ny_om_oss_aug22.jpg","contentUrl":"https:\/\/jobzone.se\/wp-content\/uploads\/2022\/08\/ny_om_oss_aug22.jpg","width":800,"height":600},{"@type":"BreadcrumbList","@id":"https:\/\/jobzone.se\/pl\/szukaj-pracownikow\/dlaczego-warto-wybrac-jobzone\/#breadcrumb","itemListElement":[{"@type":"ListItem","position":1,"name":"Szukaj pracownik\u00f3w","item":"https:\/\/jobzone.se\/pl\/szukaj-pracownikow\/"},{"@type":"ListItem","position":2,"name":"Dlaczego warto wybra\u0107 Jobzone?"}]},{"@type":"WebSite","@id":"https:\/\/jobzone.se\/pl\/#website","url":"https:\/\/jobzone.se\/pl\/","name":"Jobzone","description":"Bemanning och Rekryteringsf\u00f6retaget Jobzone i Sverige","publisher":{"@id":"https:\/\/jobzone.se\/pl\/#organization"},"potentialAction":[{"@type":"SearchAction","target":{"@type":"EntryPoint","urlTemplate":"https:\/\/jobzone.se\/pl\/?s={search_term_string}"},"query-input":"required name=search_term_string"}],"inLanguage":"pl-PL"},{"@type":"Organization","@id":"https:\/\/jobzone.se\/pl\/#organization","name":"Jobzone","url":"https:\/\/jobzone.se\/pl\/","logo":{"@type":"ImageObject","inLanguage":"pl-PL","@id":"https:\/\/jobzone.se\/pl\/#\/schema\/logo\/image\/","url":"https:\/\/jobzone.se\/wp-content\/uploads\/2019\/02\/jobzone-logo-web.jpg","contentUrl":"https:\/\/jobzone.se\/wp-content\/uploads\/2019\/02\/jobzone-logo-web.jpg","width":145,"height":146,"caption":"Jobzone"},"image":{"@id":"https:\/\/jobzone.se\/pl\/#\/schema\/logo\/image\/"},"sameAs":["https:\/\/www.facebook.com\/JobzoneSverige"]}]}},"_links":{"self":[{"href":"https:\/\/jobzone.se\/pl\/wp-json\/wp\/v2\/pages\/22392"}],"collection":[{"href":"https:\/\/jobzone.se\/pl\/wp-json\/wp\/v2\/pages"}],"about":[{"href":"https:\/\/jobzone.se\/pl\/wp-json\/wp\/v2\/types\/page"}],"author":[{"embeddable":true,"href":"https:\/\/jobzone.se\/pl\/wp-json\/wp\/v2\/users\/17"}],"replies":[{"embeddable":true,"href":"https:\/\/jobzone.se\/pl\/wp-json\/wp\/v2\/comments?post=22392"}],"version-history":[{"count":0,"href":"https:\/\/jobzone.se\/pl\/wp-json\/wp\/v2\/pages\/22392\/revisions"}],"up":[{"embeddable":true,"href":"https:\/\/jobzone.se\/pl\/wp-json\/wp\/v2\/pages\/22358"}],"wp:featuredmedia":[{"embeddable":true,"href":"https:\/\/jobzone.se\/pl\/wp-json\/wp\/v2\/media\/22395"}],"wp:attachment":[{"href":"https:\/\/jobzone.se\/pl\/wp-json\/wp\/v2\/media?parent=22392"}],"curies":[{"name":"wp","href":"https:\/\/api.w.org\/{rel}","templated":true}]}}