{"id":22399,"date":"2019-04-05T13:58:25","date_gmt":"2019-04-05T11:58:25","guid":{"rendered":"https:\/\/jobzone.se\/wskazowki-dotyczace-kariery\/kolejny-krok-w-jego-karierze\/"},"modified":"2019-04-05T13:58:25","modified_gmt":"2019-04-05T11:58:25","slug":"kolejny-krok-w-jego-karierze","status":"publish","type":"page","link":"https:\/\/jobzone.se\/pl\/wskazowki-dotyczace-kariery\/kolejny-krok-w-jego-karierze\/","title":{"rendered":"Kolejny krok w jego karierze"},"content":{"rendered":"<h2><img loading=\"lazy\" decoding=\"async\" class=\"alignnone wp-image-19979 size-large\" src=\"https:\/\/jobzone.se\/wp-content\/uploads\/2022\/08\/header_rekryteringsprocess-1024x539.jpg\" alt=\"\" width=\"1024\" height=\"539\" srcset=\"https:\/\/jobzone.se\/wp-content\/uploads\/2022\/08\/header_rekryteringsprocess-1024x539.jpg 1024w, https:\/\/jobzone.se\/wp-content\/uploads\/2022\/08\/header_rekryteringsprocess-300x158.jpg 300w, https:\/\/jobzone.se\/wp-content\/uploads\/2022\/08\/header_rekryteringsprocess-768x404.jpg 768w, https:\/\/jobzone.se\/wp-content\/uploads\/2022\/08\/header_rekryteringsprocess-1000x526.jpg 1000w, https:\/\/jobzone.se\/wp-content\/uploads\/2022\/08\/header_rekryteringsprocess.jpg 1197w\" sizes=\"(max-width: 1024px) 100vw, 1024px\" \/><\/h2>\n<h2 class=\"gen-page-title\">Jobzone pomo\u017ce Ci zrobi\u0107 kolejny krok w Twojej karierze<\/h2>\n<p class=\"impact-text\">By\u0107 mo\u017ce masz dzi\u015b prac\u0119, w kt\u00f3rej sprawia ci to przyjemno\u015b\u0107, ale brakuje ci tego wa\u017cnego wyzwania zawodowego. Jednocze\u015bnie rynek pracy jest obecnie bardzo korzystny, zw\u0142aszcza je\u015bli nale\u017cysz do os\u00f3b, kt\u00f3re maj\u0105 poszukiwane wykszta\u0142cenie i do\u015bwiadczenie. Czy nadszed\u0142 czas, aby zrobi\u0107 kolejny krok w swojej karierze?<\/p>\n<h3>W jaki spos\u00f3b mo\u017cna ubiega\u0107 si\u0119 o now\u0105 prac\u0119? 9 wa\u017cnych pyta\u0144 i wskaz\u00f3wek<\/h3>\n<ol>\n<li>Zacznij od zastanowienia si\u0119, co sprawia Ci przyjemno\u015b\u0107 w obecnej pracy, a za czym t\u0119sknisz. Czy s\u0105 to zadania, kt\u00f3re chcesz wykona\u0107? Lubisz swoje towarzystwo?<\/li>\n<li>Je\u015bli podoba Ci si\u0119 firma i wsp\u00f3\u0142pracownicy, to, co firma reprezentuje i jej przysz\u0142o\u015b\u0107, mo\u017ce powiniene\u015b porozmawia\u0107 ze swoim prze\u0142o\u017conym o mo\u017cliwo\u015bciach zmiany tre\u015bci pracy? W jakie nowe obszary wchodzi firma? Czy z firmy odejdzie kto\u015b, kto ma stanowisko, na kt\u00f3rym Ci zale\u017cy?<\/li>\n<li>Je\u015bli chcesz mie\u0107 bardziej stymuluj\u0105ce miejsce pracy z nowymi wyzwaniami, wyb\u00f3r jest prosty, musisz rozejrze\u0107 si\u0119 za innymi firmami dla swojej nowej pracy. Gdzie mog\u0119 znale\u017a\u0107 now\u0105 prac\u0119? Sporo ofert pracy jest og\u0142aszanych w gazecie papierowej. A w sieci jest ponad 70 r\u00f3\u017cnych stron internetowych z og\u0142oszeniami o prac\u0119, na kt\u00f3re mo\u017cna spojrze\u0107. Wi\u0119c co powiniene\u015b zrobi\u0107?<\/li>\n<li>Chocia\u017c istnieje mn\u00f3stwo witryn z ofertami pracy, nie musisz patrze\u0107 na wszystkie z nich. Wybierz niekt\u00f3re z wi\u0119kszych i bardziej znanych witryn i regularnie szukaj tam wymarzonej pracy. W tym miejscu nale\u017cy r\u00f3wnie\u017c uwzgl\u0119dni\u0107 kilka znanych firm rekrutacyjnych. Zapewniaj\u0105 one coraz wi\u0119cej miejsc pracy i maj\u0105 du\u017c\u0105 liczb\u0119 us\u0142ug w obiegu.<\/li>\n<li>Rejestrowa\u0107. Opublikuj swoje dane na kilku stronach internetowych z informacj\u0105 o tym, jakich ofert pracy szukasz, a tak\u017ce do\u0142\u0105cz list motywacyjny i swoje CV. (O tym, jak z\u0142o\u017cy\u0107 list motywacyjny i CV, mo\u017cesz przeczyta\u0107 <a href=\"https:\/\/jobzone.bueno.se\/jobbsokande-tips\/\">tutaj<\/a>).<\/li>\n<li>W jaki spos\u00f3b mo\u017cna ubiega\u0107 si\u0119 o prac\u0119? Sformu\u0142uj list motywacyjny na stanowisko, o kt\u00f3re si\u0119 ubiegasz i powiedz im, dlaczego chcesz tej pracy i co mo\u017cesz wnie\u015b\u0107 do firmy, gdy Ci\u0119 zatrudni\u0105. Za\u0142\u0105cz swoje CV, kt\u00f3re powinno mie\u0107 jedn\u0105 lub maksymalnie dwie strony A4.<\/li>\n<li>Czy mo\u017cna kontaktowa\u0107 si\u0119 bezpo\u015brednio z firmami? Absolutny! Skontaktuj si\u0119 z firmami, kt\u00f3re Twoim zdaniem maj\u0105 lub b\u0119d\u0105 mia\u0142y wolne miejsca pracy, koncentruj\u0105c si\u0119 na tym, czego chcesz. Czasami mo\u017cesz mie\u0107 szcz\u0119\u015bcie i trafi\u0107 we w\u0142a\u015bciwe miejsce.<\/li>\n<li>Inne drogi do nowej pracy? Przyjaciele i dawni koledzy cz\u0119sto mog\u0105 by\u0107 dla Ciebie dobrym \u017ar\u00f3d\u0142em informacji o nowych miejscach pracy i zmianach w innych miejscach pracy.<\/li>\n<li>Zanim zdecydujesz si\u0119 rozpocz\u0105\u0107 now\u0105 prac\u0119, zastan\u00f3w si\u0119, czy zadania Ci odpowiadaj\u0105 i stymuluj\u0105? Za jakimi warto\u015bciami opowiada si\u0119 pracodawca? Jak Twoim zdaniem b\u0119dzie si\u0119 rozwija\u0107 firma w ci\u0105gu najbli\u017cszych kilku lat? Czy wsp\u00f3\u0142pracownicy s\u0105 odpowiedni do nowego miejsca pracy i \u015brodowiska spo\u0142ecznego? Czy b\u0119dzie Ci si\u0119 tam spodoba\u0107?<\/li>\n<\/ol>\n","protected":false},"excerpt":{"rendered":"<p>Jobzone pomo\u017ce Ci zrobi\u0107 kolejny krok w Twojej karierze By\u0107 mo\u017ce masz dzi\u015b prac\u0119, w kt\u00f3rej sprawia ci to przyjemno\u015b\u0107, ale brakuje ci tego wa\u017cnego wyzwania zawodowego. Jednocze\u015bnie rynek pracy jest obecnie bardzo korzystny, zw\u0142aszcza je\u015bli nale\u017cysz do os\u00f3b, kt\u00f3re maj\u0105 poszukiwane wykszta\u0142cenie i do\u015bwiadczenie. Czy nadszed\u0142 czas, aby zrobi\u0107 kolejny krok w swojej karierze? W jaki spos\u00f3b mo\u017cna ubiega\u0107 [&hellip;]<\/p>\n","protected":false},"author":17,"featured_media":22401,"parent":22371,"menu_order":0,"comment_status":"closed","ping_status":"closed","template":"","meta":{"footnotes":""},"yoast_head":"<!-- This site is optimized with the Yoast SEO plugin v22.2 - https:\/\/yoast.com\/wordpress\/plugins\/seo\/ -->\n<title>Jobzone pomo\u017ce Ci zrobi\u0107 kolejny krok w Twojej karierze<\/title>\n<meta name=\"robots\" content=\"index, follow, max-snippet:-1, max-image-preview:large, max-video-preview:-1\" \/>\n<link rel=\"canonical\" href=\"https:\/\/jobzone.se\/pl\/wskazowki-dotyczace-kariery\/kolejny-krok-w-jego-karierze\/\" \/>\n<meta property=\"og:locale\" content=\"pl_PL\" \/>\n<meta property=\"og:type\" content=\"article\" \/>\n<meta property=\"og:title\" content=\"Jobzone pomo\u017ce Ci zrobi\u0107 kolejny krok w Twojej karierze\" \/>\n<meta property=\"og:description\" content=\"Jobzone pomo\u017ce Ci zrobi\u0107 kolejny krok w Twojej karierze By\u0107 mo\u017ce masz dzi\u015b prac\u0119, w kt\u00f3rej sprawia ci to przyjemno\u015b\u0107, ale brakuje ci tego wa\u017cnego wyzwania zawodowego. Jednocze\u015bnie rynek pracy jest obecnie bardzo korzystny, zw\u0142aszcza je\u015bli nale\u017cysz do os\u00f3b, kt\u00f3re maj\u0105 poszukiwane wykszta\u0142cenie i do\u015bwiadczenie. Czy nadszed\u0142 czas, aby zrobi\u0107 kolejny krok w swojej karierze? W jaki spos\u00f3b mo\u017cna ubiega\u0107 [&hellip;]\" \/>\n<meta property=\"og:url\" content=\"https:\/\/jobzone.se\/pl\/wskazowki-dotyczace-kariery\/kolejny-krok-w-jego-karierze\/\" \/>\n<meta property=\"og:site_name\" content=\"Jobzone\" \/>\n<meta property=\"article:publisher\" content=\"https:\/\/www.facebook.com\/JobzoneSverige\" \/>\n<meta property=\"og:image\" content=\"https:\/\/jobzone.se\/wp-content\/uploads\/2022\/08\/header_rekryteringsprocess.jpg\" \/>\n\t<meta property=\"og:image:width\" content=\"1197\" \/>\n\t<meta property=\"og:image:height\" content=\"630\" \/>\n\t<meta property=\"og:image:type\" content=\"image\/jpeg\" \/>\n<meta name=\"twitter:label1\" content=\"Szacowany czas czytania\" \/>\n\t<meta name=\"twitter:data1\" content=\"3 minuty\" \/>\n<script type=\"application\/ld+json\" class=\"yoast-schema-graph\">{\"@context\":\"https:\/\/schema.org\",\"@graph\":[{\"@type\":\"WebPage\",\"@id\":\"https:\/\/jobzone.se\/pl\/wskazowki-dotyczace-kariery\/kolejny-krok-w-jego-karierze\/\",\"url\":\"https:\/\/jobzone.se\/pl\/wskazowki-dotyczace-kariery\/kolejny-krok-w-jego-karierze\/\",\"name\":\"Jobzone pomo\u017ce Ci zrobi\u0107 kolejny krok w Twojej karierze\",\"isPartOf\":{\"@id\":\"https:\/\/jobzone.se\/pl\/#website\"},\"primaryImageOfPage\":{\"@id\":\"https:\/\/jobzone.se\/pl\/wskazowki-dotyczace-kariery\/kolejny-krok-w-jego-karierze\/#primaryimage\"},\"image\":{\"@id\":\"https:\/\/jobzone.se\/pl\/wskazowki-dotyczace-kariery\/kolejny-krok-w-jego-karierze\/#primaryimage\"},\"thumbnailUrl\":\"https:\/\/jobzone.se\/wp-content\/uploads\/2022\/08\/header_rekryteringsprocess.jpg\",\"datePublished\":\"2019-04-05T11:58:25+00:00\",\"dateModified\":\"2019-04-05T11:58:25+00:00\",\"breadcrumb\":{\"@id\":\"https:\/\/jobzone.se\/pl\/wskazowki-dotyczace-kariery\/kolejny-krok-w-jego-karierze\/#breadcrumb\"},\"inLanguage\":\"pl-PL\",\"potentialAction\":[{\"@type\":\"ReadAction\",\"target\":[\"https:\/\/jobzone.se\/pl\/wskazowki-dotyczace-kariery\/kolejny-krok-w-jego-karierze\/\"]}]},{\"@type\":\"ImageObject\",\"inLanguage\":\"pl-PL\",\"@id\":\"https:\/\/jobzone.se\/pl\/wskazowki-dotyczace-kariery\/kolejny-krok-w-jego-karierze\/#primaryimage\",\"url\":\"https:\/\/jobzone.se\/wp-content\/uploads\/2022\/08\/header_rekryteringsprocess.jpg\",\"contentUrl\":\"https:\/\/jobzone.se\/wp-content\/uploads\/2022\/08\/header_rekryteringsprocess.jpg\",\"width\":1197,\"height\":630},{\"@type\":\"BreadcrumbList\",\"@id\":\"https:\/\/jobzone.se\/pl\/wskazowki-dotyczace-kariery\/kolejny-krok-w-jego-karierze\/#breadcrumb\",\"itemListElement\":[{\"@type\":\"ListItem\",\"position\":1,\"name\":\"Wskaz\u00f3wki dotycz\u0105ce kariery\",\"item\":\"https:\/\/jobzone.se\/pl\/wskazowki-dotyczace-kariery\/\"},{\"@type\":\"ListItem\",\"position\":2,\"name\":\"Kolejny krok w jego karierze\"}]},{\"@type\":\"WebSite\",\"@id\":\"https:\/\/jobzone.se\/pl\/#website\",\"url\":\"https:\/\/jobzone.se\/pl\/\",\"name\":\"Jobzone\",\"description\":\"Bemanning och Rekryteringsf\u00f6retaget Jobzone i Sverige\",\"publisher\":{\"@id\":\"https:\/\/jobzone.se\/pl\/#organization\"},\"potentialAction\":[{\"@type\":\"SearchAction\",\"target\":{\"@type\":\"EntryPoint\",\"urlTemplate\":\"https:\/\/jobzone.se\/pl\/?s={search_term_string}\"},\"query-input\":\"required name=search_term_string\"}],\"inLanguage\":\"pl-PL\"},{\"@type\":\"Organization\",\"@id\":\"https:\/\/jobzone.se\/pl\/#organization\",\"name\":\"Jobzone\",\"url\":\"https:\/\/jobzone.se\/pl\/\",\"logo\":{\"@type\":\"ImageObject\",\"inLanguage\":\"pl-PL\",\"@id\":\"https:\/\/jobzone.se\/pl\/#\/schema\/logo\/image\/\",\"url\":\"https:\/\/jobzone.se\/wp-content\/uploads\/2019\/02\/jobzone-logo-web.jpg\",\"contentUrl\":\"https:\/\/jobzone.se\/wp-content\/uploads\/2019\/02\/jobzone-logo-web.jpg\",\"width\":145,\"height\":146,\"caption\":\"Jobzone\"},\"image\":{\"@id\":\"https:\/\/jobzone.se\/pl\/#\/schema\/logo\/image\/\"},\"sameAs\":[\"https:\/\/www.facebook.com\/JobzoneSverige\"]}]}<\/script>\n<!-- \/ Yoast SEO plugin. -->","yoast_head_json":{"title":"Jobzone pomo\u017ce Ci zrobi\u0107 kolejny krok w Twojej karierze","robots":{"index":"index","follow":"follow","max-snippet":"max-snippet:-1","max-image-preview":"max-image-preview:large","max-video-preview":"max-video-preview:-1"},"canonical":"https:\/\/jobzone.se\/pl\/wskazowki-dotyczace-kariery\/kolejny-krok-w-jego-karierze\/","og_locale":"pl_PL","og_type":"article","og_title":"Jobzone pomo\u017ce Ci zrobi\u0107 kolejny krok w Twojej karierze","og_description":"Jobzone pomo\u017ce Ci zrobi\u0107 kolejny krok w Twojej karierze By\u0107 mo\u017ce masz dzi\u015b prac\u0119, w kt\u00f3rej sprawia ci to przyjemno\u015b\u0107, ale brakuje ci tego wa\u017cnego wyzwania zawodowego. Jednocze\u015bnie rynek pracy jest obecnie bardzo korzystny, zw\u0142aszcza je\u015bli nale\u017cysz do os\u00f3b, kt\u00f3re maj\u0105 poszukiwane wykszta\u0142cenie i do\u015bwiadczenie. Czy nadszed\u0142 czas, aby zrobi\u0107 kolejny krok w swojej karierze? W jaki spos\u00f3b mo\u017cna ubiega\u0107 [&hellip;]","og_url":"https:\/\/jobzone.se\/pl\/wskazowki-dotyczace-kariery\/kolejny-krok-w-jego-karierze\/","og_site_name":"Jobzone","article_publisher":"https:\/\/www.facebook.com\/JobzoneSverige","og_image":[{"width":1197,"height":630,"url":"https:\/\/jobzone.se\/wp-content\/uploads\/2022\/08\/header_rekryteringsprocess.jpg","type":"image\/jpeg"}],"twitter_misc":{"Szacowany czas czytania":"3 minuty"},"schema":{"@context":"https:\/\/schema.org","@graph":[{"@type":"WebPage","@id":"https:\/\/jobzone.se\/pl\/wskazowki-dotyczace-kariery\/kolejny-krok-w-jego-karierze\/","url":"https:\/\/jobzone.se\/pl\/wskazowki-dotyczace-kariery\/kolejny-krok-w-jego-karierze\/","name":"Jobzone pomo\u017ce Ci zrobi\u0107 kolejny krok w Twojej karierze","isPartOf":{"@id":"https:\/\/jobzone.se\/pl\/#website"},"primaryImageOfPage":{"@id":"https:\/\/jobzone.se\/pl\/wskazowki-dotyczace-kariery\/kolejny-krok-w-jego-karierze\/#primaryimage"},"image":{"@id":"https:\/\/jobzone.se\/pl\/wskazowki-dotyczace-kariery\/kolejny-krok-w-jego-karierze\/#primaryimage"},"thumbnailUrl":"https:\/\/jobzone.se\/wp-content\/uploads\/2022\/08\/header_rekryteringsprocess.jpg","datePublished":"2019-04-05T11:58:25+00:00","dateModified":"2019-04-05T11:58:25+00:00","breadcrumb":{"@id":"https:\/\/jobzone.se\/pl\/wskazowki-dotyczace-kariery\/kolejny-krok-w-jego-karierze\/#breadcrumb"},"inLanguage":"pl-PL","potentialAction":[{"@type":"ReadAction","target":["https:\/\/jobzone.se\/pl\/wskazowki-dotyczace-kariery\/kolejny-krok-w-jego-karierze\/"]}]},{"@type":"ImageObject","inLanguage":"pl-PL","@id":"https:\/\/jobzone.se\/pl\/wskazowki-dotyczace-kariery\/kolejny-krok-w-jego-karierze\/#primaryimage","url":"https:\/\/jobzone.se\/wp-content\/uploads\/2022\/08\/header_rekryteringsprocess.jpg","contentUrl":"https:\/\/jobzone.se\/wp-content\/uploads\/2022\/08\/header_rekryteringsprocess.jpg","width":1197,"height":630},{"@type":"BreadcrumbList","@id":"https:\/\/jobzone.se\/pl\/wskazowki-dotyczace-kariery\/kolejny-krok-w-jego-karierze\/#breadcrumb","itemListElement":[{"@type":"ListItem","position":1,"name":"Wskaz\u00f3wki dotycz\u0105ce kariery","item":"https:\/\/jobzone.se\/pl\/wskazowki-dotyczace-kariery\/"},{"@type":"ListItem","position":2,"name":"Kolejny krok w jego karierze"}]},{"@type":"WebSite","@id":"https:\/\/jobzone.se\/pl\/#website","url":"https:\/\/jobzone.se\/pl\/","name":"Jobzone","description":"Bemanning och Rekryteringsf\u00f6retaget Jobzone i Sverige","publisher":{"@id":"https:\/\/jobzone.se\/pl\/#organization"},"potentialAction":[{"@type":"SearchAction","target":{"@type":"EntryPoint","urlTemplate":"https:\/\/jobzone.se\/pl\/?s={search_term_string}"},"query-input":"required name=search_term_string"}],"inLanguage":"pl-PL"},{"@type":"Organization","@id":"https:\/\/jobzone.se\/pl\/#organization","name":"Jobzone","url":"https:\/\/jobzone.se\/pl\/","logo":{"@type":"ImageObject","inLanguage":"pl-PL","@id":"https:\/\/jobzone.se\/pl\/#\/schema\/logo\/image\/","url":"https:\/\/jobzone.se\/wp-content\/uploads\/2019\/02\/jobzone-logo-web.jpg","contentUrl":"https:\/\/jobzone.se\/wp-content\/uploads\/2019\/02\/jobzone-logo-web.jpg","width":145,"height":146,"caption":"Jobzone"},"image":{"@id":"https:\/\/jobzone.se\/pl\/#\/schema\/logo\/image\/"},"sameAs":["https:\/\/www.facebook.com\/JobzoneSverige"]}]}},"_links":{"self":[{"href":"https:\/\/jobzone.se\/pl\/wp-json\/wp\/v2\/pages\/22399"}],"collection":[{"href":"https:\/\/jobzone.se\/pl\/wp-json\/wp\/v2\/pages"}],"about":[{"href":"https:\/\/jobzone.se\/pl\/wp-json\/wp\/v2\/types\/page"}],"author":[{"embeddable":true,"href":"https:\/\/jobzone.se\/pl\/wp-json\/wp\/v2\/users\/17"}],"replies":[{"embeddable":true,"href":"https:\/\/jobzone.se\/pl\/wp-json\/wp\/v2\/comments?post=22399"}],"version-history":[{"count":0,"href":"https:\/\/jobzone.se\/pl\/wp-json\/wp\/v2\/pages\/22399\/revisions"}],"up":[{"embeddable":true,"href":"https:\/\/jobzone.se\/pl\/wp-json\/wp\/v2\/pages\/22371"}],"wp:featuredmedia":[{"embeddable":true,"href":"https:\/\/jobzone.se\/pl\/wp-json\/wp\/v2\/media\/22401"}],"wp:attachment":[{"href":"https:\/\/jobzone.se\/pl\/wp-json\/wp\/v2\/media?parent=22399"}],"curies":[{"name":"wp","href":"https:\/\/api.w.org\/{rel}","templated":true}]}}