{"id":22419,"date":"2019-04-07T14:14:08","date_gmt":"2019-04-07T12:14:08","guid":{"rendered":"https:\/\/jobzone.se\/szukaj-pracownikow\/zawodow\/zatrudnienie-w-budownictwie\/"},"modified":"2025-09-03T12:35:20","modified_gmt":"2025-09-03T10:35:20","slug":"zatrudnienie-w-budownictwie","status":"publish","type":"page","link":"https:\/\/jobzone.se\/pl\/szukaj-pracownikow\/zawodow\/zatrudnienie-w-budownictwie\/","title":{"rendered":"Zatrudnienie w budownictwie"},"content":{"rendered":"<p>  <\/p>\n<p class=\"gen-page-title\"><img loading=\"lazy\" decoding=\"async\" class=\"alignnone wp-image-4241 size-large\" src=\"https:\/\/jobzone.se\/wp-content\/uploads\/2019\/03\/jobzone-yrkesomrade-bygg-och-anlaggning-1024x538.jpg\" alt=\"\" width=\"1024\" height=\"538\" srcset=\"https:\/\/jobzone.se\/wp-content\/uploads\/2019\/03\/jobzone-yrkesomrade-bygg-och-anlaggning-1024x538.jpg 1024w, https:\/\/jobzone.se\/wp-content\/uploads\/2019\/03\/jobzone-yrkesomrade-bygg-och-anlaggning-300x158.jpg 300w, https:\/\/jobzone.se\/wp-content\/uploads\/2019\/03\/jobzone-yrkesomrade-bygg-och-anlaggning-768x403.jpg 768w, https:\/\/jobzone.se\/wp-content\/uploads\/2019\/03\/jobzone-yrkesomrade-bygg-och-anlaggning-1000x525.jpg 1000w, https:\/\/jobzone.se\/wp-content\/uploads\/2019\/03\/jobzone-yrkesomrade-bygg-och-anlaggning.jpg 1200w\" sizes=\"(max-width: 1024px) 100vw, 1024px\" \/><\/p>\n<h2 class=\"p1\">Twoja autoryzowana firma rekrutacyjna w budownictwie i budownictwie<\/h2>\n<p class=\"p2\">Z nami zatrudniasz pracownik\u00f3w budowlanych, kt\u00f3rzy maj\u0105 wiele do zaoferowania \u2013 i kt\u00f3rzy b\u0119d\u0105 si\u0119 z Tob\u0105 dobrze czu\u0107.<\/p>\n<p class=\"p2\">Niezale\u017cnie od tego, czy projekt jest d\u0142ugi, czy kr\u00f3tki, dbamy o to, aby personel by\u0142 mile widzianym elementem, w kt\u00f3rym Twoi stali pracownicy otrzymuj\u0105 mi\u0142y dodatek w postaci dodatkowych r\u0105k do pracy z odpowiednimi umiej\u0119tno\u015bciami budowlanymi.<\/p>\n<p class=\"p2\">Dysponujemy najnowocze\u015bniejsz\u0105 wiedz\u0105 specjalistyczn\u0105 niezb\u0119dn\u0105 do obsadzania stanowisk w budownictwie i in\u017cynierii l\u0105dowej. Poniewa\u017c nie tylko znajdujemy pracownik\u00f3w, ale tak\u017ce przyczyniamy si\u0119 do udanego wdro\u017cenia i monitorujemy prac\u0119 w konkretnych punktach pomiarowych, wsp\u00f3\u0142praca staje si\u0119 dla Ciebie p\u0142ynna. <\/p>\n<h2 class=\"p1\">Osobisty kontakt dla efektywnego obsadzania stanowisk w budownictwie<\/h2>\n<p class=\"p2\">Z nami zyskujesz partnera w zakresie obsadzania stanowisk, kt\u00f3ry rozumie, jak dzia\u0142a bran\u017ca budowlana i czego wymaga si\u0119 od personelu pe\u0142ni\u0105cego rol\u0119 konsultanta.<\/p>\n<p class=\"p2\">Sprawiamy, \u017ce rekrutacja jest ludzka, z osobistym kontaktem i dopasowanymi profilami wymaga\u0144. Mamy dobrze ugruntowany proces rekrutacji, ale aby przyni\u00f3s\u0142 on w\u0142a\u015bciwe rezultaty, musimy reagowa\u0107 na Twoje wymagania i spos\u00f3b, w jaki nale\u017cy mierzy\u0107 sukces. Bycie dobrym w s\u0142uchaniu jest dla nas kluczem do szybkiej i dok\u0142adnej pracy.  <\/p>\n<p class=\"p2\">Wa\u017cne jest, aby Ty i Twoi pracownicy byli zadowoleni z nowych wsp\u00f3\u0142pracownik\u00f3w. I \u017ceby pracownicy tymczasowi dobrze podchodzili do swoich zada\u0144. Jest to szczeg\u00f3lnie wa\u017cne w bran\u017cy budowlanej, gdzie pracownicy stanowi\u0105 trzon ka\u017cdego projektu budowlanego. Osi\u0105gamy to dzi\u0119ki dopasowaniom o gwarantowanej jako\u015bci i ci\u0105g\u0142ym kontaktom zar\u00f3wno z Tob\u0105, jak i personelem.   <\/p>\n<p class=\"p2\">Kiedy my, ludzie, lubimy nasz\u0105 prac\u0119 i stajemy si\u0119 samodzielni, po prostu \u0142atwiej jest nam dobrze sobie radzi\u0107. W Jobzone mocno w to wierzymy. Wierzymy, \u017ce to w\u0142a\u015bnie ta postawa doprowadzi\u0142a nas do tego, \u017ce jeste\u015bmy jednym z najwi\u0119kszych graczy w rekrutacji i zatrudnianiu pracownik\u00f3w w regionie nordyckim.  <\/p>\n<ul class=\"ul1\">\n<li class=\"li3\">Kr\u00f3tki dystans startowy do rozpocz\u0119cia<\/li>\n<li class=\"li3\">Mierzona jest produktywno\u015b\u0107 i jako\u015b\u0107<\/li>\n<li class=\"li2\">Spo\u0142eczno\u015b\u0107 \u2013 nie &#8220;my i oni&#8221;<\/li>\n<\/ul>\n<p>    <\/p>\n<h2 class=\"p1\">Znamy si\u0119 na obsadzaniu stanowisk w bran\u017cy budowlanej<\/h2>\n<p class=\"p2\">Specjalizujemy si\u0119 w rekrutacji pracownik\u00f3w w budownictwie i in\u017cynierii l\u0105dowej, wi\u0119c wybieraj\u0105c nas, otrzymujesz pomoc od dostawcy, kt\u00f3ry rozumie Twoje potrzeby i rozwi\u0105zuje je za Ciebie.<\/p>\n<p class=\"p2\">Wiemy na przyk\u0142ad, \u017ce pracuj\u0105c w bran\u017cy budowlanej, cz\u0119sto trudno jest przewidzie\u0107 potrzeby kadrowe. Nowe projekty mog\u0105 pojawi\u0107 si\u0119 nagle \u2013 lub okaza\u0107 si\u0119 bardziej rozbudowane, ni\u017c si\u0119 pocz\u0105tkowo wydawa\u0142o. Sam fakt, \u017ce bran\u017ca opiera si\u0119 na projektach, sam w sobie tworzy pewn\u0105 nieprzewidywalno\u015b\u0107.  <\/p>\n<p class=\"p2\">Mo\u017cesz uzyska\u0107 od nas kr\u00f3tkoterminow\u0105 pomoc. Ale mo\u017cesz r\u00f3wnie\u017c pozyska\u0107 d\u0142ugoterminowego partnera do obsadzania stanowisk i obsadzania stanowisk w budownictwie i in\u017cynierii l\u0105dowej. Dzi\u0119ki temu mo\u017cesz mie\u0107 pewno\u015b\u0107, \u017ce w razie potrzeby personel zawsze mo\u017ce zosta\u0107 uzupe\u0142niony o personel.  <\/p>\n<p class=\"p2\">Bo kiedy ju\u017c sprowadzisz od nas personel, jeszcze \u0142atwiej jest zrobi\u0107 to ponownie, zw\u0142aszcza je\u015bli dotyczy to podobnych zada\u0144. Dzieje si\u0119 tak dlatego, \u017ce mamy ju\u017c profil wymaga\u0144 i ustalony obraz Twoich warunk\u00f3w. <\/p>\n<p class=\"p2\">Rozumiemy r\u00f3wnie\u017c, \u017ce w bran\u017cy budowlanej mo\u017cesz mie\u0107 trudno\u015bci ze zwolnieniem czasu na wdra\u017canie zatrudnionych pracownik\u00f3w. Dlatego r\u00f3wnie\u017c w tym mo\u017cemy Ci pom\u00f3c. <\/p>\n<h2 class=\"p1\">Wsp\u00f3lne us\u0142ugi, kt\u00f3re \u015bwiadczymy w budownictwie<\/h2>\n<p class=\"p2\">Na jakie stanowiska w budownictwie i in\u017cynierii l\u0105dowej i wodnej poszukujesz pracownik\u00f3w? Pomo\u017cemy Ci mi\u0119dzy innymi znale\u017a\u0107: <\/p>\n<ul class=\"ul1\">\n<li class=\"li3\">Stolarze \u2013 wykonuj\u0105cy prace stolarskie na budowach. Cz\u0119sto chodzi o nowe prace budowlane, przebudowy i remonty dom\u00f3w. Ale stolarze mog\u0105 r\u00f3wnie\u017c pracowa\u0107 na przyk\u0142ad przy budowie most\u00f3w.  <\/li>\n<li class=\"li3\">Betoniarze \u2013 kt\u00f3rych praca polega g\u0142\u00f3wnie na wylewaniu i zbrojeniu konstrukcji w. Nie tylko przy budowie dom\u00f3w, ale tak\u017ce przy pracach np. przy drogach i mostach. Je\u015bli gotowe elementy betonowe s\u0105 dostarczane na place budowy, betoniarze mog\u0105 mie\u0107 za zadanie ich dobry monta\u017c.  <\/li>\n<li class=\"li3\">Robotnicy rozbi\u00f3rkowi \u2013 kt\u00f3rzy s\u0105 cz\u0119sto wzywani do remont\u00f3w i podobnych prac, gdy poprzednia konstrukcja ma zosta\u0107 usuni\u0119ta, a plac budowy ma by\u0107 przygotowany na co\u015b nowego. Czasami robotnicy rozbi\u00f3rkowi mog\u0105 r\u00f3wnie\u017c wykonywa\u0107 roboty ziemne. <\/li>\n<li class=\"li3\">Robotnicy drogowi i budowlani \u2013 kt\u00f3rzy pracuj\u0105 przy budowie wszystkiego, od most\u00f3w i nabrze\u017cy po ulice i dworce kolejowe. Praca mo\u017ce by\u0107 fizyczna, nawet je\u015bli u\u017cywanych jest wiele maszyn i specjalistycznych narz\u0119dzi. <\/li>\n<li class=\"li3\">Prze\u0142o\u017cony \u2013 kt\u00f3rego zadaniem jest doprowadzenie wsp\u00f3\u0142pracownik\u00f3w do dotrzymania harmonogramu i dopilnowanie, aby wszystko zosta\u0142o wykonane prawid\u0142owo. Prze\u0142o\u017cony sp\u0119dza du\u017c\u0105 cz\u0119\u015b\u0107 dnia pracy na podejmowaniu decyzji, radzeniu sobie z wyzwaniami interpersonalnymi i pilnowaniu zar\u00f3wno szczeg\u00f3\u0142\u00f3w, jak i ca\u0142o\u015bci. <\/li>\n<li class=\"li2\">Projektanci \u2013 kt\u00f3rzy dbaj\u0105 o to, aby konstrukcje dzia\u0142a\u0142y pod wzgl\u0119dem technicznym, nie tylko elementy no\u015bne. W zwi\u0105zku z tym cz\u0119sto staj\u0105 si\u0119 kluczowymi osobami w projektach budowlanych. Mog\u0105 r\u00f3wnie\u017c tworzy\u0107 rysunki na przyk\u0142ad dla konstrukcji.  <\/li>\n<\/ul>\n<h2 class=\"p1\">Nasz proces obsadzania stanowisk budowlanych<\/h2>\n<p class=\"p2\">Proces obsadzania stanowisk w budownictwie rozpoczyna si\u0119 od tego, \u017ce wsp\u00f3lnie z Pa\u0144stwem opracujemy profil wymaga\u0144. Na podstawie tego profilu wymaga\u0144 mo\u017cemy odsia\u0107 odpowiednich pracownik\u00f3w. Im bardziej szczeg\u00f3\u0142owe wymagania, tym dok\u0142adniejsza obsada stanowisk.  <\/p>\n<p class=\"p2\">Uzgodnimy r\u00f3wnie\u017c z Tob\u0105, w jaki spos\u00f3b mierzy\u0107 produktywno\u015b\u0107 Twojego personelu i jako\u015b\u0107 ich pracy. Te punkty pomiarowe b\u0119d\u0105 nast\u0119pnie monitorowane w trakcie prac. <\/p>\n<p class=\"p2\">Pomiar b\u0119dzie r\u00f3wnie\u017c dobrym narz\u0119dziem dla personelu, poniewa\u017c stanie si\u0119 jasne, co postrzegasz jako dobry wysi\u0142ek. Co\u015b, co nie zawsze jest \u0142atwe do zrozumienia w nowym miejscu pracy. <\/p>\n<p class=\"p2\">Po skompletowaniu profilu wymaga\u0144 nadszed\u0142 czas na znalezienie personelu do swojego projektu w budownictwie lub in\u017cynierii l\u0105dowej. W wielu przypadkach nie musimy wychodzi\u0107 poza nasz sta\u0142y personel i sie\u0107. Ale korzystamy r\u00f3wnie\u017c z kana\u0142\u00f3w spo\u0142eczno\u015bciowych i platform z og\u0142oszeniami o prac\u0119. Aby upewni\u0107 si\u0119, \u017ce kandydaci rzeczywi\u015bcie odpowiadaj\u0105 profilowi wymaga\u0144, stosujemy sprawdzony proces, kt\u00f3ry obejmuje mi\u0119dzy innymi rozmowy kwalifikacyjne oparte na kompetencjach.   <\/p>\n<p class=\"p2\">W ko\u0144cu nadejdzie czas, aby personel rozpocz\u0105\u0142 prac\u0119. Nawet wtedy mo\u017cemy pom\u00f3c w onboardingu. Kontaktujemy si\u0119 r\u00f3wnie\u017c z Tob\u0105 i personelem, aby upewni\u0107 si\u0119, \u017ce wszystko jest w porz\u0105dku, ju\u017c po pierwszym dniu, a nast\u0119pnie nieprzerwanie co tydzie\u0144.  <\/p>\n<h2 class=\"p1\">Korzy\u015bci z zatrudniania pracownik\u00f3w w budownictwie<\/h2>\n<p class=\"p2\">Zatrudniaj\u0105c pracownik\u00f3w w bran\u017cy budowlanej, zyskujesz wi\u0119ksz\u0105 elastyczno\u015b\u0107. To dla wielu najwi\u0119ksza zaleta. <\/p>\n<p class=\"p2\">Ale mo\u017cesz r\u00f3wnie\u017c zatrudni\u0107 osoby z umiej\u0119tno\u015bciami, kt\u00f3rych mo\u017ce nie mie\u0107 w Twojej sile roboczej, na przyk\u0142ad podczas urlopu rodzicielskiego lub gdy podejmujesz si\u0119 projektu, kt\u00f3ry odbiega od normy dla Twojej firmy.<\/p>\n<p class=\"p2\">W budownictwie powierzchnia robocza rzadko jest r\u00f3wna i \u0142adna. B\u0119d\u0105 wzloty i upadki. A wtedy dobrym rozwi\u0105zaniem jest staffing, aby m\u00f3c sprawi\u0107, by dzia\u0142a\u0142o to dla Ciebie w bran\u017cy budowlanej.  <\/p>\n<h2 class=\"p1\">Lokalni pracownicy budowlani w Twojej okolicy<\/h2>\n<p class=\"p2\">Nasza firma rekrutacyjna pomaga w obsadzaniu stanowisk budowlanych i budowlanych na terenie ca\u0142ego kraju. Dzi\u0119ki lokalnej wiedzy i rozleg\u0142ej sieci kontakt\u00f3w stajemy si\u0119 osobistym i skutecznym partnerem, kt\u00f3ry rozwi\u0105\u017ce Twoje wyzwania kadrowe. <\/p>\n<p class=\"p2\">Je\u015bli szukasz firmy rekrutacyjnej, kt\u00f3ra rozumie budownictwo i posiada sie\u0107 kontakt\u00f3w rozci\u0105gaj\u0105c\u0105 si\u0119 od Halland po S\u00f6dermanland i nie tylko \u2013 skontaktuj si\u0119 z jednym z naszych biur w Sztokholmie, J\u00f6nk\u00f6ping, V\u00e4ster\u00e5s lub \u00d6rebro. Niezale\u017cnie od tego, czy szukasz jednorazowego wysi\u0142ku, czy powtarzaj\u0105cego si\u0119 rozwi\u0105zania. <\/p>\n<p class=\"p2\">Znajdujemy si\u0119 w:<\/p>\n<ul class=\"ul1\">\n<li class=\"li4\"><span class=\"s1\"><a href=\"https:\/\/jobzone.se\/vara-kontor\/jobzone-i-orebro\/\"><span class=\"s2\">\u00d6rebro<\/span><\/a><\/span><\/li>\n<li class=\"li4\"><span class=\"s1\"><a href=\"https:\/\/jobzone.se\/vara-kontor\/jobzone-i-stockholm\/\"><span class=\"s2\">Sztokholm<\/span><\/a><\/span><\/li>\n<li class=\"li4\"><span class=\"s1\"><a href=\"https:\/\/jobzone.se\/vara-kontor\/jobzone-i-vasteras\/\"><span class=\"s2\">V\u00e4ster\u00e5s powiedzia\u0142:<\/span><\/a><\/span><\/li>\n<li class=\"li4\"><span class=\"s1\"><a href=\"https:\/\/jobzone.se\/vara-kontor\/jobzone-i-jonkoping\/\"><span class=\"s2\">J\u00f6nk\u00f6ping<\/span><\/a><\/span><\/li>\n<\/ul>\n<p>     <\/p>\n","protected":false},"excerpt":{"rendered":"<p>Twoja autoryzowana firma rekrutacyjna w budownictwie i budownictwie Z nami zatrudniasz pracownik\u00f3w budowlanych, kt\u00f3rzy maj\u0105 wiele do zaoferowania \u2013 i kt\u00f3rzy b\u0119d\u0105 si\u0119 z Tob\u0105 dobrze czu\u0107. Niezale\u017cnie od tego, czy projekt jest d\u0142ugi, czy kr\u00f3tki, dbamy o to, aby personel by\u0142 mile widzianym elementem, w kt\u00f3rym Twoi stali pracownicy otrzymuj\u0105 mi\u0142y dodatek w postaci dodatkowych r\u0105k do pracy z [&hellip;]<\/p>\n","protected":false},"author":17,"featured_media":22420,"parent":22362,"menu_order":0,"comment_status":"closed","ping_status":"closed","template":"","meta":{"footnotes":""},"yoast_head":"<!-- This site is optimized with the Yoast SEO plugin v22.2 - https:\/\/yoast.com\/wordpress\/plugins\/seo\/ -->\n<title>Agencje pracy budowlanej - Efektywny obsada stanowisk budowlanych | Strefa pracy<\/title>\n<meta name=\"description\" content=\"Zatrudnienie w budownictwie i in\u017cynierii l\u0105dowej. Pomo\u017cemy Ci znale\u017a\u0107 odpowiednie umiej\u0119tno\u015bci do potrzeb, kt\u00f3re mog\u0105 pojawi\u0107 si\u0119 w bran\u017cy budowlanej. Skontaktuj si\u0119 z nami i uzyskaj pomoc ju\u017c dzi\u015b!\" \/>\n<meta name=\"robots\" content=\"index, follow, max-snippet:-1, max-image-preview:large, max-video-preview:-1\" \/>\n<link rel=\"canonical\" href=\"https:\/\/jobzone.se\/pl\/szukaj-pracownikow\/zawodow\/zatrudnienie-w-budownictwie\/\" \/>\n<meta property=\"og:locale\" content=\"pl_PL\" \/>\n<meta property=\"og:type\" content=\"article\" \/>\n<meta property=\"og:title\" content=\"Agencje pracy budowlanej - Efektywny obsada stanowisk budowlanych | Strefa pracy\" \/>\n<meta property=\"og:description\" content=\"Zatrudnienie w budownictwie i in\u017cynierii l\u0105dowej. Pomo\u017cemy Ci znale\u017a\u0107 odpowiednie umiej\u0119tno\u015bci do potrzeb, kt\u00f3re mog\u0105 pojawi\u0107 si\u0119 w bran\u017cy budowlanej. Skontaktuj si\u0119 z nami i uzyskaj pomoc ju\u017c dzi\u015b!\" \/>\n<meta property=\"og:url\" content=\"https:\/\/jobzone.se\/pl\/szukaj-pracownikow\/zawodow\/zatrudnienie-w-budownictwie\/\" \/>\n<meta property=\"og:site_name\" content=\"Jobzone\" \/>\n<meta property=\"article:publisher\" content=\"https:\/\/www.facebook.com\/JobzoneSverige\" \/>\n<meta property=\"article:modified_time\" content=\"2025-09-03T10:35:20+00:00\" \/>\n<meta property=\"og:image\" content=\"https:\/\/jobzone.se\/wp-content\/uploads\/2019\/03\/jobzone-yrkesomrade-bygg-och-anlaggning.jpg\" \/>\n\t<meta property=\"og:image:width\" content=\"1200\" \/>\n\t<meta property=\"og:image:height\" content=\"630\" \/>\n\t<meta property=\"og:image:type\" content=\"image\/jpeg\" \/>\n<meta name=\"twitter:label1\" content=\"Szacowany czas czytania\" \/>\n\t<meta name=\"twitter:data1\" content=\"8 minut\" \/>\n<script type=\"application\/ld+json\" class=\"yoast-schema-graph\">{\"@context\":\"https:\/\/schema.org\",\"@graph\":[{\"@type\":\"WebPage\",\"@id\":\"https:\/\/jobzone.se\/pl\/szukaj-pracownikow\/zawodow\/zatrudnienie-w-budownictwie\/\",\"url\":\"https:\/\/jobzone.se\/pl\/szukaj-pracownikow\/zawodow\/zatrudnienie-w-budownictwie\/\",\"name\":\"Agencje pracy budowlanej - Efektywny obsada stanowisk budowlanych | Strefa pracy\",\"isPartOf\":{\"@id\":\"https:\/\/jobzone.se\/pl\/#website\"},\"primaryImageOfPage\":{\"@id\":\"https:\/\/jobzone.se\/pl\/szukaj-pracownikow\/zawodow\/zatrudnienie-w-budownictwie\/#primaryimage\"},\"image\":{\"@id\":\"https:\/\/jobzone.se\/pl\/szukaj-pracownikow\/zawodow\/zatrudnienie-w-budownictwie\/#primaryimage\"},\"thumbnailUrl\":\"https:\/\/jobzone.se\/wp-content\/uploads\/2019\/03\/jobzone-yrkesomrade-bygg-och-anlaggning.jpg\",\"datePublished\":\"2019-04-07T12:14:08+00:00\",\"dateModified\":\"2025-09-03T10:35:20+00:00\",\"description\":\"Zatrudnienie w budownictwie i in\u017cynierii l\u0105dowej. Pomo\u017cemy Ci znale\u017a\u0107 odpowiednie umiej\u0119tno\u015bci do potrzeb, kt\u00f3re mog\u0105 pojawi\u0107 si\u0119 w bran\u017cy budowlanej. Skontaktuj si\u0119 z nami i uzyskaj pomoc ju\u017c dzi\u015b!\",\"breadcrumb\":{\"@id\":\"https:\/\/jobzone.se\/pl\/szukaj-pracownikow\/zawodow\/zatrudnienie-w-budownictwie\/#breadcrumb\"},\"inLanguage\":\"pl-PL\",\"potentialAction\":[{\"@type\":\"ReadAction\",\"target\":[\"https:\/\/jobzone.se\/pl\/szukaj-pracownikow\/zawodow\/zatrudnienie-w-budownictwie\/\"]}]},{\"@type\":\"ImageObject\",\"inLanguage\":\"pl-PL\",\"@id\":\"https:\/\/jobzone.se\/pl\/szukaj-pracownikow\/zawodow\/zatrudnienie-w-budownictwie\/#primaryimage\",\"url\":\"https:\/\/jobzone.se\/wp-content\/uploads\/2019\/03\/jobzone-yrkesomrade-bygg-och-anlaggning.jpg\",\"contentUrl\":\"https:\/\/jobzone.se\/wp-content\/uploads\/2019\/03\/jobzone-yrkesomrade-bygg-och-anlaggning.jpg\",\"width\":1200,\"height\":630},{\"@type\":\"BreadcrumbList\",\"@id\":\"https:\/\/jobzone.se\/pl\/szukaj-pracownikow\/zawodow\/zatrudnienie-w-budownictwie\/#breadcrumb\",\"itemListElement\":[{\"@type\":\"ListItem\",\"position\":1,\"name\":\"Szukaj pracownik\u00f3w\",\"item\":\"https:\/\/jobzone.se\/pl\/szukaj-pracownikow\/\"},{\"@type\":\"ListItem\",\"position\":2,\"name\":\"Zawod\u00f3w\",\"item\":\"https:\/\/jobzone.se\/pl\/szukaj-pracownikow\/zawodow\/\"},{\"@type\":\"ListItem\",\"position\":3,\"name\":\"Zatrudnienie w budownictwie\"}]},{\"@type\":\"WebSite\",\"@id\":\"https:\/\/jobzone.se\/pl\/#website\",\"url\":\"https:\/\/jobzone.se\/pl\/\",\"name\":\"Jobzone\",\"description\":\"Bemanning och Rekryteringsf\u00f6retaget Jobzone i Sverige\",\"publisher\":{\"@id\":\"https:\/\/jobzone.se\/pl\/#organization\"},\"potentialAction\":[{\"@type\":\"SearchAction\",\"target\":{\"@type\":\"EntryPoint\",\"urlTemplate\":\"https:\/\/jobzone.se\/pl\/?s={search_term_string}\"},\"query-input\":\"required name=search_term_string\"}],\"inLanguage\":\"pl-PL\"},{\"@type\":\"Organization\",\"@id\":\"https:\/\/jobzone.se\/pl\/#organization\",\"name\":\"Jobzone\",\"url\":\"https:\/\/jobzone.se\/pl\/\",\"logo\":{\"@type\":\"ImageObject\",\"inLanguage\":\"pl-PL\",\"@id\":\"https:\/\/jobzone.se\/pl\/#\/schema\/logo\/image\/\",\"url\":\"https:\/\/jobzone.se\/wp-content\/uploads\/2019\/02\/jobzone-logo-web.jpg\",\"contentUrl\":\"https:\/\/jobzone.se\/wp-content\/uploads\/2019\/02\/jobzone-logo-web.jpg\",\"width\":145,\"height\":146,\"caption\":\"Jobzone\"},\"image\":{\"@id\":\"https:\/\/jobzone.se\/pl\/#\/schema\/logo\/image\/\"},\"sameAs\":[\"https:\/\/www.facebook.com\/JobzoneSverige\"]}]}<\/script>\n<!-- \/ Yoast SEO plugin. -->","yoast_head_json":{"title":"Agencje pracy budowlanej - Efektywny obsada stanowisk budowlanych | Strefa pracy","description":"Zatrudnienie w budownictwie i in\u017cynierii l\u0105dowej. Pomo\u017cemy Ci znale\u017a\u0107 odpowiednie umiej\u0119tno\u015bci do potrzeb, kt\u00f3re mog\u0105 pojawi\u0107 si\u0119 w bran\u017cy budowlanej. Skontaktuj si\u0119 z nami i uzyskaj pomoc ju\u017c dzi\u015b!","robots":{"index":"index","follow":"follow","max-snippet":"max-snippet:-1","max-image-preview":"max-image-preview:large","max-video-preview":"max-video-preview:-1"},"canonical":"https:\/\/jobzone.se\/pl\/szukaj-pracownikow\/zawodow\/zatrudnienie-w-budownictwie\/","og_locale":"pl_PL","og_type":"article","og_title":"Agencje pracy budowlanej - Efektywny obsada stanowisk budowlanych | Strefa pracy","og_description":"Zatrudnienie w budownictwie i in\u017cynierii l\u0105dowej. Pomo\u017cemy Ci znale\u017a\u0107 odpowiednie umiej\u0119tno\u015bci do potrzeb, kt\u00f3re mog\u0105 pojawi\u0107 si\u0119 w bran\u017cy budowlanej. Skontaktuj si\u0119 z nami i uzyskaj pomoc ju\u017c dzi\u015b!","og_url":"https:\/\/jobzone.se\/pl\/szukaj-pracownikow\/zawodow\/zatrudnienie-w-budownictwie\/","og_site_name":"Jobzone","article_publisher":"https:\/\/www.facebook.com\/JobzoneSverige","article_modified_time":"2025-09-03T10:35:20+00:00","og_image":[{"width":1200,"height":630,"url":"https:\/\/jobzone.se\/wp-content\/uploads\/2019\/03\/jobzone-yrkesomrade-bygg-och-anlaggning.jpg","type":"image\/jpeg"}],"twitter_misc":{"Szacowany czas czytania":"8 minut"},"schema":{"@context":"https:\/\/schema.org","@graph":[{"@type":"WebPage","@id":"https:\/\/jobzone.se\/pl\/szukaj-pracownikow\/zawodow\/zatrudnienie-w-budownictwie\/","url":"https:\/\/jobzone.se\/pl\/szukaj-pracownikow\/zawodow\/zatrudnienie-w-budownictwie\/","name":"Agencje pracy budowlanej - Efektywny obsada stanowisk budowlanych | Strefa pracy","isPartOf":{"@id":"https:\/\/jobzone.se\/pl\/#website"},"primaryImageOfPage":{"@id":"https:\/\/jobzone.se\/pl\/szukaj-pracownikow\/zawodow\/zatrudnienie-w-budownictwie\/#primaryimage"},"image":{"@id":"https:\/\/jobzone.se\/pl\/szukaj-pracownikow\/zawodow\/zatrudnienie-w-budownictwie\/#primaryimage"},"thumbnailUrl":"https:\/\/jobzone.se\/wp-content\/uploads\/2019\/03\/jobzone-yrkesomrade-bygg-och-anlaggning.jpg","datePublished":"2019-04-07T12:14:08+00:00","dateModified":"2025-09-03T10:35:20+00:00","description":"Zatrudnienie w budownictwie i in\u017cynierii l\u0105dowej. Pomo\u017cemy Ci znale\u017a\u0107 odpowiednie umiej\u0119tno\u015bci do potrzeb, kt\u00f3re mog\u0105 pojawi\u0107 si\u0119 w bran\u017cy budowlanej. Skontaktuj si\u0119 z nami i uzyskaj pomoc ju\u017c dzi\u015b!","breadcrumb":{"@id":"https:\/\/jobzone.se\/pl\/szukaj-pracownikow\/zawodow\/zatrudnienie-w-budownictwie\/#breadcrumb"},"inLanguage":"pl-PL","potentialAction":[{"@type":"ReadAction","target":["https:\/\/jobzone.se\/pl\/szukaj-pracownikow\/zawodow\/zatrudnienie-w-budownictwie\/"]}]},{"@type":"ImageObject","inLanguage":"pl-PL","@id":"https:\/\/jobzone.se\/pl\/szukaj-pracownikow\/zawodow\/zatrudnienie-w-budownictwie\/#primaryimage","url":"https:\/\/jobzone.se\/wp-content\/uploads\/2019\/03\/jobzone-yrkesomrade-bygg-och-anlaggning.jpg","contentUrl":"https:\/\/jobzone.se\/wp-content\/uploads\/2019\/03\/jobzone-yrkesomrade-bygg-och-anlaggning.jpg","width":1200,"height":630},{"@type":"BreadcrumbList","@id":"https:\/\/jobzone.se\/pl\/szukaj-pracownikow\/zawodow\/zatrudnienie-w-budownictwie\/#breadcrumb","itemListElement":[{"@type":"ListItem","position":1,"name":"Szukaj pracownik\u00f3w","item":"https:\/\/jobzone.se\/pl\/szukaj-pracownikow\/"},{"@type":"ListItem","position":2,"name":"Zawod\u00f3w","item":"https:\/\/jobzone.se\/pl\/szukaj-pracownikow\/zawodow\/"},{"@type":"ListItem","position":3,"name":"Zatrudnienie w budownictwie"}]},{"@type":"WebSite","@id":"https:\/\/jobzone.se\/pl\/#website","url":"https:\/\/jobzone.se\/pl\/","name":"Jobzone","description":"Bemanning och Rekryteringsf\u00f6retaget Jobzone i Sverige","publisher":{"@id":"https:\/\/jobzone.se\/pl\/#organization"},"potentialAction":[{"@type":"SearchAction","target":{"@type":"EntryPoint","urlTemplate":"https:\/\/jobzone.se\/pl\/?s={search_term_string}"},"query-input":"required name=search_term_string"}],"inLanguage":"pl-PL"},{"@type":"Organization","@id":"https:\/\/jobzone.se\/pl\/#organization","name":"Jobzone","url":"https:\/\/jobzone.se\/pl\/","logo":{"@type":"ImageObject","inLanguage":"pl-PL","@id":"https:\/\/jobzone.se\/pl\/#\/schema\/logo\/image\/","url":"https:\/\/jobzone.se\/wp-content\/uploads\/2019\/02\/jobzone-logo-web.jpg","contentUrl":"https:\/\/jobzone.se\/wp-content\/uploads\/2019\/02\/jobzone-logo-web.jpg","width":145,"height":146,"caption":"Jobzone"},"image":{"@id":"https:\/\/jobzone.se\/pl\/#\/schema\/logo\/image\/"},"sameAs":["https:\/\/www.facebook.com\/JobzoneSverige"]}]}},"_links":{"self":[{"href":"https:\/\/jobzone.se\/pl\/wp-json\/wp\/v2\/pages\/22419"}],"collection":[{"href":"https:\/\/jobzone.se\/pl\/wp-json\/wp\/v2\/pages"}],"about":[{"href":"https:\/\/jobzone.se\/pl\/wp-json\/wp\/v2\/types\/page"}],"author":[{"embeddable":true,"href":"https:\/\/jobzone.se\/pl\/wp-json\/wp\/v2\/users\/17"}],"replies":[{"embeddable":true,"href":"https:\/\/jobzone.se\/pl\/wp-json\/wp\/v2\/comments?post=22419"}],"version-history":[{"count":2,"href":"https:\/\/jobzone.se\/pl\/wp-json\/wp\/v2\/pages\/22419\/revisions"}],"predecessor-version":[{"id":22422,"href":"https:\/\/jobzone.se\/pl\/wp-json\/wp\/v2\/pages\/22419\/revisions\/22422"}],"up":[{"embeddable":true,"href":"https:\/\/jobzone.se\/pl\/wp-json\/wp\/v2\/pages\/22362"}],"wp:featuredmedia":[{"embeddable":true,"href":"https:\/\/jobzone.se\/pl\/wp-json\/wp\/v2\/media\/22420"}],"wp:attachment":[{"href":"https:\/\/jobzone.se\/pl\/wp-json\/wp\/v2\/media?parent=22419"}],"curies":[{"name":"wp","href":"https:\/\/api.w.org\/{rel}","templated":true}]}}