{"id":22431,"date":"2019-04-08T12:33:39","date_gmt":"2019-04-08T10:33:39","guid":{"rendered":"https:\/\/jobzone.se\/szukaj-pracownikow\/zawodow\/rekrutacja-it\/"},"modified":"2025-09-03T12:35:22","modified_gmt":"2025-09-03T10:35:22","slug":"rekrutacja-it","status":"publish","type":"page","link":"https:\/\/jobzone.se\/pl\/szukaj-pracownikow\/zawodow\/rekrutacja-it\/","title":{"rendered":"Rekrutacja IT"},"content":{"rendered":"<p>  <\/p>\n<p class=\"gen-page-title\"><img loading=\"lazy\" decoding=\"async\" class=\"alignnone size-full wp-image-19881\" src=\"https:\/\/jobzone.se\/wp-content\/uploads\/2022\/06\/header_juni.jpg\" alt=\"\" width=\"768\" height=\"403\" srcset=\"https:\/\/jobzone.se\/wp-content\/uploads\/2022\/06\/header_juni.jpg 768w, https:\/\/jobzone.se\/wp-content\/uploads\/2022\/06\/header_juni-300x157.jpg 300w\" sizes=\"(max-width: 768px) 100vw, 768px\" \/><\/p>\n<h2 class=\"p1\">Rekrutacja IT<\/h2>\n<p>Wraz z rozwojem cyfrowym spo\u0142ecze\u0144stwa post\u0119puj\u0105cym w zawrotnym tempie, stale pojawiaj\u0105 si\u0119 nowe miejsca pracy w IT i ro\u015bnie zapotrzebowanie na rekrutacj\u0119 IT. Jednocze\u015bnie obecne role zawodowe s\u0105 stale rozwijane, a bran\u017ca bardzo potrzebuje nowej si\u0142y roboczej. W<a href=\"https:\/\/jobzone.se\/pl\/\" target=\"_blank\" rel=\"noopener\"> Jobzone<\/a> pomo\u017cemy Ci zidentyfikowa\u0107 potencja\u0142 w Twoich przysz\u0142ych pracownikach i w ten spos\u00f3b zapewnimy, \u017ce otrzymasz osob\u0119, kt\u00f3ra jest zmotywowana i mo\u017ce szybko nauczy\u0107 si\u0119 nowych rzeczy.  <\/p>\n<h4>Przyk\u0142adowe us\u0142ugi w IT:<\/h4>\n<ul>\n<li class=\"p1\">Wsparcie informatyczne<\/li>\n<li class=\"p1\">Administrator systemu<\/li>\n<li class=\"p1\">Programista RPA<\/li>\n<li class=\"p1\">Deweloperzy<\/li>\n<li class=\"p1\">Projektant UX<\/li>\n<li class=\"p1\">Tester<\/li>\n<li class=\"p1\">Kierownik projektu<\/li>\n<\/ul>\n<p>      <\/p>\n","protected":false},"excerpt":{"rendered":"<p>Rekrutacja IT Wraz z rozwojem cyfrowym spo\u0142ecze\u0144stwa post\u0119puj\u0105cym w zawrotnym tempie, stale pojawiaj\u0105 si\u0119 nowe miejsca pracy w IT i ro\u015bnie zapotrzebowanie na rekrutacj\u0119 IT. Jednocze\u015bnie obecne role zawodowe s\u0105 stale rozwijane, a bran\u017ca bardzo potrzebuje nowej si\u0142y roboczej. W Jobzone pomo\u017cemy Ci zidentyfikowa\u0107 potencja\u0142 w Twoich przysz\u0142ych pracownikach i w ten spos\u00f3b zapewnimy, \u017ce otrzymasz osob\u0119, kt\u00f3ra jest zmotywowana [&hellip;]<\/p>\n","protected":false},"author":17,"featured_media":22432,"parent":22362,"menu_order":0,"comment_status":"closed","ping_status":"closed","template":"","meta":{"footnotes":""},"yoast_head":"<!-- This site is optimized with the Yoast SEO plugin v22.2 - https:\/\/yoast.com\/wordpress\/plugins\/seo\/ -->\n<title>Rekrutacja IT | Rekrutacja w IT |%Nazwa witryny%% | Strefa pracy<\/title>\n<meta name=\"description\" content=\"Chcesz odnie\u015b\u0107 sukces w rekrutacji IT? Jobzone znajduje zmotywowanych kandydat\u00f3w, kt\u00f3rzy szybko przekonuj\u0105 si\u0119 do Ciebie. Dowiedz si\u0119 wi\u0119cej o tym, co mo\u017cemy dla Ciebie zrobi\u0107!\" \/>\n<meta name=\"robots\" content=\"index, follow, max-snippet:-1, max-image-preview:large, max-video-preview:-1\" \/>\n<link rel=\"canonical\" href=\"https:\/\/jobzone.se\/pl\/szukaj-pracownikow\/zawodow\/rekrutacja-it\/\" \/>\n<meta property=\"og:locale\" content=\"pl_PL\" \/>\n<meta property=\"og:type\" content=\"article\" \/>\n<meta property=\"og:title\" content=\"Rekrutacja IT | Rekrutacja w IT |%Nazwa witryny%% | Strefa pracy\" \/>\n<meta property=\"og:description\" content=\"Chcesz odnie\u015b\u0107 sukces w rekrutacji IT? Jobzone znajduje zmotywowanych kandydat\u00f3w, kt\u00f3rzy szybko przekonuj\u0105 si\u0119 do Ciebie. Dowiedz si\u0119 wi\u0119cej o tym, co mo\u017cemy dla Ciebie zrobi\u0107!\" \/>\n<meta property=\"og:url\" content=\"https:\/\/jobzone.se\/pl\/szukaj-pracownikow\/zawodow\/rekrutacja-it\/\" \/>\n<meta property=\"og:site_name\" content=\"Jobzone\" \/>\n<meta property=\"article:publisher\" content=\"https:\/\/www.facebook.com\/JobzoneSverige\" \/>\n<meta property=\"article:modified_time\" content=\"2025-09-03T10:35:22+00:00\" \/>\n<meta property=\"og:image\" content=\"https:\/\/jobzone.se\/wp-content\/uploads\/2022\/06\/header_juni.jpg\" \/>\n\t<meta property=\"og:image:width\" content=\"768\" \/>\n\t<meta property=\"og:image:height\" content=\"403\" \/>\n\t<meta property=\"og:image:type\" content=\"image\/jpeg\" \/>\n<meta name=\"twitter:label1\" content=\"Szacowany czas czytania\" \/>\n\t<meta name=\"twitter:data1\" content=\"2 minuty\" \/>\n<script type=\"application\/ld+json\" class=\"yoast-schema-graph\">{\"@context\":\"https:\/\/schema.org\",\"@graph\":[{\"@type\":\"WebPage\",\"@id\":\"https:\/\/jobzone.se\/pl\/szukaj-pracownikow\/zawodow\/rekrutacja-it\/\",\"url\":\"https:\/\/jobzone.se\/pl\/szukaj-pracownikow\/zawodow\/rekrutacja-it\/\",\"name\":\"Rekrutacja IT | Rekrutacja w IT |%Nazwa witryny%% | Strefa pracy\",\"isPartOf\":{\"@id\":\"https:\/\/jobzone.se\/pl\/#website\"},\"primaryImageOfPage\":{\"@id\":\"https:\/\/jobzone.se\/pl\/szukaj-pracownikow\/zawodow\/rekrutacja-it\/#primaryimage\"},\"image\":{\"@id\":\"https:\/\/jobzone.se\/pl\/szukaj-pracownikow\/zawodow\/rekrutacja-it\/#primaryimage\"},\"thumbnailUrl\":\"https:\/\/jobzone.se\/wp-content\/uploads\/2022\/06\/header_juni.jpg\",\"datePublished\":\"2019-04-08T10:33:39+00:00\",\"dateModified\":\"2025-09-03T10:35:22+00:00\",\"description\":\"Chcesz odnie\u015b\u0107 sukces w rekrutacji IT? Jobzone znajduje zmotywowanych kandydat\u00f3w, kt\u00f3rzy szybko przekonuj\u0105 si\u0119 do Ciebie. Dowiedz si\u0119 wi\u0119cej o tym, co mo\u017cemy dla Ciebie zrobi\u0107!\",\"breadcrumb\":{\"@id\":\"https:\/\/jobzone.se\/pl\/szukaj-pracownikow\/zawodow\/rekrutacja-it\/#breadcrumb\"},\"inLanguage\":\"pl-PL\",\"potentialAction\":[{\"@type\":\"ReadAction\",\"target\":[\"https:\/\/jobzone.se\/pl\/szukaj-pracownikow\/zawodow\/rekrutacja-it\/\"]}]},{\"@type\":\"ImageObject\",\"inLanguage\":\"pl-PL\",\"@id\":\"https:\/\/jobzone.se\/pl\/szukaj-pracownikow\/zawodow\/rekrutacja-it\/#primaryimage\",\"url\":\"https:\/\/jobzone.se\/wp-content\/uploads\/2022\/06\/header_juni.jpg\",\"contentUrl\":\"https:\/\/jobzone.se\/wp-content\/uploads\/2022\/06\/header_juni.jpg\",\"width\":768,\"height\":403},{\"@type\":\"BreadcrumbList\",\"@id\":\"https:\/\/jobzone.se\/pl\/szukaj-pracownikow\/zawodow\/rekrutacja-it\/#breadcrumb\",\"itemListElement\":[{\"@type\":\"ListItem\",\"position\":1,\"name\":\"Szukaj pracownik\u00f3w\",\"item\":\"https:\/\/jobzone.se\/pl\/szukaj-pracownikow\/\"},{\"@type\":\"ListItem\",\"position\":2,\"name\":\"Zawod\u00f3w\",\"item\":\"https:\/\/jobzone.se\/pl\/szukaj-pracownikow\/zawodow\/\"},{\"@type\":\"ListItem\",\"position\":3,\"name\":\"Rekrutacja IT\"}]},{\"@type\":\"WebSite\",\"@id\":\"https:\/\/jobzone.se\/pl\/#website\",\"url\":\"https:\/\/jobzone.se\/pl\/\",\"name\":\"Jobzone\",\"description\":\"Bemanning och Rekryteringsf\u00f6retaget Jobzone i Sverige\",\"publisher\":{\"@id\":\"https:\/\/jobzone.se\/pl\/#organization\"},\"potentialAction\":[{\"@type\":\"SearchAction\",\"target\":{\"@type\":\"EntryPoint\",\"urlTemplate\":\"https:\/\/jobzone.se\/pl\/?s={search_term_string}\"},\"query-input\":\"required name=search_term_string\"}],\"inLanguage\":\"pl-PL\"},{\"@type\":\"Organization\",\"@id\":\"https:\/\/jobzone.se\/pl\/#organization\",\"name\":\"Jobzone\",\"url\":\"https:\/\/jobzone.se\/pl\/\",\"logo\":{\"@type\":\"ImageObject\",\"inLanguage\":\"pl-PL\",\"@id\":\"https:\/\/jobzone.se\/pl\/#\/schema\/logo\/image\/\",\"url\":\"https:\/\/jobzone.se\/wp-content\/uploads\/2019\/02\/jobzone-logo-web.jpg\",\"contentUrl\":\"https:\/\/jobzone.se\/wp-content\/uploads\/2019\/02\/jobzone-logo-web.jpg\",\"width\":145,\"height\":146,\"caption\":\"Jobzone\"},\"image\":{\"@id\":\"https:\/\/jobzone.se\/pl\/#\/schema\/logo\/image\/\"},\"sameAs\":[\"https:\/\/www.facebook.com\/JobzoneSverige\"]}]}<\/script>\n<!-- \/ Yoast SEO plugin. -->","yoast_head_json":{"title":"Rekrutacja IT | Rekrutacja w IT |%Nazwa witryny%% | Strefa pracy","description":"Chcesz odnie\u015b\u0107 sukces w rekrutacji IT? Jobzone znajduje zmotywowanych kandydat\u00f3w, kt\u00f3rzy szybko przekonuj\u0105 si\u0119 do Ciebie. Dowiedz si\u0119 wi\u0119cej o tym, co mo\u017cemy dla Ciebie zrobi\u0107!","robots":{"index":"index","follow":"follow","max-snippet":"max-snippet:-1","max-image-preview":"max-image-preview:large","max-video-preview":"max-video-preview:-1"},"canonical":"https:\/\/jobzone.se\/pl\/szukaj-pracownikow\/zawodow\/rekrutacja-it\/","og_locale":"pl_PL","og_type":"article","og_title":"Rekrutacja IT | Rekrutacja w IT |%Nazwa witryny%% | Strefa pracy","og_description":"Chcesz odnie\u015b\u0107 sukces w rekrutacji IT? Jobzone znajduje zmotywowanych kandydat\u00f3w, kt\u00f3rzy szybko przekonuj\u0105 si\u0119 do Ciebie. Dowiedz si\u0119 wi\u0119cej o tym, co mo\u017cemy dla Ciebie zrobi\u0107!","og_url":"https:\/\/jobzone.se\/pl\/szukaj-pracownikow\/zawodow\/rekrutacja-it\/","og_site_name":"Jobzone","article_publisher":"https:\/\/www.facebook.com\/JobzoneSverige","article_modified_time":"2025-09-03T10:35:22+00:00","og_image":[{"width":768,"height":403,"url":"https:\/\/jobzone.se\/wp-content\/uploads\/2022\/06\/header_juni.jpg","type":"image\/jpeg"}],"twitter_misc":{"Szacowany czas czytania":"2 minuty"},"schema":{"@context":"https:\/\/schema.org","@graph":[{"@type":"WebPage","@id":"https:\/\/jobzone.se\/pl\/szukaj-pracownikow\/zawodow\/rekrutacja-it\/","url":"https:\/\/jobzone.se\/pl\/szukaj-pracownikow\/zawodow\/rekrutacja-it\/","name":"Rekrutacja IT | Rekrutacja w IT |%Nazwa witryny%% | Strefa pracy","isPartOf":{"@id":"https:\/\/jobzone.se\/pl\/#website"},"primaryImageOfPage":{"@id":"https:\/\/jobzone.se\/pl\/szukaj-pracownikow\/zawodow\/rekrutacja-it\/#primaryimage"},"image":{"@id":"https:\/\/jobzone.se\/pl\/szukaj-pracownikow\/zawodow\/rekrutacja-it\/#primaryimage"},"thumbnailUrl":"https:\/\/jobzone.se\/wp-content\/uploads\/2022\/06\/header_juni.jpg","datePublished":"2019-04-08T10:33:39+00:00","dateModified":"2025-09-03T10:35:22+00:00","description":"Chcesz odnie\u015b\u0107 sukces w rekrutacji IT? Jobzone znajduje zmotywowanych kandydat\u00f3w, kt\u00f3rzy szybko przekonuj\u0105 si\u0119 do Ciebie. Dowiedz si\u0119 wi\u0119cej o tym, co mo\u017cemy dla Ciebie zrobi\u0107!","breadcrumb":{"@id":"https:\/\/jobzone.se\/pl\/szukaj-pracownikow\/zawodow\/rekrutacja-it\/#breadcrumb"},"inLanguage":"pl-PL","potentialAction":[{"@type":"ReadAction","target":["https:\/\/jobzone.se\/pl\/szukaj-pracownikow\/zawodow\/rekrutacja-it\/"]}]},{"@type":"ImageObject","inLanguage":"pl-PL","@id":"https:\/\/jobzone.se\/pl\/szukaj-pracownikow\/zawodow\/rekrutacja-it\/#primaryimage","url":"https:\/\/jobzone.se\/wp-content\/uploads\/2022\/06\/header_juni.jpg","contentUrl":"https:\/\/jobzone.se\/wp-content\/uploads\/2022\/06\/header_juni.jpg","width":768,"height":403},{"@type":"BreadcrumbList","@id":"https:\/\/jobzone.se\/pl\/szukaj-pracownikow\/zawodow\/rekrutacja-it\/#breadcrumb","itemListElement":[{"@type":"ListItem","position":1,"name":"Szukaj pracownik\u00f3w","item":"https:\/\/jobzone.se\/pl\/szukaj-pracownikow\/"},{"@type":"ListItem","position":2,"name":"Zawod\u00f3w","item":"https:\/\/jobzone.se\/pl\/szukaj-pracownikow\/zawodow\/"},{"@type":"ListItem","position":3,"name":"Rekrutacja IT"}]},{"@type":"WebSite","@id":"https:\/\/jobzone.se\/pl\/#website","url":"https:\/\/jobzone.se\/pl\/","name":"Jobzone","description":"Bemanning och Rekryteringsf\u00f6retaget Jobzone i Sverige","publisher":{"@id":"https:\/\/jobzone.se\/pl\/#organization"},"potentialAction":[{"@type":"SearchAction","target":{"@type":"EntryPoint","urlTemplate":"https:\/\/jobzone.se\/pl\/?s={search_term_string}"},"query-input":"required name=search_term_string"}],"inLanguage":"pl-PL"},{"@type":"Organization","@id":"https:\/\/jobzone.se\/pl\/#organization","name":"Jobzone","url":"https:\/\/jobzone.se\/pl\/","logo":{"@type":"ImageObject","inLanguage":"pl-PL","@id":"https:\/\/jobzone.se\/pl\/#\/schema\/logo\/image\/","url":"https:\/\/jobzone.se\/wp-content\/uploads\/2019\/02\/jobzone-logo-web.jpg","contentUrl":"https:\/\/jobzone.se\/wp-content\/uploads\/2019\/02\/jobzone-logo-web.jpg","width":145,"height":146,"caption":"Jobzone"},"image":{"@id":"https:\/\/jobzone.se\/pl\/#\/schema\/logo\/image\/"},"sameAs":["https:\/\/www.facebook.com\/JobzoneSverige"]}]}},"_links":{"self":[{"href":"https:\/\/jobzone.se\/pl\/wp-json\/wp\/v2\/pages\/22431"}],"collection":[{"href":"https:\/\/jobzone.se\/pl\/wp-json\/wp\/v2\/pages"}],"about":[{"href":"https:\/\/jobzone.se\/pl\/wp-json\/wp\/v2\/types\/page"}],"author":[{"embeddable":true,"href":"https:\/\/jobzone.se\/pl\/wp-json\/wp\/v2\/users\/17"}],"replies":[{"embeddable":true,"href":"https:\/\/jobzone.se\/pl\/wp-json\/wp\/v2\/comments?post=22431"}],"version-history":[{"count":2,"href":"https:\/\/jobzone.se\/pl\/wp-json\/wp\/v2\/pages\/22431\/revisions"}],"predecessor-version":[{"id":22434,"href":"https:\/\/jobzone.se\/pl\/wp-json\/wp\/v2\/pages\/22431\/revisions\/22434"}],"up":[{"embeddable":true,"href":"https:\/\/jobzone.se\/pl\/wp-json\/wp\/v2\/pages\/22362"}],"wp:featuredmedia":[{"embeddable":true,"href":"https:\/\/jobzone.se\/pl\/wp-json\/wp\/v2\/media\/22432"}],"wp:attachment":[{"href":"https:\/\/jobzone.se\/pl\/wp-json\/wp\/v2\/media?parent=22431"}],"curies":[{"name":"wp","href":"https:\/\/api.w.org\/{rel}","templated":true}]}}