{"id":22457,"date":"2019-04-08T12:26:01","date_gmt":"2019-04-08T10:26:01","guid":{"rendered":"https:\/\/jobzone.se\/szukaj-pracownikow\/zawodow\/rekrutacja-hr\/"},"modified":"2025-09-03T12:35:26","modified_gmt":"2025-09-03T10:35:26","slug":"rekrutacja-hr","status":"publish","type":"page","link":"https:\/\/jobzone.se\/pl\/szukaj-pracownikow\/zawodow\/rekrutacja-hr\/","title":{"rendered":"Rekrutacja HR"},"content":{"rendered":"<p>  <\/p>\n<p class=\"gen-page-title\"><img loading=\"lazy\" decoding=\"async\" class=\"alignnone wp-image-4285 size-full\" src=\"https:\/\/jobzone.se\/wp-content\/uploads\/2019\/04\/jobzone-yrkesomrade-hr.jpg\" alt=\"\" width=\"768\" height=\"403\" srcset=\"https:\/\/jobzone.se\/wp-content\/uploads\/2019\/04\/jobzone-yrkesomrade-hr.jpg 768w, https:\/\/jobzone.se\/wp-content\/uploads\/2019\/04\/jobzone-yrkesomrade-hr-300x157.jpg 300w\" sizes=\"(max-width: 768px) 100vw, 768px\" \/><\/p>\n<h2 class=\"p1\">Rekrutacja HR<\/h2>\n<p>Umiej\u0119tno\u015b\u0107 przyci\u0105gania, rekrutacji, rozwoju i zatrzymywania odpowiednich pracownik\u00f3w to dzi\u015b najwa\u017cniejszy obszar dla firm \u2013 praca, w kt\u00f3rej HR jest ekspertem. Wsp\u00f3\u0142pracujemy z pracownikami, kt\u00f3rzy znaj\u0105 si\u0119 na zarz\u0105dzaniu zmian\u0105, mapowaniu organizacji, rozwoju organizacyjnym i reorganizacji, prowadz\u0105c negocjacje ze zwi\u0105zkami zawodowymi, a tak\u017ce poruszaj\u0105c kwestie prawa pracy w ca\u0142ym obszarze. <\/p>\n<p>Posiadamy r\u00f3wnie\u017c <a href=\"https:\/\/jobzone.se\/pl\/\" target=\"_blank\" rel=\"noopener\">Jobzone<\/a> Club HR, dzi\u0119ki kt\u00f3remu jeste\u015bmy na bie\u017c\u0105co z tym, co dzieje si\u0119 w Waszych organizacjach, w Waszej codzienno\u015bci, z Waszymi wyzwaniami. Zapraszamy do zarejestrowania swojego zainteresowania mo\u017cliwo\u015bci\u0105 zostania wybranym. <\/p>\n<h4>Przyk\u0142adowe stanowiska w HR:<\/h4>\n<ul>\n<li class=\"p1\">Kierownik ds. zasob\u00f3w ludzkich<\/li>\n<li class=\"p1\">Dyrektor ds. Personalnych<\/li>\n<li class=\"p1\">HR Administrator<\/li>\n<li class=\"p1\">Kierownik Projektu HR<\/li>\n<li class=\"p1\">Rekrutacj\u0119<\/li>\n<\/ul>\n<p>      <\/p>\n","protected":false},"excerpt":{"rendered":"<p>Rekrutacja HR Umiej\u0119tno\u015b\u0107 przyci\u0105gania, rekrutacji, rozwoju i zatrzymywania odpowiednich pracownik\u00f3w to dzi\u015b najwa\u017cniejszy obszar dla firm \u2013 praca, w kt\u00f3rej HR jest ekspertem. Wsp\u00f3\u0142pracujemy z pracownikami, kt\u00f3rzy znaj\u0105 si\u0119 na zarz\u0105dzaniu zmian\u0105, mapowaniu organizacji, rozwoju organizacyjnym i reorganizacji, prowadz\u0105c negocjacje ze zwi\u0105zkami zawodowymi, a tak\u017ce poruszaj\u0105c kwestie prawa pracy w ca\u0142ym obszarze. Posiadamy r\u00f3wnie\u017c Jobzone Club HR, dzi\u0119ki kt\u00f3remu jeste\u015bmy [&hellip;]<\/p>\n","protected":false},"author":17,"featured_media":22458,"parent":22362,"menu_order":0,"comment_status":"closed","ping_status":"closed","template":"","meta":{"footnotes":""},"yoast_head":"<!-- This site is optimized with the Yoast SEO plugin v22.2 - https:\/\/yoast.com\/wordpress\/plugins\/seo\/ -->\n<title>Rekrutacja HR | Personel HR |%Nazwa witryny%%<\/title>\n<meta name=\"description\" content=\"Chcesz odnie\u015b\u0107 sukces w rekrutacji HR? Jobzone znajduje zmotywowanych kandydat\u00f3w, kt\u00f3rzy szybko przekonuj\u0105 si\u0119 do Ciebie. Dowiedz si\u0119 wi\u0119cej o tym, co mo\u017cemy dla Ciebie zrobi\u0107!\" \/>\n<meta name=\"robots\" content=\"index, follow, max-snippet:-1, max-image-preview:large, max-video-preview:-1\" \/>\n<link rel=\"canonical\" href=\"https:\/\/jobzone.se\/pl\/szukaj-pracownikow\/zawodow\/rekrutacja-hr\/\" \/>\n<meta property=\"og:locale\" content=\"pl_PL\" \/>\n<meta property=\"og:type\" content=\"article\" \/>\n<meta property=\"og:title\" content=\"Rekrutacja HR | Personel HR |%Nazwa witryny%%\" \/>\n<meta property=\"og:description\" content=\"Chcesz odnie\u015b\u0107 sukces w rekrutacji HR? Jobzone znajduje zmotywowanych kandydat\u00f3w, kt\u00f3rzy szybko przekonuj\u0105 si\u0119 do Ciebie. Dowiedz si\u0119 wi\u0119cej o tym, co mo\u017cemy dla Ciebie zrobi\u0107!\" \/>\n<meta property=\"og:url\" content=\"https:\/\/jobzone.se\/pl\/szukaj-pracownikow\/zawodow\/rekrutacja-hr\/\" \/>\n<meta property=\"og:site_name\" content=\"Jobzone\" \/>\n<meta property=\"article:publisher\" content=\"https:\/\/www.facebook.com\/JobzoneSverige\" \/>\n<meta property=\"article:modified_time\" content=\"2025-09-03T10:35:26+00:00\" \/>\n<meta property=\"og:image\" content=\"https:\/\/jobzone.se\/wp-content\/uploads\/2019\/04\/jobzone-yrkesomrade-hr.jpg\" \/>\n\t<meta property=\"og:image:width\" content=\"768\" \/>\n\t<meta property=\"og:image:height\" content=\"403\" \/>\n\t<meta property=\"og:image:type\" content=\"image\/jpeg\" \/>\n<meta name=\"twitter:label1\" content=\"Szacowany czas czytania\" \/>\n\t<meta name=\"twitter:data1\" content=\"2 minuty\" \/>\n<script type=\"application\/ld+json\" class=\"yoast-schema-graph\">{\"@context\":\"https:\/\/schema.org\",\"@graph\":[{\"@type\":\"WebPage\",\"@id\":\"https:\/\/jobzone.se\/pl\/szukaj-pracownikow\/zawodow\/rekrutacja-hr\/\",\"url\":\"https:\/\/jobzone.se\/pl\/szukaj-pracownikow\/zawodow\/rekrutacja-hr\/\",\"name\":\"Rekrutacja HR | Personel HR |%Nazwa witryny%%\",\"isPartOf\":{\"@id\":\"https:\/\/jobzone.se\/pl\/#website\"},\"primaryImageOfPage\":{\"@id\":\"https:\/\/jobzone.se\/pl\/szukaj-pracownikow\/zawodow\/rekrutacja-hr\/#primaryimage\"},\"image\":{\"@id\":\"https:\/\/jobzone.se\/pl\/szukaj-pracownikow\/zawodow\/rekrutacja-hr\/#primaryimage\"},\"thumbnailUrl\":\"https:\/\/jobzone.se\/wp-content\/uploads\/2019\/04\/jobzone-yrkesomrade-hr.jpg\",\"datePublished\":\"2019-04-08T10:26:01+00:00\",\"dateModified\":\"2025-09-03T10:35:26+00:00\",\"description\":\"Chcesz odnie\u015b\u0107 sukces w rekrutacji HR? Jobzone znajduje zmotywowanych kandydat\u00f3w, kt\u00f3rzy szybko przekonuj\u0105 si\u0119 do Ciebie. Dowiedz si\u0119 wi\u0119cej o tym, co mo\u017cemy dla Ciebie zrobi\u0107!\",\"breadcrumb\":{\"@id\":\"https:\/\/jobzone.se\/pl\/szukaj-pracownikow\/zawodow\/rekrutacja-hr\/#breadcrumb\"},\"inLanguage\":\"pl-PL\",\"potentialAction\":[{\"@type\":\"ReadAction\",\"target\":[\"https:\/\/jobzone.se\/pl\/szukaj-pracownikow\/zawodow\/rekrutacja-hr\/\"]}]},{\"@type\":\"ImageObject\",\"inLanguage\":\"pl-PL\",\"@id\":\"https:\/\/jobzone.se\/pl\/szukaj-pracownikow\/zawodow\/rekrutacja-hr\/#primaryimage\",\"url\":\"https:\/\/jobzone.se\/wp-content\/uploads\/2019\/04\/jobzone-yrkesomrade-hr.jpg\",\"contentUrl\":\"https:\/\/jobzone.se\/wp-content\/uploads\/2019\/04\/jobzone-yrkesomrade-hr.jpg\",\"width\":768,\"height\":403},{\"@type\":\"BreadcrumbList\",\"@id\":\"https:\/\/jobzone.se\/pl\/szukaj-pracownikow\/zawodow\/rekrutacja-hr\/#breadcrumb\",\"itemListElement\":[{\"@type\":\"ListItem\",\"position\":1,\"name\":\"Szukaj pracownik\u00f3w\",\"item\":\"https:\/\/jobzone.se\/pl\/szukaj-pracownikow\/\"},{\"@type\":\"ListItem\",\"position\":2,\"name\":\"Zawod\u00f3w\",\"item\":\"https:\/\/jobzone.se\/pl\/szukaj-pracownikow\/zawodow\/\"},{\"@type\":\"ListItem\",\"position\":3,\"name\":\"Rekrutacja HR\"}]},{\"@type\":\"WebSite\",\"@id\":\"https:\/\/jobzone.se\/pl\/#website\",\"url\":\"https:\/\/jobzone.se\/pl\/\",\"name\":\"Jobzone\",\"description\":\"Bemanning och Rekryteringsf\u00f6retaget Jobzone i Sverige\",\"publisher\":{\"@id\":\"https:\/\/jobzone.se\/pl\/#organization\"},\"potentialAction\":[{\"@type\":\"SearchAction\",\"target\":{\"@type\":\"EntryPoint\",\"urlTemplate\":\"https:\/\/jobzone.se\/pl\/?s={search_term_string}\"},\"query-input\":\"required name=search_term_string\"}],\"inLanguage\":\"pl-PL\"},{\"@type\":\"Organization\",\"@id\":\"https:\/\/jobzone.se\/pl\/#organization\",\"name\":\"Jobzone\",\"url\":\"https:\/\/jobzone.se\/pl\/\",\"logo\":{\"@type\":\"ImageObject\",\"inLanguage\":\"pl-PL\",\"@id\":\"https:\/\/jobzone.se\/pl\/#\/schema\/logo\/image\/\",\"url\":\"https:\/\/jobzone.se\/wp-content\/uploads\/2019\/02\/jobzone-logo-web.jpg\",\"contentUrl\":\"https:\/\/jobzone.se\/wp-content\/uploads\/2019\/02\/jobzone-logo-web.jpg\",\"width\":145,\"height\":146,\"caption\":\"Jobzone\"},\"image\":{\"@id\":\"https:\/\/jobzone.se\/pl\/#\/schema\/logo\/image\/\"},\"sameAs\":[\"https:\/\/www.facebook.com\/JobzoneSverige\"]}]}<\/script>\n<!-- \/ Yoast SEO plugin. -->","yoast_head_json":{"title":"Rekrutacja HR | Personel HR |%Nazwa witryny%%","description":"Chcesz odnie\u015b\u0107 sukces w rekrutacji HR? Jobzone znajduje zmotywowanych kandydat\u00f3w, kt\u00f3rzy szybko przekonuj\u0105 si\u0119 do Ciebie. Dowiedz si\u0119 wi\u0119cej o tym, co mo\u017cemy dla Ciebie zrobi\u0107!","robots":{"index":"index","follow":"follow","max-snippet":"max-snippet:-1","max-image-preview":"max-image-preview:large","max-video-preview":"max-video-preview:-1"},"canonical":"https:\/\/jobzone.se\/pl\/szukaj-pracownikow\/zawodow\/rekrutacja-hr\/","og_locale":"pl_PL","og_type":"article","og_title":"Rekrutacja HR | Personel HR |%Nazwa witryny%%","og_description":"Chcesz odnie\u015b\u0107 sukces w rekrutacji HR? Jobzone znajduje zmotywowanych kandydat\u00f3w, kt\u00f3rzy szybko przekonuj\u0105 si\u0119 do Ciebie. Dowiedz si\u0119 wi\u0119cej o tym, co mo\u017cemy dla Ciebie zrobi\u0107!","og_url":"https:\/\/jobzone.se\/pl\/szukaj-pracownikow\/zawodow\/rekrutacja-hr\/","og_site_name":"Jobzone","article_publisher":"https:\/\/www.facebook.com\/JobzoneSverige","article_modified_time":"2025-09-03T10:35:26+00:00","og_image":[{"width":768,"height":403,"url":"https:\/\/jobzone.se\/wp-content\/uploads\/2019\/04\/jobzone-yrkesomrade-hr.jpg","type":"image\/jpeg"}],"twitter_misc":{"Szacowany czas czytania":"2 minuty"},"schema":{"@context":"https:\/\/schema.org","@graph":[{"@type":"WebPage","@id":"https:\/\/jobzone.se\/pl\/szukaj-pracownikow\/zawodow\/rekrutacja-hr\/","url":"https:\/\/jobzone.se\/pl\/szukaj-pracownikow\/zawodow\/rekrutacja-hr\/","name":"Rekrutacja HR | Personel HR |%Nazwa witryny%%","isPartOf":{"@id":"https:\/\/jobzone.se\/pl\/#website"},"primaryImageOfPage":{"@id":"https:\/\/jobzone.se\/pl\/szukaj-pracownikow\/zawodow\/rekrutacja-hr\/#primaryimage"},"image":{"@id":"https:\/\/jobzone.se\/pl\/szukaj-pracownikow\/zawodow\/rekrutacja-hr\/#primaryimage"},"thumbnailUrl":"https:\/\/jobzone.se\/wp-content\/uploads\/2019\/04\/jobzone-yrkesomrade-hr.jpg","datePublished":"2019-04-08T10:26:01+00:00","dateModified":"2025-09-03T10:35:26+00:00","description":"Chcesz odnie\u015b\u0107 sukces w rekrutacji HR? Jobzone znajduje zmotywowanych kandydat\u00f3w, kt\u00f3rzy szybko przekonuj\u0105 si\u0119 do Ciebie. Dowiedz si\u0119 wi\u0119cej o tym, co mo\u017cemy dla Ciebie zrobi\u0107!","breadcrumb":{"@id":"https:\/\/jobzone.se\/pl\/szukaj-pracownikow\/zawodow\/rekrutacja-hr\/#breadcrumb"},"inLanguage":"pl-PL","potentialAction":[{"@type":"ReadAction","target":["https:\/\/jobzone.se\/pl\/szukaj-pracownikow\/zawodow\/rekrutacja-hr\/"]}]},{"@type":"ImageObject","inLanguage":"pl-PL","@id":"https:\/\/jobzone.se\/pl\/szukaj-pracownikow\/zawodow\/rekrutacja-hr\/#primaryimage","url":"https:\/\/jobzone.se\/wp-content\/uploads\/2019\/04\/jobzone-yrkesomrade-hr.jpg","contentUrl":"https:\/\/jobzone.se\/wp-content\/uploads\/2019\/04\/jobzone-yrkesomrade-hr.jpg","width":768,"height":403},{"@type":"BreadcrumbList","@id":"https:\/\/jobzone.se\/pl\/szukaj-pracownikow\/zawodow\/rekrutacja-hr\/#breadcrumb","itemListElement":[{"@type":"ListItem","position":1,"name":"Szukaj pracownik\u00f3w","item":"https:\/\/jobzone.se\/pl\/szukaj-pracownikow\/"},{"@type":"ListItem","position":2,"name":"Zawod\u00f3w","item":"https:\/\/jobzone.se\/pl\/szukaj-pracownikow\/zawodow\/"},{"@type":"ListItem","position":3,"name":"Rekrutacja HR"}]},{"@type":"WebSite","@id":"https:\/\/jobzone.se\/pl\/#website","url":"https:\/\/jobzone.se\/pl\/","name":"Jobzone","description":"Bemanning och Rekryteringsf\u00f6retaget Jobzone i Sverige","publisher":{"@id":"https:\/\/jobzone.se\/pl\/#organization"},"potentialAction":[{"@type":"SearchAction","target":{"@type":"EntryPoint","urlTemplate":"https:\/\/jobzone.se\/pl\/?s={search_term_string}"},"query-input":"required name=search_term_string"}],"inLanguage":"pl-PL"},{"@type":"Organization","@id":"https:\/\/jobzone.se\/pl\/#organization","name":"Jobzone","url":"https:\/\/jobzone.se\/pl\/","logo":{"@type":"ImageObject","inLanguage":"pl-PL","@id":"https:\/\/jobzone.se\/pl\/#\/schema\/logo\/image\/","url":"https:\/\/jobzone.se\/wp-content\/uploads\/2019\/02\/jobzone-logo-web.jpg","contentUrl":"https:\/\/jobzone.se\/wp-content\/uploads\/2019\/02\/jobzone-logo-web.jpg","width":145,"height":146,"caption":"Jobzone"},"image":{"@id":"https:\/\/jobzone.se\/pl\/#\/schema\/logo\/image\/"},"sameAs":["https:\/\/www.facebook.com\/JobzoneSverige"]}]}},"_links":{"self":[{"href":"https:\/\/jobzone.se\/pl\/wp-json\/wp\/v2\/pages\/22457"}],"collection":[{"href":"https:\/\/jobzone.se\/pl\/wp-json\/wp\/v2\/pages"}],"about":[{"href":"https:\/\/jobzone.se\/pl\/wp-json\/wp\/v2\/types\/page"}],"author":[{"embeddable":true,"href":"https:\/\/jobzone.se\/pl\/wp-json\/wp\/v2\/users\/17"}],"replies":[{"embeddable":true,"href":"https:\/\/jobzone.se\/pl\/wp-json\/wp\/v2\/comments?post=22457"}],"version-history":[{"count":2,"href":"https:\/\/jobzone.se\/pl\/wp-json\/wp\/v2\/pages\/22457\/revisions"}],"predecessor-version":[{"id":22460,"href":"https:\/\/jobzone.se\/pl\/wp-json\/wp\/v2\/pages\/22457\/revisions\/22460"}],"up":[{"embeddable":true,"href":"https:\/\/jobzone.se\/pl\/wp-json\/wp\/v2\/pages\/22362"}],"wp:featuredmedia":[{"embeddable":true,"href":"https:\/\/jobzone.se\/pl\/wp-json\/wp\/v2\/media\/22458"}],"wp:attachment":[{"href":"https:\/\/jobzone.se\/pl\/wp-json\/wp\/v2\/media?parent=22457"}],"curies":[{"name":"wp","href":"https:\/\/api.w.org\/{rel}","templated":true}]}}