{"id":22485,"date":"2020-02-19T11:17:45","date_gmt":"2020-02-19T09:17:45","guid":{"rendered":"https:\/\/jobzone.se\/jobzone-agencje-posrednictwa-pracy\/agencje-pracy-w-vasteras\/"},"modified":"2025-09-03T12:35:32","modified_gmt":"2025-09-03T10:35:32","slug":"agencje-pracy-w-vasteras","status":"publish","type":"page","link":"https:\/\/jobzone.se\/pl\/jobzone-agencje-posrednictwa-pracy\/agencje-pracy-w-vasteras\/","title":{"rendered":"Agencje pracy w V\u00e4ster\u00e5s"},"content":{"rendered":"<p>       Torggatan 4, 722 15 V\u00e4ster\u00e5s         <\/p>\n<h2>Agencje pracy w V\u00e4ster\u00e5s<\/h2>\n<p>Zatrudnij pracownik\u00f3w z lokalnego biura o wysokim poziomie zaanga\u017cowania!<br \/>\nZale\u017cy nam na satysfakcji z pracy, produktywno\u015bci i rentowno\u015bci.<br \/>\nTy i Tw\u00f3j dzia\u0142 otrzymacie \u015bwiatowej klasy us\u0142ugi od firmy rekrutacyjnej, kt\u00f3rej celem jest bycie najlepszym pracodawc\u0105 w bran\u017cy.<\/p>\n<p>Biuro Jobzone w V\u00e4ster\u00e5s zosta\u0142o otwarte w 2010 roku, a od grudnia 2021 roku nasze przyjemne biuro znajduje si\u0119 teraz w centrum miasta V\u00e4ster\u00e5s przy Torggatan 4. To tutaj mieszkaj\u0105 Linnea, Emma i Andrea, gdzie razem staramy si\u0119 przyczyni\u0107 do rozwoju i przysz\u0142o\u015bci M\u00e4lardalen na dochodowym rynku pracy. <\/p>\n<p>Szukasz pracy lub nowego mi\u0142ego pracownika? Nie wahaj si\u0119 <a href=\"https:\/\/eur03.safelinks.protection.outlook.com\/?url=http%3A%2F%2Fjobzone.se%2Fkontakt%2F&amp;data=05%7C01%7Cmalin.frieberg%40jobzone.se%7C852103bf3350499ddff908da599abc7b%7Cbc1292d98450475bb483482387984067%7C0%7C0%7C637920818363747109%7CUnknown%7CTWFpbGZsb3d8eyJWIjoiMC4wLjAwMDAiLCJQIjoiV2luMzIiLCJBTiI6Ik1haWwiLCJXVCI6Mn0%3D%7C3000%7C%7C%7C&amp;sdata=nKPZeUOZDwhv1pBaR%2Bfx%2FVfdeyp%2BWQ8rGfxybWp5XnQ%3D&amp;reserved=0\">z nami skontaktowa\u0107<\/a>. <\/p>\n<h3>Witamy w do\u015bwiadczonej firmie rekrutacyjnej w V\u00e4ster\u00e5s<\/h3>\n<p>Na pocz\u0105tku dzia\u0142alno\u015bci zacz\u0119li\u015bmy od wynajmu kierowc\u00f3w ci\u0119\u017car\u00f3wek w V\u00e4ster\u00e5s i okolicach. W tamtym czasie ze Sztokholmu, ale wraz z rozwojem firmy otworzyli\u015bmy biuro i zacz\u0119li\u015bmy wynajmowa\u0107 pracownik\u00f3w magazynowych, pracownik\u00f3w sklep\u00f3w, monter\u00f3w i serwisant\u00f3w. Dzi\u015b du\u017co wsp\u00f3\u0142pracujemy zar\u00f3wno z transportem, jak i przemys\u0142em, kt\u00f3re postrzegamy jako nasze dwie najmocniejsze karty, w kt\u00f3rych wsp\u00f3lnie jeste\u015bmy kompetentni i uzupe\u0142niamy si\u0119 w r\u00f3\u017cnych obszarach.  <\/p>\n<p>Obecnie wynajmujemy pracownik\u00f3w w V\u00e4ster\u00e5s i okolicach, ale tak\u017ce klientom w Enk\u00f6ping, Eskilstuna, Str\u00e4ngn\u00e4s, K\u00f6ping, Sala, Fagersta, Surahammar, Hallstahammar, Karlskoga i \u00d6rebro.<\/p>\n<p>U podstaw naszych podstawowych warto\u015bci le\u017cy to, \u017ce jeste\u015bmy autoryzowan\u0105 firm\u0105 rekrutacyjn\u0105. To nasza organizacja bran\u017cowa Kompetensf\u00f6retagen wydaje autoryzacj\u0119, co gwarantuje, \u017ce jej cz\u0142onkowie pracuj\u0105 powa\u017cnie i spe\u0142niaj\u0105 wysokie standardy. Autoryzacja zapewnia r\u00f3wnie\u017c bezpiecze\u0144stwo klientom i pracownikom.  <\/p>\n<h3>Jobzone \u2013 autoryzowana agencja po\u015brednictwa pracy<\/h3>\n<p>Ci\u0105gle s\u0142yszymy, \u017ce jeste\u015bmy dobrym i bezpiecznym pracodawc\u0105, kt\u00f3ry stwarza warunki do sukcesu i rado\u015bci z pracy. Od samego pocz\u0105tku d\u0105\u017cymy do tego, aby by\u0107 najlepszym pracodawc\u0105 w bran\u017cy, poniewa\u017c wierzymy, \u017ce ludzie, kt\u00f3rzy si\u0119 rozwijaj\u0105, osi\u0105gaj\u0105 lepsze wyniki. Co\u015b, co pokazuj\u0105 nasze wysokie oceny klient\u00f3w i pracownik\u00f3w.  <\/p>\n<p>U podstaw naszych podstawowych warto\u015bci le\u017cy to, \u017ce jeste\u015bmy autoryzowan\u0105 firm\u0105 rekrutacyjn\u0105. To nasza organizacja bran\u017cowa Kompetensf\u00f6retagen wydaje autoryzacj\u0119, co gwarantuje, \u017ce jej cz\u0142onkowie pracuj\u0105 powa\u017cnie i spe\u0142niaj\u0105 wysokie standardy. Autoryzacja zapewnia r\u00f3wnie\u017c bezpiecze\u0144stwo klientom i pracownikom.  <\/p>\n<h3>Rekrutacja i obsadzanie stanowisk w V\u00e4ster\u00e5s<\/h3>\n<p>W V\u00e4ster\u00e5s od samego pocz\u0105tku nacisk k\u0142adziony jest na leasing w przemy\u015ble, transporcie, magazynowaniu i logistyce z klientami takimi jak Ytterh\u00e4lla Transport, AA Logistik, Vestmannalast, Tibnor i inni. W tej dziedzinie jeste\u015bmy jednym z najwi\u0119kszych graczy zar\u00f3wno w V\u00e4ster\u00e5s, jak i M\u00e4lardalen i w kr\u00f3tkim czasie mo\u017cemy zaspokoi\u0107 Twoje potrzeby do\u015bwiadczonych kierowc\u00f3w z kompetencjami B, C, CE, certyfikatem operatora d\u017awigu, ADR i licencj\u0105 operatora w\u00f3zka wid\u0142owego. <\/p>\n<p>Wynajmujemy r\u00f3wnie\u017c personel w przemy\u015ble i produkcji, taki jak operatorzy maszyn, monterzy, operatorzy CNC, kre\u015blarze CAD, administratorzy, operatorzy proces\u00f3w i podobne us\u0142ugi.<\/p>\n<h3>Oferujemy zatrudnienie w V\u00e4ster\u00e5s w nast\u0119puj\u0105cych obszarach zawodowych<\/h3>\n<ul>\n<li class=\"p2\"><span class=\"s1\"><a href=\"https:\/\/jobzone.se\/pl\/szukaj-pracownikow\/zawodow\/zatrudnienie-w-budownictwie\/\">Budownictwo i budownictwo<\/a><br \/>\n<\/span><\/li>\n<li class=\"p2\"><span class=\"s1\"><a href=\"https:\/\/jobzone.se\/sok-personal\/yrkesomraden\/logistik\/\">Logistyka<\/a><\/span><\/li>\n<li class=\"p2\"><span class=\"s1\"><a href=\"https:\/\/jobzone.se\/sok-personal\/yrkesomraden\/industri-tillverkning\/\">Przemys\u0142 i produkcja<\/a><br \/>\n<\/span><\/li>\n<li class=\"p2\"><span class=\"s1\"><a href=\"https:\/\/jobzone.se\/sok-personal\/yrkesomraden\/facility-services\/\">Us\u0142ugi dla biznesu<\/a><br \/>\n<\/span><\/li>\n<li class=\"p2\"><span class=\"s1\"><a href=\"https:\/\/jobzone.se\/pl\/szukaj-pracownikow\/zawodow\/rekrutacja-it\/\">ONO<\/a><br \/>\n<\/span><\/li>\n<li class=\"p2\"><span class=\"s1\"><a href=\"https:\/\/jobzone.se\/pl\/szukaj-pracownikow\/zawodow\/rekrutacja-hr\/\">PAN<\/a><br \/>\n<\/span><\/li>\n<li class=\"p2\"><span class=\"s1\"><a href=\"https:\/\/jobzone.se\/pl\/szukaj-pracownikow\/zawodow\/administracja-obsluga-klienta\/\">Administracja\/obs\u0142uga klienta<\/a><br \/>\n<\/span><\/li>\n<li class=\"p2\"><span class=\"s1\"><a href=\"https:\/\/jobzone.se\/sok-personal\/yrkesomraden\/rekrytering-inom-ekonomi\/\">Rekrutacja w finansach<\/a><br \/>\n<\/span><\/li>\n<li class=\"p2\"><span class=\"s1\"><a href=\"https:\/\/jobzone.se\/pl\/szukaj-pracownikow\/zawodow\/sprzedaz-i-marketing\/\">Sprzeda\u017c i marketing<\/a><br \/>\n<\/span><\/li>\n<li class=\"p2\"><a href=\"https:\/\/jobzone.se\/sok-personal\/yrkesomraden\/service-event-detaljhandeln\/\"><span class=\"s1\">Wydarzenia i us\u0142ugi<\/span><\/a><\/li>\n<\/ul>\n<h3><strong> <\/strong><strong>Dlaczego warto wybra\u0107 konsultant\u00f3w ds. rekrutacji w V\u00e4ster\u00e5s z Jobzone?<\/strong><\/h3>\n<p>Ci\u0105gle s\u0142yszymy, \u017ce jeste\u015bmy dobrym i bezpiecznym pracodawc\u0105, kt\u00f3ry stwarza warunki do sukcesu i rado\u015bci z pracy. Od samego pocz\u0105tku d\u0105\u017cymy do tego, aby by\u0107 najlepszym pracodawc\u0105 w bran\u017cy, poniewa\u017c wierzymy, \u017ce ludzie, kt\u00f3rzy si\u0119 rozwijaj\u0105, osi\u0105gaj\u0105 lepsze wyniki. Co\u015b, co pokazuj\u0105 nasze wysokie oceny klient\u00f3w i pracownik\u00f3w.  <\/p>\n<p>Wszystko, co robimy w naszej dzia\u0142alno\u015bci, powinno przyczynia\u0107 si\u0119 do sukcesu os\u00f3b i organizacji, robimy to mi\u0119dzy innymi poprzez wykazywanie wysokiego poziomu obecno\u015bci w\u015br\u00f3d naszych klient\u00f3w i konsultant\u00f3w, aby m\u00f3c szybko wychwyci\u0107 wszelkie pytania lub w\u0105tpliwo\u015bci, ale tak\u017ce by\u0107 pomocnym w nag\u0142ych sprawach konsultacyjnych.<\/p>\n<p>Jeste\u015bmy po to, aby u\u0142atwi\u0107 Ci codzienne \u017cycie, aby\u015b m\u00f3g\u0142 skupi\u0107 si\u0119 na swojej podstawowej dzia\u0142alno\u015bci. Tworzymy elastyczno\u015b\u0107, wnosz\u0105c wiedz\u0119 i warto\u015b\u0107, gdy nie masz mo\u017cliwo\u015bci rekrutacji, jednocze\u015bnie generuj\u0105c przyci\u0105ganie do Ciebie, dzia\u0142aj\u0105c jako Tw\u00f3j kana\u0142 sprzeda\u017cy. W ten spos\u00f3b minimalizujemy ryzyko i jednocze\u015bnie stwarzamy szans\u0119.  <\/p>\n<h3><strong>Oferty pracy dla Ciebie jako osoby poszukuj\u0105cej pracy w V\u00e4ster\u00e5s<\/strong><\/h3>\n<p>Z nami w Jobzone V\u00e4ster\u00e5s mo\u017cesz spodziewa\u0107 si\u0119 wielu ekscytuj\u0105cych zawod\u00f3w jako konsultant ds. rekrutacji. Jako kierowca mo\u017cesz na przyk\u0142ad w jednym tygodniu prowadzi\u0107 dystrybucj\u0119 towar\u00f3w lub drobnic\u0119, a w nast\u0119pnym \u015bmieciark\u0119. <\/p>\n<p>Wybrane stanowiska, na kt\u00f3re si\u0119 wybieramy, to kierowcy C i CE dla Ytterh\u00e4lla Transport, AA Logistik i B\u00f6rjes Transport w Enk\u00f6ping, kierowcy suwnic dla Stena St\u00e5l, m\u0142yna Surahammar i np. Tibnor w K\u00f6ping.<\/p>\n<p>Serdecznie zapraszamy do odwiedzenia nas na Torggatan 4, aby dowiedzie\u0107 si\u0119 wi\u0119cej o Jobzone, ale tak\u017ce o oferowanych przez nas us\u0142ugach, mo\u017cesz r\u00f3wnie\u017c zadzwoni\u0107 do jednego z naszych kompetentnych pracownik\u00f3w, aby sprawdzi\u0107 pytania dotycz\u0105ce mo\u017cliwego stanowiska.<\/p>\n<p>Serdecznie witamy w Jobzone V\u00e4ster\u00e5s!<\/p>\n<p>  <\/p>\n","protected":false},"excerpt":{"rendered":"<p>Torggatan 4, 722 15 V\u00e4ster\u00e5s Agencje pracy w V\u00e4ster\u00e5s Zatrudnij pracownik\u00f3w z lokalnego biura o wysokim poziomie zaanga\u017cowania! Zale\u017cy nam na satysfakcji z pracy, produktywno\u015bci i rentowno\u015bci. Ty i Tw\u00f3j dzia\u0142 otrzymacie \u015bwiatowej klasy us\u0142ugi od firmy rekrutacyjnej, kt\u00f3rej celem jest bycie najlepszym pracodawc\u0105 w bran\u017cy. Biuro Jobzone w V\u00e4ster\u00e5s zosta\u0142o otwarte w 2010 roku, a od grudnia 2021 roku [&hellip;]<\/p>\n","protected":false},"author":17,"featured_media":22486,"parent":22467,"menu_order":0,"comment_status":"closed","ping_status":"closed","template":"","meta":{"footnotes":""},"yoast_head":"<!-- This site is optimized with the Yoast SEO plugin v22.2 - https:\/\/yoast.com\/wordpress\/plugins\/seo\/ -->\n<title>Agencja po\u015brednictwa pracy V\u00e4ster\u00e5s | Rekrutacja w V\u00e4ster\u00e5s | Strefa pracy<\/title>\n<meta name=\"description\" content=\"Jobzone to firma rekrutacyjna, kt\u00f3ra znajduje si\u0119 mi\u0119dzy innymi w V\u00e4ster\u00e5s. Mog\u0105 si\u0119 tu zwr\u00f3ci\u0107 zar\u00f3wno Ty, kt\u00f3rzy szukaj\u0105 pracy, jak i potrzebujesz personelu.\" \/>\n<meta name=\"robots\" content=\"index, follow, max-snippet:-1, max-image-preview:large, max-video-preview:-1\" \/>\n<link rel=\"canonical\" href=\"https:\/\/jobzone.se\/pl\/jobzone-agencje-posrednictwa-pracy\/agencje-pracy-w-vasteras\/\" \/>\n<meta property=\"og:locale\" content=\"pl_PL\" \/>\n<meta property=\"og:type\" content=\"article\" \/>\n<meta property=\"og:title\" content=\"Agencja po\u015brednictwa pracy V\u00e4ster\u00e5s | Rekrutacja w V\u00e4ster\u00e5s | Strefa pracy\" \/>\n<meta property=\"og:description\" content=\"Jobzone to firma rekrutacyjna, kt\u00f3ra znajduje si\u0119 mi\u0119dzy innymi w V\u00e4ster\u00e5s. Mog\u0105 si\u0119 tu zwr\u00f3ci\u0107 zar\u00f3wno Ty, kt\u00f3rzy szukaj\u0105 pracy, jak i potrzebujesz personelu.\" \/>\n<meta property=\"og:url\" content=\"https:\/\/jobzone.se\/pl\/jobzone-agencje-posrednictwa-pracy\/agencje-pracy-w-vasteras\/\" \/>\n<meta property=\"og:site_name\" content=\"Jobzone\" \/>\n<meta property=\"article:publisher\" content=\"https:\/\/www.facebook.com\/JobzoneSverige\" \/>\n<meta property=\"article:modified_time\" content=\"2025-09-03T10:35:32+00:00\" \/>\n<meta property=\"og:image\" content=\"https:\/\/jobzone.se\/wp-content\/uploads\/2019\/03\/jobzone-vasteras.jpg\" \/>\n\t<meta property=\"og:image:width\" content=\"1200\" \/>\n\t<meta property=\"og:image:height\" content=\"630\" \/>\n\t<meta property=\"og:image:type\" content=\"image\/jpeg\" \/>\n<meta name=\"twitter:label1\" content=\"Szacowany czas czytania\" \/>\n\t<meta name=\"twitter:data1\" content=\"6 minut\" \/>\n<script type=\"application\/ld+json\" class=\"yoast-schema-graph\">{\"@context\":\"https:\/\/schema.org\",\"@graph\":[{\"@type\":\"WebPage\",\"@id\":\"https:\/\/jobzone.se\/pl\/jobzone-agencje-posrednictwa-pracy\/agencje-pracy-w-vasteras\/\",\"url\":\"https:\/\/jobzone.se\/pl\/jobzone-agencje-posrednictwa-pracy\/agencje-pracy-w-vasteras\/\",\"name\":\"Agencja po\u015brednictwa pracy V\u00e4ster\u00e5s | Rekrutacja w V\u00e4ster\u00e5s | Strefa pracy\",\"isPartOf\":{\"@id\":\"https:\/\/jobzone.se\/pl\/#website\"},\"primaryImageOfPage\":{\"@id\":\"https:\/\/jobzone.se\/pl\/jobzone-agencje-posrednictwa-pracy\/agencje-pracy-w-vasteras\/#primaryimage\"},\"image\":{\"@id\":\"https:\/\/jobzone.se\/pl\/jobzone-agencje-posrednictwa-pracy\/agencje-pracy-w-vasteras\/#primaryimage\"},\"thumbnailUrl\":\"https:\/\/jobzone.se\/wp-content\/uploads\/2019\/03\/jobzone-vasteras.jpg\",\"datePublished\":\"2020-02-19T09:17:45+00:00\",\"dateModified\":\"2025-09-03T10:35:32+00:00\",\"description\":\"Jobzone to firma rekrutacyjna, kt\u00f3ra znajduje si\u0119 mi\u0119dzy innymi w V\u00e4ster\u00e5s. Mog\u0105 si\u0119 tu zwr\u00f3ci\u0107 zar\u00f3wno Ty, kt\u00f3rzy szukaj\u0105 pracy, jak i potrzebujesz personelu.\",\"breadcrumb\":{\"@id\":\"https:\/\/jobzone.se\/pl\/jobzone-agencje-posrednictwa-pracy\/agencje-pracy-w-vasteras\/#breadcrumb\"},\"inLanguage\":\"pl-PL\",\"potentialAction\":[{\"@type\":\"ReadAction\",\"target\":[\"https:\/\/jobzone.se\/pl\/jobzone-agencje-posrednictwa-pracy\/agencje-pracy-w-vasteras\/\"]}]},{\"@type\":\"ImageObject\",\"inLanguage\":\"pl-PL\",\"@id\":\"https:\/\/jobzone.se\/pl\/jobzone-agencje-posrednictwa-pracy\/agencje-pracy-w-vasteras\/#primaryimage\",\"url\":\"https:\/\/jobzone.se\/wp-content\/uploads\/2019\/03\/jobzone-vasteras.jpg\",\"contentUrl\":\"https:\/\/jobzone.se\/wp-content\/uploads\/2019\/03\/jobzone-vasteras.jpg\",\"width\":1200,\"height\":630,\"caption\":\"Jobzone V\u00e4ster\u00e5s\"},{\"@type\":\"BreadcrumbList\",\"@id\":\"https:\/\/jobzone.se\/pl\/jobzone-agencje-posrednictwa-pracy\/agencje-pracy-w-vasteras\/#breadcrumb\",\"itemListElement\":[{\"@type\":\"ListItem\",\"position\":1,\"name\":\"Jobzone &#8211; Agencje po\u015brednictwa pracy\",\"item\":\"https:\/\/jobzone.se\/pl\/jobzone-agencje-posrednictwa-pracy\/\"},{\"@type\":\"ListItem\",\"position\":2,\"name\":\"Agencje pracy w V\u00e4ster\u00e5s\"}]},{\"@type\":\"WebSite\",\"@id\":\"https:\/\/jobzone.se\/pl\/#website\",\"url\":\"https:\/\/jobzone.se\/pl\/\",\"name\":\"Jobzone\",\"description\":\"Bemanning och Rekryteringsf\u00f6retaget Jobzone i Sverige\",\"publisher\":{\"@id\":\"https:\/\/jobzone.se\/pl\/#organization\"},\"potentialAction\":[{\"@type\":\"SearchAction\",\"target\":{\"@type\":\"EntryPoint\",\"urlTemplate\":\"https:\/\/jobzone.se\/pl\/?s={search_term_string}\"},\"query-input\":\"required name=search_term_string\"}],\"inLanguage\":\"pl-PL\"},{\"@type\":\"Organization\",\"@id\":\"https:\/\/jobzone.se\/pl\/#organization\",\"name\":\"Jobzone\",\"url\":\"https:\/\/jobzone.se\/pl\/\",\"logo\":{\"@type\":\"ImageObject\",\"inLanguage\":\"pl-PL\",\"@id\":\"https:\/\/jobzone.se\/pl\/#\/schema\/logo\/image\/\",\"url\":\"https:\/\/jobzone.se\/wp-content\/uploads\/2019\/02\/jobzone-logo-web.jpg\",\"contentUrl\":\"https:\/\/jobzone.se\/wp-content\/uploads\/2019\/02\/jobzone-logo-web.jpg\",\"width\":145,\"height\":146,\"caption\":\"Jobzone\"},\"image\":{\"@id\":\"https:\/\/jobzone.se\/pl\/#\/schema\/logo\/image\/\"},\"sameAs\":[\"https:\/\/www.facebook.com\/JobzoneSverige\"]}]}<\/script>\n<!-- \/ Yoast SEO plugin. -->","yoast_head_json":{"title":"Agencja po\u015brednictwa pracy V\u00e4ster\u00e5s | Rekrutacja w V\u00e4ster\u00e5s | Strefa pracy","description":"Jobzone to firma rekrutacyjna, kt\u00f3ra znajduje si\u0119 mi\u0119dzy innymi w V\u00e4ster\u00e5s. Mog\u0105 si\u0119 tu zwr\u00f3ci\u0107 zar\u00f3wno Ty, kt\u00f3rzy szukaj\u0105 pracy, jak i potrzebujesz personelu.","robots":{"index":"index","follow":"follow","max-snippet":"max-snippet:-1","max-image-preview":"max-image-preview:large","max-video-preview":"max-video-preview:-1"},"canonical":"https:\/\/jobzone.se\/pl\/jobzone-agencje-posrednictwa-pracy\/agencje-pracy-w-vasteras\/","og_locale":"pl_PL","og_type":"article","og_title":"Agencja po\u015brednictwa pracy V\u00e4ster\u00e5s | Rekrutacja w V\u00e4ster\u00e5s | Strefa pracy","og_description":"Jobzone to firma rekrutacyjna, kt\u00f3ra znajduje si\u0119 mi\u0119dzy innymi w V\u00e4ster\u00e5s. Mog\u0105 si\u0119 tu zwr\u00f3ci\u0107 zar\u00f3wno Ty, kt\u00f3rzy szukaj\u0105 pracy, jak i potrzebujesz personelu.","og_url":"https:\/\/jobzone.se\/pl\/jobzone-agencje-posrednictwa-pracy\/agencje-pracy-w-vasteras\/","og_site_name":"Jobzone","article_publisher":"https:\/\/www.facebook.com\/JobzoneSverige","article_modified_time":"2025-09-03T10:35:32+00:00","og_image":[{"width":1200,"height":630,"url":"https:\/\/jobzone.se\/wp-content\/uploads\/2019\/03\/jobzone-vasteras.jpg","type":"image\/jpeg"}],"twitter_misc":{"Szacowany czas czytania":"6 minut"},"schema":{"@context":"https:\/\/schema.org","@graph":[{"@type":"WebPage","@id":"https:\/\/jobzone.se\/pl\/jobzone-agencje-posrednictwa-pracy\/agencje-pracy-w-vasteras\/","url":"https:\/\/jobzone.se\/pl\/jobzone-agencje-posrednictwa-pracy\/agencje-pracy-w-vasteras\/","name":"Agencja po\u015brednictwa pracy V\u00e4ster\u00e5s | Rekrutacja w V\u00e4ster\u00e5s | Strefa pracy","isPartOf":{"@id":"https:\/\/jobzone.se\/pl\/#website"},"primaryImageOfPage":{"@id":"https:\/\/jobzone.se\/pl\/jobzone-agencje-posrednictwa-pracy\/agencje-pracy-w-vasteras\/#primaryimage"},"image":{"@id":"https:\/\/jobzone.se\/pl\/jobzone-agencje-posrednictwa-pracy\/agencje-pracy-w-vasteras\/#primaryimage"},"thumbnailUrl":"https:\/\/jobzone.se\/wp-content\/uploads\/2019\/03\/jobzone-vasteras.jpg","datePublished":"2020-02-19T09:17:45+00:00","dateModified":"2025-09-03T10:35:32+00:00","description":"Jobzone to firma rekrutacyjna, kt\u00f3ra znajduje si\u0119 mi\u0119dzy innymi w V\u00e4ster\u00e5s. Mog\u0105 si\u0119 tu zwr\u00f3ci\u0107 zar\u00f3wno Ty, kt\u00f3rzy szukaj\u0105 pracy, jak i potrzebujesz personelu.","breadcrumb":{"@id":"https:\/\/jobzone.se\/pl\/jobzone-agencje-posrednictwa-pracy\/agencje-pracy-w-vasteras\/#breadcrumb"},"inLanguage":"pl-PL","potentialAction":[{"@type":"ReadAction","target":["https:\/\/jobzone.se\/pl\/jobzone-agencje-posrednictwa-pracy\/agencje-pracy-w-vasteras\/"]}]},{"@type":"ImageObject","inLanguage":"pl-PL","@id":"https:\/\/jobzone.se\/pl\/jobzone-agencje-posrednictwa-pracy\/agencje-pracy-w-vasteras\/#primaryimage","url":"https:\/\/jobzone.se\/wp-content\/uploads\/2019\/03\/jobzone-vasteras.jpg","contentUrl":"https:\/\/jobzone.se\/wp-content\/uploads\/2019\/03\/jobzone-vasteras.jpg","width":1200,"height":630,"caption":"Jobzone V\u00e4ster\u00e5s"},{"@type":"BreadcrumbList","@id":"https:\/\/jobzone.se\/pl\/jobzone-agencje-posrednictwa-pracy\/agencje-pracy-w-vasteras\/#breadcrumb","itemListElement":[{"@type":"ListItem","position":1,"name":"Jobzone &#8211; Agencje po\u015brednictwa pracy","item":"https:\/\/jobzone.se\/pl\/jobzone-agencje-posrednictwa-pracy\/"},{"@type":"ListItem","position":2,"name":"Agencje pracy w V\u00e4ster\u00e5s"}]},{"@type":"WebSite","@id":"https:\/\/jobzone.se\/pl\/#website","url":"https:\/\/jobzone.se\/pl\/","name":"Jobzone","description":"Bemanning och Rekryteringsf\u00f6retaget Jobzone i Sverige","publisher":{"@id":"https:\/\/jobzone.se\/pl\/#organization"},"potentialAction":[{"@type":"SearchAction","target":{"@type":"EntryPoint","urlTemplate":"https:\/\/jobzone.se\/pl\/?s={search_term_string}"},"query-input":"required name=search_term_string"}],"inLanguage":"pl-PL"},{"@type":"Organization","@id":"https:\/\/jobzone.se\/pl\/#organization","name":"Jobzone","url":"https:\/\/jobzone.se\/pl\/","logo":{"@type":"ImageObject","inLanguage":"pl-PL","@id":"https:\/\/jobzone.se\/pl\/#\/schema\/logo\/image\/","url":"https:\/\/jobzone.se\/wp-content\/uploads\/2019\/02\/jobzone-logo-web.jpg","contentUrl":"https:\/\/jobzone.se\/wp-content\/uploads\/2019\/02\/jobzone-logo-web.jpg","width":145,"height":146,"caption":"Jobzone"},"image":{"@id":"https:\/\/jobzone.se\/pl\/#\/schema\/logo\/image\/"},"sameAs":["https:\/\/www.facebook.com\/JobzoneSverige"]}]}},"_links":{"self":[{"href":"https:\/\/jobzone.se\/pl\/wp-json\/wp\/v2\/pages\/22485"}],"collection":[{"href":"https:\/\/jobzone.se\/pl\/wp-json\/wp\/v2\/pages"}],"about":[{"href":"https:\/\/jobzone.se\/pl\/wp-json\/wp\/v2\/types\/page"}],"author":[{"embeddable":true,"href":"https:\/\/jobzone.se\/pl\/wp-json\/wp\/v2\/users\/17"}],"replies":[{"embeddable":true,"href":"https:\/\/jobzone.se\/pl\/wp-json\/wp\/v2\/comments?post=22485"}],"version-history":[{"count":2,"href":"https:\/\/jobzone.se\/pl\/wp-json\/wp\/v2\/pages\/22485\/revisions"}],"predecessor-version":[{"id":22488,"href":"https:\/\/jobzone.se\/pl\/wp-json\/wp\/v2\/pages\/22485\/revisions\/22488"}],"up":[{"embeddable":true,"href":"https:\/\/jobzone.se\/pl\/wp-json\/wp\/v2\/pages\/22467"}],"wp:featuredmedia":[{"embeddable":true,"href":"https:\/\/jobzone.se\/pl\/wp-json\/wp\/v2\/media\/22486"}],"wp:attachment":[{"href":"https:\/\/jobzone.se\/pl\/wp-json\/wp\/v2\/media?parent=22485"}],"curies":[{"name":"wp","href":"https:\/\/api.w.org\/{rel}","templated":true}]}}