{"id":22492,"date":"2020-02-19T11:11:20","date_gmt":"2020-02-19T09:11:20","guid":{"rendered":"https:\/\/jobzone.se\/jobzone-agencje-posrednictwa-pracy\/agencje-posrednictwa-pracy-w-sztokholmie\/"},"modified":"2025-09-03T12:35:41","modified_gmt":"2025-09-03T10:35:41","slug":"agencje-posrednictwa-pracy-w-sztokholmie","status":"publish","type":"page","link":"https:\/\/jobzone.se\/pl\/jobzone-agencje-posrednictwa-pracy\/agencje-posrednictwa-pracy-w-sztokholmie\/","title":{"rendered":"Agencje po\u015brednictwa pracy w Sztokholmie"},"content":{"rendered":"<p>                  <\/p>\n<p>Vretenv\u00e4gen 13, 171 54 Solna<\/p>\n<p>        <\/p>\n<h2 class=\"p1\"><span class=\"s1\">Zatrudnienie w Sztokholmie<\/span><\/h2>\n<p class=\"p2\"><span class=\"s1\">W naszym mi\u0142ym biurze zawsze jeste\u015b mile widziany na kaw\u0119, aby porozmawia\u0107 o rekrutacji, zatrudnieniu lub karierze. <\/span><span class=\"s2\"><a href=\"https:\/\/jobzone.se\/pl\/kontakt\/\">Skontaktuj si\u0119 z nami<\/a>.<\/span><\/p>\n<p class=\"p2\"><span class=\"s1\">Mo\u017cesz zadzwoni\u0107 do naszego biura pod numer <a href=\"Tel:08-448%2006%2040\">08-448 06 40<\/a> od poniedzia\u0142ku do pi\u0105tku w godzinach 08.00-17.00.<\/span><\/p>\n<h3 class=\"p1\"><span class=\"s1\">Witamy w do\u015bwiadczonej firmie rekrutacyjnej w Sztokholmie<\/span><\/h3>\n<p class=\"p2\"><span class=\"s1\">St\u0105d rekrutujemy pracownik\u00f3w i obs\u0142ugujemy naszych klient\u00f3w w ca\u0142ym Sztokholmie we wszystkim, od magazyn\u00f3w i wydarze\u0144 po us\u0142ugi transportowe i biurowe w zakresie IT, HR, finans\u00f3w, sprzeda\u017cy i marketingu. Nasza kadra pracownicza sk\u0142ada si\u0119 z oko\u0142o 1000 os\u00f3b, co stwarza elastyczno\u015b\u0107 i mo\u017cliwo\u015b\u0107 realizacji dostaw w bardzo kr\u00f3tkim czasie. <\/span><\/p>\n<p class=\"p2\"><span class=\"s1\">Wybrane klienty, kt\u00f3re obs\u0142ugujemy wraz z personelem biura w Sztokholmie, to ICA, Stockholm Live, SRV, El &amp; Ljusdesign i wiele, wiele innych.  <\/span><\/p>\n<p class=\"p2\"><span class=\"s1\">Kluczem do naszego sukcesu s\u0105 zaanga\u017cowani eksperci w naszych w\u0142asnych obszarach biznesowych, kt\u00f3rzy zarz\u0105dzaj\u0105 ca\u0142ym procesem od pocz\u0105tku do ko\u0144ca. Oznacza to, \u017ce bior\u0105 og\u00f3ln\u0105 odpowiedzialno\u015b\u0107 za ca\u0142\u0105 transakcj\u0119 od momentu jej sprzeda\u017cy do momentu otrzymania przez klienta oczekiwanej dostawy. Tworzy to wysokie poczucie odpowiedzialno\u015bci i silne relacje mi\u0119dzy naszymi Klientami a Pracownikami Mened\u017cerami, ich klientami i personelem. Wykonali\u015bmy wszystkie rodzaje zada\u0144, kt\u00f3re sami zlecamy i dlatego szybko znajdujemy odpowiedniego m\u0119\u017cczyzn\u0119 lub kobiet\u0119 na w\u0142a\u015bciwe miejsce we w\u0142a\u015bciwym czasie.   <\/span><\/p>\n<p class=\"p2\"><span class=\"s1\">Zapraszamy do kontaktu z nami, je\u015bli szukasz pracownik\u00f3w do kr\u00f3tkich lub d\u0142ugich zlece\u0144 lub je\u015bli szukasz pracy samodzielnie.<\/span><\/p>\n<h3 class=\"p1\"><span class=\"s1\">Jobzone \u2013 autoryzowana agencja po\u015brednictwa pracy<\/span><\/h3>\n<p class=\"p2\"><span class=\"s1\">Ci\u0105gle s\u0142yszymy, \u017ce jeste\u015bmy dobrym i bezpiecznym pracodawc\u0105, kt\u00f3ry stwarza warunki do sukcesu i rado\u015bci z pracy. Od samego pocz\u0105tku d\u0105\u017cymy do tego, aby by\u0107 najlepszym pracodawc\u0105 w bran\u017cy, poniewa\u017c wierzymy, \u017ce ludzie, kt\u00f3rzy si\u0119 rozwijaj\u0105, osi\u0105gaj\u0105 lepsze wyniki. Co\u015b, co pokazuj\u0105 nasze wysokie oceny klient\u00f3w i pracownik\u00f3w.  <\/span><\/p>\n<p class=\"p2\"><span class=\"s1\">U podstaw naszych podstawowych warto\u015bci le\u017cy to, \u017ce jeste\u015bmy autoryzowan\u0105 firm\u0105 rekrutacyjn\u0105. To nasza organizacja bran\u017cowa Kompetensf\u00f6retagen wydaje autoryzacj\u0119, co gwarantuje, \u017ce jej cz\u0142onkowie pracuj\u0105 powa\u017cnie i spe\u0142niaj\u0105 wysokie standardy. Autoryzacja zapewnia r\u00f3wnie\u017c bezpiecze\u0144stwo klientom i pracownikom.  <\/span><\/p>\n<h3 class=\"p1\"><span class=\"s1\">Rekrutacja i obsadzanie stanowisk w Sztokholmie<\/span><\/h3>\n<p class=\"p2\"><span class=\"s1\">W Jobzone pracujemy zgodnie z koncepcj\u0105 Produktywnego Zatrudnienia, kt\u00f3ra koncentruje si\u0119 na relacji mi\u0119dzy ka\u017cd\u0105 w\u0142o\u017con\u0105 koron\u0105 a tym, co za ni\u0105 otrzymujesz. M\u00f3wi\u0105c najpro\u015bciej, oznacza to, \u017ce znajdujemy odpowiednich pracownik\u00f3w na stanowiska, kt\u00f3re obsadzamy i dajemy im odpowiednie warunki do odniesienia sukcesu. Bo nawet najlepsza kadra musi mie\u0107 odpowiednie warunki, aby szybko dosta\u0107 si\u0119 i m\u00f3c realizowa\u0107 swoje zadania. Mo\u017ce chodzi\u0107 o wprowadzenie i edukacj\u0119, ale tak\u017ce o zainteresowanie i motywacj\u0119.     <\/span><\/p>\n<p class=\"p2\"><span class=\"s1\">Zasada, kt\u00f3r\u0105 stosujemy od samego pocz\u0105tku, jest taka, \u017ce nowy pracownik lub pracownik, kt\u00f3ry przychodzi do nowego dla niego miejsca pracy, musi by\u0107 zawsze przedstawiony przez kogo\u015b z Jobzone, kto by\u0142 ju\u017c wcze\u015bniej z klientem. Jest to co\u015b, nad czym pracujemy, aby zapewni\u0107 bezpiecze\u0144stwo i aby nasi pracownicy zostali dobrze wprowadzeni, poniewa\u017c nie zawsze jest na to czas z naszymi klientami. <\/span><\/p>\n<p class=\"p2\"><span class=\"s1\">Staramy si\u0119 r\u00f3wnie\u017c wsp\u00f3lnie z naszymi klientami znale\u017a\u0107 odpowiednie wska\u017aniki, aby nasi pracownicy wiedzieli, czego si\u0119 od nich oczekuje. To oczywi\u015bcie powinno s\u0142u\u017cy\u0107 jako marchewka, a nie kij. Dlatego zawsze staramy si\u0119 znale\u017a\u0107 zach\u0119ty dla naszych pracownik\u00f3w, aby mogli si\u0119 rozwija\u0107, osi\u0105ga\u0107 wyniki i m\u00f3c si\u0119 rozwija\u0107.  <\/span><\/p>\n<p class=\"p2\"><span class=\"s1\">Ostatnim elementem koncepcji jest follow-up. Dzi\u0119ki kr\u00f3tkim, efektywnym spotkaniom kontrolnym wed\u0142ug ustalonego szablonu \u015bledzimy zar\u00f3wno zadowolenie klient\u00f3w, jak i pracownik\u00f3w ze wsp\u00f3\u0142pracy oraz to, czy dostarczamy oczekiwany rezultat. <\/span><\/p>\n<h3 class=\"p1\"><span class=\"s1\">Oferujemy zatrudnienie w Sztokholmie w nast\u0119puj\u0105cych obszarach zawodowych<\/span><\/h3>\n<ul>\n<li class=\"p2\"><span class=\"s1\"><a href=\"https:\/\/jobzone.se\/pl\/szukaj-pracownikow\/zawodow\/zatrudnienie-w-budownictwie\/\">Budownictwo i budownictwo<\/a><br \/>\n<\/span><\/li>\n<li><a href=\"https:\/\/jobzone.se\/sok-personal\/yrkesomraden\/transport\/\" target=\"_blank\" rel=\"noopener\">Transport<\/a><\/li>\n<li class=\"p2\"><a href=\"https:\/\/jobzone.se\/sok-personal\/yrkesomraden\/lager-industri\/\" target=\"_blank\" rel=\"noopener\"><span class=\"s1\">Magazyny i przemys\u0142<\/span><\/a><\/li>\n<li class=\"p2\"><span class=\"s1\"><a href=\"https:\/\/jobzone.se\/pl\/szukaj-pracownikow\/zawodow\/rekrutacja-it\/\">ONO<\/a><br \/>\n<\/span><\/li>\n<li class=\"p2\"><span class=\"s1\"><a href=\"https:\/\/jobzone.se\/pl\/szukaj-pracownikow\/zawodow\/rekrutacja-hr\/\">PAN<\/a><br \/>\n<\/span><\/li>\n<li class=\"p2\"><span class=\"s1\"><a href=\"https:\/\/jobzone.se\/pl\/szukaj-pracownikow\/zawodow\/administracja-obsluga-klienta\/\">Administracja\/obs\u0142uga klienta<\/a><br \/>\n<\/span><\/li>\n<li class=\"p2\"><span class=\"s1\"><a href=\"https:\/\/jobzone.se\/sok-personal\/yrkesomraden\/rekrytering-inom-ekonomi\/\">Gospodarka<\/a><br \/>\n<\/span><\/li>\n<li class=\"p2\"><span class=\"s1\"><a href=\"https:\/\/jobzone.se\/pl\/szukaj-pracownikow\/zawodow\/sprzedaz-i-marketing\/\">Sprzeda\u017c i marketing<\/a><br \/>\n<\/span><\/li>\n<li class=\"p2\"><a href=\"https:\/\/jobzone.se\/sok-personal\/yrkesomraden\/service-event-detaljhandeln\/\"><span class=\"s1\">Wydarzenia i us\u0142ugi<\/span><\/a><\/li>\n<\/ul>\n<h3 class=\"p1\"><span class=\"s1\"><b>Oferty pracy dla Ciebie jako osoby poszukuj\u0105cej pracy w Sztokholmie<\/b><\/span><\/h3>\n<p class=\"p2\"><span class=\"s1\">W Jobzone znajdziesz powa\u017cnego pracodawc\u0119, kt\u00f3ry postawi Ci\u0119 na pierwszym miejscu. Naszym zadaniem jest znalezienie dla Ciebie pracy, w kt\u00f3rej b\u0119dziesz si\u0119 rozwija\u0107 i b\u0119dziesz m\u00f3g\u0142 si\u0119 rozwija\u0107. <\/span><\/p>\n<p class=\"p2\"><span class=\"s1\">Wsp\u00f3\u0142pracuj\u0105c z nami, w kr\u00f3tkim czasie zdob\u0119dziesz du\u017ce do\u015bwiadczenie, poniewa\u017c mo\u017cesz spr\u00f3bowa\u0107 pracy dla wielu r\u00f3\u017cnych klient\u00f3w w swoim zawodzie. D\u0142ugo\u015b\u0107 zlece\u0144 mo\u017ce wynosi\u0107 od kilku godzin do ponad roku, w zale\u017cno\u015bci od \u017cycze\u0144 klienta i Twoich. Je\u015bli chcesz wypr\u00f3bowa\u0107 nowe zadania i cz\u0119sto zmienia\u0107 prac\u0119, staramy si\u0119 to dostosowa\u0107, je\u015bli chcesz zosta\u0107 d\u0142u\u017cej w tym samym miejscu pracy, staramy si\u0119 to dostosowa\u0107.  <\/span><\/p>\n<p class=\"p2\"><span class=\"s1\">Mamy miejsca pracy w wi\u0119kszo\u015bci bran\u017c i na wi\u0119kszo\u015bci poziom\u00f3w. Na przyk\u0142ad w magazynie powo\u0142ujemy wszystko, pocz\u0105wszy od pracownik\u00f3w ds. zam\u00f3wie\u0144, pracownik\u00f3w terminali i operator\u00f3w w\u00f3zk\u00f3w wid\u0142owych, a sko\u0144czywszy na kierownikach, kierownikach magazyn\u00f3w i kierownikach budowy. W zawodzie kierowcy powo\u0142ujemy kadr\u0119 do wszystkich rodzaj\u00f3w transportu. Na przyk\u0142ad dystrybucja towar\u00f3w, drobnica, recykling i wszystkie stanowiska kierownicze w tych obszarach. Je\u015bli szukasz pracy w Budownictwie i Budownictwie, to przede wszystkim poszukujemy majsterkowicz\u00f3w, robotnik\u00f3w rozbi\u00f3rkowych, stolarzy, zbrojarzy, betoniarzy i pracownik\u00f3w budowlanych. W bran\u017cy produkcyjnej poszukujemy wszystkiego, od magazynier\u00f3w, monter\u00f3w, projektant\u00f3w CAD, operator\u00f3w CNC po planist\u00f3w produkcji, zaopatrzeniowc\u00f3w i spawaczy oraz operator\u00f3w proces\u00f3w. W us\u0142ugach obiektowych poszukujemy osoby, kt\u00f3ra jest zr\u0119czna i zmotywowana do wykonywania takich zawod\u00f3w, jak sprz\u0105tanie, dozorcy, technicy operacyjni i kierownicy obiekt\u00f3w. W obszarze Events and Service poszukujemy przede wszystkim pracownik\u00f3w do du\u017cych aren w Sztokholmie, Friends Arena, Tele2 Arena, Avicii Arena, Hovet i Annexet, gdzie zajmujemy si\u0119 kasami biletowymi, przyjmujemy wszystkich go\u015bci i odpowiednio ich oprowadzamy w gara\u017cach, wej\u015bciach, wewn\u0105trz aren i w lo\u017cach. Posiadamy r\u00f3wnie\u017c du\u017c\u0105 pul\u0119 w IT, finansach, biurach i administracji, kt\u00f3ra jest stale poszerzana o np. recepcjonist\u00f3w, operator\u00f3w telefonicznych, pracownik\u00f3w obs\u0142ugi klienta, sekretarek, ksi\u0119gowych, administrator\u00f3w p\u0142ac i innych zawod\u00f3w.        <\/span><\/p>\n<h3 class=\"p1\"><span class=\"s1\">Wynajem konsultanta w okolicach Sztokholmu i okolic<\/span><\/h3>\n<p class=\"p2\"><span class=\"s1\">Z biura w Sztokholmie zaopatrujemy personel w ca\u0142y region Wielkiego Sztokholmu od Nyn\u00e4shamn do Arlandy. Nasze biuro satelitarne w S\u00f6dert\u00e4lje zaopatruje r\u00f3wnie\u017c Nykvarn, J\u00e4rna, Gnesta, Trosa i Nyk\u00f6ping w mi\u0142ych i zaanga\u017cowanych pracownik\u00f3w. W Norrt\u00e4lje nie mamy lokalnego biura, ale jest wielu pracownik\u00f3w, kt\u00f3rzy mog\u0105 zapewni\u0107 personel miastu i okolicom.    <\/span><\/p>\n<h3 class=\"p1\"><span class=\"s1\">Dlaczego warto wybra\u0107 konsultant\u00f3w ds. rekrutacji z Jobzone?<\/span><\/h3>\n<p class=\"p2\"><span class=\"s1\">Firma rekrutacyjna Jobzone zosta\u0142a za\u0142o\u017cona w oparciu o pomys\u0142 na to, co tak naprawd\u0119 tworzy sukces i rentowno\u015b\u0107. Odpowiedzi\u0105 na to pytanie by\u0142a jednostka \u2013 satysfakcja z pracy pracownika, kt\u00f3ry pracuje dla firmy. <\/span><\/p>\n<p class=\"p2\"><span class=\"s1\">Pomys\u0142, kt\u00f3ry przed 2002 rokiem, kiedy powsta\u0142 Jobzone, m\u00f3g\u0142 nie by\u0107 przedmiotem planu rozwoju gospodarczego pracodawc\u00f3w. Dzi\u015b wiemy lepiej, a rozw\u00f3j tej idei doprowadzi\u0142 do tego, \u017ce Jobzone jest dzi\u015b jedn\u0105 z najwi\u0119kszych firm rekrutacyjnych i rekrutacyjnych w regionie nordyckim. <\/span><\/p>\n<p class=\"p2\"><span class=\"s1\">Wszystko, co robimy w naszym biznesie, powinno przyczynia\u0107 si\u0119 do sukcesu os\u00f3b i organizacji, a w zwi\u0105zku z tym powinni\u015bmy by\u0107 r\u00f3wnie\u017c najlepszym pracodawc\u0105 w bran\u017cy. Te dwa podej\u015bcia oznaczaj\u0105, \u017ce klienci i pracownicy s\u0105 traktowani jak klasa sama w sobie. <\/span><\/p>\n<p class=\"p2\"><span class=\"s1\">Za kulisami postrzegamy siebie jako superbohater\u00f3w naszych klient\u00f3w. Odbywa si\u0119 to poprzez u\u0142atwienie codziennego \u017cycia, dzi\u0119ki czemu mo\u017cesz skupi\u0107 si\u0119 na swojej podstawowej dzia\u0142alno\u015bci. Tworzymy elastyczno\u015b\u0107, wnosz\u0105c wiedz\u0119 i warto\u015b\u0107, gdy nie masz mo\u017cliwo\u015bci rekrutacji, jednocze\u015bnie generuj\u0105c przyci\u0105ganie do Ciebie, dzia\u0142aj\u0105c jako Tw\u00f3j kana\u0142 sprzeda\u017cy. W ten spos\u00f3b minimalizujemy ryzyko i jednocze\u015bnie stwarzamy szans\u0119.   <\/span><\/p>\n<p>  <\/p>\n","protected":false},"excerpt":{"rendered":"<p>Vretenv\u00e4gen 13, 171 54 Solna Zatrudnienie w Sztokholmie W naszym mi\u0142ym biurze zawsze jeste\u015b mile widziany na kaw\u0119, aby porozmawia\u0107 o rekrutacji, zatrudnieniu lub karierze. Skontaktuj si\u0119 z nami. Mo\u017cesz zadzwoni\u0107 do naszego biura pod numer 08-448 06 40 od poniedzia\u0142ku do pi\u0105tku w godzinach 08.00-17.00. Witamy w do\u015bwiadczonej firmie rekrutacyjnej w Sztokholmie St\u0105d rekrutujemy pracownik\u00f3w i obs\u0142ugujemy naszych klient\u00f3w [&hellip;]<\/p>\n","protected":false},"author":17,"featured_media":22493,"parent":22467,"menu_order":0,"comment_status":"closed","ping_status":"closed","template":"","meta":{"footnotes":""},"yoast_head":"<!-- This site is optimized with the Yoast SEO plugin v22.2 - https:\/\/yoast.com\/wordpress\/plugins\/seo\/ -->\n<title>Agencja Po\u015brednictwa Pracy Sztokholm | Rekrutacja w Sztokholmie | Strefa pracy<\/title>\n<meta name=\"description\" content=\"W firmie rekrutacyjnej Jobzone w Sztokholmie znajdujemy kandydat\u00f3w, kt\u00f3rzy naprawd\u0119 b\u0119d\u0105 si\u0119 rozwija\u0107 i odnosi\u0107 sukcesy z Tob\u0105! Dowiedz si\u0119 wi\u0119cej o jednym z najwi\u0119kszych graczy w regionie nordyckim.\" \/>\n<meta name=\"robots\" content=\"index, follow, max-snippet:-1, max-image-preview:large, max-video-preview:-1\" \/>\n<link rel=\"canonical\" href=\"https:\/\/jobzone.se\/pl\/jobzone-agencje-posrednictwa-pracy\/agencje-posrednictwa-pracy-w-sztokholmie\/\" \/>\n<meta property=\"og:locale\" content=\"pl_PL\" \/>\n<meta property=\"og:type\" content=\"article\" \/>\n<meta property=\"og:title\" content=\"Agencja Po\u015brednictwa Pracy Sztokholm | Rekrutacja w Sztokholmie | Strefa pracy\" \/>\n<meta property=\"og:description\" content=\"W firmie rekrutacyjnej Jobzone w Sztokholmie znajdujemy kandydat\u00f3w, kt\u00f3rzy naprawd\u0119 b\u0119d\u0105 si\u0119 rozwija\u0107 i odnosi\u0107 sukcesy z Tob\u0105! Dowiedz si\u0119 wi\u0119cej o jednym z najwi\u0119kszych graczy w regionie nordyckim.\" \/>\n<meta property=\"og:url\" content=\"https:\/\/jobzone.se\/pl\/jobzone-agencje-posrednictwa-pracy\/agencje-posrednictwa-pracy-w-sztokholmie\/\" \/>\n<meta property=\"og:site_name\" content=\"Jobzone\" \/>\n<meta property=\"article:publisher\" content=\"https:\/\/www.facebook.com\/JobzoneSverige\" \/>\n<meta property=\"article:modified_time\" content=\"2025-09-03T10:35:41+00:00\" \/>\n<meta property=\"og:image\" content=\"https:\/\/jobzone.se\/wp-content\/uploads\/2019\/02\/jobzone-stockholm.jpg\" \/>\n\t<meta property=\"og:image:width\" content=\"1200\" \/>\n\t<meta property=\"og:image:height\" content=\"630\" \/>\n\t<meta property=\"og:image:type\" content=\"image\/jpeg\" \/>\n<meta name=\"twitter:label1\" content=\"Szacowany czas czytania\" \/>\n\t<meta name=\"twitter:data1\" content=\"9 minut\" \/>\n<script type=\"application\/ld+json\" class=\"yoast-schema-graph\">{\"@context\":\"https:\/\/schema.org\",\"@graph\":[{\"@type\":\"WebPage\",\"@id\":\"https:\/\/jobzone.se\/pl\/jobzone-agencje-posrednictwa-pracy\/agencje-posrednictwa-pracy-w-sztokholmie\/\",\"url\":\"https:\/\/jobzone.se\/pl\/jobzone-agencje-posrednictwa-pracy\/agencje-posrednictwa-pracy-w-sztokholmie\/\",\"name\":\"Agencja Po\u015brednictwa Pracy Sztokholm | Rekrutacja w Sztokholmie | Strefa pracy\",\"isPartOf\":{\"@id\":\"https:\/\/jobzone.se\/pl\/#website\"},\"primaryImageOfPage\":{\"@id\":\"https:\/\/jobzone.se\/pl\/jobzone-agencje-posrednictwa-pracy\/agencje-posrednictwa-pracy-w-sztokholmie\/#primaryimage\"},\"image\":{\"@id\":\"https:\/\/jobzone.se\/pl\/jobzone-agencje-posrednictwa-pracy\/agencje-posrednictwa-pracy-w-sztokholmie\/#primaryimage\"},\"thumbnailUrl\":\"https:\/\/jobzone.se\/wp-content\/uploads\/2019\/02\/jobzone-stockholm.jpg\",\"datePublished\":\"2020-02-19T09:11:20+00:00\",\"dateModified\":\"2025-09-03T10:35:41+00:00\",\"description\":\"W firmie rekrutacyjnej Jobzone w Sztokholmie znajdujemy kandydat\u00f3w, kt\u00f3rzy naprawd\u0119 b\u0119d\u0105 si\u0119 rozwija\u0107 i odnosi\u0107 sukcesy z Tob\u0105! Dowiedz si\u0119 wi\u0119cej o jednym z najwi\u0119kszych graczy w regionie nordyckim.\",\"breadcrumb\":{\"@id\":\"https:\/\/jobzone.se\/pl\/jobzone-agencje-posrednictwa-pracy\/agencje-posrednictwa-pracy-w-sztokholmie\/#breadcrumb\"},\"inLanguage\":\"pl-PL\",\"potentialAction\":[{\"@type\":\"ReadAction\",\"target\":[\"https:\/\/jobzone.se\/pl\/jobzone-agencje-posrednictwa-pracy\/agencje-posrednictwa-pracy-w-sztokholmie\/\"]}]},{\"@type\":\"ImageObject\",\"inLanguage\":\"pl-PL\",\"@id\":\"https:\/\/jobzone.se\/pl\/jobzone-agencje-posrednictwa-pracy\/agencje-posrednictwa-pracy-w-sztokholmie\/#primaryimage\",\"url\":\"https:\/\/jobzone.se\/wp-content\/uploads\/2019\/02\/jobzone-stockholm.jpg\",\"contentUrl\":\"https:\/\/jobzone.se\/wp-content\/uploads\/2019\/02\/jobzone-stockholm.jpg\",\"width\":1200,\"height\":630,\"caption\":\"Jobzone Sztokholm\"},{\"@type\":\"BreadcrumbList\",\"@id\":\"https:\/\/jobzone.se\/pl\/jobzone-agencje-posrednictwa-pracy\/agencje-posrednictwa-pracy-w-sztokholmie\/#breadcrumb\",\"itemListElement\":[{\"@type\":\"ListItem\",\"position\":1,\"name\":\"Jobzone &#8211; Agencje po\u015brednictwa pracy\",\"item\":\"https:\/\/jobzone.se\/pl\/jobzone-agencje-posrednictwa-pracy\/\"},{\"@type\":\"ListItem\",\"position\":2,\"name\":\"Agencje po\u015brednictwa pracy w Sztokholmie\"}]},{\"@type\":\"WebSite\",\"@id\":\"https:\/\/jobzone.se\/pl\/#website\",\"url\":\"https:\/\/jobzone.se\/pl\/\",\"name\":\"Jobzone\",\"description\":\"Bemanning och Rekryteringsf\u00f6retaget Jobzone i Sverige\",\"publisher\":{\"@id\":\"https:\/\/jobzone.se\/pl\/#organization\"},\"potentialAction\":[{\"@type\":\"SearchAction\",\"target\":{\"@type\":\"EntryPoint\",\"urlTemplate\":\"https:\/\/jobzone.se\/pl\/?s={search_term_string}\"},\"query-input\":\"required name=search_term_string\"}],\"inLanguage\":\"pl-PL\"},{\"@type\":\"Organization\",\"@id\":\"https:\/\/jobzone.se\/pl\/#organization\",\"name\":\"Jobzone\",\"url\":\"https:\/\/jobzone.se\/pl\/\",\"logo\":{\"@type\":\"ImageObject\",\"inLanguage\":\"pl-PL\",\"@id\":\"https:\/\/jobzone.se\/pl\/#\/schema\/logo\/image\/\",\"url\":\"https:\/\/jobzone.se\/wp-content\/uploads\/2019\/02\/jobzone-logo-web.jpg\",\"contentUrl\":\"https:\/\/jobzone.se\/wp-content\/uploads\/2019\/02\/jobzone-logo-web.jpg\",\"width\":145,\"height\":146,\"caption\":\"Jobzone\"},\"image\":{\"@id\":\"https:\/\/jobzone.se\/pl\/#\/schema\/logo\/image\/\"},\"sameAs\":[\"https:\/\/www.facebook.com\/JobzoneSverige\"]}]}<\/script>\n<!-- \/ Yoast SEO plugin. -->","yoast_head_json":{"title":"Agencja Po\u015brednictwa Pracy Sztokholm | Rekrutacja w Sztokholmie | Strefa pracy","description":"W firmie rekrutacyjnej Jobzone w Sztokholmie znajdujemy kandydat\u00f3w, kt\u00f3rzy naprawd\u0119 b\u0119d\u0105 si\u0119 rozwija\u0107 i odnosi\u0107 sukcesy z Tob\u0105! Dowiedz si\u0119 wi\u0119cej o jednym z najwi\u0119kszych graczy w regionie nordyckim.","robots":{"index":"index","follow":"follow","max-snippet":"max-snippet:-1","max-image-preview":"max-image-preview:large","max-video-preview":"max-video-preview:-1"},"canonical":"https:\/\/jobzone.se\/pl\/jobzone-agencje-posrednictwa-pracy\/agencje-posrednictwa-pracy-w-sztokholmie\/","og_locale":"pl_PL","og_type":"article","og_title":"Agencja Po\u015brednictwa Pracy Sztokholm | Rekrutacja w Sztokholmie | Strefa pracy","og_description":"W firmie rekrutacyjnej Jobzone w Sztokholmie znajdujemy kandydat\u00f3w, kt\u00f3rzy naprawd\u0119 b\u0119d\u0105 si\u0119 rozwija\u0107 i odnosi\u0107 sukcesy z Tob\u0105! Dowiedz si\u0119 wi\u0119cej o jednym z najwi\u0119kszych graczy w regionie nordyckim.","og_url":"https:\/\/jobzone.se\/pl\/jobzone-agencje-posrednictwa-pracy\/agencje-posrednictwa-pracy-w-sztokholmie\/","og_site_name":"Jobzone","article_publisher":"https:\/\/www.facebook.com\/JobzoneSverige","article_modified_time":"2025-09-03T10:35:41+00:00","og_image":[{"width":1200,"height":630,"url":"https:\/\/jobzone.se\/wp-content\/uploads\/2019\/02\/jobzone-stockholm.jpg","type":"image\/jpeg"}],"twitter_misc":{"Szacowany czas czytania":"9 minut"},"schema":{"@context":"https:\/\/schema.org","@graph":[{"@type":"WebPage","@id":"https:\/\/jobzone.se\/pl\/jobzone-agencje-posrednictwa-pracy\/agencje-posrednictwa-pracy-w-sztokholmie\/","url":"https:\/\/jobzone.se\/pl\/jobzone-agencje-posrednictwa-pracy\/agencje-posrednictwa-pracy-w-sztokholmie\/","name":"Agencja Po\u015brednictwa Pracy Sztokholm | Rekrutacja w Sztokholmie | Strefa pracy","isPartOf":{"@id":"https:\/\/jobzone.se\/pl\/#website"},"primaryImageOfPage":{"@id":"https:\/\/jobzone.se\/pl\/jobzone-agencje-posrednictwa-pracy\/agencje-posrednictwa-pracy-w-sztokholmie\/#primaryimage"},"image":{"@id":"https:\/\/jobzone.se\/pl\/jobzone-agencje-posrednictwa-pracy\/agencje-posrednictwa-pracy-w-sztokholmie\/#primaryimage"},"thumbnailUrl":"https:\/\/jobzone.se\/wp-content\/uploads\/2019\/02\/jobzone-stockholm.jpg","datePublished":"2020-02-19T09:11:20+00:00","dateModified":"2025-09-03T10:35:41+00:00","description":"W firmie rekrutacyjnej Jobzone w Sztokholmie znajdujemy kandydat\u00f3w, kt\u00f3rzy naprawd\u0119 b\u0119d\u0105 si\u0119 rozwija\u0107 i odnosi\u0107 sukcesy z Tob\u0105! Dowiedz si\u0119 wi\u0119cej o jednym z najwi\u0119kszych graczy w regionie nordyckim.","breadcrumb":{"@id":"https:\/\/jobzone.se\/pl\/jobzone-agencje-posrednictwa-pracy\/agencje-posrednictwa-pracy-w-sztokholmie\/#breadcrumb"},"inLanguage":"pl-PL","potentialAction":[{"@type":"ReadAction","target":["https:\/\/jobzone.se\/pl\/jobzone-agencje-posrednictwa-pracy\/agencje-posrednictwa-pracy-w-sztokholmie\/"]}]},{"@type":"ImageObject","inLanguage":"pl-PL","@id":"https:\/\/jobzone.se\/pl\/jobzone-agencje-posrednictwa-pracy\/agencje-posrednictwa-pracy-w-sztokholmie\/#primaryimage","url":"https:\/\/jobzone.se\/wp-content\/uploads\/2019\/02\/jobzone-stockholm.jpg","contentUrl":"https:\/\/jobzone.se\/wp-content\/uploads\/2019\/02\/jobzone-stockholm.jpg","width":1200,"height":630,"caption":"Jobzone Sztokholm"},{"@type":"BreadcrumbList","@id":"https:\/\/jobzone.se\/pl\/jobzone-agencje-posrednictwa-pracy\/agencje-posrednictwa-pracy-w-sztokholmie\/#breadcrumb","itemListElement":[{"@type":"ListItem","position":1,"name":"Jobzone &#8211; Agencje po\u015brednictwa pracy","item":"https:\/\/jobzone.se\/pl\/jobzone-agencje-posrednictwa-pracy\/"},{"@type":"ListItem","position":2,"name":"Agencje po\u015brednictwa pracy w Sztokholmie"}]},{"@type":"WebSite","@id":"https:\/\/jobzone.se\/pl\/#website","url":"https:\/\/jobzone.se\/pl\/","name":"Jobzone","description":"Bemanning och Rekryteringsf\u00f6retaget Jobzone i Sverige","publisher":{"@id":"https:\/\/jobzone.se\/pl\/#organization"},"potentialAction":[{"@type":"SearchAction","target":{"@type":"EntryPoint","urlTemplate":"https:\/\/jobzone.se\/pl\/?s={search_term_string}"},"query-input":"required name=search_term_string"}],"inLanguage":"pl-PL"},{"@type":"Organization","@id":"https:\/\/jobzone.se\/pl\/#organization","name":"Jobzone","url":"https:\/\/jobzone.se\/pl\/","logo":{"@type":"ImageObject","inLanguage":"pl-PL","@id":"https:\/\/jobzone.se\/pl\/#\/schema\/logo\/image\/","url":"https:\/\/jobzone.se\/wp-content\/uploads\/2019\/02\/jobzone-logo-web.jpg","contentUrl":"https:\/\/jobzone.se\/wp-content\/uploads\/2019\/02\/jobzone-logo-web.jpg","width":145,"height":146,"caption":"Jobzone"},"image":{"@id":"https:\/\/jobzone.se\/pl\/#\/schema\/logo\/image\/"},"sameAs":["https:\/\/www.facebook.com\/JobzoneSverige"]}]}},"_links":{"self":[{"href":"https:\/\/jobzone.se\/pl\/wp-json\/wp\/v2\/pages\/22492"}],"collection":[{"href":"https:\/\/jobzone.se\/pl\/wp-json\/wp\/v2\/pages"}],"about":[{"href":"https:\/\/jobzone.se\/pl\/wp-json\/wp\/v2\/types\/page"}],"author":[{"embeddable":true,"href":"https:\/\/jobzone.se\/pl\/wp-json\/wp\/v2\/users\/17"}],"replies":[{"embeddable":true,"href":"https:\/\/jobzone.se\/pl\/wp-json\/wp\/v2\/comments?post=22492"}],"version-history":[{"count":2,"href":"https:\/\/jobzone.se\/pl\/wp-json\/wp\/v2\/pages\/22492\/revisions"}],"predecessor-version":[{"id":22497,"href":"https:\/\/jobzone.se\/pl\/wp-json\/wp\/v2\/pages\/22492\/revisions\/22497"}],"up":[{"embeddable":true,"href":"https:\/\/jobzone.se\/pl\/wp-json\/wp\/v2\/pages\/22467"}],"wp:featuredmedia":[{"embeddable":true,"href":"https:\/\/jobzone.se\/pl\/wp-json\/wp\/v2\/media\/22493"}],"wp:attachment":[{"href":"https:\/\/jobzone.se\/pl\/wp-json\/wp\/v2\/media?parent=22492"}],"curies":[{"name":"wp","href":"https:\/\/api.w.org\/{rel}","templated":true}]}}