{"id":22514,"date":"2020-02-19T11:24:04","date_gmt":"2020-02-19T09:24:04","guid":{"rendered":"https:\/\/jobzone.se\/jobzone-agencje-posrednictwa-pracy\/agencje-pracy-tymczasowej-w-jonkoping\/"},"modified":"2025-09-03T12:35:45","modified_gmt":"2025-09-03T10:35:45","slug":"agencje-pracy-tymczasowej-w-jonkoping","status":"publish","type":"page","link":"https:\/\/jobzone.se\/pl\/jobzone-agencje-posrednictwa-pracy\/agencje-pracy-tymczasowej-w-jonkoping\/","title":{"rendered":"Agencje pracy tymczasowej w J\u00f6nk\u00f6ping"},"content":{"rendered":"<p>       Huskvarnav\u00e4gen 40, 554 54 J\u00f6nk\u00f6ping         <\/p>\n<h2>Zatrudnienie w J\u00f6nk\u00f6ping<\/h2>\n<p class=\"impact-text\">Firma Jobzone istnieje w J\u00f6nk\u00f6ping od 2012 roku, kiedy to zrekrutowali\u015bmy wszystkich pracownik\u00f3w, od os\u00f3b kompletuj\u0105cych zam\u00f3wienia po kierownik\u00f3w budowy, do centralnego magazynu Expert Nordic w Skillingaryd. W tym czasie by\u0142o to oko\u0142o 130 os\u00f3b, kt\u00f3re mia\u0142y pracowa\u0107 na dwie zmiany siedem dni w tygodniu. Od pocz\u0105tku z pracownikami magazynowymi, przekszta\u0142cili\u015bmy si\u0119 w lokalne biuro z szerszym repertuarem, w kt\u00f3rym wynajmujemy wszystko, od kierowc\u00f3w, pracownik\u00f3w serwisowych i przemys\u0142owych po betoniark\u00f3w, zbrojnik\u00f3w i stolarzy.  <\/p>\n<p>Zapraszamy do nas na kaw\u0119, aby porozmawia\u0107 o rekrutacji, obsadzie stanowisk czy karierze.<\/p>\n<p><a href=\"https:\/\/jobzone.se\/pl\/kontakt\/\">Skontaktuj si\u0119 z nami<\/a><\/p>\n<h3>Jobzone \u2013 autoryzowana agencja po\u015brednictwa pracy<\/h3>\n<p>Ci\u0105gle s\u0142yszymy, \u017ce jeste\u015bmy dobrym i bezpiecznym pracodawc\u0105, kt\u00f3ry stwarza warunki do sukcesu i rado\u015bci z pracy. Od samego pocz\u0105tku d\u0105\u017cymy do tego, aby by\u0107 najlepszym pracodawc\u0105 w bran\u017cy, poniewa\u017c wierzymy, \u017ce ludzie, kt\u00f3rzy si\u0119 rozwijaj\u0105, osi\u0105gaj\u0105 lepsze wyniki. Co\u015b, co pokazuj\u0105 nasze wysokie oceny klient\u00f3w i pracownik\u00f3w.  <\/p>\n<p>U podstaw naszych podstawowych warto\u015bci le\u017cy to, \u017ce jeste\u015bmy autoryzowan\u0105 firm\u0105 rekrutacyjn\u0105. To nasza organizacja bran\u017cowa Kompetensf\u00f6retagen wydaje autoryzacj\u0119, co gwarantuje, \u017ce jej cz\u0142onkowie pracuj\u0105 powa\u017cnie i spe\u0142niaj\u0105 wysokie standardy. Autoryzacja zapewnia r\u00f3wnie\u017c bezpiecze\u0144stwo klientom i pracownikom.  <\/p>\n<h3>Kadrowanie i obsadzanie stanowisk w J\u00f6nk\u00f6ping<\/h3>\n<p>W Jobzone pracujemy zgodnie z koncepcj\u0105 Produktywnego Zatrudnienia, kt\u00f3ra koncentruje si\u0119 na relacji mi\u0119dzy ka\u017cd\u0105 w\u0142o\u017con\u0105 koron\u0105 a tym, co za ni\u0105 otrzymujesz. M\u00f3wi\u0105c najpro\u015bciej, oznacza to, \u017ce znajdujemy odpowiednich pracownik\u00f3w na stanowiska, kt\u00f3re obsadzamy i dajemy im odpowiednie warunki do odniesienia sukcesu. Bo nawet najlepsza kadra musi mie\u0107 odpowiednie warunki, aby szybko dosta\u0107 si\u0119 i m\u00f3c realizowa\u0107 swoje zadania. Mo\u017ce chodzi\u0107 o wprowadzenie i edukacj\u0119, ale tak\u017ce o zainteresowanie i motywacj\u0119.   <\/p>\n<p>Zasada, kt\u00f3r\u0105 stosujemy od samego pocz\u0105tku, jest taka, \u017ce nowy pracownik lub pracownik, kt\u00f3ry przychodzi do nowego dla niego miejsca pracy, musi by\u0107 zawsze przedstawiony przez kogo\u015b z Jobzone, kto by\u0142 ju\u017c wcze\u015bniej z klientem. Jest to co\u015b, nad czym pracujemy, aby zapewni\u0107 bezpiecze\u0144stwo i aby nasi pracownicy zostali dobrze wprowadzeni, poniewa\u017c nie zawsze jest na to czas z naszymi klientami. <\/p>\n<p>Staramy si\u0119 r\u00f3wnie\u017c wsp\u00f3lnie z naszymi klientami znale\u017a\u0107 odpowiednie wska\u017aniki, aby nasi pracownicy wiedzieli, czego si\u0119 od nich oczekuje. To oczywi\u015bcie powinno s\u0142u\u017cy\u0107 jako marchewka, a nie kij. Dlatego zawsze staramy si\u0119 znale\u017a\u0107 zach\u0119ty dla naszych pracownik\u00f3w, aby mogli si\u0119 rozwija\u0107, osi\u0105ga\u0107 wyniki i m\u00f3c si\u0119 rozwija\u0107.  <\/p>\n<p>Ostatnim elementem koncepcji jest follow-up. Dzi\u0119ki kr\u00f3tkim, efektywnym spotkaniom kontrolnym wed\u0142ug ustalonego szablonu \u015bledzimy zar\u00f3wno zadowolenie klient\u00f3w, jak i pracownik\u00f3w ze wsp\u00f3\u0142pracy oraz to, czy dostarczamy oczekiwany rezultat. <\/p>\n<h3>Wynajem konsultanta do J\u00f6nk\u00f6ping i okolic<\/h3>\n<p>Z biura w J\u00f6nk\u00f6ping wynajmujemy pracownik\u00f3w w dziedzinie budownictwa i in\u017cynierii l\u0105dowej na ca\u0142y region J\u00f6nk\u00f6ping, tj. od Tran\u00e5s do V\u00e4rnamo i od Gislaved do Vetlanda i wszystko pomi\u0119dzy.<\/p>\n<h3>Dlaczego warto wybra\u0107 konsultant\u00f3w ds. rekrutacji z Jobzone?<\/h3>\n<p>Firma rekrutacyjna Jobzone zosta\u0142a za\u0142o\u017cona w oparciu o pomys\u0142 na to, co tak naprawd\u0119 tworzy sukces i rentowno\u015b\u0107. Odpowiedzi\u0105 na to pytanie by\u0142a jednostka \u2013 satysfakcja z pracy pracownika, kt\u00f3ry pracuje dla firmy. <\/p>\n<p>Pomys\u0142, kt\u00f3ry przed 2002 rokiem, kiedy powsta\u0142 Jobzone, m\u00f3g\u0142 nie by\u0107 przedmiotem planu rozwoju gospodarczego pracodawc\u00f3w. Dzi\u015b wiemy lepiej, a rozw\u00f3j tej idei doprowadzi\u0142 do tego, \u017ce Jobzone jest dzi\u015b jedn\u0105 z najwi\u0119kszych firm rekrutacyjnych i rekrutacyjnych w regionie nordyckim. <\/p>\n<p>Wszystko, co robimy w naszym biznesie, powinno przyczynia\u0107 si\u0119 do sukcesu os\u00f3b i organizacji, a w zwi\u0105zku z tym powinni\u015bmy by\u0107 r\u00f3wnie\u017c najlepszym pracodawc\u0105 w bran\u017cy. Te dwa podej\u015bcia oznaczaj\u0105, \u017ce klienci i pracownicy s\u0105 traktowani jak klasa sama w sobie. <\/p>\n<p>Za kulisami postrzegamy siebie jako superbohater\u00f3w naszych klient\u00f3w. Odbywa si\u0119 to poprzez u\u0142atwienie codziennego \u017cycia, dzi\u0119ki czemu mo\u017cesz skupi\u0107 si\u0119 na swojej podstawowej dzia\u0142alno\u015bci. Tworzymy elastyczno\u015b\u0107, wnosz\u0105c wiedz\u0119 i warto\u015b\u0107, gdy nie masz mo\u017cliwo\u015bci rekrutacji, jednocze\u015bnie generuj\u0105c przyci\u0105ganie do Ciebie, dzia\u0142aj\u0105c jako Tw\u00f3j kana\u0142 sprzeda\u017cy. W ten spos\u00f3b minimalizujemy ryzyko i jednocze\u015bnie stwarzamy szans\u0119.   <\/p>\n<h3>Oferty pracy dla Ciebie jako osoby poszukuj\u0105cej pracy w J\u00f6nk\u00f6ping<\/h3>\n<p>W Jobzone znajdziesz powa\u017cnego pracodawc\u0119, kt\u00f3ry postawi Ci\u0119 na pierwszym miejscu. Naszym zadaniem jest znalezienie dla Ciebie pracy, w kt\u00f3rej b\u0119dziesz si\u0119 rozwija\u0107 i b\u0119dziesz m\u00f3g\u0142 si\u0119 rozwija\u0107. <\/p>\n<p>Wsp\u00f3\u0142pracuj\u0105c z nami, w kr\u00f3tkim czasie zdob\u0119dziesz du\u017ce do\u015bwiadczenie, poniewa\u017c mo\u017cesz spr\u00f3bowa\u0107 pracy dla wielu r\u00f3\u017cnych klient\u00f3w w swojej bran\u017cy. D\u0142ugo\u015b\u0107 zlece\u0144 mo\u017ce waha\u0107 si\u0119 od kilku dni do ponad roku, w zale\u017cno\u015bci od \u017cycze\u0144 klienta i Twoich. Je\u015bli chcesz wypr\u00f3bowa\u0107 nowe zadania i cz\u0119sto zmienia\u0107 miejsca pracy, staramy si\u0119 to uwzgl\u0119dni\u0107, je\u015bli wolisz zosta\u0107 d\u0142u\u017cej w tym samym miejscu pracy, staramy si\u0119 to dostosowa\u0107.  <\/p>\n<p>Mamy prac\u0119 w wi\u0119kszo\u015bci bran\u017c, ale specjalizujemy si\u0119 w budownictwie, przemy\u015ble i produkcji oraz logistyce. Je\u015bli szukasz pracy w budownictwie i budownictwie, to poszukujemy g\u0142\u00f3wnie majsterkowicz\u00f3w, robotnik\u00f3w rozbi\u00f3rkowych, stolarzy, zbrojarzy, betoniarzy i pracownik\u00f3w budowlanych. W magazynie zatrudniamy wszystko, pocz\u0105wszy od pracownik\u00f3w ds. zam\u00f3wie\u0144, pracownik\u00f3w terminali i operator\u00f3w w\u00f3zk\u00f3w wid\u0142owych, a sko\u0144czywszy na kierownikach, kierownikach magazyn\u00f3w i kierownikach budowy. W zawodzie kierowcy powo\u0142ujemy kadr\u0119 do wszystkich rodzaj\u00f3w transportu. Na przyk\u0142ad dystrybucja towar\u00f3w, drobnica, recykling i wszystkie stanowiska kierownicze w tych obszarach. W bran\u017cy produkcyjnej poszukujemy wszystkiego, od magazynier\u00f3w, monter\u00f3w, projektant\u00f3w CAD, operator\u00f3w CNC po planist\u00f3w produkcji, zaopatrzeniowc\u00f3w i spawaczy oraz operator\u00f3w proces\u00f3w.     <\/p>\n<h3>Znajd\u017a nasz\u0105 agencj\u0119 po\u015brednictwa pracy w J\u00f6nk\u00f6ping<\/h3>\n<p>Nasze biuro w J\u00f6nk\u00f6ping znajduje si\u0119 przy ulicy Huskvarnav\u00e4gen 40, do kt\u00f3rej naj\u0142atwiej dojecha\u0107 samochodem. Z drogi E4 skr\u0119\u0107 na skrzy\u017cowaniu 99 \u00d6sterl\u00e4ngen i kieruj si\u0119 znakami na Elmia. Na rondzie na Husqvarnav\u00e4gen skr\u0119\u0107 w lewo i jed\u017a dalej trzy przecznice do Glansgatan, gdzie skr\u0119\u0107 w lewo i bezpo\u015brednio w prawo na parking przy naszym biurze.  <\/p>\n<p>Autobus 18 w kierunku Elmii jedzie z J\u00f6nk\u00f6ping \u00d6stra Centrum do naszego biura. Wysi\u0105d\u017a na stacji Tegelbruksgatan i id\u017a oko\u0142o 150 do Huskvarnav\u00e4gen 6A. <\/p>\n<p>  <\/p>\n","protected":false},"excerpt":{"rendered":"<p>Huskvarnav\u00e4gen 40, 554 54 J\u00f6nk\u00f6ping Zatrudnienie w J\u00f6nk\u00f6ping Firma Jobzone istnieje w J\u00f6nk\u00f6ping od 2012 roku, kiedy to zrekrutowali\u015bmy wszystkich pracownik\u00f3w, od os\u00f3b kompletuj\u0105cych zam\u00f3wienia po kierownik\u00f3w budowy, do centralnego magazynu Expert Nordic w Skillingaryd. W tym czasie by\u0142o to oko\u0142o 130 os\u00f3b, kt\u00f3re mia\u0142y pracowa\u0107 na dwie zmiany siedem dni w tygodniu. Od pocz\u0105tku z pracownikami magazynowymi, przekszta\u0142cili\u015bmy si\u0119 [&hellip;]<\/p>\n","protected":false},"author":17,"featured_media":22515,"parent":22467,"menu_order":0,"comment_status":"closed","ping_status":"closed","template":"","meta":{"footnotes":""},"yoast_head":"<!-- This site is optimized with the Yoast SEO plugin v22.2 - https:\/\/yoast.com\/wordpress\/plugins\/seo\/ -->\n<title>Firma rekrutacyjna J\u00f6nk\u00f6ping | Zatrudnienie w J\u00f6nk\u00f6ping | Strefa pracy<\/title>\n<meta name=\"description\" content=\"Jobzone Sweden to firma rekrutacyjna z biurami w J\u00f6nk\u00f6ping, \u00d6rebro, V\u00e4ster\u00e5s i Sztokholmie - ale zatrudniamy wi\u0119cej lokalizacji!\" \/>\n<meta name=\"robots\" content=\"index, follow, max-snippet:-1, max-image-preview:large, max-video-preview:-1\" \/>\n<link rel=\"canonical\" href=\"https:\/\/jobzone.se\/pl\/jobzone-agencje-posrednictwa-pracy\/agencje-pracy-tymczasowej-w-jonkoping\/\" \/>\n<meta property=\"og:locale\" content=\"pl_PL\" \/>\n<meta property=\"og:type\" content=\"article\" \/>\n<meta property=\"og:title\" content=\"Firma rekrutacyjna J\u00f6nk\u00f6ping | Zatrudnienie w J\u00f6nk\u00f6ping | Strefa pracy\" \/>\n<meta property=\"og:description\" content=\"Jobzone Sweden to firma rekrutacyjna z biurami w J\u00f6nk\u00f6ping, \u00d6rebro, V\u00e4ster\u00e5s i Sztokholmie - ale zatrudniamy wi\u0119cej lokalizacji!\" \/>\n<meta property=\"og:url\" content=\"https:\/\/jobzone.se\/pl\/jobzone-agencje-posrednictwa-pracy\/agencje-pracy-tymczasowej-w-jonkoping\/\" \/>\n<meta property=\"og:site_name\" content=\"Jobzone\" \/>\n<meta property=\"article:publisher\" content=\"https:\/\/www.facebook.com\/JobzoneSverige\" \/>\n<meta property=\"article:modified_time\" content=\"2025-09-03T10:35:45+00:00\" \/>\n<meta property=\"og:image\" content=\"https:\/\/jobzone.se\/wp-content\/uploads\/2019\/03\/jobzone-jonkoping.jpg\" \/>\n\t<meta property=\"og:image:width\" content=\"1200\" \/>\n\t<meta property=\"og:image:height\" content=\"630\" \/>\n\t<meta property=\"og:image:type\" content=\"image\/jpeg\" \/>\n<meta name=\"twitter:label1\" content=\"Szacowany czas czytania\" \/>\n\t<meta name=\"twitter:data1\" content=\"7 minut\" \/>\n<script type=\"application\/ld+json\" class=\"yoast-schema-graph\">{\"@context\":\"https:\/\/schema.org\",\"@graph\":[{\"@type\":\"WebPage\",\"@id\":\"https:\/\/jobzone.se\/pl\/jobzone-agencje-posrednictwa-pracy\/agencje-pracy-tymczasowej-w-jonkoping\/\",\"url\":\"https:\/\/jobzone.se\/pl\/jobzone-agencje-posrednictwa-pracy\/agencje-pracy-tymczasowej-w-jonkoping\/\",\"name\":\"Firma rekrutacyjna J\u00f6nk\u00f6ping | Zatrudnienie w J\u00f6nk\u00f6ping | Strefa pracy\",\"isPartOf\":{\"@id\":\"https:\/\/jobzone.se\/pl\/#website\"},\"primaryImageOfPage\":{\"@id\":\"https:\/\/jobzone.se\/pl\/jobzone-agencje-posrednictwa-pracy\/agencje-pracy-tymczasowej-w-jonkoping\/#primaryimage\"},\"image\":{\"@id\":\"https:\/\/jobzone.se\/pl\/jobzone-agencje-posrednictwa-pracy\/agencje-pracy-tymczasowej-w-jonkoping\/#primaryimage\"},\"thumbnailUrl\":\"https:\/\/jobzone.se\/wp-content\/uploads\/2019\/03\/jobzone-jonkoping.jpg\",\"datePublished\":\"2020-02-19T09:24:04+00:00\",\"dateModified\":\"2025-09-03T10:35:45+00:00\",\"description\":\"Jobzone Sweden to firma rekrutacyjna z biurami w J\u00f6nk\u00f6ping, \u00d6rebro, V\u00e4ster\u00e5s i Sztokholmie - ale zatrudniamy wi\u0119cej lokalizacji!\",\"breadcrumb\":{\"@id\":\"https:\/\/jobzone.se\/pl\/jobzone-agencje-posrednictwa-pracy\/agencje-pracy-tymczasowej-w-jonkoping\/#breadcrumb\"},\"inLanguage\":\"pl-PL\",\"potentialAction\":[{\"@type\":\"ReadAction\",\"target\":[\"https:\/\/jobzone.se\/pl\/jobzone-agencje-posrednictwa-pracy\/agencje-pracy-tymczasowej-w-jonkoping\/\"]}]},{\"@type\":\"ImageObject\",\"inLanguage\":\"pl-PL\",\"@id\":\"https:\/\/jobzone.se\/pl\/jobzone-agencje-posrednictwa-pracy\/agencje-pracy-tymczasowej-w-jonkoping\/#primaryimage\",\"url\":\"https:\/\/jobzone.se\/wp-content\/uploads\/2019\/03\/jobzone-jonkoping.jpg\",\"contentUrl\":\"https:\/\/jobzone.se\/wp-content\/uploads\/2019\/03\/jobzone-jonkoping.jpg\",\"width\":1200,\"height\":630,\"caption\":\"Strefa pracy J\u00f6nk\u00f6ping\"},{\"@type\":\"BreadcrumbList\",\"@id\":\"https:\/\/jobzone.se\/pl\/jobzone-agencje-posrednictwa-pracy\/agencje-pracy-tymczasowej-w-jonkoping\/#breadcrumb\",\"itemListElement\":[{\"@type\":\"ListItem\",\"position\":1,\"name\":\"Jobzone &#8211; Agencje po\u015brednictwa pracy\",\"item\":\"https:\/\/jobzone.se\/pl\/jobzone-agencje-posrednictwa-pracy\/\"},{\"@type\":\"ListItem\",\"position\":2,\"name\":\"Agencje pracy tymczasowej w J\u00f6nk\u00f6ping\"}]},{\"@type\":\"WebSite\",\"@id\":\"https:\/\/jobzone.se\/pl\/#website\",\"url\":\"https:\/\/jobzone.se\/pl\/\",\"name\":\"Jobzone\",\"description\":\"Bemanning och Rekryteringsf\u00f6retaget Jobzone i Sverige\",\"publisher\":{\"@id\":\"https:\/\/jobzone.se\/pl\/#organization\"},\"potentialAction\":[{\"@type\":\"SearchAction\",\"target\":{\"@type\":\"EntryPoint\",\"urlTemplate\":\"https:\/\/jobzone.se\/pl\/?s={search_term_string}\"},\"query-input\":\"required name=search_term_string\"}],\"inLanguage\":\"pl-PL\"},{\"@type\":\"Organization\",\"@id\":\"https:\/\/jobzone.se\/pl\/#organization\",\"name\":\"Jobzone\",\"url\":\"https:\/\/jobzone.se\/pl\/\",\"logo\":{\"@type\":\"ImageObject\",\"inLanguage\":\"pl-PL\",\"@id\":\"https:\/\/jobzone.se\/pl\/#\/schema\/logo\/image\/\",\"url\":\"https:\/\/jobzone.se\/wp-content\/uploads\/2019\/02\/jobzone-logo-web.jpg\",\"contentUrl\":\"https:\/\/jobzone.se\/wp-content\/uploads\/2019\/02\/jobzone-logo-web.jpg\",\"width\":145,\"height\":146,\"caption\":\"Jobzone\"},\"image\":{\"@id\":\"https:\/\/jobzone.se\/pl\/#\/schema\/logo\/image\/\"},\"sameAs\":[\"https:\/\/www.facebook.com\/JobzoneSverige\"]}]}<\/script>\n<!-- \/ Yoast SEO plugin. -->","yoast_head_json":{"title":"Firma rekrutacyjna J\u00f6nk\u00f6ping | Zatrudnienie w J\u00f6nk\u00f6ping | Strefa pracy","description":"Jobzone Sweden to firma rekrutacyjna z biurami w J\u00f6nk\u00f6ping, \u00d6rebro, V\u00e4ster\u00e5s i Sztokholmie - ale zatrudniamy wi\u0119cej lokalizacji!","robots":{"index":"index","follow":"follow","max-snippet":"max-snippet:-1","max-image-preview":"max-image-preview:large","max-video-preview":"max-video-preview:-1"},"canonical":"https:\/\/jobzone.se\/pl\/jobzone-agencje-posrednictwa-pracy\/agencje-pracy-tymczasowej-w-jonkoping\/","og_locale":"pl_PL","og_type":"article","og_title":"Firma rekrutacyjna J\u00f6nk\u00f6ping | Zatrudnienie w J\u00f6nk\u00f6ping | Strefa pracy","og_description":"Jobzone Sweden to firma rekrutacyjna z biurami w J\u00f6nk\u00f6ping, \u00d6rebro, V\u00e4ster\u00e5s i Sztokholmie - ale zatrudniamy wi\u0119cej lokalizacji!","og_url":"https:\/\/jobzone.se\/pl\/jobzone-agencje-posrednictwa-pracy\/agencje-pracy-tymczasowej-w-jonkoping\/","og_site_name":"Jobzone","article_publisher":"https:\/\/www.facebook.com\/JobzoneSverige","article_modified_time":"2025-09-03T10:35:45+00:00","og_image":[{"width":1200,"height":630,"url":"https:\/\/jobzone.se\/wp-content\/uploads\/2019\/03\/jobzone-jonkoping.jpg","type":"image\/jpeg"}],"twitter_misc":{"Szacowany czas czytania":"7 minut"},"schema":{"@context":"https:\/\/schema.org","@graph":[{"@type":"WebPage","@id":"https:\/\/jobzone.se\/pl\/jobzone-agencje-posrednictwa-pracy\/agencje-pracy-tymczasowej-w-jonkoping\/","url":"https:\/\/jobzone.se\/pl\/jobzone-agencje-posrednictwa-pracy\/agencje-pracy-tymczasowej-w-jonkoping\/","name":"Firma rekrutacyjna J\u00f6nk\u00f6ping | Zatrudnienie w J\u00f6nk\u00f6ping | Strefa pracy","isPartOf":{"@id":"https:\/\/jobzone.se\/pl\/#website"},"primaryImageOfPage":{"@id":"https:\/\/jobzone.se\/pl\/jobzone-agencje-posrednictwa-pracy\/agencje-pracy-tymczasowej-w-jonkoping\/#primaryimage"},"image":{"@id":"https:\/\/jobzone.se\/pl\/jobzone-agencje-posrednictwa-pracy\/agencje-pracy-tymczasowej-w-jonkoping\/#primaryimage"},"thumbnailUrl":"https:\/\/jobzone.se\/wp-content\/uploads\/2019\/03\/jobzone-jonkoping.jpg","datePublished":"2020-02-19T09:24:04+00:00","dateModified":"2025-09-03T10:35:45+00:00","description":"Jobzone Sweden to firma rekrutacyjna z biurami w J\u00f6nk\u00f6ping, \u00d6rebro, V\u00e4ster\u00e5s i Sztokholmie - ale zatrudniamy wi\u0119cej lokalizacji!","breadcrumb":{"@id":"https:\/\/jobzone.se\/pl\/jobzone-agencje-posrednictwa-pracy\/agencje-pracy-tymczasowej-w-jonkoping\/#breadcrumb"},"inLanguage":"pl-PL","potentialAction":[{"@type":"ReadAction","target":["https:\/\/jobzone.se\/pl\/jobzone-agencje-posrednictwa-pracy\/agencje-pracy-tymczasowej-w-jonkoping\/"]}]},{"@type":"ImageObject","inLanguage":"pl-PL","@id":"https:\/\/jobzone.se\/pl\/jobzone-agencje-posrednictwa-pracy\/agencje-pracy-tymczasowej-w-jonkoping\/#primaryimage","url":"https:\/\/jobzone.se\/wp-content\/uploads\/2019\/03\/jobzone-jonkoping.jpg","contentUrl":"https:\/\/jobzone.se\/wp-content\/uploads\/2019\/03\/jobzone-jonkoping.jpg","width":1200,"height":630,"caption":"Strefa pracy J\u00f6nk\u00f6ping"},{"@type":"BreadcrumbList","@id":"https:\/\/jobzone.se\/pl\/jobzone-agencje-posrednictwa-pracy\/agencje-pracy-tymczasowej-w-jonkoping\/#breadcrumb","itemListElement":[{"@type":"ListItem","position":1,"name":"Jobzone &#8211; Agencje po\u015brednictwa pracy","item":"https:\/\/jobzone.se\/pl\/jobzone-agencje-posrednictwa-pracy\/"},{"@type":"ListItem","position":2,"name":"Agencje pracy tymczasowej w J\u00f6nk\u00f6ping"}]},{"@type":"WebSite","@id":"https:\/\/jobzone.se\/pl\/#website","url":"https:\/\/jobzone.se\/pl\/","name":"Jobzone","description":"Bemanning och Rekryteringsf\u00f6retaget Jobzone i Sverige","publisher":{"@id":"https:\/\/jobzone.se\/pl\/#organization"},"potentialAction":[{"@type":"SearchAction","target":{"@type":"EntryPoint","urlTemplate":"https:\/\/jobzone.se\/pl\/?s={search_term_string}"},"query-input":"required name=search_term_string"}],"inLanguage":"pl-PL"},{"@type":"Organization","@id":"https:\/\/jobzone.se\/pl\/#organization","name":"Jobzone","url":"https:\/\/jobzone.se\/pl\/","logo":{"@type":"ImageObject","inLanguage":"pl-PL","@id":"https:\/\/jobzone.se\/pl\/#\/schema\/logo\/image\/","url":"https:\/\/jobzone.se\/wp-content\/uploads\/2019\/02\/jobzone-logo-web.jpg","contentUrl":"https:\/\/jobzone.se\/wp-content\/uploads\/2019\/02\/jobzone-logo-web.jpg","width":145,"height":146,"caption":"Jobzone"},"image":{"@id":"https:\/\/jobzone.se\/pl\/#\/schema\/logo\/image\/"},"sameAs":["https:\/\/www.facebook.com\/JobzoneSverige"]}]}},"_links":{"self":[{"href":"https:\/\/jobzone.se\/pl\/wp-json\/wp\/v2\/pages\/22514"}],"collection":[{"href":"https:\/\/jobzone.se\/pl\/wp-json\/wp\/v2\/pages"}],"about":[{"href":"https:\/\/jobzone.se\/pl\/wp-json\/wp\/v2\/types\/page"}],"author":[{"embeddable":true,"href":"https:\/\/jobzone.se\/pl\/wp-json\/wp\/v2\/users\/17"}],"replies":[{"embeddable":true,"href":"https:\/\/jobzone.se\/pl\/wp-json\/wp\/v2\/comments?post=22514"}],"version-history":[{"count":1,"href":"https:\/\/jobzone.se\/pl\/wp-json\/wp\/v2\/pages\/22514\/revisions"}],"predecessor-version":[{"id":22520,"href":"https:\/\/jobzone.se\/pl\/wp-json\/wp\/v2\/pages\/22514\/revisions\/22520"}],"up":[{"embeddable":true,"href":"https:\/\/jobzone.se\/pl\/wp-json\/wp\/v2\/pages\/22467"}],"wp:featuredmedia":[{"embeddable":true,"href":"https:\/\/jobzone.se\/pl\/wp-json\/wp\/v2\/media\/22515"}],"wp:attachment":[{"href":"https:\/\/jobzone.se\/pl\/wp-json\/wp\/v2\/media?parent=22514"}],"curies":[{"name":"wp","href":"https:\/\/api.w.org\/{rel}","templated":true}]}}