{"id":22528,"date":"2019-04-07T14:37:31","date_gmt":"2019-04-07T12:37:31","guid":{"rendered":"https:\/\/jobzone.se\/szukaj-pracownikow\/zawodow\/wydarzenia-i-uslugi\/"},"modified":"2025-09-03T12:35:55","modified_gmt":"2025-09-03T10:35:55","slug":"wydarzenia-i-uslugi","status":"publish","type":"page","link":"https:\/\/jobzone.se\/pl\/szukaj-pracownikow\/zawodow\/wydarzenia-i-uslugi\/","title":{"rendered":"Wydarzenia i us\u0142ugi"},"content":{"rendered":"<p>  <\/p>\n<p><img loading=\"lazy\" decoding=\"async\" class=\"alignnone size-full wp-image-7421\" src=\"https:\/\/jobzone.se\/wp-content\/uploads\/2020\/02\/Merge-bild-LIVE3c.jpg\" alt=\"\" width=\"1200\" height=\"630\" srcset=\"https:\/\/jobzone.se\/wp-content\/uploads\/2020\/02\/Merge-bild-LIVE3c.jpg 1200w, https:\/\/jobzone.se\/wp-content\/uploads\/2020\/02\/Merge-bild-LIVE3c-300x158.jpg 300w, https:\/\/jobzone.se\/wp-content\/uploads\/2020\/02\/Merge-bild-LIVE3c-1024x538.jpg 1024w, https:\/\/jobzone.se\/wp-content\/uploads\/2020\/02\/Merge-bild-LIVE3c-768x403.jpg 768w, https:\/\/jobzone.se\/wp-content\/uploads\/2020\/02\/Merge-bild-LIVE3c-1000x525.jpg 1000w\" sizes=\"(max-width: 1200px) 100vw, 1200px\" \/><\/p>\n<h2 class=\"p1\">Wydarzenia i us\u0142ugi<\/h2>\n<p>Nasz personel zajmuj\u0105cy si\u0119 organizacj\u0105 imprez i obs\u0142ug\u0105 jest mistrzem w \u015bwiadczeniu us\u0142ug w autentyczny spos\u00f3b.<\/p>\n<p>Dzi\u0119ki naszym pomocnym, zorientowanym na us\u0142ugi i radosnym pracownikom mo\u017cemy zapewni\u0107, \u017ce Twoi go\u015bcie i klienci b\u0119d\u0105 mieli lepsze wra\u017cenia z Ciebie. <a href=\"https:\/\/jobzone.se\/pl\/\" target=\"_blank\" rel=\"noopener\">Jobzone<\/a> zatrudnia 500 gospodarzy imprez, kt\u00f3rzy obs\u0142uguj\u0105 g\u0142\u00f3wnie du\u017ce areny w Sztokholmie, du\u017ce targi i konferencje B2B. Pomagaj\u0105 r\u00f3wnie\u017c wielu klientom w recepcji, obs\u0142udze klienta, sklepie itp. <\/p>\n<h4>Przyk\u0142adowe us\u0142ugi w ramach Event &amp; Service:<\/h4>\n<ul>\n<li class=\"p1\">Gospodarze \u2013 wej\u015bcie, premium, informacja, ruch, konferencja.<\/li>\n<li class=\"p1\">Kasjerzy<\/li>\n<li class=\"p1\">Personel demonstracyjny<\/li>\n<li class=\"p1\">Recepcjonistki<\/li>\n<li class=\"p1\">Obs\u0142uga klienta<\/li>\n<li class=\"p1\">Personel sklepu<\/li>\n<\/ul>\n<p>      <\/p>\n","protected":false},"excerpt":{"rendered":"<p>Wydarzenia i us\u0142ugi Nasz personel zajmuj\u0105cy si\u0119 organizacj\u0105 imprez i obs\u0142ug\u0105 jest mistrzem w \u015bwiadczeniu us\u0142ug w autentyczny spos\u00f3b. Dzi\u0119ki naszym pomocnym, zorientowanym na us\u0142ugi i radosnym pracownikom mo\u017cemy zapewni\u0107, \u017ce Twoi go\u015bcie i klienci b\u0119d\u0105 mieli lepsze wra\u017cenia z Ciebie. Jobzone zatrudnia 500 gospodarzy imprez, kt\u00f3rzy obs\u0142uguj\u0105 g\u0142\u00f3wnie du\u017ce areny w Sztokholmie, du\u017ce targi i konferencje B2B. Pomagaj\u0105 r\u00f3wnie\u017c [&hellip;]<\/p>\n","protected":false},"author":17,"featured_media":22532,"parent":22362,"menu_order":0,"comment_status":"closed","ping_status":"closed","template":"","meta":{"footnotes":""},"yoast_head":"<!-- This site is optimized with the Yoast SEO plugin v22.2 - https:\/\/yoast.com\/wordpress\/plugins\/seo\/ -->\n<title>Wyszukaj pracownik\u00f3w w Wydarzenia i us\u0142ugi%%sep%%%Jobzone<\/title>\n<meta name=\"description\" content=\"Przyk\u0142ady us\u0142ug w ramach Event &amp; Service: Gospodarze przy wej\u015bciu, premium, informacji, ruchu, konferencji, kasjer\" \/>\n<meta name=\"robots\" content=\"index, follow, max-snippet:-1, max-image-preview:large, max-video-preview:-1\" \/>\n<link rel=\"canonical\" href=\"https:\/\/jobzone.se\/pl\/szukaj-pracownikow\/zawodow\/wydarzenia-i-uslugi\/\" \/>\n<meta property=\"og:locale\" content=\"pl_PL\" \/>\n<meta property=\"og:type\" content=\"article\" \/>\n<meta property=\"og:title\" content=\"Wyszukaj pracownik\u00f3w w Wydarzenia i us\u0142ugi%%sep%%%Jobzone\" \/>\n<meta property=\"og:description\" content=\"Przyk\u0142ady us\u0142ug w ramach Event &amp; Service: Gospodarze przy wej\u015bciu, premium, informacji, ruchu, konferencji, kasjer\" \/>\n<meta property=\"og:url\" content=\"https:\/\/jobzone.se\/pl\/szukaj-pracownikow\/zawodow\/wydarzenia-i-uslugi\/\" \/>\n<meta property=\"og:site_name\" content=\"Jobzone\" \/>\n<meta property=\"article:publisher\" content=\"https:\/\/www.facebook.com\/JobzoneSverige\" \/>\n<meta property=\"article:modified_time\" content=\"2025-09-03T10:35:55+00:00\" \/>\n<meta property=\"og:image\" content=\"https:\/\/jobzone.se\/wp-content\/uploads\/2020\/02\/Merge-bild-LIVE3c.jpg\" \/>\n\t<meta property=\"og:image:width\" content=\"1200\" \/>\n\t<meta property=\"og:image:height\" content=\"630\" \/>\n\t<meta property=\"og:image:type\" content=\"image\/jpeg\" \/>\n<meta name=\"twitter:label1\" content=\"Szacowany czas czytania\" \/>\n\t<meta name=\"twitter:data1\" content=\"2 minuty\" \/>\n<script type=\"application\/ld+json\" class=\"yoast-schema-graph\">{\"@context\":\"https:\/\/schema.org\",\"@graph\":[{\"@type\":\"WebPage\",\"@id\":\"https:\/\/jobzone.se\/pl\/szukaj-pracownikow\/zawodow\/wydarzenia-i-uslugi\/\",\"url\":\"https:\/\/jobzone.se\/pl\/szukaj-pracownikow\/zawodow\/wydarzenia-i-uslugi\/\",\"name\":\"Wyszukaj pracownik\u00f3w w Wydarzenia i us\u0142ugi%%sep%%%Jobzone\",\"isPartOf\":{\"@id\":\"https:\/\/jobzone.se\/pl\/#website\"},\"primaryImageOfPage\":{\"@id\":\"https:\/\/jobzone.se\/pl\/szukaj-pracownikow\/zawodow\/wydarzenia-i-uslugi\/#primaryimage\"},\"image\":{\"@id\":\"https:\/\/jobzone.se\/pl\/szukaj-pracownikow\/zawodow\/wydarzenia-i-uslugi\/#primaryimage\"},\"thumbnailUrl\":\"https:\/\/jobzone.se\/wp-content\/uploads\/2020\/02\/Merge-bild-LIVE3c.jpg\",\"datePublished\":\"2019-04-07T12:37:31+00:00\",\"dateModified\":\"2025-09-03T10:35:55+00:00\",\"description\":\"Przyk\u0142ady us\u0142ug w ramach Event & Service: Gospodarze przy wej\u015bciu, premium, informacji, ruchu, konferencji, kasjer\",\"breadcrumb\":{\"@id\":\"https:\/\/jobzone.se\/pl\/szukaj-pracownikow\/zawodow\/wydarzenia-i-uslugi\/#breadcrumb\"},\"inLanguage\":\"pl-PL\",\"potentialAction\":[{\"@type\":\"ReadAction\",\"target\":[\"https:\/\/jobzone.se\/pl\/szukaj-pracownikow\/zawodow\/wydarzenia-i-uslugi\/\"]}]},{\"@type\":\"ImageObject\",\"inLanguage\":\"pl-PL\",\"@id\":\"https:\/\/jobzone.se\/pl\/szukaj-pracownikow\/zawodow\/wydarzenia-i-uslugi\/#primaryimage\",\"url\":\"https:\/\/jobzone.se\/wp-content\/uploads\/2020\/02\/Merge-bild-LIVE3c.jpg\",\"contentUrl\":\"https:\/\/jobzone.se\/wp-content\/uploads\/2020\/02\/Merge-bild-LIVE3c.jpg\",\"width\":1200,\"height\":630},{\"@type\":\"BreadcrumbList\",\"@id\":\"https:\/\/jobzone.se\/pl\/szukaj-pracownikow\/zawodow\/wydarzenia-i-uslugi\/#breadcrumb\",\"itemListElement\":[{\"@type\":\"ListItem\",\"position\":1,\"name\":\"Szukaj pracownik\u00f3w\",\"item\":\"https:\/\/jobzone.se\/pl\/szukaj-pracownikow\/\"},{\"@type\":\"ListItem\",\"position\":2,\"name\":\"Zawod\u00f3w\",\"item\":\"https:\/\/jobzone.se\/pl\/szukaj-pracownikow\/zawodow\/\"},{\"@type\":\"ListItem\",\"position\":3,\"name\":\"Wydarzenia i us\u0142ugi\"}]},{\"@type\":\"WebSite\",\"@id\":\"https:\/\/jobzone.se\/pl\/#website\",\"url\":\"https:\/\/jobzone.se\/pl\/\",\"name\":\"Jobzone\",\"description\":\"Bemanning och Rekryteringsf\u00f6retaget Jobzone i Sverige\",\"publisher\":{\"@id\":\"https:\/\/jobzone.se\/pl\/#organization\"},\"potentialAction\":[{\"@type\":\"SearchAction\",\"target\":{\"@type\":\"EntryPoint\",\"urlTemplate\":\"https:\/\/jobzone.se\/pl\/?s={search_term_string}\"},\"query-input\":\"required name=search_term_string\"}],\"inLanguage\":\"pl-PL\"},{\"@type\":\"Organization\",\"@id\":\"https:\/\/jobzone.se\/pl\/#organization\",\"name\":\"Jobzone\",\"url\":\"https:\/\/jobzone.se\/pl\/\",\"logo\":{\"@type\":\"ImageObject\",\"inLanguage\":\"pl-PL\",\"@id\":\"https:\/\/jobzone.se\/pl\/#\/schema\/logo\/image\/\",\"url\":\"https:\/\/jobzone.se\/wp-content\/uploads\/2019\/02\/jobzone-logo-web.jpg\",\"contentUrl\":\"https:\/\/jobzone.se\/wp-content\/uploads\/2019\/02\/jobzone-logo-web.jpg\",\"width\":145,\"height\":146,\"caption\":\"Jobzone\"},\"image\":{\"@id\":\"https:\/\/jobzone.se\/pl\/#\/schema\/logo\/image\/\"},\"sameAs\":[\"https:\/\/www.facebook.com\/JobzoneSverige\"]}]}<\/script>\n<!-- \/ Yoast SEO plugin. -->","yoast_head_json":{"title":"Wyszukaj pracownik\u00f3w w Wydarzenia i us\u0142ugi%%sep%%%Jobzone","description":"Przyk\u0142ady us\u0142ug w ramach Event & Service: Gospodarze przy wej\u015bciu, premium, informacji, ruchu, konferencji, kasjer","robots":{"index":"index","follow":"follow","max-snippet":"max-snippet:-1","max-image-preview":"max-image-preview:large","max-video-preview":"max-video-preview:-1"},"canonical":"https:\/\/jobzone.se\/pl\/szukaj-pracownikow\/zawodow\/wydarzenia-i-uslugi\/","og_locale":"pl_PL","og_type":"article","og_title":"Wyszukaj pracownik\u00f3w w Wydarzenia i us\u0142ugi%%sep%%%Jobzone","og_description":"Przyk\u0142ady us\u0142ug w ramach Event & Service: Gospodarze przy wej\u015bciu, premium, informacji, ruchu, konferencji, kasjer","og_url":"https:\/\/jobzone.se\/pl\/szukaj-pracownikow\/zawodow\/wydarzenia-i-uslugi\/","og_site_name":"Jobzone","article_publisher":"https:\/\/www.facebook.com\/JobzoneSverige","article_modified_time":"2025-09-03T10:35:55+00:00","og_image":[{"width":1200,"height":630,"url":"https:\/\/jobzone.se\/wp-content\/uploads\/2020\/02\/Merge-bild-LIVE3c.jpg","type":"image\/jpeg"}],"twitter_misc":{"Szacowany czas czytania":"2 minuty"},"schema":{"@context":"https:\/\/schema.org","@graph":[{"@type":"WebPage","@id":"https:\/\/jobzone.se\/pl\/szukaj-pracownikow\/zawodow\/wydarzenia-i-uslugi\/","url":"https:\/\/jobzone.se\/pl\/szukaj-pracownikow\/zawodow\/wydarzenia-i-uslugi\/","name":"Wyszukaj pracownik\u00f3w w Wydarzenia i us\u0142ugi%%sep%%%Jobzone","isPartOf":{"@id":"https:\/\/jobzone.se\/pl\/#website"},"primaryImageOfPage":{"@id":"https:\/\/jobzone.se\/pl\/szukaj-pracownikow\/zawodow\/wydarzenia-i-uslugi\/#primaryimage"},"image":{"@id":"https:\/\/jobzone.se\/pl\/szukaj-pracownikow\/zawodow\/wydarzenia-i-uslugi\/#primaryimage"},"thumbnailUrl":"https:\/\/jobzone.se\/wp-content\/uploads\/2020\/02\/Merge-bild-LIVE3c.jpg","datePublished":"2019-04-07T12:37:31+00:00","dateModified":"2025-09-03T10:35:55+00:00","description":"Przyk\u0142ady us\u0142ug w ramach Event & Service: Gospodarze przy wej\u015bciu, premium, informacji, ruchu, konferencji, kasjer","breadcrumb":{"@id":"https:\/\/jobzone.se\/pl\/szukaj-pracownikow\/zawodow\/wydarzenia-i-uslugi\/#breadcrumb"},"inLanguage":"pl-PL","potentialAction":[{"@type":"ReadAction","target":["https:\/\/jobzone.se\/pl\/szukaj-pracownikow\/zawodow\/wydarzenia-i-uslugi\/"]}]},{"@type":"ImageObject","inLanguage":"pl-PL","@id":"https:\/\/jobzone.se\/pl\/szukaj-pracownikow\/zawodow\/wydarzenia-i-uslugi\/#primaryimage","url":"https:\/\/jobzone.se\/wp-content\/uploads\/2020\/02\/Merge-bild-LIVE3c.jpg","contentUrl":"https:\/\/jobzone.se\/wp-content\/uploads\/2020\/02\/Merge-bild-LIVE3c.jpg","width":1200,"height":630},{"@type":"BreadcrumbList","@id":"https:\/\/jobzone.se\/pl\/szukaj-pracownikow\/zawodow\/wydarzenia-i-uslugi\/#breadcrumb","itemListElement":[{"@type":"ListItem","position":1,"name":"Szukaj pracownik\u00f3w","item":"https:\/\/jobzone.se\/pl\/szukaj-pracownikow\/"},{"@type":"ListItem","position":2,"name":"Zawod\u00f3w","item":"https:\/\/jobzone.se\/pl\/szukaj-pracownikow\/zawodow\/"},{"@type":"ListItem","position":3,"name":"Wydarzenia i us\u0142ugi"}]},{"@type":"WebSite","@id":"https:\/\/jobzone.se\/pl\/#website","url":"https:\/\/jobzone.se\/pl\/","name":"Jobzone","description":"Bemanning och Rekryteringsf\u00f6retaget Jobzone i Sverige","publisher":{"@id":"https:\/\/jobzone.se\/pl\/#organization"},"potentialAction":[{"@type":"SearchAction","target":{"@type":"EntryPoint","urlTemplate":"https:\/\/jobzone.se\/pl\/?s={search_term_string}"},"query-input":"required name=search_term_string"}],"inLanguage":"pl-PL"},{"@type":"Organization","@id":"https:\/\/jobzone.se\/pl\/#organization","name":"Jobzone","url":"https:\/\/jobzone.se\/pl\/","logo":{"@type":"ImageObject","inLanguage":"pl-PL","@id":"https:\/\/jobzone.se\/pl\/#\/schema\/logo\/image\/","url":"https:\/\/jobzone.se\/wp-content\/uploads\/2019\/02\/jobzone-logo-web.jpg","contentUrl":"https:\/\/jobzone.se\/wp-content\/uploads\/2019\/02\/jobzone-logo-web.jpg","width":145,"height":146,"caption":"Jobzone"},"image":{"@id":"https:\/\/jobzone.se\/pl\/#\/schema\/logo\/image\/"},"sameAs":["https:\/\/www.facebook.com\/JobzoneSverige"]}]}},"_links":{"self":[{"href":"https:\/\/jobzone.se\/pl\/wp-json\/wp\/v2\/pages\/22528"}],"collection":[{"href":"https:\/\/jobzone.se\/pl\/wp-json\/wp\/v2\/pages"}],"about":[{"href":"https:\/\/jobzone.se\/pl\/wp-json\/wp\/v2\/types\/page"}],"author":[{"embeddable":true,"href":"https:\/\/jobzone.se\/pl\/wp-json\/wp\/v2\/users\/17"}],"replies":[{"embeddable":true,"href":"https:\/\/jobzone.se\/pl\/wp-json\/wp\/v2\/comments?post=22528"}],"version-history":[{"count":10,"href":"https:\/\/jobzone.se\/pl\/wp-json\/wp\/v2\/pages\/22528\/revisions"}],"predecessor-version":[{"id":22573,"href":"https:\/\/jobzone.se\/pl\/wp-json\/wp\/v2\/pages\/22528\/revisions\/22573"}],"up":[{"embeddable":true,"href":"https:\/\/jobzone.se\/pl\/wp-json\/wp\/v2\/pages\/22362"}],"wp:featuredmedia":[{"embeddable":true,"href":"https:\/\/jobzone.se\/pl\/wp-json\/wp\/v2\/media\/22532"}],"wp:attachment":[{"href":"https:\/\/jobzone.se\/pl\/wp-json\/wp\/v2\/media?parent=22528"}],"curies":[{"name":"wp","href":"https:\/\/api.w.org\/{rel}","templated":true}]}}