{"id":22547,"date":"2019-04-07T14:23:24","date_gmt":"2019-04-07T12:23:24","guid":{"rendered":"https:\/\/jobzone.se\/szukaj-pracownikow\/zawodow\/przemysl-i-produkcja\/"},"modified":"2025-09-03T12:35:55","modified_gmt":"2025-09-03T10:35:55","slug":"przemysl-i-produkcja","status":"publish","type":"page","link":"https:\/\/jobzone.se\/pl\/szukaj-pracownikow\/zawodow\/przemysl-i-produkcja\/","title":{"rendered":"Przemys\u0142 i produkcja"},"content":{"rendered":"<p>  <\/p>\n<p class=\"gen-page-title\"><img loading=\"lazy\" decoding=\"async\" class=\"alignnone wp-image-4245 size-large\" src=\"https:\/\/jobzone.se\/wp-content\/uploads\/2019\/03\/jobzone-yrkesomrade-industri-1024x538.jpg\" alt=\"\" width=\"1024\" height=\"538\" srcset=\"https:\/\/jobzone.se\/wp-content\/uploads\/2019\/03\/jobzone-yrkesomrade-industri-1024x538.jpg 1024w, https:\/\/jobzone.se\/wp-content\/uploads\/2019\/03\/jobzone-yrkesomrade-industri-300x158.jpg 300w, https:\/\/jobzone.se\/wp-content\/uploads\/2019\/03\/jobzone-yrkesomrade-industri-768x403.jpg 768w, https:\/\/jobzone.se\/wp-content\/uploads\/2019\/03\/jobzone-yrkesomrade-industri-1000x525.jpg 1000w, https:\/\/jobzone.se\/wp-content\/uploads\/2019\/03\/jobzone-yrkesomrade-industri.jpg 1200w\" sizes=\"(max-width: 1024px) 100vw, 1024px\" \/><\/p>\n<h2 class=\"p1\">Przemys\u0142 i produkcja<\/h2>\n<p>Produktywno\u015b\u0107 dotyczy relacji mi\u0119dzy zainwestowanymi zasobami a uzyskanymi wynikami. Rozumiemy to! Nasi pracownicy ci\u0119\u017cko pracuj\u0105, aby osi\u0105gn\u0105\u0107 Twoje cele produkcyjne i stawiaj\u0105 na Twojej rentowno\u015bci.  <\/p>\n<h4>Przyk\u0142ady us\u0142ug w przemy\u015ble i produkcji:<\/h4>\n<ul>\n<li class=\"p1\">Operatorzy proces\u00f3w<\/li>\n<li class=\"p1\">Operatorzy maszyn<\/li>\n<li class=\"p1\">Pracownicy produkcyjni<\/li>\n<li class=\"p1\">Operatorzy CNC<\/li>\n<li class=\"p1\">Mechanik<\/li>\n<\/ul>\n<p>         <\/p>\n","protected":false},"excerpt":{"rendered":"<p>Przemys\u0142 i produkcja Produktywno\u015b\u0107 dotyczy relacji mi\u0119dzy zainwestowanymi zasobami a uzyskanymi wynikami. Rozumiemy to! Nasi pracownicy ci\u0119\u017cko pracuj\u0105, aby osi\u0105gn\u0105\u0107 Twoje cele produkcyjne i stawiaj\u0105 na Twojej rentowno\u015bci. Przyk\u0142ady us\u0142ug w przemy\u015ble i produkcji: Operatorzy proces\u00f3w Operatorzy maszyn Pracownicy produkcyjni Operatorzy CNC Mechanik<\/p>\n","protected":false},"author":17,"featured_media":22548,"parent":22362,"menu_order":0,"comment_status":"closed","ping_status":"closed","template":"","meta":{"footnotes":""},"yoast_head":"<!-- This site is optimized with the Yoast SEO plugin v22.2 - https:\/\/yoast.com\/wordpress\/plugins\/seo\/ -->\n<title>Wyszukaj pracownik\u00f3w w Przemys\u0142 i produkcja%%sep%%%Jobzone<\/title>\n<meta name=\"description\" content=\"Jako\u015b\u0107 i bezpiecze\u0144stwo s\u0105 wa\u017cne na placu budowy. Wiemy, co obowi\u0105zuje w bran\u017cy i mamy kadr\u0119 z odpowiednimi umiej\u0119tno\u015bciami i odpowiednimi warunkami. Jobzone obs\u0142uguje ca\u0142\u0105 bran\u017c\u0119 budowlan\u0105 i tworzy elastyczne rozwi\u0105zania dla ekspansywnej bran\u017cy.\" \/>\n<meta name=\"robots\" content=\"index, follow, max-snippet:-1, max-image-preview:large, max-video-preview:-1\" \/>\n<link rel=\"canonical\" href=\"https:\/\/jobzone.se\/pl\/szukaj-pracownikow\/zawodow\/przemysl-i-produkcja\/\" \/>\n<meta property=\"og:locale\" content=\"pl_PL\" \/>\n<meta property=\"og:type\" content=\"article\" \/>\n<meta property=\"og:title\" content=\"Wyszukaj pracownik\u00f3w w Przemys\u0142 i produkcja%%sep%%%Jobzone\" \/>\n<meta property=\"og:description\" content=\"Jako\u015b\u0107 i bezpiecze\u0144stwo s\u0105 wa\u017cne na placu budowy. Wiemy, co obowi\u0105zuje w bran\u017cy i mamy kadr\u0119 z odpowiednimi umiej\u0119tno\u015bciami i odpowiednimi warunkami. Jobzone obs\u0142uguje ca\u0142\u0105 bran\u017c\u0119 budowlan\u0105 i tworzy elastyczne rozwi\u0105zania dla ekspansywnej bran\u017cy.\" \/>\n<meta property=\"og:url\" content=\"https:\/\/jobzone.se\/pl\/szukaj-pracownikow\/zawodow\/przemysl-i-produkcja\/\" \/>\n<meta property=\"og:site_name\" content=\"Jobzone\" \/>\n<meta property=\"article:publisher\" content=\"https:\/\/www.facebook.com\/JobzoneSverige\" \/>\n<meta property=\"article:modified_time\" content=\"2025-09-03T10:35:55+00:00\" \/>\n<meta property=\"og:image\" content=\"https:\/\/jobzone.se\/wp-content\/uploads\/2019\/03\/jobzone-yrkesomrade-industri.jpg\" \/>\n\t<meta property=\"og:image:width\" content=\"1200\" \/>\n\t<meta property=\"og:image:height\" content=\"630\" \/>\n\t<meta property=\"og:image:type\" content=\"image\/jpeg\" \/>\n<meta name=\"twitter:label1\" content=\"Szacowany czas czytania\" \/>\n\t<meta name=\"twitter:data1\" content=\"2 minuty\" \/>\n<script type=\"application\/ld+json\" class=\"yoast-schema-graph\">{\"@context\":\"https:\/\/schema.org\",\"@graph\":[{\"@type\":\"WebPage\",\"@id\":\"https:\/\/jobzone.se\/pl\/szukaj-pracownikow\/zawodow\/przemysl-i-produkcja\/\",\"url\":\"https:\/\/jobzone.se\/pl\/szukaj-pracownikow\/zawodow\/przemysl-i-produkcja\/\",\"name\":\"Wyszukaj pracownik\u00f3w w Przemys\u0142 i produkcja%%sep%%%Jobzone\",\"isPartOf\":{\"@id\":\"https:\/\/jobzone.se\/pl\/#website\"},\"primaryImageOfPage\":{\"@id\":\"https:\/\/jobzone.se\/pl\/szukaj-pracownikow\/zawodow\/przemysl-i-produkcja\/#primaryimage\"},\"image\":{\"@id\":\"https:\/\/jobzone.se\/pl\/szukaj-pracownikow\/zawodow\/przemysl-i-produkcja\/#primaryimage\"},\"thumbnailUrl\":\"https:\/\/jobzone.se\/wp-content\/uploads\/2019\/03\/jobzone-yrkesomrade-industri.jpg\",\"datePublished\":\"2019-04-07T12:23:24+00:00\",\"dateModified\":\"2025-09-03T10:35:55+00:00\",\"description\":\"Jako\u015b\u0107 i bezpiecze\u0144stwo s\u0105 wa\u017cne na placu budowy. Wiemy, co obowi\u0105zuje w bran\u017cy i mamy kadr\u0119 z odpowiednimi umiej\u0119tno\u015bciami i odpowiednimi warunkami. Jobzone obs\u0142uguje ca\u0142\u0105 bran\u017c\u0119 budowlan\u0105 i tworzy elastyczne rozwi\u0105zania dla ekspansywnej bran\u017cy.\",\"breadcrumb\":{\"@id\":\"https:\/\/jobzone.se\/pl\/szukaj-pracownikow\/zawodow\/przemysl-i-produkcja\/#breadcrumb\"},\"inLanguage\":\"pl-PL\",\"potentialAction\":[{\"@type\":\"ReadAction\",\"target\":[\"https:\/\/jobzone.se\/pl\/szukaj-pracownikow\/zawodow\/przemysl-i-produkcja\/\"]}]},{\"@type\":\"ImageObject\",\"inLanguage\":\"pl-PL\",\"@id\":\"https:\/\/jobzone.se\/pl\/szukaj-pracownikow\/zawodow\/przemysl-i-produkcja\/#primaryimage\",\"url\":\"https:\/\/jobzone.se\/wp-content\/uploads\/2019\/03\/jobzone-yrkesomrade-industri.jpg\",\"contentUrl\":\"https:\/\/jobzone.se\/wp-content\/uploads\/2019\/03\/jobzone-yrkesomrade-industri.jpg\",\"width\":1200,\"height\":630},{\"@type\":\"BreadcrumbList\",\"@id\":\"https:\/\/jobzone.se\/pl\/szukaj-pracownikow\/zawodow\/przemysl-i-produkcja\/#breadcrumb\",\"itemListElement\":[{\"@type\":\"ListItem\",\"position\":1,\"name\":\"Szukaj pracownik\u00f3w\",\"item\":\"https:\/\/jobzone.se\/pl\/szukaj-pracownikow\/\"},{\"@type\":\"ListItem\",\"position\":2,\"name\":\"Zawod\u00f3w\",\"item\":\"https:\/\/jobzone.se\/pl\/szukaj-pracownikow\/zawodow\/\"},{\"@type\":\"ListItem\",\"position\":3,\"name\":\"Przemys\u0142 i produkcja\"}]},{\"@type\":\"WebSite\",\"@id\":\"https:\/\/jobzone.se\/pl\/#website\",\"url\":\"https:\/\/jobzone.se\/pl\/\",\"name\":\"Jobzone\",\"description\":\"Bemanning och Rekryteringsf\u00f6retaget Jobzone i Sverige\",\"publisher\":{\"@id\":\"https:\/\/jobzone.se\/pl\/#organization\"},\"potentialAction\":[{\"@type\":\"SearchAction\",\"target\":{\"@type\":\"EntryPoint\",\"urlTemplate\":\"https:\/\/jobzone.se\/pl\/?s={search_term_string}\"},\"query-input\":\"required name=search_term_string\"}],\"inLanguage\":\"pl-PL\"},{\"@type\":\"Organization\",\"@id\":\"https:\/\/jobzone.se\/pl\/#organization\",\"name\":\"Jobzone\",\"url\":\"https:\/\/jobzone.se\/pl\/\",\"logo\":{\"@type\":\"ImageObject\",\"inLanguage\":\"pl-PL\",\"@id\":\"https:\/\/jobzone.se\/pl\/#\/schema\/logo\/image\/\",\"url\":\"https:\/\/jobzone.se\/wp-content\/uploads\/2019\/02\/jobzone-logo-web.jpg\",\"contentUrl\":\"https:\/\/jobzone.se\/wp-content\/uploads\/2019\/02\/jobzone-logo-web.jpg\",\"width\":145,\"height\":146,\"caption\":\"Jobzone\"},\"image\":{\"@id\":\"https:\/\/jobzone.se\/pl\/#\/schema\/logo\/image\/\"},\"sameAs\":[\"https:\/\/www.facebook.com\/JobzoneSverige\"]}]}<\/script>\n<!-- \/ Yoast SEO plugin. -->","yoast_head_json":{"title":"Wyszukaj pracownik\u00f3w w Przemys\u0142 i produkcja%%sep%%%Jobzone","description":"Jako\u015b\u0107 i bezpiecze\u0144stwo s\u0105 wa\u017cne na placu budowy. Wiemy, co obowi\u0105zuje w bran\u017cy i mamy kadr\u0119 z odpowiednimi umiej\u0119tno\u015bciami i odpowiednimi warunkami. Jobzone obs\u0142uguje ca\u0142\u0105 bran\u017c\u0119 budowlan\u0105 i tworzy elastyczne rozwi\u0105zania dla ekspansywnej bran\u017cy.","robots":{"index":"index","follow":"follow","max-snippet":"max-snippet:-1","max-image-preview":"max-image-preview:large","max-video-preview":"max-video-preview:-1"},"canonical":"https:\/\/jobzone.se\/pl\/szukaj-pracownikow\/zawodow\/przemysl-i-produkcja\/","og_locale":"pl_PL","og_type":"article","og_title":"Wyszukaj pracownik\u00f3w w Przemys\u0142 i produkcja%%sep%%%Jobzone","og_description":"Jako\u015b\u0107 i bezpiecze\u0144stwo s\u0105 wa\u017cne na placu budowy. Wiemy, co obowi\u0105zuje w bran\u017cy i mamy kadr\u0119 z odpowiednimi umiej\u0119tno\u015bciami i odpowiednimi warunkami. Jobzone obs\u0142uguje ca\u0142\u0105 bran\u017c\u0119 budowlan\u0105 i tworzy elastyczne rozwi\u0105zania dla ekspansywnej bran\u017cy.","og_url":"https:\/\/jobzone.se\/pl\/szukaj-pracownikow\/zawodow\/przemysl-i-produkcja\/","og_site_name":"Jobzone","article_publisher":"https:\/\/www.facebook.com\/JobzoneSverige","article_modified_time":"2025-09-03T10:35:55+00:00","og_image":[{"width":1200,"height":630,"url":"https:\/\/jobzone.se\/wp-content\/uploads\/2019\/03\/jobzone-yrkesomrade-industri.jpg","type":"image\/jpeg"}],"twitter_misc":{"Szacowany czas czytania":"2 minuty"},"schema":{"@context":"https:\/\/schema.org","@graph":[{"@type":"WebPage","@id":"https:\/\/jobzone.se\/pl\/szukaj-pracownikow\/zawodow\/przemysl-i-produkcja\/","url":"https:\/\/jobzone.se\/pl\/szukaj-pracownikow\/zawodow\/przemysl-i-produkcja\/","name":"Wyszukaj pracownik\u00f3w w Przemys\u0142 i produkcja%%sep%%%Jobzone","isPartOf":{"@id":"https:\/\/jobzone.se\/pl\/#website"},"primaryImageOfPage":{"@id":"https:\/\/jobzone.se\/pl\/szukaj-pracownikow\/zawodow\/przemysl-i-produkcja\/#primaryimage"},"image":{"@id":"https:\/\/jobzone.se\/pl\/szukaj-pracownikow\/zawodow\/przemysl-i-produkcja\/#primaryimage"},"thumbnailUrl":"https:\/\/jobzone.se\/wp-content\/uploads\/2019\/03\/jobzone-yrkesomrade-industri.jpg","datePublished":"2019-04-07T12:23:24+00:00","dateModified":"2025-09-03T10:35:55+00:00","description":"Jako\u015b\u0107 i bezpiecze\u0144stwo s\u0105 wa\u017cne na placu budowy. Wiemy, co obowi\u0105zuje w bran\u017cy i mamy kadr\u0119 z odpowiednimi umiej\u0119tno\u015bciami i odpowiednimi warunkami. Jobzone obs\u0142uguje ca\u0142\u0105 bran\u017c\u0119 budowlan\u0105 i tworzy elastyczne rozwi\u0105zania dla ekspansywnej bran\u017cy.","breadcrumb":{"@id":"https:\/\/jobzone.se\/pl\/szukaj-pracownikow\/zawodow\/przemysl-i-produkcja\/#breadcrumb"},"inLanguage":"pl-PL","potentialAction":[{"@type":"ReadAction","target":["https:\/\/jobzone.se\/pl\/szukaj-pracownikow\/zawodow\/przemysl-i-produkcja\/"]}]},{"@type":"ImageObject","inLanguage":"pl-PL","@id":"https:\/\/jobzone.se\/pl\/szukaj-pracownikow\/zawodow\/przemysl-i-produkcja\/#primaryimage","url":"https:\/\/jobzone.se\/wp-content\/uploads\/2019\/03\/jobzone-yrkesomrade-industri.jpg","contentUrl":"https:\/\/jobzone.se\/wp-content\/uploads\/2019\/03\/jobzone-yrkesomrade-industri.jpg","width":1200,"height":630},{"@type":"BreadcrumbList","@id":"https:\/\/jobzone.se\/pl\/szukaj-pracownikow\/zawodow\/przemysl-i-produkcja\/#breadcrumb","itemListElement":[{"@type":"ListItem","position":1,"name":"Szukaj pracownik\u00f3w","item":"https:\/\/jobzone.se\/pl\/szukaj-pracownikow\/"},{"@type":"ListItem","position":2,"name":"Zawod\u00f3w","item":"https:\/\/jobzone.se\/pl\/szukaj-pracownikow\/zawodow\/"},{"@type":"ListItem","position":3,"name":"Przemys\u0142 i produkcja"}]},{"@type":"WebSite","@id":"https:\/\/jobzone.se\/pl\/#website","url":"https:\/\/jobzone.se\/pl\/","name":"Jobzone","description":"Bemanning och Rekryteringsf\u00f6retaget Jobzone i Sverige","publisher":{"@id":"https:\/\/jobzone.se\/pl\/#organization"},"potentialAction":[{"@type":"SearchAction","target":{"@type":"EntryPoint","urlTemplate":"https:\/\/jobzone.se\/pl\/?s={search_term_string}"},"query-input":"required name=search_term_string"}],"inLanguage":"pl-PL"},{"@type":"Organization","@id":"https:\/\/jobzone.se\/pl\/#organization","name":"Jobzone","url":"https:\/\/jobzone.se\/pl\/","logo":{"@type":"ImageObject","inLanguage":"pl-PL","@id":"https:\/\/jobzone.se\/pl\/#\/schema\/logo\/image\/","url":"https:\/\/jobzone.se\/wp-content\/uploads\/2019\/02\/jobzone-logo-web.jpg","contentUrl":"https:\/\/jobzone.se\/wp-content\/uploads\/2019\/02\/jobzone-logo-web.jpg","width":145,"height":146,"caption":"Jobzone"},"image":{"@id":"https:\/\/jobzone.se\/pl\/#\/schema\/logo\/image\/"},"sameAs":["https:\/\/www.facebook.com\/JobzoneSverige"]}]}},"_links":{"self":[{"href":"https:\/\/jobzone.se\/pl\/wp-json\/wp\/v2\/pages\/22547"}],"collection":[{"href":"https:\/\/jobzone.se\/pl\/wp-json\/wp\/v2\/pages"}],"about":[{"href":"https:\/\/jobzone.se\/pl\/wp-json\/wp\/v2\/types\/page"}],"author":[{"embeddable":true,"href":"https:\/\/jobzone.se\/pl\/wp-json\/wp\/v2\/users\/17"}],"replies":[{"embeddable":true,"href":"https:\/\/jobzone.se\/pl\/wp-json\/wp\/v2\/comments?post=22547"}],"version-history":[{"count":1,"href":"https:\/\/jobzone.se\/pl\/wp-json\/wp\/v2\/pages\/22547\/revisions"}],"predecessor-version":[{"id":22557,"href":"https:\/\/jobzone.se\/pl\/wp-json\/wp\/v2\/pages\/22547\/revisions\/22557"}],"up":[{"embeddable":true,"href":"https:\/\/jobzone.se\/pl\/wp-json\/wp\/v2\/pages\/22362"}],"wp:featuredmedia":[{"embeddable":true,"href":"https:\/\/jobzone.se\/pl\/wp-json\/wp\/v2\/media\/22548"}],"wp:attachment":[{"href":"https:\/\/jobzone.se\/pl\/wp-json\/wp\/v2\/media?parent=22547"}],"curies":[{"name":"wp","href":"https:\/\/api.w.org\/{rel}","templated":true}]}}