{"id":22569,"date":"2019-04-05T13:58:31","date_gmt":"2019-04-05T11:58:31","guid":{"rendered":"https:\/\/jobzone.se\/o-nas\/nasza-obietnica\/"},"modified":"2025-09-03T12:35:55","modified_gmt":"2025-09-03T10:35:55","slug":"nasza-obietnica","status":"publish","type":"page","link":"https:\/\/jobzone.se\/pl\/o-nas\/nasza-obietnica\/","title":{"rendered":"Nasza obietnica"},"content":{"rendered":"<p>  <\/p>\n<h2 class=\"gen-page-title\">Nasza obietnica<\/h2>\n<p class=\"impact-text\">Wszystko, co robimy w naszym biznesie, powinno przyczynia\u0107 si\u0119 do sukcesu os\u00f3b i organizacji, a w zwi\u0105zku z tym powinni\u015bmy by\u0107 r\u00f3wnie\u017c najlepszym pracodawc\u0105 w bran\u017cy. Te dwa podej\u015bcia oznaczaj\u0105, \u017ce klienci i pracownicy s\u0105 traktowani jak klasa sama w sobie. <\/p>\n<h3>Lokalne zakotwiczenie<\/h3>\n<p><a href=\"https:\/\/jobzone.se\/pl\/\" target=\"_blank\" rel=\"noopener\">Sukces Jobzone<\/a> opiera si\u0119 na bliskim kontakcie z klientami i pracownikami dzi\u0119ki zaanga\u017cowanym osobom prowadz\u0105cym dzia\u0142alno\u015b\u0107 na w\u0142asny rachunek, kt\u00f3re maj\u0105 korzenie na lokalnym rynku.<\/p>\n<h3>Odpowiedzialno\u015b\u0107 spo\u0142eczna<\/h3>\n<p><a href=\"https:\/\/jobzone.se\/pl\/\" target=\"_blank\" rel=\"noopener\">Jobzone<\/a> b\u0119dzie aktywnym darczy\u0144c\u0105 i b\u0119dzie wspiera\u0107 s\u0142absze grupy spo\u0142eczne. Jobzone b\u0119dzie wspiera\u0107 lokalny sport m\u0142odzie\u017cowy poprzez przejrzysty profil sportowy.<\/p>\n<p>     <\/p>\n","protected":false},"excerpt":{"rendered":"<p>Nasza obietnica Wszystko, co robimy w naszym biznesie, powinno przyczynia\u0107 si\u0119 do sukcesu os\u00f3b i organizacji, a w zwi\u0105zku z tym powinni\u015bmy by\u0107 r\u00f3wnie\u017c najlepszym pracodawc\u0105 w bran\u017cy. Te dwa podej\u015bcia oznaczaj\u0105, \u017ce klienci i pracownicy s\u0105 traktowani jak klasa sama w sobie. Lokalne zakotwiczenie Sukces Jobzone opiera si\u0119 na bliskim kontakcie z klientami i pracownikami dzi\u0119ki zaanga\u017cowanym osobom prowadz\u0105cym [&hellip;]<\/p>\n","protected":false},"author":17,"featured_media":0,"parent":22448,"menu_order":0,"comment_status":"closed","ping_status":"closed","template":"","meta":{"footnotes":""},"yoast_head":"<!-- This site is optimized with the Yoast SEO plugin v22.2 - https:\/\/yoast.com\/wordpress\/plugins\/seo\/ -->\n<title>Nasza obietnica | Jobzone<\/title>\n<meta name=\"description\" content=\"Nasza obietnica: Wszystko, co robimy w naszej dzia\u0142alno\u015bci w Jobzone Sveroge, przyczyni si\u0119 do sukcesu os\u00f3b i organizacji.\" \/>\n<meta name=\"robots\" content=\"index, follow, max-snippet:-1, max-image-preview:large, max-video-preview:-1\" \/>\n<link rel=\"canonical\" href=\"https:\/\/jobzone.se\/pl\/o-nas\/nasza-obietnica\/\" \/>\n<meta property=\"og:locale\" content=\"pl_PL\" \/>\n<meta property=\"og:type\" content=\"article\" \/>\n<meta property=\"og:title\" content=\"Nasza obietnica | Jobzone\" \/>\n<meta property=\"og:description\" content=\"Nasza obietnica: Wszystko, co robimy w naszej dzia\u0142alno\u015bci w Jobzone Sveroge, przyczyni si\u0119 do sukcesu os\u00f3b i organizacji.\" \/>\n<meta property=\"og:url\" content=\"https:\/\/jobzone.se\/pl\/o-nas\/nasza-obietnica\/\" \/>\n<meta property=\"og:site_name\" content=\"Jobzone\" \/>\n<meta property=\"article:publisher\" content=\"https:\/\/www.facebook.com\/JobzoneSverige\" \/>\n<meta property=\"article:modified_time\" content=\"2025-09-03T10:35:55+00:00\" \/>\n<meta name=\"twitter:label1\" content=\"Szacowany czas czytania\" \/>\n\t<meta name=\"twitter:data1\" content=\"2 minuty\" \/>\n<script type=\"application\/ld+json\" class=\"yoast-schema-graph\">{\"@context\":\"https:\/\/schema.org\",\"@graph\":[{\"@type\":\"WebPage\",\"@id\":\"https:\/\/jobzone.se\/pl\/o-nas\/nasza-obietnica\/\",\"url\":\"https:\/\/jobzone.se\/pl\/o-nas\/nasza-obietnica\/\",\"name\":\"Nasza obietnica | Jobzone\",\"isPartOf\":{\"@id\":\"https:\/\/jobzone.se\/pl\/#website\"},\"datePublished\":\"2019-04-05T11:58:31+00:00\",\"dateModified\":\"2025-09-03T10:35:55+00:00\",\"description\":\"Nasza obietnica: Wszystko, co robimy w naszej dzia\u0142alno\u015bci w Jobzone Sveroge, przyczyni si\u0119 do sukcesu os\u00f3b i organizacji.\",\"breadcrumb\":{\"@id\":\"https:\/\/jobzone.se\/pl\/o-nas\/nasza-obietnica\/#breadcrumb\"},\"inLanguage\":\"pl-PL\",\"potentialAction\":[{\"@type\":\"ReadAction\",\"target\":[\"https:\/\/jobzone.se\/pl\/o-nas\/nasza-obietnica\/\"]}]},{\"@type\":\"BreadcrumbList\",\"@id\":\"https:\/\/jobzone.se\/pl\/o-nas\/nasza-obietnica\/#breadcrumb\",\"itemListElement\":[{\"@type\":\"ListItem\",\"position\":1,\"name\":\"O nas\",\"item\":\"https:\/\/jobzone.se\/pl\/o-nas\/\"},{\"@type\":\"ListItem\",\"position\":2,\"name\":\"Nasza obietnica\"}]},{\"@type\":\"WebSite\",\"@id\":\"https:\/\/jobzone.se\/pl\/#website\",\"url\":\"https:\/\/jobzone.se\/pl\/\",\"name\":\"Jobzone\",\"description\":\"Bemanning och Rekryteringsf\u00f6retaget Jobzone i Sverige\",\"publisher\":{\"@id\":\"https:\/\/jobzone.se\/pl\/#organization\"},\"potentialAction\":[{\"@type\":\"SearchAction\",\"target\":{\"@type\":\"EntryPoint\",\"urlTemplate\":\"https:\/\/jobzone.se\/pl\/?s={search_term_string}\"},\"query-input\":\"required name=search_term_string\"}],\"inLanguage\":\"pl-PL\"},{\"@type\":\"Organization\",\"@id\":\"https:\/\/jobzone.se\/pl\/#organization\",\"name\":\"Jobzone\",\"url\":\"https:\/\/jobzone.se\/pl\/\",\"logo\":{\"@type\":\"ImageObject\",\"inLanguage\":\"pl-PL\",\"@id\":\"https:\/\/jobzone.se\/pl\/#\/schema\/logo\/image\/\",\"url\":\"https:\/\/jobzone.se\/wp-content\/uploads\/2019\/02\/jobzone-logo-web.jpg\",\"contentUrl\":\"https:\/\/jobzone.se\/wp-content\/uploads\/2019\/02\/jobzone-logo-web.jpg\",\"width\":145,\"height\":146,\"caption\":\"Jobzone\"},\"image\":{\"@id\":\"https:\/\/jobzone.se\/pl\/#\/schema\/logo\/image\/\"},\"sameAs\":[\"https:\/\/www.facebook.com\/JobzoneSverige\"]}]}<\/script>\n<!-- \/ Yoast SEO plugin. -->","yoast_head_json":{"title":"Nasza obietnica | Jobzone","description":"Nasza obietnica: Wszystko, co robimy w naszej dzia\u0142alno\u015bci w Jobzone Sveroge, przyczyni si\u0119 do sukcesu os\u00f3b i organizacji.","robots":{"index":"index","follow":"follow","max-snippet":"max-snippet:-1","max-image-preview":"max-image-preview:large","max-video-preview":"max-video-preview:-1"},"canonical":"https:\/\/jobzone.se\/pl\/o-nas\/nasza-obietnica\/","og_locale":"pl_PL","og_type":"article","og_title":"Nasza obietnica | Jobzone","og_description":"Nasza obietnica: Wszystko, co robimy w naszej dzia\u0142alno\u015bci w Jobzone Sveroge, przyczyni si\u0119 do sukcesu os\u00f3b i organizacji.","og_url":"https:\/\/jobzone.se\/pl\/o-nas\/nasza-obietnica\/","og_site_name":"Jobzone","article_publisher":"https:\/\/www.facebook.com\/JobzoneSverige","article_modified_time":"2025-09-03T10:35:55+00:00","twitter_misc":{"Szacowany czas czytania":"2 minuty"},"schema":{"@context":"https:\/\/schema.org","@graph":[{"@type":"WebPage","@id":"https:\/\/jobzone.se\/pl\/o-nas\/nasza-obietnica\/","url":"https:\/\/jobzone.se\/pl\/o-nas\/nasza-obietnica\/","name":"Nasza obietnica | Jobzone","isPartOf":{"@id":"https:\/\/jobzone.se\/pl\/#website"},"datePublished":"2019-04-05T11:58:31+00:00","dateModified":"2025-09-03T10:35:55+00:00","description":"Nasza obietnica: Wszystko, co robimy w naszej dzia\u0142alno\u015bci w Jobzone Sveroge, przyczyni si\u0119 do sukcesu os\u00f3b i organizacji.","breadcrumb":{"@id":"https:\/\/jobzone.se\/pl\/o-nas\/nasza-obietnica\/#breadcrumb"},"inLanguage":"pl-PL","potentialAction":[{"@type":"ReadAction","target":["https:\/\/jobzone.se\/pl\/o-nas\/nasza-obietnica\/"]}]},{"@type":"BreadcrumbList","@id":"https:\/\/jobzone.se\/pl\/o-nas\/nasza-obietnica\/#breadcrumb","itemListElement":[{"@type":"ListItem","position":1,"name":"O nas","item":"https:\/\/jobzone.se\/pl\/o-nas\/"},{"@type":"ListItem","position":2,"name":"Nasza obietnica"}]},{"@type":"WebSite","@id":"https:\/\/jobzone.se\/pl\/#website","url":"https:\/\/jobzone.se\/pl\/","name":"Jobzone","description":"Bemanning och Rekryteringsf\u00f6retaget Jobzone i Sverige","publisher":{"@id":"https:\/\/jobzone.se\/pl\/#organization"},"potentialAction":[{"@type":"SearchAction","target":{"@type":"EntryPoint","urlTemplate":"https:\/\/jobzone.se\/pl\/?s={search_term_string}"},"query-input":"required name=search_term_string"}],"inLanguage":"pl-PL"},{"@type":"Organization","@id":"https:\/\/jobzone.se\/pl\/#organization","name":"Jobzone","url":"https:\/\/jobzone.se\/pl\/","logo":{"@type":"ImageObject","inLanguage":"pl-PL","@id":"https:\/\/jobzone.se\/pl\/#\/schema\/logo\/image\/","url":"https:\/\/jobzone.se\/wp-content\/uploads\/2019\/02\/jobzone-logo-web.jpg","contentUrl":"https:\/\/jobzone.se\/wp-content\/uploads\/2019\/02\/jobzone-logo-web.jpg","width":145,"height":146,"caption":"Jobzone"},"image":{"@id":"https:\/\/jobzone.se\/pl\/#\/schema\/logo\/image\/"},"sameAs":["https:\/\/www.facebook.com\/JobzoneSverige"]}]}},"_links":{"self":[{"href":"https:\/\/jobzone.se\/pl\/wp-json\/wp\/v2\/pages\/22569"}],"collection":[{"href":"https:\/\/jobzone.se\/pl\/wp-json\/wp\/v2\/pages"}],"about":[{"href":"https:\/\/jobzone.se\/pl\/wp-json\/wp\/v2\/types\/page"}],"author":[{"embeddable":true,"href":"https:\/\/jobzone.se\/pl\/wp-json\/wp\/v2\/users\/17"}],"replies":[{"embeddable":true,"href":"https:\/\/jobzone.se\/pl\/wp-json\/wp\/v2\/comments?post=22569"}],"version-history":[{"count":1,"href":"https:\/\/jobzone.se\/pl\/wp-json\/wp\/v2\/pages\/22569\/revisions"}],"predecessor-version":[{"id":22577,"href":"https:\/\/jobzone.se\/pl\/wp-json\/wp\/v2\/pages\/22569\/revisions\/22577"}],"up":[{"embeddable":true,"href":"https:\/\/jobzone.se\/pl\/wp-json\/wp\/v2\/pages\/22448"}],"wp:attachment":[{"href":"https:\/\/jobzone.se\/pl\/wp-json\/wp\/v2\/media?parent=22569"}],"curies":[{"name":"wp","href":"https:\/\/api.w.org\/{rel}","templated":true}]}}