{"id":22572,"date":"2019-04-05T13:58:31","date_gmt":"2019-04-05T11:58:31","guid":{"rendered":"https:\/\/jobzone.se\/o-nas\/nasza-kultura\/"},"modified":"2025-09-03T12:35:56","modified_gmt":"2025-09-03T10:35:56","slug":"nasza-kultura","status":"publish","type":"page","link":"https:\/\/jobzone.se\/pl\/o-nas\/nasza-kultura\/","title":{"rendered":"Nasza kultura"},"content":{"rendered":"<p>  <\/p>\n<h2><img loading=\"lazy\" decoding=\"async\" class=\"alignnone size-full wp-image-19564\" src=\"https:\/\/jobzone.se\/wp-content\/uploads\/2021\/12\/helena-holmstrom-bombas-jobzone.jpg\" alt=\"Helena Bombas Holmstr\u00f6m Jobzone\" width=\"1200\" height=\"630\" srcset=\"https:\/\/jobzone.se\/wp-content\/uploads\/2021\/12\/helena-holmstrom-bombas-jobzone.jpg 1200w, https:\/\/jobzone.se\/wp-content\/uploads\/2021\/12\/helena-holmstrom-bombas-jobzone-300x158.jpg 300w, https:\/\/jobzone.se\/wp-content\/uploads\/2021\/12\/helena-holmstrom-bombas-jobzone-1024x538.jpg 1024w, https:\/\/jobzone.se\/wp-content\/uploads\/2021\/12\/helena-holmstrom-bombas-jobzone-768x403.jpg 768w, https:\/\/jobzone.se\/wp-content\/uploads\/2021\/12\/helena-holmstrom-bombas-jobzone-1000x525.jpg 1000w\" sizes=\"(max-width: 1200px) 100vw, 1200px\" \/><\/h2>\n<h2 class=\"gen-page-title\">Nasza kultura<\/h2>\n<p>Nasza dzia\u0142alno\u015b\u0107 opiera si\u0119 na pionierstwie. Oznacza to, \u017ce ka\u017cdy mened\u017cer pracuje rami\u0119 w rami\u0119 z innymi pracownikami, aby stworzy\u0107 aktywne i stymuluj\u0105ce przyw\u00f3dztwo. Takie podej\u015bcie tworzy solidn\u0105 i zr\u00f3wnowa\u017con\u0105 dynamik\u0119 grupy, kt\u00f3ra zapewnia wysokiej jako\u015bci wsp\u00f3\u0142prac\u0119 pracownik\u00f3w i klient\u00f3w.  <\/p>\n<p>Jeste\u015bmy przysz\u0142o\u015bci\u0105 rynku pracy tymczasowej. Stale dostosowujemy nasze us\u0142ugi i ofert\u0119, aby jak najlepiej dopasowa\u0107 si\u0119 do potrzeb nowych bran\u017c, firm i konsultant\u00f3w. <\/p>\n<p><a href=\"https:\/\/jobzone.se\/pl\/o-nas\/\" target=\"_blank\" rel=\"noopener\">Przeczytaj o nas wi\u0119cej tutaj<\/a><\/p>\n<p>     <\/p>\n","protected":false},"excerpt":{"rendered":"<p>Nasza kultura Nasza dzia\u0142alno\u015b\u0107 opiera si\u0119 na pionierstwie. Oznacza to, \u017ce ka\u017cdy mened\u017cer pracuje rami\u0119 w rami\u0119 z innymi pracownikami, aby stworzy\u0107 aktywne i stymuluj\u0105ce przyw\u00f3dztwo. Takie podej\u015bcie tworzy solidn\u0105 i zr\u00f3wnowa\u017con\u0105 dynamik\u0119 grupy, kt\u00f3ra zapewnia wysokiej jako\u015bci wsp\u00f3\u0142prac\u0119 pracownik\u00f3w i klient\u00f3w. Jeste\u015bmy przysz\u0142o\u015bci\u0105 rynku pracy tymczasowej. Stale dostosowujemy nasze us\u0142ugi i ofert\u0119, aby jak najlepiej dopasowa\u0107 si\u0119 do potrzeb [&hellip;]<\/p>\n","protected":false},"author":17,"featured_media":22574,"parent":22448,"menu_order":0,"comment_status":"closed","ping_status":"closed","template":"","meta":{"footnotes":""},"yoast_head":"<!-- This site is optimized with the Yoast SEO plugin v22.2 - https:\/\/yoast.com\/wordpress\/plugins\/seo\/ -->\n<title>Nasza kultura | Jobzone<\/title>\n<meta name=\"description\" content=\"Nasza kultura jest przesi\u0105kni\u0119ta pionierskim duchem. Oznacza to, \u017ce ka\u017cdy mened\u017cer i pracownik \u015bci\u015ble ze sob\u0105 wsp\u00f3\u0142pracuj\u0105.\" \/>\n<meta name=\"robots\" content=\"index, follow, max-snippet:-1, max-image-preview:large, max-video-preview:-1\" \/>\n<link rel=\"canonical\" href=\"https:\/\/jobzone.se\/pl\/o-nas\/nasza-kultura\/\" \/>\n<meta property=\"og:locale\" content=\"pl_PL\" \/>\n<meta property=\"og:type\" content=\"article\" \/>\n<meta property=\"og:title\" content=\"Nasza kultura | Jobzone\" \/>\n<meta property=\"og:description\" content=\"Nasza kultura jest przesi\u0105kni\u0119ta pionierskim duchem. Oznacza to, \u017ce ka\u017cdy mened\u017cer i pracownik \u015bci\u015ble ze sob\u0105 wsp\u00f3\u0142pracuj\u0105.\" \/>\n<meta property=\"og:url\" content=\"https:\/\/jobzone.se\/pl\/o-nas\/nasza-kultura\/\" \/>\n<meta property=\"og:site_name\" content=\"Jobzone\" \/>\n<meta property=\"article:publisher\" content=\"https:\/\/www.facebook.com\/JobzoneSverige\" \/>\n<meta property=\"article:modified_time\" content=\"2025-09-03T10:35:56+00:00\" \/>\n<meta property=\"og:image\" content=\"https:\/\/jobzone.se\/wp-content\/uploads\/2022\/02\/Helena-Bombas-Holmstro\u0308m-blir-ny-VD-fo\u0308r-Jobzone-Sverige-.jpg\" \/>\n\t<meta property=\"og:image:width\" content=\"1200\" \/>\n\t<meta property=\"og:image:height\" content=\"630\" \/>\n\t<meta property=\"og:image:type\" content=\"image\/jpeg\" \/>\n<meta name=\"twitter:label1\" content=\"Szacowany czas czytania\" \/>\n\t<meta name=\"twitter:data1\" content=\"1 minuta\" \/>\n<script type=\"application\/ld+json\" class=\"yoast-schema-graph\">{\"@context\":\"https:\/\/schema.org\",\"@graph\":[{\"@type\":\"WebPage\",\"@id\":\"https:\/\/jobzone.se\/pl\/o-nas\/nasza-kultura\/\",\"url\":\"https:\/\/jobzone.se\/pl\/o-nas\/nasza-kultura\/\",\"name\":\"Nasza kultura | Jobzone\",\"isPartOf\":{\"@id\":\"https:\/\/jobzone.se\/pl\/#website\"},\"primaryImageOfPage\":{\"@id\":\"https:\/\/jobzone.se\/pl\/o-nas\/nasza-kultura\/#primaryimage\"},\"image\":{\"@id\":\"https:\/\/jobzone.se\/pl\/o-nas\/nasza-kultura\/#primaryimage\"},\"thumbnailUrl\":\"https:\/\/jobzone.se\/wp-content\/uploads\/2022\/02\/Helena-Bombas-Holmstro\u0308m-blir-ny-VD-fo\u0308r-Jobzone-Sverige-.jpg\",\"datePublished\":\"2019-04-05T11:58:31+00:00\",\"dateModified\":\"2025-09-03T10:35:56+00:00\",\"description\":\"Nasza kultura jest przesi\u0105kni\u0119ta pionierskim duchem. Oznacza to, \u017ce ka\u017cdy mened\u017cer i pracownik \u015bci\u015ble ze sob\u0105 wsp\u00f3\u0142pracuj\u0105.\",\"breadcrumb\":{\"@id\":\"https:\/\/jobzone.se\/pl\/o-nas\/nasza-kultura\/#breadcrumb\"},\"inLanguage\":\"pl-PL\",\"potentialAction\":[{\"@type\":\"ReadAction\",\"target\":[\"https:\/\/jobzone.se\/pl\/o-nas\/nasza-kultura\/\"]}]},{\"@type\":\"ImageObject\",\"inLanguage\":\"pl-PL\",\"@id\":\"https:\/\/jobzone.se\/pl\/o-nas\/nasza-kultura\/#primaryimage\",\"url\":\"https:\/\/jobzone.se\/wp-content\/uploads\/2022\/02\/Helena-Bombas-Holmstro\u0308m-blir-ny-VD-fo\u0308r-Jobzone-Sverige-.jpg\",\"contentUrl\":\"https:\/\/jobzone.se\/wp-content\/uploads\/2022\/02\/Helena-Bombas-Holmstro\u0308m-blir-ny-VD-fo\u0308r-Jobzone-Sverige-.jpg\",\"width\":1200,\"height\":630},{\"@type\":\"BreadcrumbList\",\"@id\":\"https:\/\/jobzone.se\/pl\/o-nas\/nasza-kultura\/#breadcrumb\",\"itemListElement\":[{\"@type\":\"ListItem\",\"position\":1,\"name\":\"O nas\",\"item\":\"https:\/\/jobzone.se\/pl\/o-nas\/\"},{\"@type\":\"ListItem\",\"position\":2,\"name\":\"Nasza kultura\"}]},{\"@type\":\"WebSite\",\"@id\":\"https:\/\/jobzone.se\/pl\/#website\",\"url\":\"https:\/\/jobzone.se\/pl\/\",\"name\":\"Jobzone\",\"description\":\"Bemanning och Rekryteringsf\u00f6retaget Jobzone i Sverige\",\"publisher\":{\"@id\":\"https:\/\/jobzone.se\/pl\/#organization\"},\"potentialAction\":[{\"@type\":\"SearchAction\",\"target\":{\"@type\":\"EntryPoint\",\"urlTemplate\":\"https:\/\/jobzone.se\/pl\/?s={search_term_string}\"},\"query-input\":\"required name=search_term_string\"}],\"inLanguage\":\"pl-PL\"},{\"@type\":\"Organization\",\"@id\":\"https:\/\/jobzone.se\/pl\/#organization\",\"name\":\"Jobzone\",\"url\":\"https:\/\/jobzone.se\/pl\/\",\"logo\":{\"@type\":\"ImageObject\",\"inLanguage\":\"pl-PL\",\"@id\":\"https:\/\/jobzone.se\/pl\/#\/schema\/logo\/image\/\",\"url\":\"https:\/\/jobzone.se\/wp-content\/uploads\/2019\/02\/jobzone-logo-web.jpg\",\"contentUrl\":\"https:\/\/jobzone.se\/wp-content\/uploads\/2019\/02\/jobzone-logo-web.jpg\",\"width\":145,\"height\":146,\"caption\":\"Jobzone\"},\"image\":{\"@id\":\"https:\/\/jobzone.se\/pl\/#\/schema\/logo\/image\/\"},\"sameAs\":[\"https:\/\/www.facebook.com\/JobzoneSverige\"]}]}<\/script>\n<!-- \/ Yoast SEO plugin. -->","yoast_head_json":{"title":"Nasza kultura | Jobzone","description":"Nasza kultura jest przesi\u0105kni\u0119ta pionierskim duchem. Oznacza to, \u017ce ka\u017cdy mened\u017cer i pracownik \u015bci\u015ble ze sob\u0105 wsp\u00f3\u0142pracuj\u0105.","robots":{"index":"index","follow":"follow","max-snippet":"max-snippet:-1","max-image-preview":"max-image-preview:large","max-video-preview":"max-video-preview:-1"},"canonical":"https:\/\/jobzone.se\/pl\/o-nas\/nasza-kultura\/","og_locale":"pl_PL","og_type":"article","og_title":"Nasza kultura | Jobzone","og_description":"Nasza kultura jest przesi\u0105kni\u0119ta pionierskim duchem. Oznacza to, \u017ce ka\u017cdy mened\u017cer i pracownik \u015bci\u015ble ze sob\u0105 wsp\u00f3\u0142pracuj\u0105.","og_url":"https:\/\/jobzone.se\/pl\/o-nas\/nasza-kultura\/","og_site_name":"Jobzone","article_publisher":"https:\/\/www.facebook.com\/JobzoneSverige","article_modified_time":"2025-09-03T10:35:56+00:00","og_image":[{"width":1200,"height":630,"url":"https:\/\/jobzone.se\/wp-content\/uploads\/2022\/02\/Helena-Bombas-Holmstro\u0308m-blir-ny-VD-fo\u0308r-Jobzone-Sverige-.jpg","type":"image\/jpeg"}],"twitter_misc":{"Szacowany czas czytania":"1 minuta"},"schema":{"@context":"https:\/\/schema.org","@graph":[{"@type":"WebPage","@id":"https:\/\/jobzone.se\/pl\/o-nas\/nasza-kultura\/","url":"https:\/\/jobzone.se\/pl\/o-nas\/nasza-kultura\/","name":"Nasza kultura | Jobzone","isPartOf":{"@id":"https:\/\/jobzone.se\/pl\/#website"},"primaryImageOfPage":{"@id":"https:\/\/jobzone.se\/pl\/o-nas\/nasza-kultura\/#primaryimage"},"image":{"@id":"https:\/\/jobzone.se\/pl\/o-nas\/nasza-kultura\/#primaryimage"},"thumbnailUrl":"https:\/\/jobzone.se\/wp-content\/uploads\/2022\/02\/Helena-Bombas-Holmstro\u0308m-blir-ny-VD-fo\u0308r-Jobzone-Sverige-.jpg","datePublished":"2019-04-05T11:58:31+00:00","dateModified":"2025-09-03T10:35:56+00:00","description":"Nasza kultura jest przesi\u0105kni\u0119ta pionierskim duchem. Oznacza to, \u017ce ka\u017cdy mened\u017cer i pracownik \u015bci\u015ble ze sob\u0105 wsp\u00f3\u0142pracuj\u0105.","breadcrumb":{"@id":"https:\/\/jobzone.se\/pl\/o-nas\/nasza-kultura\/#breadcrumb"},"inLanguage":"pl-PL","potentialAction":[{"@type":"ReadAction","target":["https:\/\/jobzone.se\/pl\/o-nas\/nasza-kultura\/"]}]},{"@type":"ImageObject","inLanguage":"pl-PL","@id":"https:\/\/jobzone.se\/pl\/o-nas\/nasza-kultura\/#primaryimage","url":"https:\/\/jobzone.se\/wp-content\/uploads\/2022\/02\/Helena-Bombas-Holmstro\u0308m-blir-ny-VD-fo\u0308r-Jobzone-Sverige-.jpg","contentUrl":"https:\/\/jobzone.se\/wp-content\/uploads\/2022\/02\/Helena-Bombas-Holmstro\u0308m-blir-ny-VD-fo\u0308r-Jobzone-Sverige-.jpg","width":1200,"height":630},{"@type":"BreadcrumbList","@id":"https:\/\/jobzone.se\/pl\/o-nas\/nasza-kultura\/#breadcrumb","itemListElement":[{"@type":"ListItem","position":1,"name":"O nas","item":"https:\/\/jobzone.se\/pl\/o-nas\/"},{"@type":"ListItem","position":2,"name":"Nasza kultura"}]},{"@type":"WebSite","@id":"https:\/\/jobzone.se\/pl\/#website","url":"https:\/\/jobzone.se\/pl\/","name":"Jobzone","description":"Bemanning och Rekryteringsf\u00f6retaget Jobzone i Sverige","publisher":{"@id":"https:\/\/jobzone.se\/pl\/#organization"},"potentialAction":[{"@type":"SearchAction","target":{"@type":"EntryPoint","urlTemplate":"https:\/\/jobzone.se\/pl\/?s={search_term_string}"},"query-input":"required name=search_term_string"}],"inLanguage":"pl-PL"},{"@type":"Organization","@id":"https:\/\/jobzone.se\/pl\/#organization","name":"Jobzone","url":"https:\/\/jobzone.se\/pl\/","logo":{"@type":"ImageObject","inLanguage":"pl-PL","@id":"https:\/\/jobzone.se\/pl\/#\/schema\/logo\/image\/","url":"https:\/\/jobzone.se\/wp-content\/uploads\/2019\/02\/jobzone-logo-web.jpg","contentUrl":"https:\/\/jobzone.se\/wp-content\/uploads\/2019\/02\/jobzone-logo-web.jpg","width":145,"height":146,"caption":"Jobzone"},"image":{"@id":"https:\/\/jobzone.se\/pl\/#\/schema\/logo\/image\/"},"sameAs":["https:\/\/www.facebook.com\/JobzoneSverige"]}]}},"_links":{"self":[{"href":"https:\/\/jobzone.se\/pl\/wp-json\/wp\/v2\/pages\/22572"}],"collection":[{"href":"https:\/\/jobzone.se\/pl\/wp-json\/wp\/v2\/pages"}],"about":[{"href":"https:\/\/jobzone.se\/pl\/wp-json\/wp\/v2\/types\/page"}],"author":[{"embeddable":true,"href":"https:\/\/jobzone.se\/pl\/wp-json\/wp\/v2\/users\/17"}],"replies":[{"embeddable":true,"href":"https:\/\/jobzone.se\/pl\/wp-json\/wp\/v2\/comments?post=22572"}],"version-history":[{"count":1,"href":"https:\/\/jobzone.se\/pl\/wp-json\/wp\/v2\/pages\/22572\/revisions"}],"predecessor-version":[{"id":22579,"href":"https:\/\/jobzone.se\/pl\/wp-json\/wp\/v2\/pages\/22572\/revisions\/22579"}],"up":[{"embeddable":true,"href":"https:\/\/jobzone.se\/pl\/wp-json\/wp\/v2\/pages\/22448"}],"wp:featuredmedia":[{"embeddable":true,"href":"https:\/\/jobzone.se\/pl\/wp-json\/wp\/v2\/media\/22574"}],"wp:attachment":[{"href":"https:\/\/jobzone.se\/pl\/wp-json\/wp\/v2\/media?parent=22572"}],"curies":[{"name":"wp","href":"https:\/\/api.w.org\/{rel}","templated":true}]}}