{"id":22586,"date":"2019-04-05T13:58:31","date_gmt":"2019-04-05T11:58:31","guid":{"rendered":"https:\/\/jobzone.se\/szukaj-pracownikow\/zawodow\/zatrudnienie-w-magazynie-i-przemysle\/"},"modified":"2025-09-03T12:35:58","modified_gmt":"2025-09-03T10:35:58","slug":"zatrudnienie-w-magazynie-i-przemysle","status":"publish","type":"page","link":"https:\/\/jobzone.se\/pl\/szukaj-pracownikow\/zawodow\/zatrudnienie-w-magazynie-i-przemysle\/","title":{"rendered":"Zatrudnienie w magazynie i przemy\u015ble"},"content":{"rendered":"<p>  <\/p>\n<p class=\"gen-page-title\"><img loading=\"lazy\" decoding=\"async\" class=\"alignnone wp-image-19993 size-large\" src=\"https:\/\/jobzone.se\/wp-content\/uploads\/2022\/08\/header_lager_industri-1024x539.jpg\" alt=\"\" width=\"1024\" height=\"539\" srcset=\"https:\/\/jobzone.se\/wp-content\/uploads\/2022\/08\/header_lager_industri-1024x539.jpg 1024w, https:\/\/jobzone.se\/wp-content\/uploads\/2022\/08\/header_lager_industri-300x158.jpg 300w, https:\/\/jobzone.se\/wp-content\/uploads\/2022\/08\/header_lager_industri-768x404.jpg 768w, https:\/\/jobzone.se\/wp-content\/uploads\/2022\/08\/header_lager_industri-1000x526.jpg 1000w, https:\/\/jobzone.se\/wp-content\/uploads\/2022\/08\/header_lager_industri.jpg 1197w\" sizes=\"(max-width: 1024px) 100vw, 1024px\" \/><\/p>\n<h2 class=\"p1\">Twoja firma rekrutacyjna w magazynie i przemy\u015ble<\/h2>\n<p class=\"p1\">Jobzone jest Twoim partnerem w zakresie obsadzania stanowisk w magazynach i przemy\u015ble. Zaprojektowali\u015bmy ten proces tak, aby by\u0142 dla Ciebie tak p\u0142ynny, jak to tylko mo\u017cliwe. Dzi\u0119ki temu naprawd\u0119 stajemy si\u0119 zasobem, z kt\u00f3rym kontakt jest \u0142atwy i bezpieczny \u2013 a nie kolejnym problemem do rozwi\u0105zania.  <\/p>\n<p class=\"p1\">Magazynowanie i przemys\u0142 nale\u017c\u0105 do bran\u017c, w kt\u00f3rej celem jest, aby wszystko dzia\u0142a\u0142o tak bezb\u0142\u0119dnie, jak to tylko mo\u017cliwe. Ale poniewa\u017c praca odbywa si\u0119 z lud\u017ami i maszynami, kt\u00f3re nie s\u0105 bezb\u0142\u0119dne, chodzi r\u00f3wnie\u017c o radzenie sobie z wyzwaniami po drodze. <\/p>\n<p class=\"p1\">Jedn\u0105 z takich sytuacji jest sytuacja, gdy na miejscu nie ma sta\u0142ego personelu lub potrzeby kadrowe nagle wzros\u0142y. W takim razie dobrze jest mie\u0107 za sob\u0105 kompetentn\u0105 firm\u0119 rekrutacyjn\u0105, tak\u0105 jak Jobzone, kt\u00f3ra mo\u017ce pom\u00f3c w efektywnym zatrudnieniu pracownik\u00f3w w magazynach i przemy\u015ble. <\/p>\n<p class=\"p1\">Wsp\u00f3lnie z Pa\u0144stwem ustalamy przejrzysty profil wymaga\u0144, dzi\u0119ki czemu na szczeg\u00f3\u0142owym poziomie staje si\u0119 jasne, jakiego rodzaju personelu potrzebujesz. Dzi\u0119ki temu szybko znajdziemy odpowiednie osoby w sytuacji, gdy potrzeby dla Twojej firmy s\u0105 najwi\u0119ksze. <\/p>\n<h4>Mo\u017cesz liczy\u0107 na to, \u017ce nasz personel magazynowy i przemys\u0142owy zapewni Ci:<\/h4>\n<ul>\n<li class=\"p1\">Odpowiednie umiej\u0119tno\u015bci i kr\u00f3tki dystans startowy<\/li>\n<li class=\"p1\">Ci\u0105g\u0142y pomiar jako\u015bci i produktywno\u015bci<\/li>\n<li>Cotygodniowe uzgodnienia<\/li>\n<li>Elastyczny dostawca<\/li>\n<\/ul>\n<p>    <\/p>\n<h2>Us\u0142ugi wsp\u00f3lne, kt\u00f3re \u015bwiadczymy w magazynach<\/h2>\n<p>Zak\u0142\u00f3cenia i przestoje w magazynie kosztuj\u0105, to takie proste. Jeste\u015bmy w stanie szybko rozwi\u0105za\u0107 nieoczekiwane potrzeby kadrowe \u2013 dzi\u0119ki naszej rozleg\u0142ej sieci ludzi o umiej\u0119tno\u015bciach, na kt\u00f3re cz\u0119sto jest zapotrzebowanie.<br \/>\nNasza firma rekrutacyjna jest przyzwyczajona do tych us\u0142ug w magazynowaniu, mi\u0119dzy innymi:<\/p>\n<ul>\n<li>W\u00f3zek do kompletacji zam\u00f3wie\u0144<\/li>\n<li>Operatorzy w\u00f3zk\u00f3w wid\u0142owych (przeczytaj nasz <a href=\"https:\/\/jobzone.se\/karriartips\/yrkesguider\/yrkesguide-truckforare\/\" target=\"_blank\" rel=\"noopener\">profesjonalny poradnik dla operator\u00f3w w\u00f3zk\u00f3w wid\u0142owych<\/a>!)<\/li>\n<li>Pracownik terminalu<\/li>\n<li>Pracownik magazynu<\/li>\n<li>Liderzy zmian, liderzy zespo\u0142\u00f3w i kierownicy magazyn\u00f3w<\/li>\n<\/ul>\n<p>Przeczytaj poni\u017cej wi\u0119cej o kilku uprawnieniach i obowi\u0105zkach, z kt\u00f3rymi cz\u0119sto pracujemy.<\/p>\n<h3>Obsadzanie stanowiskiem operator\u00f3w w\u00f3zk\u00f3w wid\u0142owych wszystkich klas<\/h3>\n<p>Nasza firma rekrutacyjna oferuje do\u015bwiadczonych operator\u00f3w w\u00f3zk\u00f3w wid\u0142owych o r\u00f3\u017cnych uprawnieniach do pracy na w\u00f3zkach wid\u0142owych. Na przyk\u0142ad do w\u00f3zk\u00f3w do kompletacji zam\u00f3wie\u0144, w\u00f3zk\u00f3w wid\u0142owych przegubowych, w\u00f3zk\u00f3w wysokiego sk\u0142adowania, mniejszych w\u00f3zk\u00f3w z przeciwwag\u0105 i w\u00f3zk\u00f3w zaciskowych do terminali wewn\u0119trznych, a tak\u017ce wi\u0119kszych w\u00f3zk\u00f3w z przeciwwag\u0105 w \u015brodowiskach zewn\u0119trznych. <\/p>\n<h3>Pracownik magazynu z do\u015bwiadczeniem w pracy z systemami zarz\u0105dzania magazynem<\/h3>\n<p>Oferujemy wykwalifikowan\u0105 kadr\u0119 z do\u015bwiadczeniem w pracy w r\u00f3\u017cnych systemach zarz\u0105dzania magazynem. Dzi\u0119ki temu nasi konsultanci mog\u0105 bardzo szybko osi\u0105gn\u0105\u0107 produktywno\u015b\u0107. Ka\u017cdy, kto ma do\u015bwiadczenie z systemem sprzed lat, zwykle mo\u017ce stosunkowo \u0142atwo nauczy\u0107 si\u0119 korzysta\u0107 z podobnego systemu.  <\/p>\n<h3>Kierownicy magazyn\u00f3w i inni pracownicy magazynu<\/h3>\n<p>Opr\u00f3cz personelu, kt\u00f3ry zajmuje si\u0119 faktycznym przep\u0142ywem towar\u00f3w przez magazyn, zatrudniamy r\u00f3wnie\u017c pracownik\u00f3w umys\u0142owych. Na przyk\u0142ad kierownicy magazyn\u00f3w i inni pracownicy do r\u00f3\u017cnych funkcji planowania i zarz\u0105dzania. Mo\u017ce to by\u0107 osoba odpowiedzialna za dostawy przychodz\u0105ce lub wychodz\u0105ce, odpowiedzialna za reklamacje i r\u00f3\u017cne funkcje lidera zmiany.  <\/p>\n<h2>Wsp\u00f3lne stanowiska, kt\u00f3re obsadzamy w przemy\u015ble<\/h2>\n<p>Dzi\u0119ki 15-letniemu do\u015bwiadczeniu w rekrutacji pracownik\u00f3w w przemy\u015ble wiemy, co jest potrzebne na r\u00f3\u017cnych stanowiskach i jak dopasowa\u0107 odpowiedni\u0105 osob\u0119 do odpowiedniego klienta. Niemal codziennie dodajemy r\u00f3\u017cne rodzaje zatrudnienia w przemy\u015ble. Mi\u0119dzy innymi:  <\/p>\n<ul>\n<li>Koordynator ds. logistyki<\/li>\n<li>Planista produkcji<\/li>\n<li>Planista transportu<\/li>\n<li>Koordynator Serwisu<\/li>\n<li>Nadawc\u00f3w<\/li>\n<li class=\"p1\">Operatorzy proces\u00f3w<\/li>\n<li class=\"p1\">Operatorzy maszyn<\/li>\n<li class=\"p1\">Pracownicy produkcyjni<\/li>\n<li class=\"p1\">Operatorzy CNC<\/li>\n<li class=\"p1\">Mechanik<\/li>\n<\/ul>\n<h2>Korzy\u015bci z zatrudniania pracownik\u00f3w i obsadzania stanowisk w magazynowaniu i logistyce<\/h2>\n<p>Posiadanie silnego zespo\u0142u sk\u0142adaj\u0105cego si\u0119 z pracownik\u00f3w, kt\u00f3rzy s\u0105 przyzwyczajeni do wsp\u00f3\u0142pracy w ramach struktury firmy, ma wiele zalet. Ale w logistyce i magazynowaniu potrzeby mog\u0105 si\u0119 zmienia\u0107 w zale\u017cno\u015bci od pory roku lub chwilowych szczyt\u00f3w \u2013 i wtedy dobrym rozwi\u0105zaniem jest zatrudnienie. <\/p>\n<p>Na przyk\u0142ad podczas urlopu rodzicielskiego, d\u0142u\u017cszego zwolnienia lekarskiego lub przy okazjach takich jak zakupy \u015bwi\u0105teczne i inne okazje, w kt\u00f3rych wzrasta zapotrzebowanie na personel. Unikasz wtedy skomplikowanej rekrutacji pracownik\u00f3w na godziny lub zast\u0119pstw. <\/p>\n<p>Mamy ugruntowany proces z jasnym profilem wymaga\u0144, aby znale\u017a\u0107 odpowiednich kandydat\u00f3w. Pomagamy r\u00f3wnie\u017c w zorganizowaniu satysfakcjonuj\u0105cego wdro\u017cenia i na bie\u017c\u0105co mierzymy produktywno\u015b\u0107 pracownik\u00f3w tymczasowych oraz jako\u015b\u0107 ich pracy. <\/p>\n<p>Dzi\u0119ki temu obsadzanie stanowisk nie tylko uwalnia czas mened\u017cer\u00f3w w magazynie i przemy\u015ble w Twojej firmie, ale tak\u017ce mo\u017cesz szybko zatrudni\u0107 odpowiednie osoby, kt\u00f3re zaspokoj\u0105 Twoje potrzeby. To z kolei oznacza zminimalizowane zak\u0142\u00f3cenia w pracy i to, \u017ce wszystko przebiega sprawnie. <\/p>\n<h2>Nasz proces dla obsadzania stanowisk przemys\u0142owych i magazynowych<\/h2>\n<p>Koncepcja selekcji odpowiedniego personelu do obsadzania stanowisk w przemy\u015ble i magazynach nazywa si\u0119 &#8220;Produktywnym Personelem&#8221;.<\/p>\n<p>Wszystko zaczyna si\u0119 od tego, \u017ce ustalamy, czego szukasz i sporz\u0105dzamy szczeg\u00f3\u0142owy profil wymaga\u0144. Im bardziej jest ona szczeg\u00f3\u0142owa, tym \u0142atwiej b\u0119dzie znale\u017a\u0107 odpowiednich kandydat\u00f3w w kr\u00f3tkim czasie. <\/p>\n<p>W zwi\u0105zku z profilem wymaga\u0144 wybieramy r\u00f3wnie\u017c sposoby mierzenia wydajno\u015bci i jako\u015bci pracy wykonywanej przez pracownik\u00f3w tymczasowych w oparciu o to, co jest dla Ciebie istotne. Ustalany jest harmonogram, w kt\u00f3rym cele maj\u0105 zosta\u0107 osi\u0105gni\u0119te, a my co tydzie\u0144 monitorujemy wska\u017aniki. <\/p>\n<p>Kiedy to wszystko zostanie zrobione, zaczniemy szuka\u0107 pracownik\u00f3w. Cz\u0119sto mamy ju\u017c osoby, kt\u00f3re nadaj\u0105 si\u0119 do tych zada\u0144 w naszym sta\u0142ym personelu lub sieci. Korzystamy r\u00f3wnie\u017c z reklam w kana\u0142ach spo\u0142eczno\u015bciowych i platformach z ofertami pracy. Opr\u00f3cz rozm\u00f3w kompetencyjnych mamy kilka etap\u00f3w do zapewnienia jako\u015bci procesu obsadzania stanowisk w magazynie i logistyce.   <\/p>\n<p>Rozumiemy, \u017ce kiedy nadejdzie czas, aby personel rekrutacyjny zacz\u0105\u0142 dla Ciebie pracowa\u0107, mo\u017cesz nie mie\u0107 czasu na odpowiednie wprowadzenie. Dlatego opracowujemy plan wdro\u017ceniowy, kt\u00f3ry skraca czas rozpocz\u0119cia pracy i zapewnia personelowi odpowiednie warunki do rozpocz\u0119cia pracy i uzyskania dobrego pierwszego wra\u017cenia o Tobie. Jest to korzystne zar\u00f3wno dla dobrego samopoczucia, jak i wydajno\u015bci.  <\/p>\n<p>Po tym czasie pozostajemy w kontakcie. Po pierwszym dniu mamy telefoniczne uzgodnienie zar\u00f3wno z Tob\u0105, jak i z personelem, aby sprawdzi\u0107, czy podoba Ci si\u0119 uk\u0142ad i czy potrzebujesz czego\u015b od nas. Nast\u0119pnie kontynuowane s\u0105 cotygodniowe uzgodnienia.  <\/p>\n<p> <\/p>\n<h2>Jobzone \u2013 Autoryzowana Agencja Po\u015brednictwa Pracy w Magazynie i Przemy\u015ble<\/h2>\n<p>Odk\u0105d w Jobzone zaczynali\u015bmy od obsadzania stanowisk i rekrutacji, zawsze pracowali\u015bmy w oparciu o jedno s\u0142owo kluczowe: satysfakcja z pracy. Kiedy ludzie s\u0105 szcz\u0119\u015bliwi i czuj\u0105 si\u0119 dobrze w pracy, znacznie \u0142atwiej jest im dobrze sobie radzi\u0107. <\/p>\n<p>Dlatego zale\u017cy nam na dopasowaniu pracownik\u00f3w do miejsc pracy, w kt\u00f3rych zadania s\u0105 dla nich odpowiednie. W ten spos\u00f3b otrzymujesz personel, kt\u00f3ry jest zaanga\u017cowany i gotowy do radzenia sobie z codziennym \u017cyciem razem z Tob\u0105. Fakt, \u017ce ustalili\u015bmy r\u00f3wnie\u017c jasne punkty pomiarowe sukcesu, sprawia, \u017ce \u0142atwo jest zorientowa\u0107 si\u0119, czego si\u0119 oczekuje. B\u0119dzie to zabezpieczenie dla pracownik\u00f3w tymczasowych, poniewa\u017c w przeciwnym razie nie zawsze jest to jasne w nowym miejscu pracy.   <\/p>\n<p>Z nami otrzymujesz personel w przemy\u015ble, magazynowaniu i logistyce, w kt\u00f3rym pracownicy tymczasowi rozpoczynaj\u0105 swoje zadania w dobry spos\u00f3b i tak szybko, jak to mo\u017cliwe. Razem dbamy o to, by codzienno\u015b\u0107 p\u0142yn\u0119\u0142a! <\/p>\n<p>Skontaktuj si\u0119 z nami, aby uzyska\u0107 d\u0142ugoterminowe rozwi\u0105zanie dla personelu w okresie szczytowego zapotrzebowania i absencji personelu.<\/p>\n<p>      <\/p>\n","protected":false},"excerpt":{"rendered":"<p>Twoja firma rekrutacyjna w magazynie i przemy\u015ble Jobzone jest Twoim partnerem w zakresie obsadzania stanowisk w magazynach i przemy\u015ble. Zaprojektowali\u015bmy ten proces tak, aby by\u0142 dla Ciebie tak p\u0142ynny, jak to tylko mo\u017cliwe. Dzi\u0119ki temu naprawd\u0119 stajemy si\u0119 zasobem, z kt\u00f3rym kontakt jest \u0142atwy i bezpieczny \u2013 a nie kolejnym problemem do rozwi\u0105zania. Magazynowanie i przemys\u0142 nale\u017c\u0105 do bran\u017c, w [&hellip;]<\/p>\n","protected":false},"author":17,"featured_media":22588,"parent":22362,"menu_order":0,"comment_status":"closed","ping_status":"closed","template":"","meta":{"footnotes":""},"yoast_head":"<!-- This site is optimized with the Yoast SEO plugin v22.2 - https:\/\/yoast.com\/wordpress\/plugins\/seo\/ -->\n<title>Rekrutacja, logistyka i magazynowanie | Efektywne obsadzanie stanowisk - Jobzone<\/title>\n<meta name=\"description\" content=\"Zatrudnienie w magazynach i przemy\u015ble. Jobzone pomaga znale\u017a\u0107 odpowiednie umiej\u0119tno\u015bci do potrzeb, kt\u00f3re mog\u0105 pojawi\u0107 si\u0119 w magazynach i przemy\u015ble.\" \/>\n<meta name=\"robots\" content=\"index, follow, max-snippet:-1, max-image-preview:large, max-video-preview:-1\" \/>\n<link rel=\"canonical\" href=\"https:\/\/jobzone.se\/pl\/szukaj-pracownikow\/zawodow\/zatrudnienie-w-magazynie-i-przemysle\/\" \/>\n<meta property=\"og:locale\" content=\"pl_PL\" \/>\n<meta property=\"og:type\" content=\"article\" \/>\n<meta property=\"og:title\" content=\"Rekrutacja, logistyka i magazynowanie | Efektywne obsadzanie stanowisk - Jobzone\" \/>\n<meta property=\"og:description\" content=\"Zatrudnienie w magazynach i przemy\u015ble. Jobzone pomaga znale\u017a\u0107 odpowiednie umiej\u0119tno\u015bci do potrzeb, kt\u00f3re mog\u0105 pojawi\u0107 si\u0119 w magazynach i przemy\u015ble.\" \/>\n<meta property=\"og:url\" content=\"https:\/\/jobzone.se\/pl\/szukaj-pracownikow\/zawodow\/zatrudnienie-w-magazynie-i-przemysle\/\" \/>\n<meta property=\"og:site_name\" content=\"Jobzone\" \/>\n<meta property=\"article:publisher\" content=\"https:\/\/www.facebook.com\/JobzoneSverige\" \/>\n<meta property=\"article:modified_time\" content=\"2025-09-03T10:35:58+00:00\" \/>\n<meta property=\"og:image\" content=\"https:\/\/jobzone.se\/wp-content\/uploads\/2022\/08\/header_lager_industri.jpg\" \/>\n\t<meta property=\"og:image:width\" content=\"1197\" \/>\n\t<meta property=\"og:image:height\" content=\"630\" \/>\n\t<meta property=\"og:image:type\" content=\"image\/jpeg\" \/>\n<meta name=\"twitter:label1\" content=\"Szacowany czas czytania\" \/>\n\t<meta name=\"twitter:data1\" content=\"9 minut\" \/>\n<script type=\"application\/ld+json\" class=\"yoast-schema-graph\">{\"@context\":\"https:\/\/schema.org\",\"@graph\":[{\"@type\":\"WebPage\",\"@id\":\"https:\/\/jobzone.se\/pl\/szukaj-pracownikow\/zawodow\/zatrudnienie-w-magazynie-i-przemysle\/\",\"url\":\"https:\/\/jobzone.se\/pl\/szukaj-pracownikow\/zawodow\/zatrudnienie-w-magazynie-i-przemysle\/\",\"name\":\"Rekrutacja, logistyka i magazynowanie | Efektywne obsadzanie stanowisk - Jobzone\",\"isPartOf\":{\"@id\":\"https:\/\/jobzone.se\/pl\/#website\"},\"primaryImageOfPage\":{\"@id\":\"https:\/\/jobzone.se\/pl\/szukaj-pracownikow\/zawodow\/zatrudnienie-w-magazynie-i-przemysle\/#primaryimage\"},\"image\":{\"@id\":\"https:\/\/jobzone.se\/pl\/szukaj-pracownikow\/zawodow\/zatrudnienie-w-magazynie-i-przemysle\/#primaryimage\"},\"thumbnailUrl\":\"https:\/\/jobzone.se\/wp-content\/uploads\/2022\/08\/header_lager_industri.jpg\",\"datePublished\":\"2019-04-05T11:58:31+00:00\",\"dateModified\":\"2025-09-03T10:35:58+00:00\",\"description\":\"Zatrudnienie w magazynach i przemy\u015ble. Jobzone pomaga znale\u017a\u0107 odpowiednie umiej\u0119tno\u015bci do potrzeb, kt\u00f3re mog\u0105 pojawi\u0107 si\u0119 w magazynach i przemy\u015ble.\",\"breadcrumb\":{\"@id\":\"https:\/\/jobzone.se\/pl\/szukaj-pracownikow\/zawodow\/zatrudnienie-w-magazynie-i-przemysle\/#breadcrumb\"},\"inLanguage\":\"pl-PL\",\"potentialAction\":[{\"@type\":\"ReadAction\",\"target\":[\"https:\/\/jobzone.se\/pl\/szukaj-pracownikow\/zawodow\/zatrudnienie-w-magazynie-i-przemysle\/\"]}]},{\"@type\":\"ImageObject\",\"inLanguage\":\"pl-PL\",\"@id\":\"https:\/\/jobzone.se\/pl\/szukaj-pracownikow\/zawodow\/zatrudnienie-w-magazynie-i-przemysle\/#primaryimage\",\"url\":\"https:\/\/jobzone.se\/wp-content\/uploads\/2022\/08\/header_lager_industri.jpg\",\"contentUrl\":\"https:\/\/jobzone.se\/wp-content\/uploads\/2022\/08\/header_lager_industri.jpg\",\"width\":1197,\"height\":630},{\"@type\":\"BreadcrumbList\",\"@id\":\"https:\/\/jobzone.se\/pl\/szukaj-pracownikow\/zawodow\/zatrudnienie-w-magazynie-i-przemysle\/#breadcrumb\",\"itemListElement\":[{\"@type\":\"ListItem\",\"position\":1,\"name\":\"Szukaj pracownik\u00f3w\",\"item\":\"https:\/\/jobzone.se\/pl\/szukaj-pracownikow\/\"},{\"@type\":\"ListItem\",\"position\":2,\"name\":\"Zawod\u00f3w\",\"item\":\"https:\/\/jobzone.se\/pl\/szukaj-pracownikow\/zawodow\/\"},{\"@type\":\"ListItem\",\"position\":3,\"name\":\"Zatrudnienie w magazynie i przemy\u015ble\"}]},{\"@type\":\"WebSite\",\"@id\":\"https:\/\/jobzone.se\/pl\/#website\",\"url\":\"https:\/\/jobzone.se\/pl\/\",\"name\":\"Jobzone\",\"description\":\"Bemanning och Rekryteringsf\u00f6retaget Jobzone i Sverige\",\"publisher\":{\"@id\":\"https:\/\/jobzone.se\/pl\/#organization\"},\"potentialAction\":[{\"@type\":\"SearchAction\",\"target\":{\"@type\":\"EntryPoint\",\"urlTemplate\":\"https:\/\/jobzone.se\/pl\/?s={search_term_string}\"},\"query-input\":\"required name=search_term_string\"}],\"inLanguage\":\"pl-PL\"},{\"@type\":\"Organization\",\"@id\":\"https:\/\/jobzone.se\/pl\/#organization\",\"name\":\"Jobzone\",\"url\":\"https:\/\/jobzone.se\/pl\/\",\"logo\":{\"@type\":\"ImageObject\",\"inLanguage\":\"pl-PL\",\"@id\":\"https:\/\/jobzone.se\/pl\/#\/schema\/logo\/image\/\",\"url\":\"https:\/\/jobzone.se\/wp-content\/uploads\/2019\/02\/jobzone-logo-web.jpg\",\"contentUrl\":\"https:\/\/jobzone.se\/wp-content\/uploads\/2019\/02\/jobzone-logo-web.jpg\",\"width\":145,\"height\":146,\"caption\":\"Jobzone\"},\"image\":{\"@id\":\"https:\/\/jobzone.se\/pl\/#\/schema\/logo\/image\/\"},\"sameAs\":[\"https:\/\/www.facebook.com\/JobzoneSverige\"]}]}<\/script>\n<!-- \/ Yoast SEO plugin. -->","yoast_head_json":{"title":"Rekrutacja, logistyka i magazynowanie | Efektywne obsadzanie stanowisk - Jobzone","description":"Zatrudnienie w magazynach i przemy\u015ble. Jobzone pomaga znale\u017a\u0107 odpowiednie umiej\u0119tno\u015bci do potrzeb, kt\u00f3re mog\u0105 pojawi\u0107 si\u0119 w magazynach i przemy\u015ble.","robots":{"index":"index","follow":"follow","max-snippet":"max-snippet:-1","max-image-preview":"max-image-preview:large","max-video-preview":"max-video-preview:-1"},"canonical":"https:\/\/jobzone.se\/pl\/szukaj-pracownikow\/zawodow\/zatrudnienie-w-magazynie-i-przemysle\/","og_locale":"pl_PL","og_type":"article","og_title":"Rekrutacja, logistyka i magazynowanie | Efektywne obsadzanie stanowisk - Jobzone","og_description":"Zatrudnienie w magazynach i przemy\u015ble. Jobzone pomaga znale\u017a\u0107 odpowiednie umiej\u0119tno\u015bci do potrzeb, kt\u00f3re mog\u0105 pojawi\u0107 si\u0119 w magazynach i przemy\u015ble.","og_url":"https:\/\/jobzone.se\/pl\/szukaj-pracownikow\/zawodow\/zatrudnienie-w-magazynie-i-przemysle\/","og_site_name":"Jobzone","article_publisher":"https:\/\/www.facebook.com\/JobzoneSverige","article_modified_time":"2025-09-03T10:35:58+00:00","og_image":[{"width":1197,"height":630,"url":"https:\/\/jobzone.se\/wp-content\/uploads\/2022\/08\/header_lager_industri.jpg","type":"image\/jpeg"}],"twitter_misc":{"Szacowany czas czytania":"9 minut"},"schema":{"@context":"https:\/\/schema.org","@graph":[{"@type":"WebPage","@id":"https:\/\/jobzone.se\/pl\/szukaj-pracownikow\/zawodow\/zatrudnienie-w-magazynie-i-przemysle\/","url":"https:\/\/jobzone.se\/pl\/szukaj-pracownikow\/zawodow\/zatrudnienie-w-magazynie-i-przemysle\/","name":"Rekrutacja, logistyka i magazynowanie | Efektywne obsadzanie stanowisk - Jobzone","isPartOf":{"@id":"https:\/\/jobzone.se\/pl\/#website"},"primaryImageOfPage":{"@id":"https:\/\/jobzone.se\/pl\/szukaj-pracownikow\/zawodow\/zatrudnienie-w-magazynie-i-przemysle\/#primaryimage"},"image":{"@id":"https:\/\/jobzone.se\/pl\/szukaj-pracownikow\/zawodow\/zatrudnienie-w-magazynie-i-przemysle\/#primaryimage"},"thumbnailUrl":"https:\/\/jobzone.se\/wp-content\/uploads\/2022\/08\/header_lager_industri.jpg","datePublished":"2019-04-05T11:58:31+00:00","dateModified":"2025-09-03T10:35:58+00:00","description":"Zatrudnienie w magazynach i przemy\u015ble. Jobzone pomaga znale\u017a\u0107 odpowiednie umiej\u0119tno\u015bci do potrzeb, kt\u00f3re mog\u0105 pojawi\u0107 si\u0119 w magazynach i przemy\u015ble.","breadcrumb":{"@id":"https:\/\/jobzone.se\/pl\/szukaj-pracownikow\/zawodow\/zatrudnienie-w-magazynie-i-przemysle\/#breadcrumb"},"inLanguage":"pl-PL","potentialAction":[{"@type":"ReadAction","target":["https:\/\/jobzone.se\/pl\/szukaj-pracownikow\/zawodow\/zatrudnienie-w-magazynie-i-przemysle\/"]}]},{"@type":"ImageObject","inLanguage":"pl-PL","@id":"https:\/\/jobzone.se\/pl\/szukaj-pracownikow\/zawodow\/zatrudnienie-w-magazynie-i-przemysle\/#primaryimage","url":"https:\/\/jobzone.se\/wp-content\/uploads\/2022\/08\/header_lager_industri.jpg","contentUrl":"https:\/\/jobzone.se\/wp-content\/uploads\/2022\/08\/header_lager_industri.jpg","width":1197,"height":630},{"@type":"BreadcrumbList","@id":"https:\/\/jobzone.se\/pl\/szukaj-pracownikow\/zawodow\/zatrudnienie-w-magazynie-i-przemysle\/#breadcrumb","itemListElement":[{"@type":"ListItem","position":1,"name":"Szukaj pracownik\u00f3w","item":"https:\/\/jobzone.se\/pl\/szukaj-pracownikow\/"},{"@type":"ListItem","position":2,"name":"Zawod\u00f3w","item":"https:\/\/jobzone.se\/pl\/szukaj-pracownikow\/zawodow\/"},{"@type":"ListItem","position":3,"name":"Zatrudnienie w magazynie i przemy\u015ble"}]},{"@type":"WebSite","@id":"https:\/\/jobzone.se\/pl\/#website","url":"https:\/\/jobzone.se\/pl\/","name":"Jobzone","description":"Bemanning och Rekryteringsf\u00f6retaget Jobzone i Sverige","publisher":{"@id":"https:\/\/jobzone.se\/pl\/#organization"},"potentialAction":[{"@type":"SearchAction","target":{"@type":"EntryPoint","urlTemplate":"https:\/\/jobzone.se\/pl\/?s={search_term_string}"},"query-input":"required name=search_term_string"}],"inLanguage":"pl-PL"},{"@type":"Organization","@id":"https:\/\/jobzone.se\/pl\/#organization","name":"Jobzone","url":"https:\/\/jobzone.se\/pl\/","logo":{"@type":"ImageObject","inLanguage":"pl-PL","@id":"https:\/\/jobzone.se\/pl\/#\/schema\/logo\/image\/","url":"https:\/\/jobzone.se\/wp-content\/uploads\/2019\/02\/jobzone-logo-web.jpg","contentUrl":"https:\/\/jobzone.se\/wp-content\/uploads\/2019\/02\/jobzone-logo-web.jpg","width":145,"height":146,"caption":"Jobzone"},"image":{"@id":"https:\/\/jobzone.se\/pl\/#\/schema\/logo\/image\/"},"sameAs":["https:\/\/www.facebook.com\/JobzoneSverige"]}]}},"_links":{"self":[{"href":"https:\/\/jobzone.se\/pl\/wp-json\/wp\/v2\/pages\/22586"}],"collection":[{"href":"https:\/\/jobzone.se\/pl\/wp-json\/wp\/v2\/pages"}],"about":[{"href":"https:\/\/jobzone.se\/pl\/wp-json\/wp\/v2\/types\/page"}],"author":[{"embeddable":true,"href":"https:\/\/jobzone.se\/pl\/wp-json\/wp\/v2\/users\/17"}],"replies":[{"embeddable":true,"href":"https:\/\/jobzone.se\/pl\/wp-json\/wp\/v2\/comments?post=22586"}],"version-history":[{"count":4,"href":"https:\/\/jobzone.se\/pl\/wp-json\/wp\/v2\/pages\/22586\/revisions"}],"predecessor-version":[{"id":22597,"href":"https:\/\/jobzone.se\/pl\/wp-json\/wp\/v2\/pages\/22586\/revisions\/22597"}],"up":[{"embeddable":true,"href":"https:\/\/jobzone.se\/pl\/wp-json\/wp\/v2\/pages\/22362"}],"wp:featuredmedia":[{"embeddable":true,"href":"https:\/\/jobzone.se\/pl\/wp-json\/wp\/v2\/media\/22588"}],"wp:attachment":[{"href":"https:\/\/jobzone.se\/pl\/wp-json\/wp\/v2\/media?parent=22586"}],"curies":[{"name":"wp","href":"https:\/\/api.w.org\/{rel}","templated":true}]}}