{"id":22591,"date":"2019-04-05T13:58:31","date_gmt":"2019-04-05T11:58:31","guid":{"rendered":"https:\/\/jobzone.se\/szukaj-pracownikow\/finanse-i-administracja\/"},"modified":"2019-04-05T13:58:31","modified_gmt":"2019-04-05T11:58:31","slug":"finanse-i-administracja","status":"publish","type":"page","link":"https:\/\/jobzone.se\/pl\/szukaj-pracownikow\/finanse-i-administracja\/","title":{"rendered":"Finanse i administracja"},"content":{"rendered":"<p><\/p>\n<h1 class=\"gen-page-title\">Rekrutacja w finansach i administracji<\/h1>\n<p>    <\/p>\n<h3>Rekrutacja i efektywne<br \/>\nrozwi\u0105zania kadrowe w finansach i administracji<\/h3>\n<p>Sprawiamy, \u017ce jest to dla Ciebie \u0142atwe i wygodne, gdy szukasz pracownik\u00f3w w finansach i administracji. Je\u015bli zdecydujesz si\u0119 na rozwi\u0105zanie kadrowe, my nie tylko zajmiemy si\u0119 rekrutacj\u0105, ale tak\u017ce bie\u017c\u0105cymi wynagrodzeniami, sk\u0142adkami na ubezpieczenie spo\u0142eczne, urlopami i \u015bwiadczeniami chorobowymi. Niezale\u017cnie od tego, czy wybierzesz rozwi\u0105zanie rekrutacyjne, czy kadrowe, nie poddamy si\u0119, je\u015bli nie spe\u0142nimy Twoich najwy\u017cszych mo\u017cliwych oczekiwa\u0144.  <\/p>\n<p><\/p>\n<p><strong>Przyk\u0142adowe us\u0142ugi z zakresu finans\u00f3w i administracji:<\/strong><\/p>\n<ul>\n<li>Asystent finansowy<\/li>\n<li>Administratorzy listy p\u0142ac<\/li>\n<li>Kontrolery<\/li>\n<li>Mened\u017cerowie finansowi<\/li>\n<li>Kierownicy ds. ksi\u0119gowo\u015bci<\/li>\n<li>Ekonomista rachunkowo\u015bci skonsolidowanej<\/li>\n<li>Ksi\u0119gowych<\/li>\n<li>Pracownicy zaplecza biurowego<\/li>\n<\/ul>\n<p><\/p>\n<h3>Asystent finansowy<\/h3>\n<p>Oferujemy rekrutacj\u0119 i obsadzanie stanowisk asystent\u00f3w finansowych z do\u015bwiadczeniem w r\u00f3\u017cnych obszarach. Typowymi zadaniami mo\u017ce by\u0107 dbanie o ksi\u0119gowo\u015b\u0107 firmy, faktury oraz sprawdzanie, czy informacje zgadzaj\u0105 si\u0119 z paragonami i kosztami podr\u00f3\u017cy. Opr\u00f3cz tego asystent finansowy cz\u0119sto zajmuje si\u0119 informacjami p\u0142acowymi i podatkowymi. Asystent finansowy jest cz\u0119sto odpowiedzialny za niekt\u00f3re decyzje w zakresie, na przyk\u0142ad, administracji, kadr, finans\u00f3w, ksi\u0119gowo\u015bci, zam\u00f3wie\u0144, sprzeda\u017cy, zakup\u00f3w, magazynowania, dostaw i dystrybucji, spedycji lub r\u00f3wnowa\u017cnych.   <\/p>\n<p><\/p>\n<h3>Administrator listy p\u0142ac<\/h3>\n<p>Pomo\u017cemy Ci w rekrutacji lub obsadzeniu stanowisk w administracji p\u0142acowej. Typowymi zadaniami w tym obszarze mo\u017ce by\u0107 obs\u0142uga wylicze\u0144 wynagrodze\u0144, um\u00f3w o prac\u0119, raportowania czasu pracy i nieobecno\u015bci, koszt\u00f3w podr\u00f3\u017cy, wniosk\u00f3w urlopowych, zezna\u0144 podatkowych, ubezpiecze\u0144, prostego rozliczania wynagrodze\u0144 oraz raport\u00f3w i rozlicze\u0144. Nasi administratorzy p\u0142ac maj\u0105 mo\u017cliwo\u015b\u0107 zarz\u0105dzania kilkoma r\u00f3\u017cnymi systemami raportowania p\u0142ac i czasu pracy, a tak\u017ce naliczania wynagrodze\u0144 zgodnie z obowi\u0105zuj\u0105cymi uk\u0142adami zbiorowymi. Mo\u017cliwo\u015b\u0107 wykonywania oblicze\u0144 \u015bwiadcze\u0144 i kalkulacji emerytur jest r\u00f3wnie\u017c cz\u0119\u015bci\u0105 roli administratora listy p\u0142ac.   <\/p>\n<p><\/p>\n<h3>Kontroler<\/h3>\n<p>Kontroler cz\u0119sto pe\u0142ni rol\u0119 \u0142\u0105cznika mi\u0119dzy dzia\u0142em finansowym a kierownictwem, dostarczaj\u0105c kierownictwu niezb\u0119dnych informacji finansowych. Inne zadania kontrolera to ocena i ci\u0105g\u0142a analiza firmy i jej przysz\u0142o\u015bci. Mo\u017ce to obejmowa\u0107 ocen\u0119 sprzeda\u017cy r\u00f3\u017cnych produkt\u00f3w i okre\u015blenie, w kt\u00f3rych regionach powinna odbywa\u0107 si\u0119 sprzeda\u017c. Zaw\u00f3d polega r\u00f3wnie\u017c na aktualizowaniu dzia\u0142u finansowego na bie\u017c\u0105co. Nierzadko zdarza si\u0119, \u017ce kontroler jest cz\u0119\u015bci\u0105 zespo\u0142u zarz\u0105dzaj\u0105cego firm\u0105 i podejmuje decyzje dotycz\u0105ce d\u0142ugoterminowych plan\u00f3w biznesowych.    <\/p>\n<p><\/p>\n<h3>Cfo<\/h3>\n<p>Rekrutujemy dyrektor\u00f3w finansowych, kt\u00f3rych podstawowym zadaniem jest dbanie o to, aby firma realizowa\u0142a wyznaczone cele i zdefiniowane strategie. Dyrektor finansowy pracuje przez ca\u0142y czas, aby doradza\u0107 i informowa\u0107 dyrektora generalnego i innych cz\u0142onk\u00f3w kadry kierowniczej wy\u017cszego szczebla. Ale nie chodzi tylko o liczby. Dyrektor finansowy cz\u0119sto pe\u0142ni r\u00f3wnie\u017c rol\u0119 kontroln\u0105 w firmie, poniewa\u017c jest cz\u0119\u015bci\u0105 kierownictwa wykonawczego.   <\/p>\n<p><\/p>\n<h3>Ekonomista rachunkowo\u015bci skonsolidowanej<\/h3>\n<p>Ekonomista zajmuj\u0105cy si\u0119 rachunkowo\u015bci\u0105 grupow\u0105 zajmuje si\u0119 sprawozdaniami finansowymi i zapewnieniem jako\u015bci sprawozdawczo\u015bci grupy, pracuje z raportami kwartalnymi i rocznymi, przygotowuje prezentacje dla kierownictwa i zarz\u0105du, pomaga w kwestiach ksi\u0119gowych i sprawozdawczych Ponadto prowadzi, koordynuje i rozwija procedury i procesy w obszarze rachunkowo\u015bci i sprawozdawczo\u015bci.<\/p>\n<p><\/p>\n<h3>Ksi\u0119gowych<\/h3>\n<p>Ksi\u0119gowy pracuje z analizami sprawozda\u0144 finansowych firmy, administracji lub organizacji, aby znale\u017a\u0107 wyja\u015bnienia dla wyniku. Niekt\u00f3rzy ksi\u0119gowi pracuj\u0105 nad opracowaniem modeli tego, jak powinna by\u0107 prowadzona ksi\u0119gowo\u015b\u0107, a wielu uczestniczy r\u00f3wnie\u017c w pracach nad bud\u017cetem. <\/p>\n<p><\/p>\n<h3>Pracownicy zaplecza biurowego<\/h3>\n<p>Oferujemy rekrutacj\u0119 i obsadzanie stanowisk pracownik\u00f3w back-office z do\u015bwiadczeniem w r\u00f3\u017cnych obszarach. Typowe zadania mog\u0105 obejmowa\u0107, na przyk\u0142ad, rejestrowanie, kompilowanie i przetwarzanie danych dotycz\u0105cych przep\u0142yw\u00f3w pieni\u0119\u017cnych; sprawdzanie faktur; obliczanie pracy na akord, wynagrodze\u0144, podatk\u00f3w, zarz\u0105dzanie i rozliczanie p\u0142atno\u015bci przychodz\u0105cych i wychodz\u0105cych, informowanie pracownik\u00f3w o wynagrodzeniach, urlopach i stosowaniu um\u00f3w, opracowywanie statystyk wynagrodze\u0144 i dokumentacji do przegl\u0105d\u00f3w wynagrodze\u0144. <\/p>\n<p><\/p>\n<h3>Dbamy o to, aby\u015b by\u0142 zadowolony<\/h3>\n<p>Wiemy to o rekrutacji i obsadzaniu stanowisk od pocz\u0105tku do ko\u0144ca. Kiedy zatrudniasz Jobzone, traktujemy to jako wielkie i niemal \u015bwi\u0119te zaufanie, a podczas pracy nad ka\u017cdym zleceniem wykorzystujemy ca\u0142\u0105 nasz\u0105 wiedz\u0119 i zaanga\u017cowanie. Bierzemy odpowiedzialno\u015b\u0107 za ca\u0142y proces, od faktycznej selekcji kandydat\u00f3w, przez wprowadzenie, a\u017c po dzia\u0142ania nast\u0119pcze. Po prostu dbamy o to, aby Twoi nowi pracownicy wtopili si\u0119 w prac\u0119 i opanowali swoje zadania co do joty.   <\/p>\n<p><\/p>\n<h3>Autoryzowana agencja rekrutacyjna<\/h3>\n<p>Jeste\u015bmy autoryzowan\u0105 firm\u0105 rekrutacyjn\u0105, co oznacza mi\u0119dzy innymi, \u017ce jeste\u015bmy zwi\u0105zani uk\u0142adami zbiorowymi i zapewniamy naszym pracownikom dost\u0119p do p\u0142ac rynkowych i rozs\u0105dnych warunk\u00f3w zatrudnienia.<\/p>\n<p><\/p>\n<p><strong>Chcesz wiedzie\u0107 wi\u0119cej?<\/strong><br \/>\nSkontaktuj si\u0119 z <strong>Tove Hahnsson<\/strong> <a href=\"tel:0707788354\">070-778 83 54<\/a>, <a href=\"mailto:tove.hahnsson@jobzone.se\">tove.hahnsson@jobzone.se<\/a><\/p>\n<p><\/p>\n","protected":false},"excerpt":{"rendered":"<p>Rekrutacja w finansach i administracji Rekrutacja i efektywne rozwi\u0105zania kadrowe w finansach i administracji Sprawiamy, \u017ce jest to dla Ciebie \u0142atwe i wygodne, gdy szukasz pracownik\u00f3w w finansach i administracji. Je\u015bli zdecydujesz si\u0119 na rozwi\u0105zanie kadrowe, my nie tylko zajmiemy si\u0119 rekrutacj\u0105, ale tak\u017ce bie\u017c\u0105cymi wynagrodzeniami, sk\u0142adkami na ubezpieczenie spo\u0142eczne, urlopami i \u015bwiadczeniami chorobowymi. Niezale\u017cnie od tego, czy wybierzesz rozwi\u0105zanie [&hellip;]<\/p>\n","protected":false},"author":17,"featured_media":0,"parent":22358,"menu_order":0,"comment_status":"closed","ping_status":"closed","template":"","meta":{"footnotes":""},"yoast_head":"<!-- This site is optimized with the Yoast SEO plugin v22.2 - https:\/\/yoast.com\/wordpress\/plugins\/seo\/ -->\n<title>Rekrutacja w dziale finans\u00f3w w firmie rekrutacyjnej Jobzone<\/title>\n<meta name=\"robots\" content=\"index, follow, max-snippet:-1, max-image-preview:large, max-video-preview:-1\" \/>\n<link rel=\"canonical\" href=\"https:\/\/jobzone.se\/pl\/szukaj-pracownikow\/finanse-i-administracja\/\" \/>\n<meta property=\"og:locale\" content=\"pl_PL\" \/>\n<meta property=\"og:type\" content=\"article\" \/>\n<meta property=\"og:title\" content=\"Rekrutacja w dziale finans\u00f3w w firmie rekrutacyjnej Jobzone\" \/>\n<meta property=\"og:description\" content=\"Rekrutacja w finansach i administracji Rekrutacja i efektywne rozwi\u0105zania kadrowe w finansach i administracji Sprawiamy, \u017ce jest to dla Ciebie \u0142atwe i wygodne, gdy szukasz pracownik\u00f3w w finansach i administracji. Je\u015bli zdecydujesz si\u0119 na rozwi\u0105zanie kadrowe, my nie tylko zajmiemy si\u0119 rekrutacj\u0105, ale tak\u017ce bie\u017c\u0105cymi wynagrodzeniami, sk\u0142adkami na ubezpieczenie spo\u0142eczne, urlopami i \u015bwiadczeniami chorobowymi. Niezale\u017cnie od tego, czy wybierzesz rozwi\u0105zanie [&hellip;]\" \/>\n<meta property=\"og:url\" content=\"https:\/\/jobzone.se\/pl\/szukaj-pracownikow\/finanse-i-administracja\/\" \/>\n<meta property=\"og:site_name\" content=\"Jobzone\" \/>\n<meta property=\"article:publisher\" content=\"https:\/\/www.facebook.com\/JobzoneSverige\" \/>\n<meta name=\"twitter:label1\" content=\"Szacowany czas czytania\" \/>\n\t<meta name=\"twitter:data1\" content=\"7 minut\" \/>\n<script type=\"application\/ld+json\" class=\"yoast-schema-graph\">{\"@context\":\"https:\/\/schema.org\",\"@graph\":[{\"@type\":\"WebPage\",\"@id\":\"https:\/\/jobzone.se\/pl\/szukaj-pracownikow\/finanse-i-administracja\/\",\"url\":\"https:\/\/jobzone.se\/pl\/szukaj-pracownikow\/finanse-i-administracja\/\",\"name\":\"Rekrutacja w dziale finans\u00f3w w firmie rekrutacyjnej Jobzone\",\"isPartOf\":{\"@id\":\"https:\/\/jobzone.se\/pl\/#website\"},\"datePublished\":\"2019-04-05T11:58:31+00:00\",\"dateModified\":\"2019-04-05T11:58:31+00:00\",\"breadcrumb\":{\"@id\":\"https:\/\/jobzone.se\/pl\/szukaj-pracownikow\/finanse-i-administracja\/#breadcrumb\"},\"inLanguage\":\"pl-PL\",\"potentialAction\":[{\"@type\":\"ReadAction\",\"target\":[\"https:\/\/jobzone.se\/pl\/szukaj-pracownikow\/finanse-i-administracja\/\"]}]},{\"@type\":\"BreadcrumbList\",\"@id\":\"https:\/\/jobzone.se\/pl\/szukaj-pracownikow\/finanse-i-administracja\/#breadcrumb\",\"itemListElement\":[{\"@type\":\"ListItem\",\"position\":1,\"name\":\"Szukaj pracownik\u00f3w\",\"item\":\"https:\/\/jobzone.se\/pl\/szukaj-pracownikow\/\"},{\"@type\":\"ListItem\",\"position\":2,\"name\":\"Finanse i administracja\"}]},{\"@type\":\"WebSite\",\"@id\":\"https:\/\/jobzone.se\/pl\/#website\",\"url\":\"https:\/\/jobzone.se\/pl\/\",\"name\":\"Jobzone\",\"description\":\"Bemanning och Rekryteringsf\u00f6retaget Jobzone i Sverige\",\"publisher\":{\"@id\":\"https:\/\/jobzone.se\/pl\/#organization\"},\"potentialAction\":[{\"@type\":\"SearchAction\",\"target\":{\"@type\":\"EntryPoint\",\"urlTemplate\":\"https:\/\/jobzone.se\/pl\/?s={search_term_string}\"},\"query-input\":\"required name=search_term_string\"}],\"inLanguage\":\"pl-PL\"},{\"@type\":\"Organization\",\"@id\":\"https:\/\/jobzone.se\/pl\/#organization\",\"name\":\"Jobzone\",\"url\":\"https:\/\/jobzone.se\/pl\/\",\"logo\":{\"@type\":\"ImageObject\",\"inLanguage\":\"pl-PL\",\"@id\":\"https:\/\/jobzone.se\/pl\/#\/schema\/logo\/image\/\",\"url\":\"https:\/\/jobzone.se\/wp-content\/uploads\/2019\/02\/jobzone-logo-web.jpg\",\"contentUrl\":\"https:\/\/jobzone.se\/wp-content\/uploads\/2019\/02\/jobzone-logo-web.jpg\",\"width\":145,\"height\":146,\"caption\":\"Jobzone\"},\"image\":{\"@id\":\"https:\/\/jobzone.se\/pl\/#\/schema\/logo\/image\/\"},\"sameAs\":[\"https:\/\/www.facebook.com\/JobzoneSverige\"]}]}<\/script>\n<!-- \/ Yoast SEO plugin. -->","yoast_head_json":{"title":"Rekrutacja w dziale finans\u00f3w w firmie rekrutacyjnej Jobzone","robots":{"index":"index","follow":"follow","max-snippet":"max-snippet:-1","max-image-preview":"max-image-preview:large","max-video-preview":"max-video-preview:-1"},"canonical":"https:\/\/jobzone.se\/pl\/szukaj-pracownikow\/finanse-i-administracja\/","og_locale":"pl_PL","og_type":"article","og_title":"Rekrutacja w dziale finans\u00f3w w firmie rekrutacyjnej Jobzone","og_description":"Rekrutacja w finansach i administracji Rekrutacja i efektywne rozwi\u0105zania kadrowe w finansach i administracji Sprawiamy, \u017ce jest to dla Ciebie \u0142atwe i wygodne, gdy szukasz pracownik\u00f3w w finansach i administracji. Je\u015bli zdecydujesz si\u0119 na rozwi\u0105zanie kadrowe, my nie tylko zajmiemy si\u0119 rekrutacj\u0105, ale tak\u017ce bie\u017c\u0105cymi wynagrodzeniami, sk\u0142adkami na ubezpieczenie spo\u0142eczne, urlopami i \u015bwiadczeniami chorobowymi. Niezale\u017cnie od tego, czy wybierzesz rozwi\u0105zanie [&hellip;]","og_url":"https:\/\/jobzone.se\/pl\/szukaj-pracownikow\/finanse-i-administracja\/","og_site_name":"Jobzone","article_publisher":"https:\/\/www.facebook.com\/JobzoneSverige","twitter_misc":{"Szacowany czas czytania":"7 minut"},"schema":{"@context":"https:\/\/schema.org","@graph":[{"@type":"WebPage","@id":"https:\/\/jobzone.se\/pl\/szukaj-pracownikow\/finanse-i-administracja\/","url":"https:\/\/jobzone.se\/pl\/szukaj-pracownikow\/finanse-i-administracja\/","name":"Rekrutacja w dziale finans\u00f3w w firmie rekrutacyjnej Jobzone","isPartOf":{"@id":"https:\/\/jobzone.se\/pl\/#website"},"datePublished":"2019-04-05T11:58:31+00:00","dateModified":"2019-04-05T11:58:31+00:00","breadcrumb":{"@id":"https:\/\/jobzone.se\/pl\/szukaj-pracownikow\/finanse-i-administracja\/#breadcrumb"},"inLanguage":"pl-PL","potentialAction":[{"@type":"ReadAction","target":["https:\/\/jobzone.se\/pl\/szukaj-pracownikow\/finanse-i-administracja\/"]}]},{"@type":"BreadcrumbList","@id":"https:\/\/jobzone.se\/pl\/szukaj-pracownikow\/finanse-i-administracja\/#breadcrumb","itemListElement":[{"@type":"ListItem","position":1,"name":"Szukaj pracownik\u00f3w","item":"https:\/\/jobzone.se\/pl\/szukaj-pracownikow\/"},{"@type":"ListItem","position":2,"name":"Finanse i administracja"}]},{"@type":"WebSite","@id":"https:\/\/jobzone.se\/pl\/#website","url":"https:\/\/jobzone.se\/pl\/","name":"Jobzone","description":"Bemanning och Rekryteringsf\u00f6retaget Jobzone i Sverige","publisher":{"@id":"https:\/\/jobzone.se\/pl\/#organization"},"potentialAction":[{"@type":"SearchAction","target":{"@type":"EntryPoint","urlTemplate":"https:\/\/jobzone.se\/pl\/?s={search_term_string}"},"query-input":"required name=search_term_string"}],"inLanguage":"pl-PL"},{"@type":"Organization","@id":"https:\/\/jobzone.se\/pl\/#organization","name":"Jobzone","url":"https:\/\/jobzone.se\/pl\/","logo":{"@type":"ImageObject","inLanguage":"pl-PL","@id":"https:\/\/jobzone.se\/pl\/#\/schema\/logo\/image\/","url":"https:\/\/jobzone.se\/wp-content\/uploads\/2019\/02\/jobzone-logo-web.jpg","contentUrl":"https:\/\/jobzone.se\/wp-content\/uploads\/2019\/02\/jobzone-logo-web.jpg","width":145,"height":146,"caption":"Jobzone"},"image":{"@id":"https:\/\/jobzone.se\/pl\/#\/schema\/logo\/image\/"},"sameAs":["https:\/\/www.facebook.com\/JobzoneSverige"]}]}},"_links":{"self":[{"href":"https:\/\/jobzone.se\/pl\/wp-json\/wp\/v2\/pages\/22591"}],"collection":[{"href":"https:\/\/jobzone.se\/pl\/wp-json\/wp\/v2\/pages"}],"about":[{"href":"https:\/\/jobzone.se\/pl\/wp-json\/wp\/v2\/types\/page"}],"author":[{"embeddable":true,"href":"https:\/\/jobzone.se\/pl\/wp-json\/wp\/v2\/users\/17"}],"replies":[{"embeddable":true,"href":"https:\/\/jobzone.se\/pl\/wp-json\/wp\/v2\/comments?post=22591"}],"version-history":[{"count":0,"href":"https:\/\/jobzone.se\/pl\/wp-json\/wp\/v2\/pages\/22591\/revisions"}],"up":[{"embeddable":true,"href":"https:\/\/jobzone.se\/pl\/wp-json\/wp\/v2\/pages\/22358"}],"wp:attachment":[{"href":"https:\/\/jobzone.se\/pl\/wp-json\/wp\/v2\/media?parent=22591"}],"curies":[{"name":"wp","href":"https:\/\/api.w.org\/{rel}","templated":true}]}}