{"id":22599,"date":"2019-04-05T13:58:31","date_gmt":"2019-04-05T11:58:31","guid":{"rendered":"https:\/\/jobzone.se\/warstwa\/"},"modified":"2019-04-05T13:58:31","modified_gmt":"2019-04-05T11:58:31","slug":"warstwa","status":"publish","type":"page","link":"https:\/\/jobzone.se\/pl\/warstwa\/","title":{"rendered":"Warstwa"},"content":{"rendered":"<p><img loading=\"lazy\" decoding=\"async\" class=\"alignleft size-full wp-image-4246\" src=\"https:\/\/jobzone.se\/wp-content\/uploads\/2019\/03\/jobzone-yrkesomrade-lager.jpg\" alt=\"\" width=\"1200\" height=\"630\" srcset=\"https:\/\/jobzone.se\/wp-content\/uploads\/2019\/03\/jobzone-yrkesomrade-lager.jpg 1200w, https:\/\/jobzone.se\/wp-content\/uploads\/2019\/03\/jobzone-yrkesomrade-lager-300x158.jpg 300w, https:\/\/jobzone.se\/wp-content\/uploads\/2019\/03\/jobzone-yrkesomrade-lager-768x403.jpg 768w, https:\/\/jobzone.se\/wp-content\/uploads\/2019\/03\/jobzone-yrkesomrade-lager-1024x538.jpg 1024w, https:\/\/jobzone.se\/wp-content\/uploads\/2019\/03\/jobzone-yrkesomrade-lager-1000x525.jpg 1000w\" sizes=\"(max-width: 1200px) 100vw, 1200px\" \/><\/p>\n<h2 class=\"gen-page-title\">Obsadzanie stanowisk w magazynach<\/h2>\n<h3>Rozwi\u0105zania w zakresie rekrutacji i produktywnego obsadzania stanowisk w magazynach<\/h3>\n<p>Sprawiamy, \u017ce jest to dla Ciebie \u0142atwe i wygodne, gdy szukasz personelu w magazynach. Je\u015bli zdecydujesz si\u0119 na rozwi\u0105zanie kadrowe, my nie tylko zajmiemy si\u0119 rekrutacj\u0105, ale tak\u017ce bie\u017c\u0105cymi wynagrodzeniami, sk\u0142adkami na ubezpieczenie spo\u0142eczne, urlopami i \u015bwiadczeniami chorobowymi. Niezale\u017cnie od tego, czy wybierzesz rozwi\u0105zanie rekrutacyjne, czy kadrowe, nie poddamy si\u0119, je\u015bli nie spe\u0142nimy Twoich najwy\u017cszych mo\u017cliwych oczekiwa\u0144.  <\/p>\n<p>Mamy d\u0142ug\u0105 i rozleg\u0142\u0105 histori\u0119 w magazynach i wsp\u00f3\u0142pracujemy zar\u00f3wno z du\u017cymi magazynami, takimi jak magazyn centralny Expert Nordic w Skillingaryd, gdzie zrekrutowali\u015bmy ponad 100 os\u00f3b do ma\u0142ych, \u015bci\u015ble obs\u0142ugiwanych magazyn\u00f3w.<\/p>\n<h3>Nasze us\u0142ugi w zakresie magazynowania<\/h3>\n<ul>\n<li>Operator w\u00f3zka wid\u0142owego<\/li>\n<li>W\u00f3zek do kompletacji zam\u00f3wie\u0144<\/li>\n<li>Zam\u00f3w pakowacz<\/li>\n<li>Odbiorc\u00f3w<\/li>\n<li>Kierownicy magazyn\u00f3w i pracownicy etatowi<\/li>\n<li>Opr\u00f3\u017cnianie pojemnika<\/li>\n<\/ul>\n<h3>Rekrutacja operator\u00f3w w\u00f3zk\u00f3w wid\u0142owych wszystkich klas<\/h3>\n<p>Oferujemy operator\u00f3w w\u00f3zk\u00f3w wid\u0142owych z do\u015bwiadczeniem i uprawnieniami na w\u00f3zki wid\u0142owe, np. w\u00f3zki wid\u0142owe do kompletacji zam\u00f3wie\u0144, przegubowe w\u00f3zki wid\u0142owe do uk\u0142adania w stosy, w\u00f3zki wid\u0142owe wysokiego sk\u0142adowania, mniejsze w\u00f3zki wid\u0142owe z przeciwwag\u0105 i w\u00f3zki zaciskowe do terminali wewn\u0119trznych po wi\u0119ksze w\u00f3zki wid\u0142owe z przeciwwag\u0105 w \u015brodowisku zewn\u0119trznym.<\/p>\n<h3>Pracownik magazynu z do\u015bwiadczeniem w pracy z systemami zarz\u0105dzania magazynem<\/h3>\n<p>Oferujemy wykwalifikowan\u0105 kadr\u0119 z do\u015bwiadczeniem w pracy w r\u00f3\u017cnych systemach zarz\u0105dzania magazynem, co zazwyczaj oznacza, \u017ce nasi konsultanci bardzo szybko rozpoczynaj\u0105 prac\u0119 i osi\u0105gaj\u0105 produktywno\u015b\u0107. Na przyk\u0142ad, je\u015bli maj\u0105 do\u015bwiadczenie z systemem z przesz\u0142o\u015bci, zwykle stosunkowo \u0142atwo jest nauczy\u0107 si\u0119 podobnego systemu. <\/p>\n<h3>Kierownicy magazyn\u00f3w i inni pracownicy magazynu<\/h3>\n<p>Opr\u00f3cz personelu, kt\u00f3ry zajmuje si\u0119 faktycznym przep\u0142ywem towar\u00f3w przez magazyn, mianujemy r\u00f3wnie\u017c urz\u0119dnik\u00f3w, takich jak kierownicy magazyn\u00f3w i inni pracownicy, do r\u00f3\u017cnych funkcji planowania i zarz\u0105dzania, takich jak odpowiedzialno\u015b\u0107 za dostawy przychodz\u0105ce lub wychodz\u0105ce, odpowiedzialno\u015b\u0107 za reklamacje i r\u00f3\u017cne funkcje lidera zmiany.<\/p>\n<h3>Dok\u0142adna analiza potrzeb<\/h3>\n<p>Aby mie\u0107 pewno\u015b\u0107, \u017ce naprawd\u0119 rozumiemy rodzaj operacji magazynowych, zawsze przeprowadzamy dok\u0142adn\u0105 analiz\u0119 potrzeb. Rekrutacja do magazynu powinna oczywi\u015bcie odbywa\u0107 si\u0119 z takim samym profesjonalizmem, jak na innych stanowiskach. Kto\u015b, kto dobrze pracuje na warstwie A, nie dzia\u0142a automatycznie tak dobrze na warstwie B.  <\/p>\n<p>Na przyk\u0142ad w du\u017cych magazynach niszowych cz\u0119sto k\u0142adzie si\u0119 wi\u0119kszy nacisk na produktywno\u015b\u0107 pracownik\u00f3w, co w praktyce mo\u017ce oznacza\u0107 wysoki poziom kompletowanych linii zam\u00f3wie\u0144 przy minimalnej liczbie b\u0142\u0119d\u00f3w. W mniejszym magazynie ta sama osoba mo\u017ce by\u0107 zmuszona do obs\u0142ugi przep\u0142ywu towar\u00f3w przez ca\u0142\u0105 drog\u0119 od roz\u0142adunku kontenera, rejestracji w systemie zarz\u0105dzania magazynem, a nast\u0119pnie ca\u0142ego procesu a\u017c do dostawy. W tym przypadku mo\u017cna r\u00f3wnie\u017c bardziej skupi\u0107 si\u0119 na tym, aby kandydat dobrze funkcjonowa\u0142 spo\u0142ecznie z reszt\u0105 grupy roboczej.  <\/p>\n<h3>Recepcjonistki<\/h3>\n<p>Zadaniem recepcjonistki jest zazwyczaj g\u0142\u00f3wnie zajmowanie si\u0119 po\u0142\u0105czeniami przychodz\u0105cymi przez central\u0119 telefoniczn\u0105 i \u0142\u0105czenie si\u0119 z odpowiednim dzia\u0142em. Praca mo\u017ce r\u00f3wnie\u017c obejmowa\u0107 utrzymywanie porz\u0105dku w miejscach publicznych i salach konferencyjnych, nakrywanie do sto\u0142u i zdejmowanie miejsc przed i po spotkaniach, lekki catering, obs\u0142ug\u0119 poczty i kurier\u00f3w oraz pomaganie kolegom w biurze na r\u00f3\u017cne sposoby. <\/p>\n<h3>Administratorzy biurowi \/ Back office<\/h3>\n<p>Oferujemy prac\u0119 administrator\u00f3w biur i pracownik\u00f3w back office. Zadania tutaj mog\u0105 polega\u0107 r\u00f3wnie\u017c na dbaniu o po\u0142\u0105czenia przychodz\u0105ce do firmy. W tym przypadku typowym wymogiem mo\u017ce by\u0107 do\u015bwiadczenie telefoniczne i wcze\u015bniejsze do\u015bwiadczenie w administracji biurowej. Do typowych zada\u0144 administratora biura mo\u017ce nale\u017ce\u0107 administrowanie umowami leasingu i najmu, obs\u0142uga faktur dostawc\u00f3w i koszt\u00f3w podr\u00f3\u017cy, zakupy biurowe, pe\u0142nienie funkcji wewn\u0119trznej osoby kontaktowej ds. emerytur oraz odpowiedzialno\u015b\u0107 za samochody firmowe i telefoni\u0119. Ponadto mo\u017ce obejmowa\u0107 dzia\u0142anie jako wsparcie w r\u00f3\u017cnych zadaniach administracyjnych. Nasi administratorzy biurowi zazwyczaj posiadaj\u0105 dobr\u0105 znajomo\u015b\u0107 i wieloletnie do\u015bwiadczenie w pracy w pakiecie Microsoft Office.     <\/p>\n<h3>Znamy Twoje potrzeby<\/h3>\n<p>W Jobzone towarzyszymy nowym pracownikom w miejscu pracy, monitorujemy wdro\u017cenie i upewniamy si\u0119, \u017ce wszystkie nowe procedury s\u0105 na miejscu. Jest to cz\u0119\u015b\u0107 naszej misji i oznacza, \u017ce mo\u017cemy zapewni\u0107, \u017ce zar\u00f3wno Ty jako klient naprawd\u0119 otrzymasz dzia\u0142aj\u0105ce rozwi\u0105zanie, jak i \u017ce Twoi nowi pracownicy b\u0119d\u0105 czuli si\u0119 w pe\u0142ni komfortowo ze swoimi zadaniami. Stale monitorujemy przebieg prac i w razie potrzeby wspieramy naszych konsultant\u00f3w.  <\/p>\n<h3>Autoryzowana agencja rekrutacyjna<\/h3>\n<p>Jeste\u015bmy autoryzowan\u0105 firm\u0105 rekrutacyjn\u0105, co oznacza mi\u0119dzy innymi, \u017ce jeste\u015bmy zwi\u0105zani uk\u0142adami zbiorowymi i zapewniamy naszym pracownikom dost\u0119p do p\u0142ac rynkowych i rozs\u0105dnych warunk\u00f3w zatrudnienia.<\/p>\n<p><strong>Chcesz wiedzie\u0107 wi\u0119cej?<\/strong><\/p>\n<a class=\"sf-button large accent default \" href=\"https:\/\/jobzone.se\/sok-personal\/yrkesomraden\/logistik\/\" target=\"_self\" rel=\"\"><span class=\"text\">Przeczytaj wi\u0119cej tutaj<\/span><\/a>\n","protected":false},"excerpt":{"rendered":"<p>Obsadzanie stanowisk w magazynach Rozwi\u0105zania w zakresie rekrutacji i produktywnego obsadzania stanowisk w magazynach Sprawiamy, \u017ce jest to dla Ciebie \u0142atwe i wygodne, gdy szukasz personelu w magazynach. Je\u015bli zdecydujesz si\u0119 na rozwi\u0105zanie kadrowe, my nie tylko zajmiemy si\u0119 rekrutacj\u0105, ale tak\u017ce bie\u017c\u0105cymi wynagrodzeniami, sk\u0142adkami na ubezpieczenie spo\u0142eczne, urlopami i \u015bwiadczeniami chorobowymi. Niezale\u017cnie od tego, czy wybierzesz rozwi\u0105zanie rekrutacyjne, czy [&hellip;]<\/p>\n","protected":false},"author":17,"featured_media":22600,"parent":0,"menu_order":0,"comment_status":"closed","ping_status":"closed","template":"","meta":{"footnotes":""},"yoast_head":"<!-- This site is optimized with the Yoast SEO plugin v22.2 - https:\/\/yoast.com\/wordpress\/plugins\/seo\/ -->\n<title>Zatrudnianie firm w magazynach - Zobacz nasze aktualne us\u0142ugi magazynowe<\/title>\n<meta name=\"robots\" content=\"index, follow, max-snippet:-1, max-image-preview:large, max-video-preview:-1\" \/>\n<link rel=\"canonical\" href=\"https:\/\/jobzone.se\/pl\/warstwa\/\" \/>\n<meta property=\"og:locale\" content=\"pl_PL\" \/>\n<meta property=\"og:type\" content=\"article\" \/>\n<meta property=\"og:title\" content=\"Zatrudnianie firm w magazynach - Zobacz nasze aktualne us\u0142ugi magazynowe\" \/>\n<meta property=\"og:description\" content=\"Obsadzanie stanowisk w magazynach Rozwi\u0105zania w zakresie rekrutacji i produktywnego obsadzania stanowisk w magazynach Sprawiamy, \u017ce jest to dla Ciebie \u0142atwe i wygodne, gdy szukasz personelu w magazynach. Je\u015bli zdecydujesz si\u0119 na rozwi\u0105zanie kadrowe, my nie tylko zajmiemy si\u0119 rekrutacj\u0105, ale tak\u017ce bie\u017c\u0105cymi wynagrodzeniami, sk\u0142adkami na ubezpieczenie spo\u0142eczne, urlopami i \u015bwiadczeniami chorobowymi. Niezale\u017cnie od tego, czy wybierzesz rozwi\u0105zanie rekrutacyjne, czy [&hellip;]\" \/>\n<meta property=\"og:url\" content=\"https:\/\/jobzone.se\/pl\/warstwa\/\" \/>\n<meta property=\"og:site_name\" content=\"Jobzone\" \/>\n<meta property=\"article:publisher\" content=\"https:\/\/www.facebook.com\/JobzoneSverige\" \/>\n<meta property=\"og:image\" content=\"https:\/\/jobzone.se\/wp-content\/uploads\/2019\/03\/jobzone-yrkesomrade-lager.jpg\" \/>\n\t<meta property=\"og:image:width\" content=\"1200\" \/>\n\t<meta property=\"og:image:height\" content=\"630\" \/>\n\t<meta property=\"og:image:type\" content=\"image\/jpeg\" \/>\n<meta name=\"twitter:label1\" content=\"Szacowany czas czytania\" \/>\n\t<meta name=\"twitter:data1\" content=\"4 minuty\" \/>\n<script type=\"application\/ld+json\" class=\"yoast-schema-graph\">{\"@context\":\"https:\/\/schema.org\",\"@graph\":[{\"@type\":\"WebPage\",\"@id\":\"https:\/\/jobzone.se\/pl\/warstwa\/\",\"url\":\"https:\/\/jobzone.se\/pl\/warstwa\/\",\"name\":\"Zatrudnianie firm w magazynach - Zobacz nasze aktualne us\u0142ugi magazynowe\",\"isPartOf\":{\"@id\":\"https:\/\/jobzone.se\/pl\/#website\"},\"primaryImageOfPage\":{\"@id\":\"https:\/\/jobzone.se\/pl\/warstwa\/#primaryimage\"},\"image\":{\"@id\":\"https:\/\/jobzone.se\/pl\/warstwa\/#primaryimage\"},\"thumbnailUrl\":\"https:\/\/jobzone.se\/wp-content\/uploads\/2019\/03\/jobzone-yrkesomrade-lager.jpg\",\"datePublished\":\"2019-04-05T11:58:31+00:00\",\"dateModified\":\"2019-04-05T11:58:31+00:00\",\"inLanguage\":\"pl-PL\",\"potentialAction\":[{\"@type\":\"ReadAction\",\"target\":[\"https:\/\/jobzone.se\/pl\/warstwa\/\"]}]},{\"@type\":\"ImageObject\",\"inLanguage\":\"pl-PL\",\"@id\":\"https:\/\/jobzone.se\/pl\/warstwa\/#primaryimage\",\"url\":\"https:\/\/jobzone.se\/wp-content\/uploads\/2019\/03\/jobzone-yrkesomrade-lager.jpg\",\"contentUrl\":\"https:\/\/jobzone.se\/wp-content\/uploads\/2019\/03\/jobzone-yrkesomrade-lager.jpg\",\"width\":1200,\"height\":630},{\"@type\":\"WebSite\",\"@id\":\"https:\/\/jobzone.se\/pl\/#website\",\"url\":\"https:\/\/jobzone.se\/pl\/\",\"name\":\"Jobzone\",\"description\":\"Bemanning och Rekryteringsf\u00f6retaget Jobzone i Sverige\",\"publisher\":{\"@id\":\"https:\/\/jobzone.se\/pl\/#organization\"},\"potentialAction\":[{\"@type\":\"SearchAction\",\"target\":{\"@type\":\"EntryPoint\",\"urlTemplate\":\"https:\/\/jobzone.se\/pl\/?s={search_term_string}\"},\"query-input\":\"required name=search_term_string\"}],\"inLanguage\":\"pl-PL\"},{\"@type\":\"Organization\",\"@id\":\"https:\/\/jobzone.se\/pl\/#organization\",\"name\":\"Jobzone\",\"url\":\"https:\/\/jobzone.se\/pl\/\",\"logo\":{\"@type\":\"ImageObject\",\"inLanguage\":\"pl-PL\",\"@id\":\"https:\/\/jobzone.se\/pl\/#\/schema\/logo\/image\/\",\"url\":\"https:\/\/jobzone.se\/wp-content\/uploads\/2019\/02\/jobzone-logo-web.jpg\",\"contentUrl\":\"https:\/\/jobzone.se\/wp-content\/uploads\/2019\/02\/jobzone-logo-web.jpg\",\"width\":145,\"height\":146,\"caption\":\"Jobzone\"},\"image\":{\"@id\":\"https:\/\/jobzone.se\/pl\/#\/schema\/logo\/image\/\"},\"sameAs\":[\"https:\/\/www.facebook.com\/JobzoneSverige\"]}]}<\/script>\n<!-- \/ Yoast SEO plugin. -->","yoast_head_json":{"title":"Zatrudnianie firm w magazynach - Zobacz nasze aktualne us\u0142ugi magazynowe","robots":{"index":"index","follow":"follow","max-snippet":"max-snippet:-1","max-image-preview":"max-image-preview:large","max-video-preview":"max-video-preview:-1"},"canonical":"https:\/\/jobzone.se\/pl\/warstwa\/","og_locale":"pl_PL","og_type":"article","og_title":"Zatrudnianie firm w magazynach - Zobacz nasze aktualne us\u0142ugi magazynowe","og_description":"Obsadzanie stanowisk w magazynach Rozwi\u0105zania w zakresie rekrutacji i produktywnego obsadzania stanowisk w magazynach Sprawiamy, \u017ce jest to dla Ciebie \u0142atwe i wygodne, gdy szukasz personelu w magazynach. Je\u015bli zdecydujesz si\u0119 na rozwi\u0105zanie kadrowe, my nie tylko zajmiemy si\u0119 rekrutacj\u0105, ale tak\u017ce bie\u017c\u0105cymi wynagrodzeniami, sk\u0142adkami na ubezpieczenie spo\u0142eczne, urlopami i \u015bwiadczeniami chorobowymi. Niezale\u017cnie od tego, czy wybierzesz rozwi\u0105zanie rekrutacyjne, czy [&hellip;]","og_url":"https:\/\/jobzone.se\/pl\/warstwa\/","og_site_name":"Jobzone","article_publisher":"https:\/\/www.facebook.com\/JobzoneSverige","og_image":[{"width":1200,"height":630,"url":"https:\/\/jobzone.se\/wp-content\/uploads\/2019\/03\/jobzone-yrkesomrade-lager.jpg","type":"image\/jpeg"}],"twitter_misc":{"Szacowany czas czytania":"4 minuty"},"schema":{"@context":"https:\/\/schema.org","@graph":[{"@type":"WebPage","@id":"https:\/\/jobzone.se\/pl\/warstwa\/","url":"https:\/\/jobzone.se\/pl\/warstwa\/","name":"Zatrudnianie firm w magazynach - Zobacz nasze aktualne us\u0142ugi magazynowe","isPartOf":{"@id":"https:\/\/jobzone.se\/pl\/#website"},"primaryImageOfPage":{"@id":"https:\/\/jobzone.se\/pl\/warstwa\/#primaryimage"},"image":{"@id":"https:\/\/jobzone.se\/pl\/warstwa\/#primaryimage"},"thumbnailUrl":"https:\/\/jobzone.se\/wp-content\/uploads\/2019\/03\/jobzone-yrkesomrade-lager.jpg","datePublished":"2019-04-05T11:58:31+00:00","dateModified":"2019-04-05T11:58:31+00:00","inLanguage":"pl-PL","potentialAction":[{"@type":"ReadAction","target":["https:\/\/jobzone.se\/pl\/warstwa\/"]}]},{"@type":"ImageObject","inLanguage":"pl-PL","@id":"https:\/\/jobzone.se\/pl\/warstwa\/#primaryimage","url":"https:\/\/jobzone.se\/wp-content\/uploads\/2019\/03\/jobzone-yrkesomrade-lager.jpg","contentUrl":"https:\/\/jobzone.se\/wp-content\/uploads\/2019\/03\/jobzone-yrkesomrade-lager.jpg","width":1200,"height":630},{"@type":"WebSite","@id":"https:\/\/jobzone.se\/pl\/#website","url":"https:\/\/jobzone.se\/pl\/","name":"Jobzone","description":"Bemanning och Rekryteringsf\u00f6retaget Jobzone i Sverige","publisher":{"@id":"https:\/\/jobzone.se\/pl\/#organization"},"potentialAction":[{"@type":"SearchAction","target":{"@type":"EntryPoint","urlTemplate":"https:\/\/jobzone.se\/pl\/?s={search_term_string}"},"query-input":"required name=search_term_string"}],"inLanguage":"pl-PL"},{"@type":"Organization","@id":"https:\/\/jobzone.se\/pl\/#organization","name":"Jobzone","url":"https:\/\/jobzone.se\/pl\/","logo":{"@type":"ImageObject","inLanguage":"pl-PL","@id":"https:\/\/jobzone.se\/pl\/#\/schema\/logo\/image\/","url":"https:\/\/jobzone.se\/wp-content\/uploads\/2019\/02\/jobzone-logo-web.jpg","contentUrl":"https:\/\/jobzone.se\/wp-content\/uploads\/2019\/02\/jobzone-logo-web.jpg","width":145,"height":146,"caption":"Jobzone"},"image":{"@id":"https:\/\/jobzone.se\/pl\/#\/schema\/logo\/image\/"},"sameAs":["https:\/\/www.facebook.com\/JobzoneSverige"]}]}},"_links":{"self":[{"href":"https:\/\/jobzone.se\/pl\/wp-json\/wp\/v2\/pages\/22599"}],"collection":[{"href":"https:\/\/jobzone.se\/pl\/wp-json\/wp\/v2\/pages"}],"about":[{"href":"https:\/\/jobzone.se\/pl\/wp-json\/wp\/v2\/types\/page"}],"author":[{"embeddable":true,"href":"https:\/\/jobzone.se\/pl\/wp-json\/wp\/v2\/users\/17"}],"replies":[{"embeddable":true,"href":"https:\/\/jobzone.se\/pl\/wp-json\/wp\/v2\/comments?post=22599"}],"version-history":[{"count":0,"href":"https:\/\/jobzone.se\/pl\/wp-json\/wp\/v2\/pages\/22599\/revisions"}],"wp:featuredmedia":[{"embeddable":true,"href":"https:\/\/jobzone.se\/pl\/wp-json\/wp\/v2\/media\/22600"}],"wp:attachment":[{"href":"https:\/\/jobzone.se\/pl\/wp-json\/wp\/v2\/media?parent=22599"}],"curies":[{"name":"wp","href":"https:\/\/api.w.org\/{rel}","templated":true}]}}