{"id":22604,"date":"2019-04-05T13:58:25","date_gmt":"2019-04-05T11:58:25","guid":{"rendered":"https:\/\/jobzone.se\/szukaj-pracownikow\/nasz-proces-rekrutacyjny\/"},"modified":"2019-04-05T13:58:25","modified_gmt":"2019-04-05T11:58:25","slug":"nasz-proces-rekrutacyjny","status":"publish","type":"page","link":"https:\/\/jobzone.se\/pl\/szukaj-pracownikow\/nasz-proces-rekrutacyjny\/","title":{"rendered":"Nasz proces rekrutacyjny"},"content":{"rendered":"<h2><img loading=\"lazy\" decoding=\"async\" class=\"alignnone wp-image-19979 size-large\" src=\"https:\/\/jobzone.se\/wp-content\/uploads\/2022\/08\/header_rekryteringsprocess-1024x539.jpg\" alt=\"\" width=\"1024\" height=\"539\" srcset=\"https:\/\/jobzone.se\/wp-content\/uploads\/2022\/08\/header_rekryteringsprocess-1024x539.jpg 1024w, https:\/\/jobzone.se\/wp-content\/uploads\/2022\/08\/header_rekryteringsprocess-300x158.jpg 300w, https:\/\/jobzone.se\/wp-content\/uploads\/2022\/08\/header_rekryteringsprocess-768x404.jpg 768w, https:\/\/jobzone.se\/wp-content\/uploads\/2022\/08\/header_rekryteringsprocess-1000x526.jpg 1000w, https:\/\/jobzone.se\/wp-content\/uploads\/2022\/08\/header_rekryteringsprocess.jpg 1197w\" sizes=\"(max-width: 1024px) 100vw, 1024px\" \/><\/h2>\n<h2 class=\"gen-page-title\">Nasz proces rekrutacyjny<\/h2>\n<p class=\"impact-text\">Jobzone ma sprawdzony proces rekrutacji, kt\u00f3ry obejmuje solidny system dopasowania i sk\u0142ada si\u0119 z nast\u0119puj\u0105cych krok\u00f3w:<\/p>\n<ol>\n<li><strong>Profil <\/strong><br \/>\n wymaga\u0144Dzi\u0119ki Twojej wiedzy bran\u017cowej i naszemu do\u015bwiadczeniu w rekrutacji wsp\u00f3lnie tworzymy dostosowany do Twoich potrzeb profil wymaga\u0144.<\/li>\n<li><b>Wyszukiwanie<\/b><br \/>\n kandydat\u00f3wNa bie\u017c\u0105co spotykamy si\u0119 z ciekawymi kandydatami, aby uzupe\u0142ni\u0107 nasz\u0105 i tak ju\u017c du\u017c\u0105 i szerok\u0105 sie\u0107 kontakt\u00f3w, co u\u0142atwia nam znalezienie odpowiednich dla Pa\u0144stwa kandydat\u00f3w. R\u00f3wnolegle z poszukiwaniami we w\u0142asnych kana\u0142ach, reklamujemy si\u0119 na naszej stronie internetowej, w mediach spo\u0142eczno\u015bciowych i innych portalach og\u0142oszeniowych, aby uzyska\u0107 szerszy wyb\u00f3r. <\/li>\n<li><b>Proces selekcji<\/b><br \/>\nPrzeprowadzamy rozmowy kompetencyjne z wybranymi kandydatami. Wsp\u00f3lnie z Tob\u0105 wybieramy osoby, z kt\u00f3rymi chcesz si\u0119 spotka\u0107. <\/li>\n<li><b>Prezentacja kandydata <\/b><br \/>\nPrzedstawiamy naszych kandydat\u00f3w i ch\u0119tnie wesprzemy Ci\u0119 podczas rozm\u00f3w kwalifikacyjnych z nimi. Nast\u0119pnie zajmujemy si\u0119 sprawdzeniem referencji. Sprawdzenie przesz\u0142o\u015bci i przeprowadzenie wszelkich test\u00f3w osobowo\u015bci.  <\/li>\n<li><strong>Szczeg\u00f3\u0142owa ocena<\/strong><br \/>\nNasza og\u00f3lna ocena jest przedstawiana i por\u00f3wnywana z Twoimi wra\u017ceniami z rozm\u00f3w kwalifikacyjnych.<\/li>\n<li><strong>Dodatek<\/strong><br \/>\nWsp\u00f3lnie wybieramy kandydata, kt\u00f3ry czuje si\u0119 dobrze i jest najbardziej odpowiedni na dane stanowisko. Wszystkie nasze terminy obj\u0119te s\u0105 gwarancj\u0105. <\/li>\n<\/ol>\n<p><a href=\"https:\/\/jobzone.se\/pl\/wskazowki-dotyczace-kariery\/ubieganie-sie-o-prace-w-naszej-firmie\/\" target=\"_blank\" rel=\"noopener\"><strong>Dowiedz si\u0119 wi\u0119cej o ubieganiu si\u0119 o prac\u0119 w naszej firmie<\/strong><\/a><\/p>\n","protected":false},"excerpt":{"rendered":"<p>Nasz proces rekrutacyjny Jobzone ma sprawdzony proces rekrutacji, kt\u00f3ry obejmuje solidny system dopasowania i sk\u0142ada si\u0119 z nast\u0119puj\u0105cych krok\u00f3w: Profil wymaga\u0144Dzi\u0119ki Twojej wiedzy bran\u017cowej i naszemu do\u015bwiadczeniu w rekrutacji wsp\u00f3lnie tworzymy dostosowany do Twoich potrzeb profil wymaga\u0144. Wyszukiwanie kandydat\u00f3wNa bie\u017c\u0105co spotykamy si\u0119 z ciekawymi kandydatami, aby uzupe\u0142ni\u0107 nasz\u0105 i tak ju\u017c du\u017c\u0105 i szerok\u0105 sie\u0107 kontakt\u00f3w, co u\u0142atwia nam znalezienie [&hellip;]<\/p>\n","protected":false},"author":17,"featured_media":22401,"parent":22358,"menu_order":0,"comment_status":"closed","ping_status":"closed","template":"","meta":{"footnotes":""},"yoast_head":"<!-- This site is optimized with the Yoast SEO plugin v22.2 - https:\/\/yoast.com\/wordpress\/plugins\/seo\/ -->\n<title>Nasz proces rekrutacyjny | Jobzone<\/title>\n<meta name=\"description\" content=\"Tak wygl\u0105da proces rekrutacji w Jobzone. Profil wymaga\u0144, wyszukiwanie kandydat\u00f3w, proces selekcji, prezentacja kandydata, dog\u0142\u0119bna ocena, mianowanie\" \/>\n<meta name=\"robots\" content=\"index, follow, max-snippet:-1, max-image-preview:large, max-video-preview:-1\" \/>\n<link rel=\"canonical\" href=\"https:\/\/jobzone.se\/pl\/szukaj-pracownikow\/nasz-proces-rekrutacyjny\/\" \/>\n<meta property=\"og:locale\" content=\"pl_PL\" \/>\n<meta property=\"og:type\" content=\"article\" \/>\n<meta property=\"og:title\" content=\"Nasz proces rekrutacyjny | Jobzone\" \/>\n<meta property=\"og:description\" content=\"Tak wygl\u0105da proces rekrutacji w Jobzone. Profil wymaga\u0144, wyszukiwanie kandydat\u00f3w, proces selekcji, prezentacja kandydata, dog\u0142\u0119bna ocena, mianowanie\" \/>\n<meta property=\"og:url\" content=\"https:\/\/jobzone.se\/pl\/szukaj-pracownikow\/nasz-proces-rekrutacyjny\/\" \/>\n<meta property=\"og:site_name\" content=\"Jobzone\" \/>\n<meta property=\"article:publisher\" content=\"https:\/\/www.facebook.com\/JobzoneSverige\" \/>\n<meta property=\"og:image\" content=\"https:\/\/jobzone.se\/wp-content\/uploads\/2022\/08\/header_rekryteringsprocess.jpg\" \/>\n\t<meta property=\"og:image:width\" content=\"1197\" \/>\n\t<meta property=\"og:image:height\" content=\"630\" \/>\n\t<meta property=\"og:image:type\" content=\"image\/jpeg\" \/>\n<meta name=\"twitter:label1\" content=\"Szacowany czas czytania\" \/>\n\t<meta name=\"twitter:data1\" content=\"1 minuta\" \/>\n<script type=\"application\/ld+json\" class=\"yoast-schema-graph\">{\"@context\":\"https:\/\/schema.org\",\"@graph\":[{\"@type\":\"WebPage\",\"@id\":\"https:\/\/jobzone.se\/pl\/szukaj-pracownikow\/nasz-proces-rekrutacyjny\/\",\"url\":\"https:\/\/jobzone.se\/pl\/szukaj-pracownikow\/nasz-proces-rekrutacyjny\/\",\"name\":\"Nasz proces rekrutacyjny | Jobzone\",\"isPartOf\":{\"@id\":\"https:\/\/jobzone.se\/pl\/#website\"},\"primaryImageOfPage\":{\"@id\":\"https:\/\/jobzone.se\/pl\/szukaj-pracownikow\/nasz-proces-rekrutacyjny\/#primaryimage\"},\"image\":{\"@id\":\"https:\/\/jobzone.se\/pl\/szukaj-pracownikow\/nasz-proces-rekrutacyjny\/#primaryimage\"},\"thumbnailUrl\":\"https:\/\/jobzone.se\/wp-content\/uploads\/2022\/08\/header_rekryteringsprocess.jpg\",\"datePublished\":\"2019-04-05T11:58:25+00:00\",\"dateModified\":\"2019-04-05T11:58:25+00:00\",\"description\":\"Tak wygl\u0105da proces rekrutacji w Jobzone. Profil wymaga\u0144, wyszukiwanie kandydat\u00f3w, proces selekcji, prezentacja kandydata, dog\u0142\u0119bna ocena, mianowanie\",\"breadcrumb\":{\"@id\":\"https:\/\/jobzone.se\/pl\/szukaj-pracownikow\/nasz-proces-rekrutacyjny\/#breadcrumb\"},\"inLanguage\":\"pl-PL\",\"potentialAction\":[{\"@type\":\"ReadAction\",\"target\":[\"https:\/\/jobzone.se\/pl\/szukaj-pracownikow\/nasz-proces-rekrutacyjny\/\"]}]},{\"@type\":\"ImageObject\",\"inLanguage\":\"pl-PL\",\"@id\":\"https:\/\/jobzone.se\/pl\/szukaj-pracownikow\/nasz-proces-rekrutacyjny\/#primaryimage\",\"url\":\"https:\/\/jobzone.se\/wp-content\/uploads\/2022\/08\/header_rekryteringsprocess.jpg\",\"contentUrl\":\"https:\/\/jobzone.se\/wp-content\/uploads\/2022\/08\/header_rekryteringsprocess.jpg\",\"width\":1197,\"height\":630},{\"@type\":\"BreadcrumbList\",\"@id\":\"https:\/\/jobzone.se\/pl\/szukaj-pracownikow\/nasz-proces-rekrutacyjny\/#breadcrumb\",\"itemListElement\":[{\"@type\":\"ListItem\",\"position\":1,\"name\":\"Szukaj pracownik\u00f3w\",\"item\":\"https:\/\/jobzone.se\/pl\/szukaj-pracownikow\/\"},{\"@type\":\"ListItem\",\"position\":2,\"name\":\"Nasz proces rekrutacyjny\"}]},{\"@type\":\"WebSite\",\"@id\":\"https:\/\/jobzone.se\/pl\/#website\",\"url\":\"https:\/\/jobzone.se\/pl\/\",\"name\":\"Jobzone\",\"description\":\"Bemanning och Rekryteringsf\u00f6retaget Jobzone i Sverige\",\"publisher\":{\"@id\":\"https:\/\/jobzone.se\/pl\/#organization\"},\"potentialAction\":[{\"@type\":\"SearchAction\",\"target\":{\"@type\":\"EntryPoint\",\"urlTemplate\":\"https:\/\/jobzone.se\/pl\/?s={search_term_string}\"},\"query-input\":\"required name=search_term_string\"}],\"inLanguage\":\"pl-PL\"},{\"@type\":\"Organization\",\"@id\":\"https:\/\/jobzone.se\/pl\/#organization\",\"name\":\"Jobzone\",\"url\":\"https:\/\/jobzone.se\/pl\/\",\"logo\":{\"@type\":\"ImageObject\",\"inLanguage\":\"pl-PL\",\"@id\":\"https:\/\/jobzone.se\/pl\/#\/schema\/logo\/image\/\",\"url\":\"https:\/\/jobzone.se\/wp-content\/uploads\/2019\/02\/jobzone-logo-web.jpg\",\"contentUrl\":\"https:\/\/jobzone.se\/wp-content\/uploads\/2019\/02\/jobzone-logo-web.jpg\",\"width\":145,\"height\":146,\"caption\":\"Jobzone\"},\"image\":{\"@id\":\"https:\/\/jobzone.se\/pl\/#\/schema\/logo\/image\/\"},\"sameAs\":[\"https:\/\/www.facebook.com\/JobzoneSverige\"]}]}<\/script>\n<!-- \/ Yoast SEO plugin. -->","yoast_head_json":{"title":"Nasz proces rekrutacyjny | Jobzone","description":"Tak wygl\u0105da proces rekrutacji w Jobzone. Profil wymaga\u0144, wyszukiwanie kandydat\u00f3w, proces selekcji, prezentacja kandydata, dog\u0142\u0119bna ocena, mianowanie","robots":{"index":"index","follow":"follow","max-snippet":"max-snippet:-1","max-image-preview":"max-image-preview:large","max-video-preview":"max-video-preview:-1"},"canonical":"https:\/\/jobzone.se\/pl\/szukaj-pracownikow\/nasz-proces-rekrutacyjny\/","og_locale":"pl_PL","og_type":"article","og_title":"Nasz proces rekrutacyjny | Jobzone","og_description":"Tak wygl\u0105da proces rekrutacji w Jobzone. Profil wymaga\u0144, wyszukiwanie kandydat\u00f3w, proces selekcji, prezentacja kandydata, dog\u0142\u0119bna ocena, mianowanie","og_url":"https:\/\/jobzone.se\/pl\/szukaj-pracownikow\/nasz-proces-rekrutacyjny\/","og_site_name":"Jobzone","article_publisher":"https:\/\/www.facebook.com\/JobzoneSverige","og_image":[{"width":1197,"height":630,"url":"https:\/\/jobzone.se\/wp-content\/uploads\/2022\/08\/header_rekryteringsprocess.jpg","type":"image\/jpeg"}],"twitter_misc":{"Szacowany czas czytania":"1 minuta"},"schema":{"@context":"https:\/\/schema.org","@graph":[{"@type":"WebPage","@id":"https:\/\/jobzone.se\/pl\/szukaj-pracownikow\/nasz-proces-rekrutacyjny\/","url":"https:\/\/jobzone.se\/pl\/szukaj-pracownikow\/nasz-proces-rekrutacyjny\/","name":"Nasz proces rekrutacyjny | Jobzone","isPartOf":{"@id":"https:\/\/jobzone.se\/pl\/#website"},"primaryImageOfPage":{"@id":"https:\/\/jobzone.se\/pl\/szukaj-pracownikow\/nasz-proces-rekrutacyjny\/#primaryimage"},"image":{"@id":"https:\/\/jobzone.se\/pl\/szukaj-pracownikow\/nasz-proces-rekrutacyjny\/#primaryimage"},"thumbnailUrl":"https:\/\/jobzone.se\/wp-content\/uploads\/2022\/08\/header_rekryteringsprocess.jpg","datePublished":"2019-04-05T11:58:25+00:00","dateModified":"2019-04-05T11:58:25+00:00","description":"Tak wygl\u0105da proces rekrutacji w Jobzone. Profil wymaga\u0144, wyszukiwanie kandydat\u00f3w, proces selekcji, prezentacja kandydata, dog\u0142\u0119bna ocena, mianowanie","breadcrumb":{"@id":"https:\/\/jobzone.se\/pl\/szukaj-pracownikow\/nasz-proces-rekrutacyjny\/#breadcrumb"},"inLanguage":"pl-PL","potentialAction":[{"@type":"ReadAction","target":["https:\/\/jobzone.se\/pl\/szukaj-pracownikow\/nasz-proces-rekrutacyjny\/"]}]},{"@type":"ImageObject","inLanguage":"pl-PL","@id":"https:\/\/jobzone.se\/pl\/szukaj-pracownikow\/nasz-proces-rekrutacyjny\/#primaryimage","url":"https:\/\/jobzone.se\/wp-content\/uploads\/2022\/08\/header_rekryteringsprocess.jpg","contentUrl":"https:\/\/jobzone.se\/wp-content\/uploads\/2022\/08\/header_rekryteringsprocess.jpg","width":1197,"height":630},{"@type":"BreadcrumbList","@id":"https:\/\/jobzone.se\/pl\/szukaj-pracownikow\/nasz-proces-rekrutacyjny\/#breadcrumb","itemListElement":[{"@type":"ListItem","position":1,"name":"Szukaj pracownik\u00f3w","item":"https:\/\/jobzone.se\/pl\/szukaj-pracownikow\/"},{"@type":"ListItem","position":2,"name":"Nasz proces rekrutacyjny"}]},{"@type":"WebSite","@id":"https:\/\/jobzone.se\/pl\/#website","url":"https:\/\/jobzone.se\/pl\/","name":"Jobzone","description":"Bemanning och Rekryteringsf\u00f6retaget Jobzone i Sverige","publisher":{"@id":"https:\/\/jobzone.se\/pl\/#organization"},"potentialAction":[{"@type":"SearchAction","target":{"@type":"EntryPoint","urlTemplate":"https:\/\/jobzone.se\/pl\/?s={search_term_string}"},"query-input":"required name=search_term_string"}],"inLanguage":"pl-PL"},{"@type":"Organization","@id":"https:\/\/jobzone.se\/pl\/#organization","name":"Jobzone","url":"https:\/\/jobzone.se\/pl\/","logo":{"@type":"ImageObject","inLanguage":"pl-PL","@id":"https:\/\/jobzone.se\/pl\/#\/schema\/logo\/image\/","url":"https:\/\/jobzone.se\/wp-content\/uploads\/2019\/02\/jobzone-logo-web.jpg","contentUrl":"https:\/\/jobzone.se\/wp-content\/uploads\/2019\/02\/jobzone-logo-web.jpg","width":145,"height":146,"caption":"Jobzone"},"image":{"@id":"https:\/\/jobzone.se\/pl\/#\/schema\/logo\/image\/"},"sameAs":["https:\/\/www.facebook.com\/JobzoneSverige"]}]}},"_links":{"self":[{"href":"https:\/\/jobzone.se\/pl\/wp-json\/wp\/v2\/pages\/22604"}],"collection":[{"href":"https:\/\/jobzone.se\/pl\/wp-json\/wp\/v2\/pages"}],"about":[{"href":"https:\/\/jobzone.se\/pl\/wp-json\/wp\/v2\/types\/page"}],"author":[{"embeddable":true,"href":"https:\/\/jobzone.se\/pl\/wp-json\/wp\/v2\/users\/17"}],"replies":[{"embeddable":true,"href":"https:\/\/jobzone.se\/pl\/wp-json\/wp\/v2\/comments?post=22604"}],"version-history":[{"count":0,"href":"https:\/\/jobzone.se\/pl\/wp-json\/wp\/v2\/pages\/22604\/revisions"}],"up":[{"embeddable":true,"href":"https:\/\/jobzone.se\/pl\/wp-json\/wp\/v2\/pages\/22358"}],"wp:featuredmedia":[{"embeddable":true,"href":"https:\/\/jobzone.se\/pl\/wp-json\/wp\/v2\/media\/22401"}],"wp:attachment":[{"href":"https:\/\/jobzone.se\/pl\/wp-json\/wp\/v2\/media?parent=22604"}],"curies":[{"name":"wp","href":"https:\/\/api.w.org\/{rel}","templated":true}]}}