{"id":22607,"date":"2019-04-05T13:58:25","date_gmt":"2019-04-05T11:58:25","guid":{"rendered":"https:\/\/jobzone.se\/szukaj-pracownikow\/zrownowazone-zatrudnianie-i-rekrutacja\/"},"modified":"2019-04-05T13:58:25","modified_gmt":"2019-04-05T11:58:25","slug":"zrownowazone-zatrudnianie-i-rekrutacja","status":"publish","type":"page","link":"https:\/\/jobzone.se\/pl\/szukaj-pracownikow\/zrownowazone-zatrudnianie-i-rekrutacja\/","title":{"rendered":"Zr\u00f3wnowa\u017cone zatrudnianie i rekrutacja"},"content":{"rendered":"<p><img loading=\"lazy\" decoding=\"async\" class=\"alignnone size-full wp-image-4256\" src=\"https:\/\/jobzone.se\/wp-content\/uploads\/2019\/03\/jobzone-personlig-service.jpg\" alt=\"\" width=\"768\" height=\"454\" srcset=\"https:\/\/jobzone.se\/wp-content\/uploads\/2019\/03\/jobzone-personlig-service.jpg 768w, https:\/\/jobzone.se\/wp-content\/uploads\/2019\/03\/jobzone-personlig-service-300x177.jpg 300w\" sizes=\"(max-width: 768px) 100vw, 768px\" \/><\/p>\n<h2 class=\"gen-page-title\">Zr\u00f3wnowa\u017cone zatrudnianie i rekrutacja<\/h2>\n<p class=\"impact-text\">Opracowali\u015bmy unikaln\u0105 koncepcj\u0119, kt\u00f3r\u0105 nazywamy Zr\u00f3wnowa\u017conym Zatrudnieniem. Chodzi o \u015bwiadome kontrolowanie dynamiki grupy w celu osi\u0105gni\u0119cia wi\u0119kszej satysfakcji z pracy, produktywno\u015bci i jako\u015bci. <\/p>\n<h3>Czym jest zr\u00f3wnowa\u017cone zatrudnienie?<\/h3>\n<p>Jobzone zapewnia gwarantowane zr\u00f3wnowa\u017cone rozwi\u0105zanie kadrowe. Mamy dobrze opracowany proces identyfikacji odpowiednich pracownik\u00f3w i dok\u0142adnie sprawdzamy, kt\u00f3re wska\u017aniki s\u0105 dla Ciebie istotne i wa\u017cne. Po rekrutacji k\u0142adziemy du\u017cy nacisk na zapewnienie pracownikom dobrego wdro\u017cenia i wprowadzenia do nowego miejsca pracy oraz zapewnienie im odpowiednich narz\u0119dzi i dzia\u0142a\u0144 nast\u0119pczych. Naszym celem jest zawsze, aby nasze dostawy charakteryzowa\u0142y si\u0119 wysokim zr\u00f3wnowa\u017conym rozwojem i by\u0142y widoczne w ostatecznym rozrachunku.   <\/p>\n<hr>\n<h3>Osiem krok\u00f3w do udanego procesu obsadzania stanowisk i rekrutacji<\/h3>\n<p>Zapraszamy do skorzystania z do\u015bwiadczenia, kt\u00f3re zdobyli\u015bmy przez lata pracy w bran\u017cy. Aby wsp\u00f3\u0142praca z nami by\u0142a op\u0142acalna i warto\u015bciowa, pracujemy systematycznie zgodnie z nasz\u0105 koncepcj\u0105 &#8220;Produktywnego personelu&#8221;. <\/p>\n<ol>\n<li><strong>Punktem wyj\u015bcia jest studium wykonalno\u015bci.<\/strong>  Zawsze zaczynamy od opracowania analizy potrzeb wsp\u00f3lnie z Tob\u0105 jako klientem. Aby odnie\u015b\u0107 sukces w naszej misji, wa\u017cne jest, aby\u015bmy naprawd\u0119 zrozumieli Twoje unikalne potrzeby. Im bardziej precyzyjny i skoordynowany profil wymaga\u0144 dysponujemy, tym wi\u0119ksza szansa na szybkie znalezienie odpowiedniego zasobu. Przeprowadzamy r\u00f3wnie\u017c wywiady z odpowiednimi osobami w organizacji, aby dowiedzie\u0107 si\u0119, co decyduje o sukcesie na danym stanowisku.   <\/li>\n<li><strong>Odpowiednie wska\u017aniki.<\/strong><br \/>\n<strong>Produktywno\u015b\u0107.<\/strong>  Iloma fakturami dziennie powinien zarz\u0105dza\u0107 administrator? Ile sygna\u0142\u00f3w powinno przej\u015b\u0107, zanim recepcjonista odpowie. Ile paczek lub linii powinien kompletowa\u0107 pracownik magazynu na godzin\u0119 itp.<br \/>\n<strong>Jako\u015b\u0107.<\/strong>  Ile po\u0142\u0105cze\u0144 jest poprawnie po\u0142\u0105czonych, ile b\u0142\u0119dnych wybor\u00f3w jest dopuszczalnych itp. Ustalamy r\u00f3wnie\u017c harmonogram, w kt\u00f3rym osi\u0105gniemy cele z odpowiedni\u0105 jako\u015bci\u0105.<br \/>\n<strong>Precyzja dostawy.<\/strong>  Ile czasu mamy na dostarczenie odpowiedniego personelu? Czy powinni\u015bmy wyp\u0142aca\u0107 odszkodowania naszym w\u0142asnym pracownikom, kt\u00f3rzy s\u0105 chorzy? Ilu z prezentowanych przez nas kandydat\u00f3w powinno by\u0107 zdolnych do zatrudnienia itp.?  <\/li>\n<li><strong>Rekrutacja.<\/strong>  Po zatwierdzeniu profilu wymaga\u0144 i odpowiednich wska\u017anik\u00f3w rozpoczniemy rekrutacj\u0119. Mo\u017ce to oznacza\u0107 bezpo\u015bredni\u0105 rekrutacj\u0119 do Ciebie jako klienta lub rozwi\u0105zanie kadrowe, w kt\u00f3rym my sami jeste\u015bmy pracodawc\u0105. Cz\u0119sto mo\u017cemy wybra\u0107 kandydat\u00f3w, kt\u00f3rzy pasuj\u0105 do profilu wymaga\u0144, bezpo\u015brednio z naszego w\u0142asnego sta\u0142ego personelu lub za po\u015brednictwem naszej du\u017cej sieci kandydat\u00f3w. Jednocze\u015bnie reklamujemy si\u0119 w wybranych kana\u0142ach dla nowych kandydat\u00f3w, kt\u00f3rzy mog\u0105 by\u0107 zainteresowani danym stanowiskiem.     <strong>Nast\u0119pnie przeprowadzamy wywiad i zbieramy referencje.<\/strong>  Aby wymieni\u0107 tylko kilka z naszych procedur zapewnienia jako\u015bci procesu, zawsze stosujemy techniki rozm\u00f3w kwalifikacyjnych oparte na kompetencjach i zawsze dok\u0142adnie sprawdzamy informacje o kandydatach podane w CV i rozmowach kwalifikacyjnych. Zawsze bierzemy co najmniej dwie referencje, a je\u015bli nie czujemy si\u0119 usatysfakcjonowani, bierzemy wi\u0119cej. <strong>Osoby, kt\u00f3re przejd\u0105 do rozmowy<\/strong> kwalifikacyjnej i sprawdzenia referencji, s\u0105 testowane w naszym narz\u0119dziu testowym TalentQ (w zale\u017cno\u015bci od stanowiska). Na przyk\u0142ad mo\u017ce to by\u0107 identyfikacja cech charakteru, testowanie zdolno\u015bci logicznych i werbalnych lub mierzenie si\u0142 nap\u0119dowych danej osoby. Pracujemy r\u00f3wnie\u017c z nieprzygotowanymi testami, aby upewni\u0107 si\u0119, \u017ce kandydat w praktyce nadaje si\u0119 do wykonania zada\u0144, kt\u00f3rych szuka.   <\/li>\n<li><strong>Odpowiednie warunki.<\/strong>  Bez wzgl\u0119du na to, jak dobrego kandydata wybrali\u015bmy, stanowisko nie b\u0119dzie dzia\u0142a\u0107 optymalnie, je\u015bli nie zostan\u0105 spe\u0142nione odpowiednie warunki do wykonywania dobrej pracy. Dlatego potrzebny jest dobrze przemy\u015blany plan wdro\u017cenia, kt\u00f3ry zapewni m.in. procedury bezpiecze\u0144stwa i kwestie zwi\u0105zane z obs\u0142ug\u0105. Mo\u017ce to r\u00f3wnie\u017c obejmowa\u0107 szkolenie wymagane na konkretnym stanowisku. Posiadamy du\u017ce do\u015bwiadczenie w sporz\u0105dzaniu plan\u00f3w wdro\u017ceniowych, dzi\u0119ki czemu dbamy o to, aby kandydat by\u0142 produktywny, aby skr\u00f3ci\u0107 dystans startowy.   <\/li>\n<li><strong>Powo\u0142anie i wprowadzenie.<\/strong>  Dostarczymy zmotywowanych, zaanga\u017cowanych i kompetentnych pracownik\u00f3w do organizacji klienta. Cz\u0119sto masz du\u017co do zrobienia, gdy potrzebujesz wi\u0119cej personelu, wi\u0119c bierzemy odpowiedzialno\u015b\u0107 za zapewnienie, \u017ce nowy konsultant zostanie szybko wdro\u017cony w rol\u0119. Nasz\u0105 zasad\u0105 jest, \u017ce \u017cadna osoba nie powinna by\u0107 zmuszona do rozpocz\u0119cia pracy bez odpowiedniego przedstawienia si\u0119 przez odpowiedzialnego rekrutera, kt\u00f3ry dobrze zna klienta i jego potrzeby. Po pierwszym dniu pracy zawsze uzgadniamy telefonicznie zar\u00f3wno z personelem, jak i klientami, aby upewni\u0107 si\u0119, czy potrzebne s\u0105 jakiekolwiek korekty.   <\/li>\n<li><strong>Kierownik na miejscu.<\/strong>  Nasza dostawa zawsze obejmuje osob\u0119 wyznaczon\u0105 i przeszkolon\u0105 przez nas, kt\u00f3ra jest kierownikiem i kt\u00f3ra dzia\u0142a jako osoba kontaktowa dla Twojego kierownictwa produkcji i dla naszej organizacji. W przypadku mniej ni\u017c czterech os\u00f3b rol\u0119 t\u0119 przejmuje odpowiedzialny kierownik konsultanta. Nasi prze\u0142o\u017ceni przechodz\u0105 ci\u0105g\u0142e szkolenia wewn\u0119trzne w zakresie przyw\u00f3dztwa i dynamiki grupy.  <\/li>\n<li><strong>Zapewnienie jako\u015bci.<\/strong>  Regularna obserwacja. Im dok\u0142adniej sprawdzimy, tym szybciej b\u0119dziemy mogli naprawi\u0107 ewentualne problemy. Oferujemy sta\u0142e dzia\u0142ania nast\u0119pcze co tydzie\u0144 w oparciu o odpowiednie wska\u017aniki. Sprawdzamy, jak pracownicy spe\u0142niaj\u0105 aktualne wska\u017aniki i upewniamy si\u0119, \u017ce nasi pracownicy s\u0105 zadowoleni i maj\u0105 si\u0119 dobrze. Nasi konsultanci s\u0105 przyzwyczajeni do bycia pe\u0142nym i wiedz\u0105, \u017ce przynosi to korzy\u015bci zar\u00f3wno im, jak i Tobie jako klientowi. W d\u0142u\u017cszej perspektywie daje to lepsze efekty w postaci szcz\u0119\u015bliwszej za\u0142ogi, wy\u017cszej produktywno\u015bci i zmniejszonej rotacji personelu. U nas nie ma poczucia &#8220;my i oni&#8221;. U nas obowi\u0105zuje tylko &#8220;my&#8221;.       <\/li>\n<li><strong>Wynik.<\/strong>  Dok\u0142adamy wszelkich stara\u0144, aby ka\u017cde zlecenie zapewnia\u0142o najwy\u017csz\u0105 mo\u017cliw\u0105 produktywno\u015b\u0107 i by\u0142o zauwa\u017calne w wynikach finansowych. Bierzemy pe\u0142n\u0105 odpowiedzialno\u015b\u0107 za w\u0142asny personel i w ten spos\u00f3b redukujemy r\u00f3wnie\u017c Twoje koszty wewn\u0119trzne. Chcemy, aby \u0142atwo by\u0142o zleci\u0107 nam cz\u0119\u015b\u0107 administracji kadrowej i znale\u017a\u0107 d\u0142ugoterminowe op\u0142acalne rozwi\u0105zania. Dwa razy w roku przeprowadzamy r\u00f3wnie\u017c zewn\u0119trzne badania satysfakcji klient\u00f3w z zewn\u0119trzn\u0105 firm\u0105 badawcz\u0105. W tym miejscu przeanalizujemy szereg kwestii zwi\u0105zanych z dost\u0119pno\u015bci\u0105, leczeniem, jako\u015bci\u0105 i wydajno\u015bci\u0105.    <\/li>\n<\/ol>\n<p><strong>Chcesz wiedzie\u0107 wi\u0119cej? Zapraszamy do <a href=\"https:\/\/jobzone.se\/pl\/kontakt\/\">kontaktu z nami<\/a>! <\/strong><\/p>\n","protected":false},"excerpt":{"rendered":"<p>Zr\u00f3wnowa\u017cone zatrudnianie i rekrutacja Opracowali\u015bmy unikaln\u0105 koncepcj\u0119, kt\u00f3r\u0105 nazywamy Zr\u00f3wnowa\u017conym Zatrudnieniem. Chodzi o \u015bwiadome kontrolowanie dynamiki grupy w celu osi\u0105gni\u0119cia wi\u0119kszej satysfakcji z pracy, produktywno\u015bci i jako\u015bci. Czym jest zr\u00f3wnowa\u017cone zatrudnienie? Jobzone zapewnia gwarantowane zr\u00f3wnowa\u017cone rozwi\u0105zanie kadrowe. Mamy dobrze opracowany proces identyfikacji odpowiednich pracownik\u00f3w i dok\u0142adnie sprawdzamy, kt\u00f3re wska\u017aniki s\u0105 dla Ciebie istotne i wa\u017cne. Po rekrutacji k\u0142adziemy du\u017cy nacisk [&hellip;]<\/p>\n","protected":false},"author":17,"featured_media":0,"parent":22358,"menu_order":0,"comment_status":"closed","ping_status":"closed","template":"","meta":{"footnotes":""},"yoast_head":"<!-- This site is optimized with the Yoast SEO plugin v22.2 - https:\/\/yoast.com\/wordpress\/plugins\/seo\/ -->\n<title>Zr\u00f3wnowa\u017cone zatrudnianie i rekrutacja | Jobzone<\/title>\n<meta name=\"description\" content=\"Opracowali\u015bmy unikaln\u0105 koncepcj\u0119, kt\u00f3r\u0105 nazywamy Zr\u00f3wnowa\u017conym Zatrudnieniem. Tutaj przygotowali\u015bmy list\u0119, aby wyja\u015bni\u0107, jak to dzia\u0142a\" \/>\n<meta name=\"robots\" content=\"index, follow, max-snippet:-1, max-image-preview:large, max-video-preview:-1\" \/>\n<link rel=\"canonical\" href=\"https:\/\/jobzone.se\/pl\/szukaj-pracownikow\/zrownowazone-zatrudnianie-i-rekrutacja\/\" \/>\n<meta property=\"og:locale\" content=\"pl_PL\" \/>\n<meta property=\"og:type\" content=\"article\" \/>\n<meta property=\"og:title\" content=\"Zr\u00f3wnowa\u017cone zatrudnianie i rekrutacja | Jobzone\" \/>\n<meta property=\"og:description\" content=\"Opracowali\u015bmy unikaln\u0105 koncepcj\u0119, kt\u00f3r\u0105 nazywamy Zr\u00f3wnowa\u017conym Zatrudnieniem. Tutaj przygotowali\u015bmy list\u0119, aby wyja\u015bni\u0107, jak to dzia\u0142a\" \/>\n<meta property=\"og:url\" content=\"https:\/\/jobzone.se\/pl\/szukaj-pracownikow\/zrownowazone-zatrudnianie-i-rekrutacja\/\" \/>\n<meta property=\"og:site_name\" content=\"Jobzone\" \/>\n<meta property=\"article:publisher\" content=\"https:\/\/www.facebook.com\/JobzoneSverige\" \/>\n<meta property=\"og:image\" content=\"https:\/\/jobzone.se\/wp-content\/uploads\/2019\/03\/jobzone-personlig-service.jpg\" \/>\n<meta name=\"twitter:label1\" content=\"Szacowany czas czytania\" \/>\n\t<meta name=\"twitter:data1\" content=\"5 minut\" \/>\n<script type=\"application\/ld+json\" class=\"yoast-schema-graph\">{\"@context\":\"https:\/\/schema.org\",\"@graph\":[{\"@type\":\"WebPage\",\"@id\":\"https:\/\/jobzone.se\/pl\/szukaj-pracownikow\/zrownowazone-zatrudnianie-i-rekrutacja\/\",\"url\":\"https:\/\/jobzone.se\/pl\/szukaj-pracownikow\/zrownowazone-zatrudnianie-i-rekrutacja\/\",\"name\":\"Zr\u00f3wnowa\u017cone zatrudnianie i rekrutacja | Jobzone\",\"isPartOf\":{\"@id\":\"https:\/\/jobzone.se\/pl\/#website\"},\"primaryImageOfPage\":{\"@id\":\"https:\/\/jobzone.se\/pl\/szukaj-pracownikow\/zrownowazone-zatrudnianie-i-rekrutacja\/#primaryimage\"},\"image\":{\"@id\":\"https:\/\/jobzone.se\/pl\/szukaj-pracownikow\/zrownowazone-zatrudnianie-i-rekrutacja\/#primaryimage\"},\"thumbnailUrl\":\"https:\/\/jobzone.se\/wp-content\/uploads\/2019\/03\/jobzone-personlig-service.jpg\",\"datePublished\":\"2019-04-05T11:58:25+00:00\",\"dateModified\":\"2019-04-05T11:58:25+00:00\",\"description\":\"Opracowali\u015bmy unikaln\u0105 koncepcj\u0119, kt\u00f3r\u0105 nazywamy Zr\u00f3wnowa\u017conym Zatrudnieniem. Tutaj przygotowali\u015bmy list\u0119, aby wyja\u015bni\u0107, jak to dzia\u0142a\",\"breadcrumb\":{\"@id\":\"https:\/\/jobzone.se\/pl\/szukaj-pracownikow\/zrownowazone-zatrudnianie-i-rekrutacja\/#breadcrumb\"},\"inLanguage\":\"pl-PL\",\"potentialAction\":[{\"@type\":\"ReadAction\",\"target\":[\"https:\/\/jobzone.se\/pl\/szukaj-pracownikow\/zrownowazone-zatrudnianie-i-rekrutacja\/\"]}]},{\"@type\":\"ImageObject\",\"inLanguage\":\"pl-PL\",\"@id\":\"https:\/\/jobzone.se\/pl\/szukaj-pracownikow\/zrownowazone-zatrudnianie-i-rekrutacja\/#primaryimage\",\"url\":\"https:\/\/jobzone.se\/wp-content\/uploads\/2019\/03\/jobzone-personlig-service.jpg\",\"contentUrl\":\"https:\/\/jobzone.se\/wp-content\/uploads\/2019\/03\/jobzone-personlig-service.jpg\",\"width\":768,\"height\":454},{\"@type\":\"BreadcrumbList\",\"@id\":\"https:\/\/jobzone.se\/pl\/szukaj-pracownikow\/zrownowazone-zatrudnianie-i-rekrutacja\/#breadcrumb\",\"itemListElement\":[{\"@type\":\"ListItem\",\"position\":1,\"name\":\"Szukaj pracownik\u00f3w\",\"item\":\"https:\/\/jobzone.se\/pl\/szukaj-pracownikow\/\"},{\"@type\":\"ListItem\",\"position\":2,\"name\":\"Zr\u00f3wnowa\u017cone zatrudnianie i rekrutacja\"}]},{\"@type\":\"WebSite\",\"@id\":\"https:\/\/jobzone.se\/pl\/#website\",\"url\":\"https:\/\/jobzone.se\/pl\/\",\"name\":\"Jobzone\",\"description\":\"Bemanning och Rekryteringsf\u00f6retaget Jobzone i Sverige\",\"publisher\":{\"@id\":\"https:\/\/jobzone.se\/pl\/#organization\"},\"potentialAction\":[{\"@type\":\"SearchAction\",\"target\":{\"@type\":\"EntryPoint\",\"urlTemplate\":\"https:\/\/jobzone.se\/pl\/?s={search_term_string}\"},\"query-input\":\"required name=search_term_string\"}],\"inLanguage\":\"pl-PL\"},{\"@type\":\"Organization\",\"@id\":\"https:\/\/jobzone.se\/pl\/#organization\",\"name\":\"Jobzone\",\"url\":\"https:\/\/jobzone.se\/pl\/\",\"logo\":{\"@type\":\"ImageObject\",\"inLanguage\":\"pl-PL\",\"@id\":\"https:\/\/jobzone.se\/pl\/#\/schema\/logo\/image\/\",\"url\":\"https:\/\/jobzone.se\/wp-content\/uploads\/2019\/02\/jobzone-logo-web.jpg\",\"contentUrl\":\"https:\/\/jobzone.se\/wp-content\/uploads\/2019\/02\/jobzone-logo-web.jpg\",\"width\":145,\"height\":146,\"caption\":\"Jobzone\"},\"image\":{\"@id\":\"https:\/\/jobzone.se\/pl\/#\/schema\/logo\/image\/\"},\"sameAs\":[\"https:\/\/www.facebook.com\/JobzoneSverige\"]}]}<\/script>\n<!-- \/ Yoast SEO plugin. -->","yoast_head_json":{"title":"Zr\u00f3wnowa\u017cone zatrudnianie i rekrutacja | Jobzone","description":"Opracowali\u015bmy unikaln\u0105 koncepcj\u0119, kt\u00f3r\u0105 nazywamy Zr\u00f3wnowa\u017conym Zatrudnieniem. Tutaj przygotowali\u015bmy list\u0119, aby wyja\u015bni\u0107, jak to dzia\u0142a","robots":{"index":"index","follow":"follow","max-snippet":"max-snippet:-1","max-image-preview":"max-image-preview:large","max-video-preview":"max-video-preview:-1"},"canonical":"https:\/\/jobzone.se\/pl\/szukaj-pracownikow\/zrownowazone-zatrudnianie-i-rekrutacja\/","og_locale":"pl_PL","og_type":"article","og_title":"Zr\u00f3wnowa\u017cone zatrudnianie i rekrutacja | Jobzone","og_description":"Opracowali\u015bmy unikaln\u0105 koncepcj\u0119, kt\u00f3r\u0105 nazywamy Zr\u00f3wnowa\u017conym Zatrudnieniem. Tutaj przygotowali\u015bmy list\u0119, aby wyja\u015bni\u0107, jak to dzia\u0142a","og_url":"https:\/\/jobzone.se\/pl\/szukaj-pracownikow\/zrownowazone-zatrudnianie-i-rekrutacja\/","og_site_name":"Jobzone","article_publisher":"https:\/\/www.facebook.com\/JobzoneSverige","og_image":[{"url":"https:\/\/jobzone.se\/wp-content\/uploads\/2019\/03\/jobzone-personlig-service.jpg"}],"twitter_misc":{"Szacowany czas czytania":"5 minut"},"schema":{"@context":"https:\/\/schema.org","@graph":[{"@type":"WebPage","@id":"https:\/\/jobzone.se\/pl\/szukaj-pracownikow\/zrownowazone-zatrudnianie-i-rekrutacja\/","url":"https:\/\/jobzone.se\/pl\/szukaj-pracownikow\/zrownowazone-zatrudnianie-i-rekrutacja\/","name":"Zr\u00f3wnowa\u017cone zatrudnianie i rekrutacja | Jobzone","isPartOf":{"@id":"https:\/\/jobzone.se\/pl\/#website"},"primaryImageOfPage":{"@id":"https:\/\/jobzone.se\/pl\/szukaj-pracownikow\/zrownowazone-zatrudnianie-i-rekrutacja\/#primaryimage"},"image":{"@id":"https:\/\/jobzone.se\/pl\/szukaj-pracownikow\/zrownowazone-zatrudnianie-i-rekrutacja\/#primaryimage"},"thumbnailUrl":"https:\/\/jobzone.se\/wp-content\/uploads\/2019\/03\/jobzone-personlig-service.jpg","datePublished":"2019-04-05T11:58:25+00:00","dateModified":"2019-04-05T11:58:25+00:00","description":"Opracowali\u015bmy unikaln\u0105 koncepcj\u0119, kt\u00f3r\u0105 nazywamy Zr\u00f3wnowa\u017conym Zatrudnieniem. Tutaj przygotowali\u015bmy list\u0119, aby wyja\u015bni\u0107, jak to dzia\u0142a","breadcrumb":{"@id":"https:\/\/jobzone.se\/pl\/szukaj-pracownikow\/zrownowazone-zatrudnianie-i-rekrutacja\/#breadcrumb"},"inLanguage":"pl-PL","potentialAction":[{"@type":"ReadAction","target":["https:\/\/jobzone.se\/pl\/szukaj-pracownikow\/zrownowazone-zatrudnianie-i-rekrutacja\/"]}]},{"@type":"ImageObject","inLanguage":"pl-PL","@id":"https:\/\/jobzone.se\/pl\/szukaj-pracownikow\/zrownowazone-zatrudnianie-i-rekrutacja\/#primaryimage","url":"https:\/\/jobzone.se\/wp-content\/uploads\/2019\/03\/jobzone-personlig-service.jpg","contentUrl":"https:\/\/jobzone.se\/wp-content\/uploads\/2019\/03\/jobzone-personlig-service.jpg","width":768,"height":454},{"@type":"BreadcrumbList","@id":"https:\/\/jobzone.se\/pl\/szukaj-pracownikow\/zrownowazone-zatrudnianie-i-rekrutacja\/#breadcrumb","itemListElement":[{"@type":"ListItem","position":1,"name":"Szukaj pracownik\u00f3w","item":"https:\/\/jobzone.se\/pl\/szukaj-pracownikow\/"},{"@type":"ListItem","position":2,"name":"Zr\u00f3wnowa\u017cone zatrudnianie i rekrutacja"}]},{"@type":"WebSite","@id":"https:\/\/jobzone.se\/pl\/#website","url":"https:\/\/jobzone.se\/pl\/","name":"Jobzone","description":"Bemanning och Rekryteringsf\u00f6retaget Jobzone i Sverige","publisher":{"@id":"https:\/\/jobzone.se\/pl\/#organization"},"potentialAction":[{"@type":"SearchAction","target":{"@type":"EntryPoint","urlTemplate":"https:\/\/jobzone.se\/pl\/?s={search_term_string}"},"query-input":"required name=search_term_string"}],"inLanguage":"pl-PL"},{"@type":"Organization","@id":"https:\/\/jobzone.se\/pl\/#organization","name":"Jobzone","url":"https:\/\/jobzone.se\/pl\/","logo":{"@type":"ImageObject","inLanguage":"pl-PL","@id":"https:\/\/jobzone.se\/pl\/#\/schema\/logo\/image\/","url":"https:\/\/jobzone.se\/wp-content\/uploads\/2019\/02\/jobzone-logo-web.jpg","contentUrl":"https:\/\/jobzone.se\/wp-content\/uploads\/2019\/02\/jobzone-logo-web.jpg","width":145,"height":146,"caption":"Jobzone"},"image":{"@id":"https:\/\/jobzone.se\/pl\/#\/schema\/logo\/image\/"},"sameAs":["https:\/\/www.facebook.com\/JobzoneSverige"]}]}},"_links":{"self":[{"href":"https:\/\/jobzone.se\/pl\/wp-json\/wp\/v2\/pages\/22607"}],"collection":[{"href":"https:\/\/jobzone.se\/pl\/wp-json\/wp\/v2\/pages"}],"about":[{"href":"https:\/\/jobzone.se\/pl\/wp-json\/wp\/v2\/types\/page"}],"author":[{"embeddable":true,"href":"https:\/\/jobzone.se\/pl\/wp-json\/wp\/v2\/users\/17"}],"replies":[{"embeddable":true,"href":"https:\/\/jobzone.se\/pl\/wp-json\/wp\/v2\/comments?post=22607"}],"version-history":[{"count":0,"href":"https:\/\/jobzone.se\/pl\/wp-json\/wp\/v2\/pages\/22607\/revisions"}],"up":[{"embeddable":true,"href":"https:\/\/jobzone.se\/pl\/wp-json\/wp\/v2\/pages\/22358"}],"wp:attachment":[{"href":"https:\/\/jobzone.se\/pl\/wp-json\/wp\/v2\/media?parent=22607"}],"curies":[{"name":"wp","href":"https:\/\/api.w.org\/{rel}","templated":true}]}}