{"id":22609,"date":"2019-04-05T13:58:25","date_gmt":"2019-04-05T11:58:25","guid":{"rendered":"https:\/\/jobzone.se\/wskazowki-dotyczace-kariery\/negocjuj-swoje-wynagrodzenie\/"},"modified":"2019-04-05T13:58:25","modified_gmt":"2019-04-05T11:58:25","slug":"negocjuj-swoje-wynagrodzenie","status":"publish","type":"page","link":"https:\/\/jobzone.se\/pl\/wskazowki-dotyczace-kariery\/negocjuj-swoje-wynagrodzenie\/","title":{"rendered":"Negocjuj swoje wynagrodzenie"},"content":{"rendered":"<h1><img loading=\"lazy\" decoding=\"async\" class=\"alignnone wp-image-21008 size-full\" src=\"https:\/\/jobzone.se\/wp-content\/uploads\/2023\/01\/gabrielle-henderson-HJckKnwCXxQ-unsplash-scaled-e1673347081945.jpg\" alt=\"\" width=\"2560\" height=\"1497\" srcset=\"https:\/\/jobzone.se\/wp-content\/uploads\/2023\/01\/gabrielle-henderson-HJckKnwCXxQ-unsplash-scaled-e1673347081945.jpg 2560w, https:\/\/jobzone.se\/wp-content\/uploads\/2023\/01\/gabrielle-henderson-HJckKnwCXxQ-unsplash-scaled-e1673347081945-300x175.jpg 300w, https:\/\/jobzone.se\/wp-content\/uploads\/2023\/01\/gabrielle-henderson-HJckKnwCXxQ-unsplash-scaled-e1673347081945-1024x599.jpg 1024w, https:\/\/jobzone.se\/wp-content\/uploads\/2023\/01\/gabrielle-henderson-HJckKnwCXxQ-unsplash-scaled-e1673347081945-768x449.jpg 768w, https:\/\/jobzone.se\/wp-content\/uploads\/2023\/01\/gabrielle-henderson-HJckKnwCXxQ-unsplash-scaled-e1673347081945-1536x898.jpg 1536w, https:\/\/jobzone.se\/wp-content\/uploads\/2023\/01\/gabrielle-henderson-HJckKnwCXxQ-unsplash-scaled-e1673347081945-2048x1198.jpg 2048w, https:\/\/jobzone.se\/wp-content\/uploads\/2023\/01\/gabrielle-henderson-HJckKnwCXxQ-unsplash-scaled-e1673347081945-1280x749.jpg 1280w, https:\/\/jobzone.se\/wp-content\/uploads\/2023\/01\/gabrielle-henderson-HJckKnwCXxQ-unsplash-scaled-e1673347081945-1000x585.jpg 1000w\" sizes=\"(max-width: 2560px) 100vw, 2560px\" \/><\/h1>\n<h2 class=\"gen-page-title\">Wskaz\u00f3wki dotycz\u0105ce negocjowania wynagrodzenia<\/h2>\n<p class=\"impact-text\">Mo\u017ce nadszed\u0142 czas, aby\u015b porozmawia\u0142 o pensji, kt\u00f3r\u0105 masz i sprawdzi\u0142, czy nie nadszed\u0142 czas na podwy\u017ck\u0119? W wielu przypadkach rozmowy o wynagrodzeniach s\u0105 prowadzone centralnie, podczas gdy inni musz\u0105 negocjowa\u0107 w\u0142asne wynagrodzenie. Je\u015bli zamierzasz samodzielnie negocjowa\u0107 swoje nowe wynagrodzenie, wa\u017cne jest, aby\u015b dok\u0142adnie przemy\u015bla\u0142, w jaki spos\u00f3b odniesiesz z tym sukces.  <\/p>\n<h3>Okre\u015bl swoje priorytety<\/h3>\n<p>Przed rozmow\u0105 o wynagrodzeniu wa\u017cne jest, aby przemy\u015ble\u0107 swoj\u0105 sytuacj\u0119 zawodow\u0105 i to, co sprawia, \u017ce chcesz rozmawia\u0107 o swoim wynagrodzeniu. Wa\u017cne jest, aby na wczesnym etapie zastanowi\u0107 si\u0119, czy to rzeczywi\u015bcie poziom wynagrodzenia jest teraz najwa\u017cniejszy w Twojej sytuacji zawodowej. My\u015blisz o innych wyzwaniach zawodowych? By\u0107 mo\u017ce poziom wynagrodzenia nie jest rzecz\u0105 najpilniejsz\u0105, ale przyci\u0105gaj\u0105 nowe wyzwania. Czy s\u0105 w dotychczasowym miejscu pracy, czy mo\u017ce nadszed\u0142 czas na zmian\u0119 pracy?    <\/p>\n<h3>Wyznacz cele<\/h3>\n<p>Je\u015bli dojdziesz do wniosku, \u017ce podoba Ci si\u0119 Twoje miejsce pracy, mo\u017ce to by\u0107 poziom wynagrodzenia, kt\u00f3ry chcesz zmieni\u0107. Przed rozmow\u0105 o wynagrodzeniu dobrze jest przygotowa\u0107 si\u0119 psychicznie na trzy r\u00f3\u017cne wyniki rozmowy o wynagrodzeniu; Poziom marze\u0144, z kt\u00f3rego jeste\u015b bardziej ni\u017c zadowolony, prawdopodobny poziom i poziom, poni\u017cej kt\u00f3rego nie chcesz spa\u015b\u0107. <\/p>\n<p>Aby odnie\u015b\u0107 sukces w dyskusji na temat wynagrodzenia, wa\u017cne jest, aby wzmocni\u0107 swoj\u0105 pewno\u015b\u0107 siebie. A robisz to mi\u0119dzy innymi poprzez dobre przygotowanie. <\/p>\n<h3>Wybierz odpowiednie warunki<\/h3>\n<p>Podejmij dyskusj\u0119 na temat wy\u017cszych wynagrodze\u0144 we w\u0142a\u015bciwym czasie. Powinno to by\u0107 spotkanie, na kt\u00f3rym zar\u00f3wno Ty, jak i Tw\u00f3j prze\u0142o\u017cony jeste\u015bcie przygotowani do om\u00f3wienia swojego wynagrodzenia. Powiniene\u015b mie\u0107 du\u017co czasu i nie mie\u0107 innych rzeczy, kt\u00f3re kt\u00f3rakolwiek ze stron uwa\u017ca za wa\u017cniejsze do om\u00f3wienia w tym czasie. Wybierz ciche i niezak\u0142\u00f3cone miejsce, najlepiej takie, kt\u00f3re jest neutralne dla obu stron. Czasami dobrze jest ca\u0142kowicie zast\u0105pi\u0107 zwyk\u0142e \u015brodowisko czym\u015b innym.    <\/p>\n<h3>Przygotuj swoje argumenty<\/h3>\n<p>Przed rozmow\u0105 o wynagrodzeniu dobrym pomys\u0142em mo\u017ce by\u0107 wymienienie trzech pozytywnych rzeczy o sobie i rzeczach lub warto\u015bci dodanej, kt\u00f3re wnosisz do firmy. Je\u015bli to mo\u017cliwe, postaraj si\u0119 wyrobi\u0107 w swoim pracodawcy poczucie, \u017ce jeste\u015b niezast\u0105piony, dzi\u0119ki swoim umiej\u0119tno\u015bciom, do\u015bwiadczeniu i czasowi sp\u0119dzonemu w firmie. <\/p>\n<p>Przyjrzyj si\u0119, jakie zmiany zosta\u0142y dodane do Twoich obowi\u0105zk\u00f3w w por\u00f3wnaniu z tym, co mia\u0142e\u015b, gdy zaczyna\u0142e\u015b prac\u0119 na danym stanowisku lub ostatnim razem, gdy negocjowa\u0142e\u015b swoje wynagrodzenie. Cz\u0119sto po pewnym czasie masz zupe\u0142nie inne zadania ni\u017c na pocz\u0105tku. Dobrym pomys\u0142em mo\u017ce by\u0107 por\u00f3wnanie tego, co zarabia\u0142by\u015b w innych miejscach pracy z prac\u0105, kt\u00f3r\u0105 masz dzisiaj. Uwa\u017caj jednak, aby nie zagrozi\u0107 zmian\u0105 pracodawcy, je\u015bli naprawd\u0119 tego nie chcesz.   <\/p>\n<h3>\u0106wicz swoj\u0105 argumentacj\u0119<\/h3>\n<p>Przed ewentualn\u0105 zmian\u0105 pracy wa\u017cne jest, aby dosta\u0107 si\u0119 na odpowiedni poziom wynagrodzenia. Cz\u0119sto mo\u017ce by\u0107 trudno wprowadzi\u0107 powa\u017cne zmiany w stosunku do obecnego poziomu wynagrodzenia, ale kiedy zmieniasz prac\u0119, \u0142atwiej jest uzyska\u0107 wynagrodzenie, kt\u00f3rego chcesz od samego pocz\u0105tku. Podobnie jak w wielu innych rzeczach, mo\u017cesz uczy\u0107 si\u0119 od innych ludzi w innych sytuacjach. W takim przypadku mo\u017cesz uczy\u0107 si\u0119 od sportowc\u00f3w. Je\u015bli chcesz osi\u0105gn\u0105\u0107 dobre wyniki, musisz \u0107wiczy\u0107 i \u0107wiczy\u0107. Zanim przejdziesz do dyskusji o wynagrodzeniu, dobrze jest usi\u0105\u015b\u0107 z przyjacielem i prze\u0107wiczy\u0107 dyskusj\u0119 na temat wynagrodzenia oraz &#8220;dopracowa\u0107&#8221; swoje argumenty.     <\/p>\n<p>Zawsze przydaje si\u0119 &#8220;Ucz si\u0119 z historii&#8221;, czyli jak poradzi\u0142e\u015b sobie przy poprzednich okazjach w tym i innych miejscach pracy, kiedy uda\u0142o Ci si\u0119 podnie\u015b\u0107 pensj\u0119? Powodzenia w negocjacjach p\u0142acowych! <\/p>\n<h3>Jeszcze kilka wskaz\u00f3wek<\/h3>\n<ol>\n<li>Je\u015bli jest to Twoja pierwsza negocjacja p\u0142acowa, nie powiniene\u015b zadowala\u0107 si\u0119 zbyt niskim poziomem. W przysz\u0142ych negocjacjach b\u0119dziesz musia\u0142 &#8220;\u017cy\u0107&#8221; z nisk\u0105 pensj\u0105 pocz\u0105tkow\u0105. <\/li>\n<li>Poka\u017c sw\u00f3j poziom ambicji i przedstaw sugestie dotycz\u0105ce dalszych dzia\u0142a\u0144 doskonal\u0105cych w firmie oraz zasygnalizuj, \u017ce mo\u017cesz wzi\u0105\u0107 na siebie wi\u0119ksz\u0105 odpowiedzialno\u015b\u0107.<\/li>\n<li>Warto wiedzie\u0107, jak wygl\u0105da og\u00f3lna sytuacja p\u0142acowa w bran\u017cy, a nast\u0119pnie r\u00f3wnie\u017c konkretnie na Twoim stanowisku. Je\u015bli b\u0119dziesz to \u015bledzi\u0107, Twoje roszczenie o wynagrodzenie stanie si\u0119 ugruntowane w rzeczywisto\u015bci. <\/li>\n<li>Uzasadnij swoje \u017c\u0105danie wynagrodzenia tym, co osi\u0105gn\u0105\u0142e\u015b w ci\u0105gu ostatnich 12 miesi\u0119cy. Podaj konkretne przyk\u0142ady! <\/li>\n<li>Czy s\u0105 inne obszary poza samym wynagrodzeniem, kt\u00f3re mog\u0142yby by\u0107 obszarami do poprawy? Przyk\u0142adami s\u0105 edukacja, wakacje i dodatki zdrowotne. <\/li>\n<\/ol>\n<hr>\n<h4>Czas na kolejny krok w Twojej karierze?<\/h4>\n<p><a href=\"https:\/\/jobzone.se\/pl\/wskazowki-dotyczace-kariery\/kolejny-krok-w-jego-karierze\/\">Przeczytaj, jak Jobzone pomo\u017ce Ci zrobi\u0107 kolejny krok w Twojej karierze<\/a>, zebrali\u015bmy 9 wa\u017cnych pyta\u0144 i wskaz\u00f3wek. <a href=\"https:\/\/jobzone.se\/pl\/wskazowki-dotyczace-kariery\/ubieganie-sie-o-prace-w-naszej-firmie\/\">Dowiedz si\u0119 wi\u0119cej o ubieganiu si\u0119 o prac\u0119 w naszej firmie<\/a>, zgodnie z wizj\u0105 &#8220;Najbardziej atrakcyjny pracodawca w bran\u017cy rekrutacyjnej&#8221;, dok\u0142adamy wszelkich stara\u0144, aby Pa\u0144stwo, kt\u00f3rzy szukaj\u0105 pracy lub chc\u0105 pracowa\u0107 jako konsultanci, mieli jak najlepsze do\u015bwiadczenia z Jobzone. <\/p>\n","protected":false},"excerpt":{"rendered":"<p>Wskaz\u00f3wki dotycz\u0105ce negocjowania wynagrodzenia Mo\u017ce nadszed\u0142 czas, aby\u015b porozmawia\u0142 o pensji, kt\u00f3r\u0105 masz i sprawdzi\u0142, czy nie nadszed\u0142 czas na podwy\u017ck\u0119? W wielu przypadkach rozmowy o wynagrodzeniach s\u0105 prowadzone centralnie, podczas gdy inni musz\u0105 negocjowa\u0107 w\u0142asne wynagrodzenie. Je\u015bli zamierzasz samodzielnie negocjowa\u0107 swoje nowe wynagrodzenie, wa\u017cne jest, aby\u015b dok\u0142adnie przemy\u015bla\u0142, w jaki spos\u00f3b odniesiesz z tym sukces. Okre\u015bl swoje priorytety Przed [&hellip;]<\/p>\n","protected":false},"author":17,"featured_media":22612,"parent":22371,"menu_order":0,"comment_status":"closed","ping_status":"closed","template":"","meta":{"footnotes":""},"yoast_head":"<!-- This site is optimized with the Yoast SEO plugin v22.2 - https:\/\/yoast.com\/wordpress\/plugins\/seo\/ -->\n<title>Wskaz\u00f3wki dotycz\u0105ce negocjowania wynagrodzenia<\/title>\n<meta name=\"description\" content=\"W wielu przypadkach rozmowy o wynagrodzeniach s\u0105 prowadzone centralnie, podczas gdy inni musz\u0105 negocjowa\u0107 w\u0142asne wynagrodzenie. Zapoznaj si\u0119 z naszymi wskaz\u00f3wkami dotycz\u0105cymi negocjowania wynagrodzenia.\" \/>\n<meta name=\"robots\" content=\"index, follow, max-snippet:-1, max-image-preview:large, max-video-preview:-1\" \/>\n<link rel=\"canonical\" href=\"https:\/\/jobzone.se\/pl\/wskazowki-dotyczace-kariery\/negocjuj-swoje-wynagrodzenie\/\" \/>\n<meta property=\"og:locale\" content=\"pl_PL\" \/>\n<meta property=\"og:type\" content=\"article\" \/>\n<meta property=\"og:title\" content=\"Wskaz\u00f3wki dotycz\u0105ce negocjowania wynagrodzenia\" \/>\n<meta property=\"og:description\" content=\"W wielu przypadkach rozmowy o wynagrodzeniach s\u0105 prowadzone centralnie, podczas gdy inni musz\u0105 negocjowa\u0107 w\u0142asne wynagrodzenie. Zapoznaj si\u0119 z naszymi wskaz\u00f3wkami dotycz\u0105cymi negocjowania wynagrodzenia.\" \/>\n<meta property=\"og:url\" content=\"https:\/\/jobzone.se\/pl\/wskazowki-dotyczace-kariery\/negocjuj-swoje-wynagrodzenie\/\" \/>\n<meta property=\"og:site_name\" content=\"Jobzone\" \/>\n<meta property=\"article:publisher\" content=\"https:\/\/www.facebook.com\/JobzoneSverige\" \/>\n<meta property=\"og:image\" content=\"https:\/\/jobzone.se\/wp-content\/uploads\/2023\/01\/gabrielle-henderson-HJckKnwCXxQ-unsplash-scaled-e1673347081945.jpg\" \/>\n\t<meta property=\"og:image:width\" content=\"2560\" \/>\n\t<meta property=\"og:image:height\" content=\"1497\" \/>\n\t<meta property=\"og:image:type\" content=\"image\/jpeg\" \/>\n<meta name=\"twitter:label1\" content=\"Szacowany czas czytania\" \/>\n\t<meta name=\"twitter:data1\" content=\"4 minuty\" \/>\n<script type=\"application\/ld+json\" class=\"yoast-schema-graph\">{\"@context\":\"https:\/\/schema.org\",\"@graph\":[{\"@type\":\"WebPage\",\"@id\":\"https:\/\/jobzone.se\/pl\/wskazowki-dotyczace-kariery\/negocjuj-swoje-wynagrodzenie\/\",\"url\":\"https:\/\/jobzone.se\/pl\/wskazowki-dotyczace-kariery\/negocjuj-swoje-wynagrodzenie\/\",\"name\":\"Wskaz\u00f3wki dotycz\u0105ce negocjowania wynagrodzenia\",\"isPartOf\":{\"@id\":\"https:\/\/jobzone.se\/pl\/#website\"},\"primaryImageOfPage\":{\"@id\":\"https:\/\/jobzone.se\/pl\/wskazowki-dotyczace-kariery\/negocjuj-swoje-wynagrodzenie\/#primaryimage\"},\"image\":{\"@id\":\"https:\/\/jobzone.se\/pl\/wskazowki-dotyczace-kariery\/negocjuj-swoje-wynagrodzenie\/#primaryimage\"},\"thumbnailUrl\":\"https:\/\/jobzone.se\/wp-content\/uploads\/2023\/01\/gabrielle-henderson-HJckKnwCXxQ-unsplash-scaled-e1673347081945.jpg\",\"datePublished\":\"2019-04-05T11:58:25+00:00\",\"dateModified\":\"2019-04-05T11:58:25+00:00\",\"description\":\"W wielu przypadkach rozmowy o wynagrodzeniach s\u0105 prowadzone centralnie, podczas gdy inni musz\u0105 negocjowa\u0107 w\u0142asne wynagrodzenie. Zapoznaj si\u0119 z naszymi wskaz\u00f3wkami dotycz\u0105cymi negocjowania wynagrodzenia.\",\"breadcrumb\":{\"@id\":\"https:\/\/jobzone.se\/pl\/wskazowki-dotyczace-kariery\/negocjuj-swoje-wynagrodzenie\/#breadcrumb\"},\"inLanguage\":\"pl-PL\",\"potentialAction\":[{\"@type\":\"ReadAction\",\"target\":[\"https:\/\/jobzone.se\/pl\/wskazowki-dotyczace-kariery\/negocjuj-swoje-wynagrodzenie\/\"]}]},{\"@type\":\"ImageObject\",\"inLanguage\":\"pl-PL\",\"@id\":\"https:\/\/jobzone.se\/pl\/wskazowki-dotyczace-kariery\/negocjuj-swoje-wynagrodzenie\/#primaryimage\",\"url\":\"https:\/\/jobzone.se\/wp-content\/uploads\/2023\/01\/gabrielle-henderson-HJckKnwCXxQ-unsplash-scaled-e1673347081945.jpg\",\"contentUrl\":\"https:\/\/jobzone.se\/wp-content\/uploads\/2023\/01\/gabrielle-henderson-HJckKnwCXxQ-unsplash-scaled-e1673347081945.jpg\",\"width\":2560,\"height\":1497},{\"@type\":\"BreadcrumbList\",\"@id\":\"https:\/\/jobzone.se\/pl\/wskazowki-dotyczace-kariery\/negocjuj-swoje-wynagrodzenie\/#breadcrumb\",\"itemListElement\":[{\"@type\":\"ListItem\",\"position\":1,\"name\":\"Wskaz\u00f3wki dotycz\u0105ce kariery\",\"item\":\"https:\/\/jobzone.se\/pl\/wskazowki-dotyczace-kariery\/\"},{\"@type\":\"ListItem\",\"position\":2,\"name\":\"Negocjuj swoje wynagrodzenie\"}]},{\"@type\":\"WebSite\",\"@id\":\"https:\/\/jobzone.se\/pl\/#website\",\"url\":\"https:\/\/jobzone.se\/pl\/\",\"name\":\"Jobzone\",\"description\":\"Bemanning och Rekryteringsf\u00f6retaget Jobzone i Sverige\",\"publisher\":{\"@id\":\"https:\/\/jobzone.se\/pl\/#organization\"},\"potentialAction\":[{\"@type\":\"SearchAction\",\"target\":{\"@type\":\"EntryPoint\",\"urlTemplate\":\"https:\/\/jobzone.se\/pl\/?s={search_term_string}\"},\"query-input\":\"required name=search_term_string\"}],\"inLanguage\":\"pl-PL\"},{\"@type\":\"Organization\",\"@id\":\"https:\/\/jobzone.se\/pl\/#organization\",\"name\":\"Jobzone\",\"url\":\"https:\/\/jobzone.se\/pl\/\",\"logo\":{\"@type\":\"ImageObject\",\"inLanguage\":\"pl-PL\",\"@id\":\"https:\/\/jobzone.se\/pl\/#\/schema\/logo\/image\/\",\"url\":\"https:\/\/jobzone.se\/wp-content\/uploads\/2019\/02\/jobzone-logo-web.jpg\",\"contentUrl\":\"https:\/\/jobzone.se\/wp-content\/uploads\/2019\/02\/jobzone-logo-web.jpg\",\"width\":145,\"height\":146,\"caption\":\"Jobzone\"},\"image\":{\"@id\":\"https:\/\/jobzone.se\/pl\/#\/schema\/logo\/image\/\"},\"sameAs\":[\"https:\/\/www.facebook.com\/JobzoneSverige\"]}]}<\/script>\n<!-- \/ Yoast SEO plugin. -->","yoast_head_json":{"title":"Wskaz\u00f3wki dotycz\u0105ce negocjowania wynagrodzenia","description":"W wielu przypadkach rozmowy o wynagrodzeniach s\u0105 prowadzone centralnie, podczas gdy inni musz\u0105 negocjowa\u0107 w\u0142asne wynagrodzenie. Zapoznaj si\u0119 z naszymi wskaz\u00f3wkami dotycz\u0105cymi negocjowania wynagrodzenia.","robots":{"index":"index","follow":"follow","max-snippet":"max-snippet:-1","max-image-preview":"max-image-preview:large","max-video-preview":"max-video-preview:-1"},"canonical":"https:\/\/jobzone.se\/pl\/wskazowki-dotyczace-kariery\/negocjuj-swoje-wynagrodzenie\/","og_locale":"pl_PL","og_type":"article","og_title":"Wskaz\u00f3wki dotycz\u0105ce negocjowania wynagrodzenia","og_description":"W wielu przypadkach rozmowy o wynagrodzeniach s\u0105 prowadzone centralnie, podczas gdy inni musz\u0105 negocjowa\u0107 w\u0142asne wynagrodzenie. Zapoznaj si\u0119 z naszymi wskaz\u00f3wkami dotycz\u0105cymi negocjowania wynagrodzenia.","og_url":"https:\/\/jobzone.se\/pl\/wskazowki-dotyczace-kariery\/negocjuj-swoje-wynagrodzenie\/","og_site_name":"Jobzone","article_publisher":"https:\/\/www.facebook.com\/JobzoneSverige","og_image":[{"width":2560,"height":1497,"url":"https:\/\/jobzone.se\/wp-content\/uploads\/2023\/01\/gabrielle-henderson-HJckKnwCXxQ-unsplash-scaled-e1673347081945.jpg","type":"image\/jpeg"}],"twitter_misc":{"Szacowany czas czytania":"4 minuty"},"schema":{"@context":"https:\/\/schema.org","@graph":[{"@type":"WebPage","@id":"https:\/\/jobzone.se\/pl\/wskazowki-dotyczace-kariery\/negocjuj-swoje-wynagrodzenie\/","url":"https:\/\/jobzone.se\/pl\/wskazowki-dotyczace-kariery\/negocjuj-swoje-wynagrodzenie\/","name":"Wskaz\u00f3wki dotycz\u0105ce negocjowania wynagrodzenia","isPartOf":{"@id":"https:\/\/jobzone.se\/pl\/#website"},"primaryImageOfPage":{"@id":"https:\/\/jobzone.se\/pl\/wskazowki-dotyczace-kariery\/negocjuj-swoje-wynagrodzenie\/#primaryimage"},"image":{"@id":"https:\/\/jobzone.se\/pl\/wskazowki-dotyczace-kariery\/negocjuj-swoje-wynagrodzenie\/#primaryimage"},"thumbnailUrl":"https:\/\/jobzone.se\/wp-content\/uploads\/2023\/01\/gabrielle-henderson-HJckKnwCXxQ-unsplash-scaled-e1673347081945.jpg","datePublished":"2019-04-05T11:58:25+00:00","dateModified":"2019-04-05T11:58:25+00:00","description":"W wielu przypadkach rozmowy o wynagrodzeniach s\u0105 prowadzone centralnie, podczas gdy inni musz\u0105 negocjowa\u0107 w\u0142asne wynagrodzenie. Zapoznaj si\u0119 z naszymi wskaz\u00f3wkami dotycz\u0105cymi negocjowania wynagrodzenia.","breadcrumb":{"@id":"https:\/\/jobzone.se\/pl\/wskazowki-dotyczace-kariery\/negocjuj-swoje-wynagrodzenie\/#breadcrumb"},"inLanguage":"pl-PL","potentialAction":[{"@type":"ReadAction","target":["https:\/\/jobzone.se\/pl\/wskazowki-dotyczace-kariery\/negocjuj-swoje-wynagrodzenie\/"]}]},{"@type":"ImageObject","inLanguage":"pl-PL","@id":"https:\/\/jobzone.se\/pl\/wskazowki-dotyczace-kariery\/negocjuj-swoje-wynagrodzenie\/#primaryimage","url":"https:\/\/jobzone.se\/wp-content\/uploads\/2023\/01\/gabrielle-henderson-HJckKnwCXxQ-unsplash-scaled-e1673347081945.jpg","contentUrl":"https:\/\/jobzone.se\/wp-content\/uploads\/2023\/01\/gabrielle-henderson-HJckKnwCXxQ-unsplash-scaled-e1673347081945.jpg","width":2560,"height":1497},{"@type":"BreadcrumbList","@id":"https:\/\/jobzone.se\/pl\/wskazowki-dotyczace-kariery\/negocjuj-swoje-wynagrodzenie\/#breadcrumb","itemListElement":[{"@type":"ListItem","position":1,"name":"Wskaz\u00f3wki dotycz\u0105ce kariery","item":"https:\/\/jobzone.se\/pl\/wskazowki-dotyczace-kariery\/"},{"@type":"ListItem","position":2,"name":"Negocjuj swoje wynagrodzenie"}]},{"@type":"WebSite","@id":"https:\/\/jobzone.se\/pl\/#website","url":"https:\/\/jobzone.se\/pl\/","name":"Jobzone","description":"Bemanning och Rekryteringsf\u00f6retaget Jobzone i Sverige","publisher":{"@id":"https:\/\/jobzone.se\/pl\/#organization"},"potentialAction":[{"@type":"SearchAction","target":{"@type":"EntryPoint","urlTemplate":"https:\/\/jobzone.se\/pl\/?s={search_term_string}"},"query-input":"required name=search_term_string"}],"inLanguage":"pl-PL"},{"@type":"Organization","@id":"https:\/\/jobzone.se\/pl\/#organization","name":"Jobzone","url":"https:\/\/jobzone.se\/pl\/","logo":{"@type":"ImageObject","inLanguage":"pl-PL","@id":"https:\/\/jobzone.se\/pl\/#\/schema\/logo\/image\/","url":"https:\/\/jobzone.se\/wp-content\/uploads\/2019\/02\/jobzone-logo-web.jpg","contentUrl":"https:\/\/jobzone.se\/wp-content\/uploads\/2019\/02\/jobzone-logo-web.jpg","width":145,"height":146,"caption":"Jobzone"},"image":{"@id":"https:\/\/jobzone.se\/pl\/#\/schema\/logo\/image\/"},"sameAs":["https:\/\/www.facebook.com\/JobzoneSverige"]}]}},"_links":{"self":[{"href":"https:\/\/jobzone.se\/pl\/wp-json\/wp\/v2\/pages\/22609"}],"collection":[{"href":"https:\/\/jobzone.se\/pl\/wp-json\/wp\/v2\/pages"}],"about":[{"href":"https:\/\/jobzone.se\/pl\/wp-json\/wp\/v2\/types\/page"}],"author":[{"embeddable":true,"href":"https:\/\/jobzone.se\/pl\/wp-json\/wp\/v2\/users\/17"}],"replies":[{"embeddable":true,"href":"https:\/\/jobzone.se\/pl\/wp-json\/wp\/v2\/comments?post=22609"}],"version-history":[{"count":0,"href":"https:\/\/jobzone.se\/pl\/wp-json\/wp\/v2\/pages\/22609\/revisions"}],"up":[{"embeddable":true,"href":"https:\/\/jobzone.se\/pl\/wp-json\/wp\/v2\/pages\/22371"}],"wp:featuredmedia":[{"embeddable":true,"href":"https:\/\/jobzone.se\/pl\/wp-json\/wp\/v2\/media\/22612"}],"wp:attachment":[{"href":"https:\/\/jobzone.se\/pl\/wp-json\/wp\/v2\/media?parent=22609"}],"curies":[{"name":"wp","href":"https:\/\/api.w.org\/{rel}","templated":true}]}}