{"id":22620,"date":"2019-02-04T12:32:10","date_gmt":"2019-02-04T10:32:10","guid":{"rendered":"https:\/\/jobzone.se\/jobzone-bemanning-och-rekryteringsforetaget-jobzone-i-sverige\/"},"modified":"2025-09-03T13:45:48","modified_gmt":"2025-09-03T11:45:48","slug":"jobzone-bemanning-och-rekryteringsforetaget-jobzone-i-sverige","status":"publish","type":"page","link":"https:\/\/jobzone.se\/pl\/","title":{"rendered":"Jobzone &#8211; Bemanning och Rekrytering Jobzone i Sverige"},"content":{"rendered":"<p>      <\/p>\n<h2>Wybrani Klienci:<\/h2>\n<p>Jobzone mia\u0142 przyjemno\u015b\u0107 pracowa\u0107 z wieloma zadowolonymi klientami, oto wyb\u00f3r niekt\u00f3rych z naszych klient\u00f3w.<\/p>\n<p>       JTNDc3R5bGUlM0UlMEElNDBtZWRpYSUyMHNjcmVlbiUyMGFuZCUyMCUyOG1heC13aWR0aCUzQTc2N3B4JTI5JTdCJTBBJTIwJTIwJTIwJTIwLmhvbWUlMjAuc3dpZnQtc2xpZGVyLW91dGVyJTJDJTIwLmhvbWUlMjAucGFnZS1oZWFkaW5nJTIwaDMlMjAlN0IlMEElMjAlMjAlMjAlMjAlMjAlMjAlMjAlMjBkaXNwbGF5JTNBJTIwYmxvY2slMjFpbXBvcnRhbnQlM0IlMEElMjAlMjAlMjAlMjAlN0QlMEElN0QlMEElM0MlMkZzdHlsZSUzRQ==     <\/p>\n<h2 class=\"impact-text-large\" style=\"text-align: center;\">Pozw\u00f3l Jobzone Ci Pom\u00f3c<\/h2>\n<p>          <\/p>\n<h2>O Jobzone<\/h2>\n<p class=\"impact-text\">Jobzone to ciep\u0142a, tw\u00f3rcza i refleksyjna agencja pracy tymczasowej i rekrutacyjna. Nasza wizja to by\u0107 najlepszym pracodawc\u0105 w bran\u017cy i pracujemy ka\u017cdego dnia, aby przyczyni\u0107 si\u0119 do tworzenia sukcesu.<\/p>\n<p>Jeste\u015bmy cz\u0119\u015bci\u0105 Job&amp;Talent, najszybciej rosn\u0105cego gracza w bran\u017cy rekrutacyjnej i staffingowej na \u015bwiecie, z siedzib\u0105 g\u0142\u00f3wn\u0105 w Madrycie i operacjami na najwi\u0119kszych rynkach europejskich, USA i Ameryce Po\u0142udniowej. Razem mamy dzi\u015b oko\u0142o 40 lokalnych biur specjalizuj\u0105cych si\u0119 w oddzielnych obszarach, co oznacza, \u017ce grupa jako ca\u0142o\u015b\u0107 ma szerok\u0105 kompetencj\u0119 we wszystkich aspektach personelu, rekrutacji i restrukturyzacji. Razem pomagamy ponad 1000 klientom rocznie i tworzymy miejsca pracy dla ponad 5000 os\u00f3b. W Job&amp;Talent wchodzi r\u00f3wnie\u017c Storesupport.<\/p>\n<a class=\"sf-button large accent default \" href=\"\/pl\/o-nas\/\" target=\"_self\" rel=\"\"><span class=\"text\">O Jobzone<\/span><\/a>\n<p>       <\/p>\n","protected":false},"excerpt":{"rendered":"<p>Wybrani Klienci: Jobzone mia\u0142 przyjemno\u015b\u0107 pracowa\u0107 z wieloma zadowolonymi klientami, oto wyb\u00f3r niekt\u00f3rych z naszych klient\u00f3w. JTNDc3R5bGUlM0UlMEElNDBtZWRpYSUyMHNjcmVlbiUyMGFuZCUyMCUyOG1heC13aWR0aCUzQTc2N3B4JTI5JTdCJTBBJTIwJTIwJTIwJTIwLmhvbWUlMjAuc3dpZnQtc2xpZGVyLW91dGVyJTJDJTIwLmhvbWUlMjAucGFnZS1oZWFkaW5nJTIwaDMlMjAlN0IlMEElMjAlMjAlMjAlMjAlMjAlMjAlMjAlMjBkaXNwbGF5JTNBJTIwYmxvY2slMjFpbXBvcnRhbnQlM0IlMEElMjAlMjAlMjAlMjAlN0QlMEElN0QlMEElM0MlMkZzdHlsZSUzRQ== Pozw\u00f3l Jobzone Ci Pom\u00f3c O Jobzone Jobzone to ciep\u0142a, tw\u00f3rcza i refleksyjna agencja pracy tymczasowej i rekrutacyjna. Nasza wizja to by\u0107 najlepszym pracodawc\u0105 w bran\u017cy i pracujemy ka\u017cdego dnia, aby przyczyni\u0107 si\u0119 do tworzenia sukcesu. Jeste\u015bmy cz\u0119\u015bci\u0105 Job&amp;Talent, najszybciej rosn\u0105cego gracza w bran\u017cy [&hellip;]<\/p>\n","protected":false},"author":17,"featured_media":22622,"parent":0,"menu_order":0,"comment_status":"closed","ping_status":"closed","template":"","meta":{"footnotes":""},"yoast_head":"<!-- This site is optimized with the Yoast SEO plugin v22.2 - https:\/\/yoast.com\/wordpress\/plugins\/seo\/ -->\n<title>Jobzone Personel i rekrutacja | Jobzone od Job&amp;Talent<\/title>\n<meta name=\"robots\" content=\"index, follow, max-snippet:-1, max-image-preview:large, max-video-preview:-1\" \/>\n<link rel=\"canonical\" href=\"https:\/\/jobzone.se\/pl\/\" \/>\n<meta property=\"og:locale\" content=\"pl_PL\" \/>\n<meta property=\"og:type\" content=\"article\" \/>\n<meta property=\"og:title\" content=\"Jobzone Personel i rekrutacja | Jobzone od Job&amp;Talent\" \/>\n<meta property=\"og:description\" content=\"Wybrani Klienci: Jobzone mia\u0142 przyjemno\u015b\u0107 pracowa\u0107 z wieloma zadowolonymi klientami, oto wyb\u00f3r niekt\u00f3rych z naszych klient\u00f3w. JTNDc3R5bGUlM0UlMEElNDBtZWRpYSUyMHNjcmVlbiUyMGFuZCUyMCUyOG1heC13aWR0aCUzQTc2N3B4JTI5JTdCJTBBJTIwJTIwJTIwJTIwLmhvbWUlMjAuc3dpZnQtc2xpZGVyLW91dGVyJTJDJTIwLmhvbWUlMjAucGFnZS1oZWFkaW5nJTIwaDMlMjAlN0IlMEElMjAlMjAlMjAlMjAlMjAlMjAlMjAlMjBkaXNwbGF5JTNBJTIwYmxvY2slMjFpbXBvcnRhbnQlM0IlMEElMjAlMjAlMjAlMjAlN0QlMEElN0QlMEElM0MlMkZzdHlsZSUzRQ== Pozw\u00f3l Jobzone Ci Pom\u00f3c O Jobzone Jobzone to ciep\u0142a, tw\u00f3rcza i refleksyjna agencja pracy tymczasowej i rekrutacyjna. Nasza wizja to by\u0107 najlepszym pracodawc\u0105 w bran\u017cy i pracujemy ka\u017cdego dnia, aby przyczyni\u0107 si\u0119 do tworzenia sukcesu. Jeste\u015bmy cz\u0119\u015bci\u0105 Job&amp;Talent, najszybciej rosn\u0105cego gracza w bran\u017cy [&hellip;]\" \/>\n<meta property=\"og:url\" content=\"https:\/\/jobzone.se\/pl\/\" \/>\n<meta property=\"og:site_name\" content=\"Jobzone\" \/>\n<meta property=\"article:publisher\" content=\"https:\/\/www.facebook.com\/JobzoneSverige\" \/>\n<meta property=\"article:modified_time\" content=\"2025-09-03T11:45:48+00:00\" \/>\n<meta property=\"og:image\" content=\"https:\/\/jobzone.se\/wp-content\/uploads\/2021\/12\/jobzone-jump.jpg\" \/>\n\t<meta property=\"og:image:width\" content=\"1440\" \/>\n\t<meta property=\"og:image:height\" content=\"800\" \/>\n\t<meta property=\"og:image:type\" content=\"image\/jpeg\" \/>\n<meta name=\"twitter:label1\" content=\"Szacowany czas czytania\" \/>\n\t<meta name=\"twitter:data1\" content=\"3 minuty\" \/>\n<script type=\"application\/ld+json\" class=\"yoast-schema-graph\">{\"@context\":\"https:\/\/schema.org\",\"@graph\":[{\"@type\":\"WebPage\",\"@id\":\"https:\/\/jobzone.se\/pl\/\",\"url\":\"https:\/\/jobzone.se\/pl\/\",\"name\":\"Jobzone Personel i rekrutacja | Jobzone od Job&Talent\",\"isPartOf\":{\"@id\":\"https:\/\/jobzone.se\/pl\/#website\"},\"primaryImageOfPage\":{\"@id\":\"https:\/\/jobzone.se\/pl\/#primaryimage\"},\"image\":{\"@id\":\"https:\/\/jobzone.se\/pl\/#primaryimage\"},\"thumbnailUrl\":\"https:\/\/jobzone.se\/wp-content\/uploads\/2021\/12\/jobzone-jump.jpg\",\"datePublished\":\"2019-02-04T10:32:10+00:00\",\"dateModified\":\"2025-09-03T11:45:48+00:00\",\"inLanguage\":\"pl-PL\",\"potentialAction\":[{\"@type\":\"ReadAction\",\"target\":[\"https:\/\/jobzone.se\/pl\/\"]}]},{\"@type\":\"ImageObject\",\"inLanguage\":\"pl-PL\",\"@id\":\"https:\/\/jobzone.se\/pl\/#primaryimage\",\"url\":\"https:\/\/jobzone.se\/wp-content\/uploads\/2021\/12\/jobzone-jump.jpg\",\"contentUrl\":\"https:\/\/jobzone.se\/wp-content\/uploads\/2021\/12\/jobzone-jump.jpg\",\"width\":1440,\"height\":800},{\"@type\":\"WebSite\",\"@id\":\"https:\/\/jobzone.se\/pl\/#website\",\"url\":\"https:\/\/jobzone.se\/pl\/\",\"name\":\"Jobzone\",\"description\":\"Bemanning och Rekryteringsf\u00f6retaget Jobzone i Sverige\",\"publisher\":{\"@id\":\"https:\/\/jobzone.se\/pl\/#organization\"},\"potentialAction\":[{\"@type\":\"SearchAction\",\"target\":{\"@type\":\"EntryPoint\",\"urlTemplate\":\"https:\/\/jobzone.se\/pl\/?s={search_term_string}\"},\"query-input\":\"required name=search_term_string\"}],\"inLanguage\":\"pl-PL\"},{\"@type\":\"Organization\",\"@id\":\"https:\/\/jobzone.se\/pl\/#organization\",\"name\":\"Jobzone\",\"url\":\"https:\/\/jobzone.se\/pl\/\",\"logo\":{\"@type\":\"ImageObject\",\"inLanguage\":\"pl-PL\",\"@id\":\"https:\/\/jobzone.se\/pl\/#\/schema\/logo\/image\/\",\"url\":\"https:\/\/jobzone.se\/wp-content\/uploads\/2019\/02\/jobzone-logo-web.jpg\",\"contentUrl\":\"https:\/\/jobzone.se\/wp-content\/uploads\/2019\/02\/jobzone-logo-web.jpg\",\"width\":145,\"height\":146,\"caption\":\"Jobzone\"},\"image\":{\"@id\":\"https:\/\/jobzone.se\/pl\/#\/schema\/logo\/image\/\"},\"sameAs\":[\"https:\/\/www.facebook.com\/JobzoneSverige\"]}]}<\/script>\n<!-- \/ Yoast SEO plugin. -->","yoast_head_json":{"title":"Jobzone Personel i rekrutacja | Jobzone od Job&Talent","robots":{"index":"index","follow":"follow","max-snippet":"max-snippet:-1","max-image-preview":"max-image-preview:large","max-video-preview":"max-video-preview:-1"},"canonical":"https:\/\/jobzone.se\/pl\/","og_locale":"pl_PL","og_type":"article","og_title":"Jobzone Personel i rekrutacja | Jobzone od Job&Talent","og_description":"Wybrani Klienci: Jobzone mia\u0142 przyjemno\u015b\u0107 pracowa\u0107 z wieloma zadowolonymi klientami, oto wyb\u00f3r niekt\u00f3rych z naszych klient\u00f3w. JTNDc3R5bGUlM0UlMEElNDBtZWRpYSUyMHNjcmVlbiUyMGFuZCUyMCUyOG1heC13aWR0aCUzQTc2N3B4JTI5JTdCJTBBJTIwJTIwJTIwJTIwLmhvbWUlMjAuc3dpZnQtc2xpZGVyLW91dGVyJTJDJTIwLmhvbWUlMjAucGFnZS1oZWFkaW5nJTIwaDMlMjAlN0IlMEElMjAlMjAlMjAlMjAlMjAlMjAlMjAlMjBkaXNwbGF5JTNBJTIwYmxvY2slMjFpbXBvcnRhbnQlM0IlMEElMjAlMjAlMjAlMjAlN0QlMEElN0QlMEElM0MlMkZzdHlsZSUzRQ== Pozw\u00f3l Jobzone Ci Pom\u00f3c O Jobzone Jobzone to ciep\u0142a, tw\u00f3rcza i refleksyjna agencja pracy tymczasowej i rekrutacyjna. Nasza wizja to by\u0107 najlepszym pracodawc\u0105 w bran\u017cy i pracujemy ka\u017cdego dnia, aby przyczyni\u0107 si\u0119 do tworzenia sukcesu. Jeste\u015bmy cz\u0119\u015bci\u0105 Job&amp;Talent, najszybciej rosn\u0105cego gracza w bran\u017cy [&hellip;]","og_url":"https:\/\/jobzone.se\/pl\/","og_site_name":"Jobzone","article_publisher":"https:\/\/www.facebook.com\/JobzoneSverige","article_modified_time":"2025-09-03T11:45:48+00:00","og_image":[{"width":1440,"height":800,"url":"https:\/\/jobzone.se\/wp-content\/uploads\/2021\/12\/jobzone-jump.jpg","type":"image\/jpeg"}],"twitter_misc":{"Szacowany czas czytania":"3 minuty"},"schema":{"@context":"https:\/\/schema.org","@graph":[{"@type":"WebPage","@id":"https:\/\/jobzone.se\/pl\/","url":"https:\/\/jobzone.se\/pl\/","name":"Jobzone Personel i rekrutacja | Jobzone od Job&Talent","isPartOf":{"@id":"https:\/\/jobzone.se\/pl\/#website"},"primaryImageOfPage":{"@id":"https:\/\/jobzone.se\/pl\/#primaryimage"},"image":{"@id":"https:\/\/jobzone.se\/pl\/#primaryimage"},"thumbnailUrl":"https:\/\/jobzone.se\/wp-content\/uploads\/2021\/12\/jobzone-jump.jpg","datePublished":"2019-02-04T10:32:10+00:00","dateModified":"2025-09-03T11:45:48+00:00","inLanguage":"pl-PL","potentialAction":[{"@type":"ReadAction","target":["https:\/\/jobzone.se\/pl\/"]}]},{"@type":"ImageObject","inLanguage":"pl-PL","@id":"https:\/\/jobzone.se\/pl\/#primaryimage","url":"https:\/\/jobzone.se\/wp-content\/uploads\/2021\/12\/jobzone-jump.jpg","contentUrl":"https:\/\/jobzone.se\/wp-content\/uploads\/2021\/12\/jobzone-jump.jpg","width":1440,"height":800},{"@type":"WebSite","@id":"https:\/\/jobzone.se\/pl\/#website","url":"https:\/\/jobzone.se\/pl\/","name":"Jobzone","description":"Bemanning och Rekryteringsf\u00f6retaget Jobzone i Sverige","publisher":{"@id":"https:\/\/jobzone.se\/pl\/#organization"},"potentialAction":[{"@type":"SearchAction","target":{"@type":"EntryPoint","urlTemplate":"https:\/\/jobzone.se\/pl\/?s={search_term_string}"},"query-input":"required name=search_term_string"}],"inLanguage":"pl-PL"},{"@type":"Organization","@id":"https:\/\/jobzone.se\/pl\/#organization","name":"Jobzone","url":"https:\/\/jobzone.se\/pl\/","logo":{"@type":"ImageObject","inLanguage":"pl-PL","@id":"https:\/\/jobzone.se\/pl\/#\/schema\/logo\/image\/","url":"https:\/\/jobzone.se\/wp-content\/uploads\/2019\/02\/jobzone-logo-web.jpg","contentUrl":"https:\/\/jobzone.se\/wp-content\/uploads\/2019\/02\/jobzone-logo-web.jpg","width":145,"height":146,"caption":"Jobzone"},"image":{"@id":"https:\/\/jobzone.se\/pl\/#\/schema\/logo\/image\/"},"sameAs":["https:\/\/www.facebook.com\/JobzoneSverige"]}]}},"_links":{"self":[{"href":"https:\/\/jobzone.se\/pl\/wp-json\/wp\/v2\/pages\/22620"}],"collection":[{"href":"https:\/\/jobzone.se\/pl\/wp-json\/wp\/v2\/pages"}],"about":[{"href":"https:\/\/jobzone.se\/pl\/wp-json\/wp\/v2\/types\/page"}],"author":[{"embeddable":true,"href":"https:\/\/jobzone.se\/pl\/wp-json\/wp\/v2\/users\/17"}],"replies":[{"embeddable":true,"href":"https:\/\/jobzone.se\/pl\/wp-json\/wp\/v2\/comments?post=22620"}],"version-history":[{"count":7,"href":"https:\/\/jobzone.se\/pl\/wp-json\/wp\/v2\/pages\/22620\/revisions"}],"predecessor-version":[{"id":22698,"href":"https:\/\/jobzone.se\/pl\/wp-json\/wp\/v2\/pages\/22620\/revisions\/22698"}],"wp:featuredmedia":[{"embeddable":true,"href":"https:\/\/jobzone.se\/pl\/wp-json\/wp\/v2\/media\/22622"}],"wp:attachment":[{"href":"https:\/\/jobzone.se\/pl\/wp-json\/wp\/v2\/media?parent=22620"}],"curies":[{"name":"wp","href":"https:\/\/api.w.org\/{rel}","templated":true}]}}